{"id":41946,"date":"2023-10-23T14:57:17","date_gmt":"2023-10-23T14:57:17","guid":{"rendered":"https:\/\/www.iseg.ulisboa.pt\/?page_id=41946"},"modified":"2023-10-23T14:58:41","modified_gmt":"2023-10-23T14:58:41","slug":"business-science-dissertations","status":"publish","type":"page","link":"https:\/\/www.iseg.ulisboa.pt\/en\/business-science-dissertations\/","title":{"rendered":"Dissertations Business Sciences"},"content":{"rendered":"<div class=\"wp-block-uagb-tabs uagb-block-cb6c5fe8 uagb-tabs__wrap uagb-tabs__hstyle1-desktop uagb-tabs__vstyle6-tablet uagb-tabs__stack1-mobile\" data-tab-active=\"0\"><ul class=\"uagb-tabs__panel uagb-tabs__align-left\" role=\"tablist\"><li class=\"uagb-tab uagb-tabs__active\" role=\"none\"><a href=\"#uagb-tabs__tab0\" class=\"uagb-tabs-list uagb-tabs__icon-position-left\" data-tab=\"0\" role=\"tab\">2010<\/a><\/li><li class=\"uagb-tab\" role=\"none\"><a href=\"#uagb-tabs__tab1\" class=\"uagb-tabs-list uagb-tabs__icon-position-left\" data-tab=\"1\" role=\"tab\">2009<\/a><\/li><\/ul><div class=\"uagb-tabs__body-wrap\">\n<div class=\"wp-block-uagb-tabs-child uagb-tabs__body-container uagb-inner-tab-0\" aria-labelledby=\"uagb-tabs__tab0\">\n<p><strong>Miguel Jo\u00e3o Mendes Sampaio<br><\/strong>Working Capital and its Link to the ERP System, 2010\/01\/15<\/p>\n\n\n\n<p><strong>Manuel Lu\u00eds Justino Freitas<\/strong><br>Knowledge Management in the Tourism and Services Sector: The Case of the Autonomous Region of Madeira, 2010\/02\/11<\/p>\n\n\n\n<p><strong>Liliana Lopes Ara\u00fajo<\/strong><br>Evaluating the Effectiveness of Reward Systems in Motivating Employees: The Case of Cape Verde, 2010\/02\/11<\/p>\n\n\n\n<p><strong>Carla Regina Gouveia Galhanas<\/strong><br>The Motivation of Human Resources in the New Management Models of Public Administration, 2010\/02\/11<\/p>\n\n\n\n<p><strong>Telma Nunes Campos Marques<br><\/strong>The Problem of Adopting Customer Relationship Management, 2010\/02\/26<\/p>\n\n\n\n<p><strong>Br\u00edgida Catarina Rodrigues Lima<\/strong>&nbsp;<br>Analysis of the Quality Methodologies Used in Deloitte's Business Process Solutions Area and Study of their Impact on Performance, 2010\/03\/02<\/p>\n\n\n\n<p><strong>Filipe Alexandre Pestana Jardim<\/strong>&nbsp;<br>The Public Accounts of the Simple Services of the Government Subsector of the Autonomous Region of Madeira from 2001 to 2008, 2010\/03\/16<\/p>\n\n\n\n<p><strong>Jo\u00e3o Ricardo Passos Bastos Coelho de Medeiros<\/strong><br>Coaching: Factors that Influence the Coach's Self-Assessment, 2010\/03\/17<\/p>\n\n\n\n<p><strong>Diogo Preto Rebelo Santos Mendes<\/strong>&nbsp;<br>Business Strategy in a Public Service Organization in Portugal - The Case of CEGER - Centro de Gest\u00e3o da Rede Inform\u00e1tica do Governo, 2010\/04\/07<\/p>\n\n\n\n<p><strong>Paulo Alexandre Ferreira Gon\u00e7alves<\/strong>&nbsp;<br>Indexation of EV\/EBITDA to buyback: Viable Information on SCR Investments, 2010\/04\/08<\/p>\n\n\n\n<p><strong>Pedro Miguel Real Ivens Monteiro<\/strong>&nbsp;<br>The Implementation of CRM in Small and Medium Enterprises: A Multiple Case Study in Portuguese Companies, 2010\/04\/15<\/p>\n\n\n\n<p><strong>Diogo Preto Rebelo Santos Mendes<\/strong>&nbsp;<br>Business Strategy in a Public Service Organization in Portugal - The Case of CEGER - Centro de Gest\u00e3o da Rede Inform\u00e1tica do Governo, 2010\/04\/07<\/p>\n\n\n\n<p><strong>Paulo Alexandre Ferreira Gon\u00e7alves&nbsp;<br><\/strong>Indexation of EV\/EBITDA to buyback: Viable Information on SCR Investments, 2010\/04\/08<\/p>\n\n\n\n<p><strong>Pedro Miguel Real Ivens Monteiro&nbsp;<br><\/strong>The Implementation of CRM in Small and Medium Enterprises: A Multiple Case Study in Portuguese Companies, 2010\/04\/15<\/p>\n\n\n\n<p><strong>Afonso Granate Fernandes&nbsp;<br><\/strong>Optimization of CRM Campaigns: The Santander Totta Case, 2010\/06\/17<\/p>\n\n\n\n<p><strong>Joseane Varela da Veiga&nbsp;<br><\/strong>Revitalization of the Retail Trade in the Municipality of M\u00e9rtola, 2010\/07\/13<\/p>\n\n\n\n<p><strong>Jo\u00e3o Carlos Torres Vieira da Maia Jorge&nbsp;<br><\/strong>Evaluating a company's performance through financial ratios: The case of the hotel industry, 2010\/07\/13<\/p>\n\n\n\n<p><strong>Rute In\u00eas Martins Correira&nbsp;<br><\/strong>Compliance with Microcredit Contracts in Portugal (1999-2009), 2010\/07\/13<\/p>\n\n\n\n<p><strong>Jo\u00e3o Filipe Geada Jer\u00f3nimo&nbsp;<br><\/strong>The Impact of the Performance Evaluation System on the Performance of an Industrial Company. 2010\/07\/13<\/p>\n\n\n\n<p><strong>Joaquim Alarico Ara\u00fajo Fernandes<\/strong>&nbsp;<br>The Importance of Gender in the Development of Microcredit Activities: The Portuguese Case, 2010\/07\/13<\/p>\n\n\n\n<p><strong>Marco Ant\u00f3nio dos Santos Dias&nbsp;<br><\/strong>Strategic Leadership - Reaction to Change and Orientation of Leader Behavior, 2010\/09\/13<\/p>\n\n\n\n<p><strong>Pedro Miguel Sim\u00f5es Raposo Ribeiro&nbsp;<br><\/strong>Perceived Intensity of Political Behaviors in the Portuguese Organizational Context: Analysis of the Main Antecedent Factors, 2010\/09\/13<\/p>\n\n\n\n<p><strong>Pedro Filipe Aires Fernandes Tom\u00e1s&nbsp;<br><\/strong>The Relevance of the Sector of Activity for the Success of Businesses Supported by Microcredit: The Portuguese Case (1999-2009), 2010\/09\/13<\/p>\n\n\n\n<p><strong>Jaime Alexandre Morais Pereira<\/strong>&nbsp;<br>Analysis of the Use of the Microcredit System in Portugal, Through Evidence and Comparison with Other European Union Countries, 2010\/09\/13<\/p>\n\n\n\n<p><strong>Andr\u00e9 Manuel Vargues Sim\u00f5es&nbsp;<br><\/strong>Development of a Management and Performance System for Carris Trainees, 2010\/09\/13<\/p>\n\n\n\n<p><strong>Jo\u00e3o Pedro de Frias Rodrigues de Oliveira<br><\/strong>The Contribution of Communities of Practice to Costumer Knowledge Management: a Case Study, 2010\/11\/09<\/p>\n\n\n\n<p><strong>Jos\u00e9 Pedro Barreto Gamito Pires<\/strong>&nbsp;<br>Developing Innovation Strategies Within Multinational Enterprises, 2010\/11\/09<\/p>\n\n\n\n<p><strong>Diana Isabel Serpa Martins Costa&nbsp;<br><\/strong>Comparison with the EFQM Excellence Model, 2010\/11\/09<\/p>\n\n\n\n<p><strong>Tiago Andr\u00e9 Tavares dos Santos&nbsp;<br><\/strong>How VAT Carousel Fraud Works - Methodology and Impact in Portugal and the EU, 2010\/12\/16<\/p>\n<\/div>\n\n\n\n<div class=\"wp-block-uagb-tabs-child uagb-tabs__body-container uagb-inner-tab-1\" aria-labelledby=\"uagb-tabs__tab1\">\n<p><strong>Filipe Andr\u00e9 Martins de Freitas<br><\/strong>The Process of Developing an Information Architecture for IS and CRM in Two European Telecommunications Companies, 2009\/06\/09<\/p>\n\n\n\n<p><strong>Marta Sofia Duarte Louro<br><\/strong>Analysis of IT Start-Ups in Portugal: 1990 to 2005, 2009\/06\/30<\/p>\n\n\n\n<p><strong>Lu\u00eds Pedro de Jesus da Silva Branco<br><\/strong>Book-to-Market and Size as a Characteristic of Equity Returns - Evidence from Some European Indices, 2009\/07\/30<\/p>\n\n\n\n<p><strong>Ana Henriques Roseiro<br><\/strong>Psychosocial Factors of Motivation in Scientists - A Case Study at the Instituto Gulbenkian de Ci\u00eancia, 2009\/07\/30<\/p>\n\n\n\n<p><strong>Patr\u00edcia Isabel Oliveira Amaral<\/strong><br>Expatriation Process: A Portuguese Case - Visabeira, 2009\/10\/02<\/p>\n\n\n\n<p><strong>Ana Catarina Tavares da Fonseca Lopes Mourato<\/strong><br>Training and development: A single reality or different reality factors. What companies should know, 2009710\/02<\/p>\n\n\n\n<p><strong>Diana Narciso Alves Paulo<\/strong><br>Family businesses in Portugal: Competent succession, 2009\/10\/02<\/p>\n\n\n\n<p><strong>Cristina Horta Coelho Nunes Miranda<\/strong><br>Conflict management in a merger and acquisition process: the emergence of culture clashes, 2009\/10\/08<\/p>\n\n\n\n<p><strong>Lara da Silva Santos<\/strong><br>The reflection of leadership at pace MIT Sloan Management Review, 2009\/10\/08<\/p>\n\n\n\n<p><strong>Ana Gabriela dos Santos Lopes<\/strong><br>Determinants for Promotion and the Gender Gap, 2009\/10\/09<\/p>\n\n\n\n<p><strong>Ricardo Manuel Farias Correia<\/strong><br>Corporate Finance: Company Valuation - Application to the Mota-Engil Group, 2009\/10\/09<\/p>\n\n\n\n<p><strong>Jos\u00e9 Maria Fernandes Manica<\/strong><br>Descriptive Study of Strategic Performance Assessment Indicators in Companies Based in the Autonomous Region of Madeira, 2009\/10\/12<\/p>\n\n\n\n<p><strong>Carlos Miguel Soares Lopes<\/strong><br>Entrepreneurship and Innovation in the R.A.M. - A Study of University Students' Attitudes Towards the Creation of New Businesses, 2009\/10\/16<\/p>\n\n\n\n<p><strong>Pedro \u00c1lvaro Pereira Correia<\/strong><br>Information Technologies and Information Systems in the Competitiveness of Hotel Organizations - An Example Case in the Autonomous Region of Madeira, 2009\/10\/16<\/p>\n\n\n\n<p><strong>Lu\u00eds Carlos Martins de Sousa Morgado<\/strong><br>Management and Planning of Construction Materials Production: An Improvement Project (Project Work), 2009\/10\/20<\/p>\n\n\n\n<p><strong>Mariana de Carvalho dos Santos Mendon\u00e7a Santiago<br><\/strong>Fixed Asset Management: Creation of a Model for REFER, E.P.E., 2009\/10\/20<\/p>\n\n\n\n<p><strong>Maria Romana da Corte<\/strong><br>The Quality of Hotel Services on the Island of Porto Santo, 2009\/10\/20<\/p>\n\n\n\n<p><strong>Ana Marta Pereira Campos<br><\/strong>The Relationship between Quality, Environment and Sustainability - Case Study: Hotel Jardim Atl\u00e2ntico, 2009\/10\/20'<\/p>\n\n\n\n<p><strong>H\u00e9lder Domingos Valente de Almeida<br><\/strong>The Unification of CRM Strategies in the Business Segment: A Study of the Convergence of Two Portuguese Telecommunications Companies, 2009\/10\/23<\/p>\n\n\n\n<p><strong>Lu\u00eds Miguel Sobreira Campos de Oliveira Pereira<\/strong><br>Professional Motivation of Civil Servants in the Current Institutional Context from the Perspective of the Multi-Moti Scale, 2009\/11\/13<\/p>\n\n\n\n<p><strong>Paulo Alexandre Ferreira Figueira<br><\/strong>The Quality System in an Organization and the Importance of its Implementation. Case Study: Jos\u00e9 Avelino Piloto (JAP) - Constru\u00e7\u00e3o e Engenharia, SA, 2009\/11\/26<\/p>\n\n\n\n<p><strong>Jos\u00e9 Ra\u00fal Rocha Teixeira<br><\/strong>Entrepreneurship and Immigration: The Case of the Birth of Tourism Initiatives in the Autonomous Region of Madeira, 2009\/11\/26<\/p>\n<\/div>\n<\/div><\/div>","protected":false},"excerpt":{"rendered":"","protected":false},"author":6,"featured_media":0,"parent":0,"menu_order":0,"comment_status":"closed","ping_status":"closed","template":"","meta":{"inline_featured_image":false,"_uag_custom_page_level_css":"","footnotes":""},"acf":[],"yoast_head":"<!-- This site is optimized with the Yoast SEO plugin v22.6 - https:\/\/yoast.com\/wordpress\/plugins\/seo\/ -->\n<title>Disserta\u00e7\u00f5es Ci\u00eancias Empresariais - ISEG<\/title>\n<meta name=\"robots\" content=\"index, follow, max-snippet:-1, max-image-preview:large, max-video-preview:-1\" \/>\n<link rel=\"canonical\" href=\"https:\/\/www.iseg.ulisboa.pt\/en\/business-science-dissertations\/\" \/>\n<meta name=\"twitter:label1\" content=\"Est. reading time\" \/>\n\t<meta name=\"twitter:data1\" content=\"6 minutes\" \/>\n<script type=\"application\/ld+json\" class=\"yoast-schema-graph\">{\"@context\":\"https:\/\/schema.org\",\"@graph\":[{\"@type\":\"WebPage\",\"@id\":\"https:\/\/www.iseg.ulisboa.pt\/en\/business-science-dissertations\/\",\"url\":\"https:\/\/www.iseg.ulisboa.pt\/en\/business-science-dissertations\/\",\"name\":\"Disserta\u00e7\u00f5es Ci\u00eancias Empresariais - ISEG\",\"isPartOf\":{\"@id\":\"https:\/\/www.iseg.ulisboa.pt\/en\/#website\"},\"datePublished\":\"2023-10-23T14:57:17+00:00\",\"dateModified\":\"2023-10-23T14:58:41+00:00\",\"breadcrumb\":{\"@id\":\"https:\/\/www.iseg.ulisboa.pt\/en\/business-science-dissertations\/#breadcrumb\"},\"inLanguage\":\"en-US\",\"potentialAction\":[{\"@type\":\"ReadAction\",\"target\":[\"https:\/\/www.iseg.ulisboa.pt\/en\/business-science-dissertations\/\"]}]},{\"@type\":\"BreadcrumbList\",\"@id\":\"https:\/\/www.iseg.ulisboa.pt\/en\/business-science-dissertations\/#breadcrumb\",\"itemListElement\":[{\"@type\":\"ListItem\",\"position\":1,\"name\":\"Home\",\"item\":\"https:\/\/www.iseg.ulisboa.pt\/\"},{\"@type\":\"ListItem\",\"position\":2,\"name\":\"Disserta\u00e7\u00f5es Ci\u00eancias Empresariais\"}]},{\"@type\":\"WebSite\",\"@id\":\"https:\/\/www.iseg.ulisboa.pt\/en\/#website\",\"url\":\"https:\/\/www.iseg.ulisboa.pt\/en\/\",\"name\":\"ISEG\",\"description\":\"Lisbon School of Economics &amp; Management\",\"publisher\":{\"@id\":\"https:\/\/www.iseg.ulisboa.pt\/en\/#organization\"},\"potentialAction\":[{\"@type\":\"SearchAction\",\"target\":{\"@type\":\"EntryPoint\",\"urlTemplate\":\"https:\/\/www.iseg.ulisboa.pt\/en\/?s={search_term_string}\"},\"query-input\":\"required name=search_term_string\"}],\"inLanguage\":\"en-US\"},{\"@type\":\"Organization\",\"@id\":\"https:\/\/www.iseg.ulisboa.pt\/en\/#organization\",\"name\":\"ISEG\",\"url\":\"https:\/\/www.iseg.ulisboa.pt\/en\/\",\"logo\":{\"@type\":\"ImageObject\",\"inLanguage\":\"en-US\",\"@id\":\"https:\/\/www.iseg.ulisboa.pt\/en\/#\/schema\/logo\/image\/\",\"url\":\"https:\/\/www.iseg.ulisboa.pt\/wp-content\/uploads\/2021\/02\/iseg-logo-ul.svg\",\"contentUrl\":\"https:\/\/www.iseg.ulisboa.pt\/wp-content\/uploads\/2021\/02\/iseg-logo-ul.svg\",\"width\":250,\"height\":120,\"caption\":\"ISEG\"},\"image\":{\"@id\":\"https:\/\/www.iseg.ulisboa.pt\/en\/#\/schema\/logo\/image\/\"},\"sameAs\":[\"https:\/\/www.facebook.com\/iseg.pt\",\"https:\/\/x.com\/iseglisbon\",\"https:\/\/www.instagram.com\/iseglisbon\/\",\"https:\/\/www.linkedin.com\/school\/iseglisbon\/\",\"https:\/\/www.youtube.com\/user\/DMREISEG\"]}]}<\/script>\n<!-- \/ Yoast SEO plugin. -->","yoast_head_json":{"title":"Dissertations Business Sciences - ISEG","robots":{"index":"index","follow":"follow","max-snippet":"max-snippet:-1","max-image-preview":"max-image-preview:large","max-video-preview":"max-video-preview:-1"},"canonical":"https:\/\/www.iseg.ulisboa.pt\/en\/business-science-dissertations\/","twitter_misc":{"Est. reading time":"6 minutes"},"schema":{"@context":"https:\/\/schema.org","@graph":[{"@type":"WebPage","@id":"https:\/\/www.iseg.ulisboa.pt\/en\/business-science-dissertations\/","url":"https:\/\/www.iseg.ulisboa.pt\/en\/business-science-dissertations\/","name":"Dissertations Business Sciences - ISEG","isPartOf":{"@id":"https:\/\/www.iseg.ulisboa.pt\/en\/#website"},"datePublished":"2023-10-23T14:57:17+00:00","dateModified":"2023-10-23T14:58:41+00:00","breadcrumb":{"@id":"https:\/\/www.iseg.ulisboa.pt\/en\/business-science-dissertations\/#breadcrumb"},"inLanguage":"en-US","potentialAction":[{"@type":"ReadAction","target":["https:\/\/www.iseg.ulisboa.pt\/en\/business-science-dissertations\/"]}]},{"@type":"BreadcrumbList","@id":"https:\/\/www.iseg.ulisboa.pt\/en\/business-science-dissertations\/#breadcrumb","itemListElement":[{"@type":"ListItem","position":1,"name":"Home","item":"https:\/\/www.iseg.ulisboa.pt\/"},{"@type":"ListItem","position":2,"name":"Disserta\u00e7\u00f5es Ci\u00eancias Empresariais"}]},{"@type":"WebSite","@id":"https:\/\/www.iseg.ulisboa.pt\/en\/#website","url":"https:\/\/www.iseg.ulisboa.pt\/en\/","name":"ISEG","description":"Lisbon School of Economics &amp; Management","publisher":{"@id":"https:\/\/www.iseg.ulisboa.pt\/en\/#organization"},"potentialAction":[{"@type":"SearchAction","target":{"@type":"EntryPoint","urlTemplate":"https:\/\/www.iseg.ulisboa.pt\/en\/?s={search_term_string}"},"query-input":"required name=search_term_string"}],"inLanguage":"en-US"},{"@type":"Organization","@id":"https:\/\/www.iseg.ulisboa.pt\/en\/#organization","name":"ISEG","url":"https:\/\/www.iseg.ulisboa.pt\/en\/","logo":{"@type":"ImageObject","inLanguage":"en-US","@id":"https:\/\/www.iseg.ulisboa.pt\/en\/#\/schema\/logo\/image\/","url":"https:\/\/www.iseg.ulisboa.pt\/wp-content\/uploads\/2021\/02\/iseg-logo-ul.svg","contentUrl":"https:\/\/www.iseg.ulisboa.pt\/wp-content\/uploads\/2021\/02\/iseg-logo-ul.svg","width":250,"height":120,"caption":"ISEG"},"image":{"@id":"https:\/\/www.iseg.ulisboa.pt\/en\/#\/schema\/logo\/image\/"},"sameAs":["https:\/\/www.facebook.com\/iseg.pt","https:\/\/x.com\/iseglisbon","https:\/\/www.instagram.com\/iseglisbon\/","https:\/\/www.linkedin.com\/school\/iseglisbon\/","https:\/\/www.youtube.com\/user\/DMREISEG"]}]}},"uagb_featured_image_src":{"full":false,"thumbnail":false,"medium":false,"medium_large":false,"large":false,"1536x1536":false,"2048x2048":false,"trp-custom-language-flag":false},"uagb_author_info":{"display_name":"irafael","author_link":"https:\/\/www.iseg.ulisboa.pt\/en\/author\/irafael\/"},"uagb_comment_info":0,"uagb_excerpt":null,"_links":{"self":[{"href":"https:\/\/www.iseg.ulisboa.pt\/en\/wp-json\/wp\/v2\/pages\/41946"}],"collection":[{"href":"https:\/\/www.iseg.ulisboa.pt\/en\/wp-json\/wp\/v2\/pages"}],"about":[{"href":"https:\/\/www.iseg.ulisboa.pt\/en\/wp-json\/wp\/v2\/types\/page"}],"author":[{"embeddable":true,"href":"https:\/\/www.iseg.ulisboa.pt\/en\/wp-json\/wp\/v2\/users\/6"}],"replies":[{"embeddable":true,"href":"https:\/\/www.iseg.ulisboa.pt\/en\/wp-json\/wp\/v2\/comments?post=41946"}],"version-history":[{"count":0,"href":"https:\/\/www.iseg.ulisboa.pt\/en\/wp-json\/wp\/v2\/pages\/41946\/revisions"}],"wp:attachment":[{"href":"https:\/\/www.iseg.ulisboa.pt\/en\/wp-json\/wp\/v2\/media?parent=41946"}],"curies":[{"name":"wp","href":"https:\/\/api.w.org\/{rel}","templated":true}]}}