{"id":41999,"date":"2023-10-23T16:07:33","date_gmt":"2023-10-23T16:07:33","guid":{"rendered":"https:\/\/www.iseg.ulisboa.pt\/?page_id=41999"},"modified":"2023-10-23T16:07:33","modified_gmt":"2023-10-23T16:07:33","slug":"dissertations-applied-econometrics-and-forecasting","status":"publish","type":"page","link":"https:\/\/www.iseg.ulisboa.pt\/en\/dissertations-applied-econometrics-and-forecasting\/","title":{"rendered":"Dissertations Applied Econometrics and Forecasting"},"content":{"rendered":"<div class=\"wp-block-uagb-tabs uagb-block-92d47a83 uagb-tabs__wrap uagb-tabs__hstyle1-desktop uagb-tabs__vstyle6-tablet uagb-tabs__stack1-mobile\" data-tab-active=\"0\"><ul class=\"uagb-tabs__panel uagb-tabs__align-left\" role=\"tablist\"><li class=\"uagb-tab uagb-tabs__active\" role=\"none\"><a href=\"#uagb-tabs__tab0\" class=\"uagb-tabs-list uagb-tabs__icon-position-left\" data-tab=\"0\" role=\"tab\">2009<\/a><\/li><li class=\"uagb-tab\" role=\"none\"><a href=\"#uagb-tabs__tab1\" class=\"uagb-tabs-list uagb-tabs__icon-position-left\" data-tab=\"1\" role=\"tab\">2008<\/a><\/li><li class=\"uagb-tab\" role=\"none\"><a href=\"#uagb-tabs__tab2\" class=\"uagb-tabs-list uagb-tabs__icon-position-left\" data-tab=\"2\" role=\"tab\">2007<\/a><\/li><li class=\"uagb-tab\" role=\"none\"><a href=\"#uagb-tabs__tab3\" class=\"uagb-tabs-list uagb-tabs__icon-position-left\" data-tab=\"3\" role=\"tab\">2006<\/a><\/li><li class=\"uagb-tab\" role=\"none\"><a href=\"#uagb-tabs__tab4\" class=\"uagb-tabs-list uagb-tabs__icon-position-left\" data-tab=\"4\" role=\"tab\">2005<\/a><\/li><\/ul><div class=\"uagb-tabs__body-wrap\">\n<div class=\"wp-block-uagb-tabs-child uagb-tabs__body-container uagb-inner-tab-0\" aria-labelledby=\"uagb-tabs__tab0\">\n<p><strong>Vanda Regina Guimar\u00e3es de Almeida<\/strong>&nbsp;<br>Bayesian Estimation of a DSGE Model for the Portuguese Economy, 2009\/06\/15<\/p>\n\n\n\n<p><strong>Ana Regina Nunes Pereira<\/strong>&nbsp;<br>Multivariate Fitering with Common Factors, 2009\/06\/01<\/p>\n\n\n\n<p><strong>Sara Em\u00edlia de Figueiredo Santos<\/strong>&nbsp;<br>Temporal Disaggregation of Chronological Successions: An Application to the Trimesterization of Cape Verdean Private Consumption and Gross Fixed Capital Formation, 2009\/05\/05<\/p>\n\n\n\n<p><strong>Sara Patr\u00edcia Ferreira Moreira<\/strong>&nbsp;<br>Double Coverage and Health Care Demand: Evidence from Quantile Regression, 2009\/04\/27<\/p>\n<\/div>\n\n\n\n<div class=\"wp-block-uagb-tabs-child uagb-tabs__body-container uagb-inner-tab-1\" aria-labelledby=\"uagb-tabs__tab1\">\n<p><strong>Tiago Manuel Teixeira Nunes<br><\/strong>Identification of Threshold Effects in Autoregression Models and their Application to Credit Risk, 2008\/04\/15<\/p>\n<\/div>\n\n\n\n<div class=\"wp-block-uagb-tabs-child uagb-tabs__body-container uagb-inner-tab-2\" aria-labelledby=\"uagb-tabs__tab2\">\n<p><strong>Rui Manuel Teixeira Brites<\/strong><br>Smooth Transition Regression Models, 2007\/02\/16<\/p>\n\n\n\n<p><strong>Ant\u00f3nio Jos\u00e9 Reino Silvano<\/strong><br>\"Real Business Cycles in a Small Open Economy: Portugal 1960-2005\", 2007\/03\/06<\/p>\n\n\n\n<p><strong>F\u00e9lix Ferreira Bernardo<\/strong><br>Impact of Heaping on Models for Duration Data, 2007\/03\/09<\/p>\n\n\n\n<p><strong>Pedro Miguel Garcia de Oliveira<\/strong><br>Program Evaluation in Panel Data with Binary Dependent Variable - Simulation Study, 2007\/03\/21<\/p>\n\n\n\n<p><strong>M\u00f3nica Sofia In\u00e1cio Duarte In\u00eas<\/strong><br>Econometric Analysis of Private Medicines Expenditure in Portugal, 2007\/07\/25<\/p>\n<\/div>\n\n\n\n<div class=\"wp-block-uagb-tabs-child uagb-tabs__body-container uagb-inner-tab-3\" aria-labelledby=\"uagb-tabs__tab3\">\n<p><strong>Nuno Manuel Rosa Paias Silva Carmona<br><\/strong>\"Econometric Modeling of Electricity Demand in Mainland Portugal: An Empirical Application\", 2006\/09\/06<\/p>\n\n\n\n<p><strong>Homero Alexandre Martins Gon\u00e7alves<br><\/strong>What Determines the Probability of Default of Loans to Non-Financial Corporations?, 2006\/12\/07<\/p>\n<\/div>\n\n\n\n<div class=\"wp-block-uagb-tabs-child uagb-tabs__body-container uagb-inner-tab-4\" aria-labelledby=\"uagb-tabs__tab4\">\n<p><strong>Olga Susana Mesia Monteiro<br><\/strong>The Expectations Hypothesis and the Temporal Structure of Interest Rates: A Summary of the Literature and Empirical Application to the Portuguese Case, 2005\/02\/25<\/p>\n\n\n\n<p><strong>Daniel Alexandre Baptista Dias<br><\/strong>Proportional Hazard Model Specification Tests, 2005\/02\/28<\/p>\n\n\n\n<p><strong>Paulo Renato Freitas Costa<br><\/strong>Asymptotic Approximations in the Analysis of Neglected Heterogeneity in Duration Models, 2005\/03\/02<\/p>\n\n\n\n<p><strong>Joana de Oliveira Fernandes Ferraz da Costa Rold\u00e3o<br><\/strong>Cycle-Adjusted Budget Balances with Growth Composition Effects - An Approach Based on the Estimation of Common Trends, 2005\/04\/18<\/p>\n\n\n\n<p><strong>Filipa Alexandra Br\u00e1s da Silva<br><\/strong>Parametric Discrete Choice Models Applied to Prescription and Self-Medication in Mainland Portugal, 2005\/04\/26<\/p>\n<\/div>\n<\/div><\/div>","protected":false},"excerpt":{"rendered":"","protected":false},"author":6,"featured_media":0,"parent":0,"menu_order":0,"comment_status":"closed","ping_status":"closed","template":"","meta":{"inline_featured_image":false,"_uag_custom_page_level_css":"","footnotes":""},"acf":[],"yoast_head":"<!-- This site is optimized with the Yoast SEO plugin v22.6 - https:\/\/yoast.com\/wordpress\/plugins\/seo\/ -->\n<title>Disserta\u00e7\u00f5es Econometria Aplicada e Previs\u00e3o - ISEG<\/title>\n<meta name=\"robots\" content=\"index, follow, max-snippet:-1, max-image-preview:large, max-video-preview:-1\" \/>\n<link rel=\"canonical\" href=\"https:\/\/www.iseg.ulisboa.pt\/en\/dissertations-applied-econometrics-and-forecasting\/\" \/>\n<meta name=\"twitter:label1\" content=\"Est. reading time\" \/>\n\t<meta name=\"twitter:data1\" content=\"2 minutes\" \/>\n<script type=\"application\/ld+json\" class=\"yoast-schema-graph\">{\"@context\":\"https:\/\/schema.org\",\"@graph\":[{\"@type\":\"WebPage\",\"@id\":\"https:\/\/www.iseg.ulisboa.pt\/en\/dissertations-applied-econometrics-and-forecasting\/\",\"url\":\"https:\/\/www.iseg.ulisboa.pt\/en\/dissertations-applied-econometrics-and-forecasting\/\",\"name\":\"Disserta\u00e7\u00f5es Econometria Aplicada e Previs\u00e3o - ISEG\",\"isPartOf\":{\"@id\":\"https:\/\/www.iseg.ulisboa.pt\/en\/#website\"},\"datePublished\":\"2023-10-23T16:07:33+00:00\",\"dateModified\":\"2023-10-23T16:07:33+00:00\",\"breadcrumb\":{\"@id\":\"https:\/\/www.iseg.ulisboa.pt\/en\/dissertations-applied-econometrics-and-forecasting\/#breadcrumb\"},\"inLanguage\":\"en-US\",\"potentialAction\":[{\"@type\":\"ReadAction\",\"target\":[\"https:\/\/www.iseg.ulisboa.pt\/en\/dissertations-applied-econometrics-and-forecasting\/\"]}]},{\"@type\":\"BreadcrumbList\",\"@id\":\"https:\/\/www.iseg.ulisboa.pt\/en\/dissertations-applied-econometrics-and-forecasting\/#breadcrumb\",\"itemListElement\":[{\"@type\":\"ListItem\",\"position\":1,\"name\":\"Home\",\"item\":\"https:\/\/www.iseg.ulisboa.pt\/\"},{\"@type\":\"ListItem\",\"position\":2,\"name\":\"Disserta\u00e7\u00f5es Econometria Aplicada e Previs\u00e3o\"}]},{\"@type\":\"WebSite\",\"@id\":\"https:\/\/www.iseg.ulisboa.pt\/en\/#website\",\"url\":\"https:\/\/www.iseg.ulisboa.pt\/en\/\",\"name\":\"ISEG\",\"description\":\"Lisbon School of Economics &amp; Management\",\"publisher\":{\"@id\":\"https:\/\/www.iseg.ulisboa.pt\/en\/#organization\"},\"potentialAction\":[{\"@type\":\"SearchAction\",\"target\":{\"@type\":\"EntryPoint\",\"urlTemplate\":\"https:\/\/www.iseg.ulisboa.pt\/en\/?s={search_term_string}\"},\"query-input\":\"required name=search_term_string\"}],\"inLanguage\":\"en-US\"},{\"@type\":\"Organization\",\"@id\":\"https:\/\/www.iseg.ulisboa.pt\/en\/#organization\",\"name\":\"ISEG\",\"url\":\"https:\/\/www.iseg.ulisboa.pt\/en\/\",\"logo\":{\"@type\":\"ImageObject\",\"inLanguage\":\"en-US\",\"@id\":\"https:\/\/www.iseg.ulisboa.pt\/en\/#\/schema\/logo\/image\/\",\"url\":\"https:\/\/www.iseg.ulisboa.pt\/wp-content\/uploads\/2021\/02\/iseg-logo-ul.svg\",\"contentUrl\":\"https:\/\/www.iseg.ulisboa.pt\/wp-content\/uploads\/2021\/02\/iseg-logo-ul.svg\",\"width\":250,\"height\":120,\"caption\":\"ISEG\"},\"image\":{\"@id\":\"https:\/\/www.iseg.ulisboa.pt\/en\/#\/schema\/logo\/image\/\"},\"sameAs\":[\"https:\/\/www.facebook.com\/iseg.pt\",\"https:\/\/x.com\/iseglisbon\",\"https:\/\/www.instagram.com\/iseglisbon\/\",\"https:\/\/www.linkedin.com\/school\/iseglisbon\/\",\"https:\/\/www.youtube.com\/user\/DMREISEG\"]}]}<\/script>\n<!-- \/ Yoast SEO plugin. -->","yoast_head_json":{"title":"Dissertations Applied Econometrics and Forecasting - ISEG","robots":{"index":"index","follow":"follow","max-snippet":"max-snippet:-1","max-image-preview":"max-image-preview:large","max-video-preview":"max-video-preview:-1"},"canonical":"https:\/\/www.iseg.ulisboa.pt\/en\/dissertations-applied-econometrics-and-forecasting\/","twitter_misc":{"Est. reading time":"2 minutes"},"schema":{"@context":"https:\/\/schema.org","@graph":[{"@type":"WebPage","@id":"https:\/\/www.iseg.ulisboa.pt\/en\/dissertations-applied-econometrics-and-forecasting\/","url":"https:\/\/www.iseg.ulisboa.pt\/en\/dissertations-applied-econometrics-and-forecasting\/","name":"Dissertations Applied Econometrics and Forecasting - ISEG","isPartOf":{"@id":"https:\/\/www.iseg.ulisboa.pt\/en\/#website"},"datePublished":"2023-10-23T16:07:33+00:00","dateModified":"2023-10-23T16:07:33+00:00","breadcrumb":{"@id":"https:\/\/www.iseg.ulisboa.pt\/en\/dissertations-applied-econometrics-and-forecasting\/#breadcrumb"},"inLanguage":"en-US","potentialAction":[{"@type":"ReadAction","target":["https:\/\/www.iseg.ulisboa.pt\/en\/dissertations-applied-econometrics-and-forecasting\/"]}]},{"@type":"BreadcrumbList","@id":"https:\/\/www.iseg.ulisboa.pt\/en\/dissertations-applied-econometrics-and-forecasting\/#breadcrumb","itemListElement":[{"@type":"ListItem","position":1,"name":"Home","item":"https:\/\/www.iseg.ulisboa.pt\/"},{"@type":"ListItem","position":2,"name":"Disserta\u00e7\u00f5es Econometria Aplicada e Previs\u00e3o"}]},{"@type":"WebSite","@id":"https:\/\/www.iseg.ulisboa.pt\/en\/#website","url":"https:\/\/www.iseg.ulisboa.pt\/en\/","name":"ISEG","description":"Lisbon School of Economics &amp; Management","publisher":{"@id":"https:\/\/www.iseg.ulisboa.pt\/en\/#organization"},"potentialAction":[{"@type":"SearchAction","target":{"@type":"EntryPoint","urlTemplate":"https:\/\/www.iseg.ulisboa.pt\/en\/?s={search_term_string}"},"query-input":"required name=search_term_string"}],"inLanguage":"en-US"},{"@type":"Organization","@id":"https:\/\/www.iseg.ulisboa.pt\/en\/#organization","name":"ISEG","url":"https:\/\/www.iseg.ulisboa.pt\/en\/","logo":{"@type":"ImageObject","inLanguage":"en-US","@id":"https:\/\/www.iseg.ulisboa.pt\/en\/#\/schema\/logo\/image\/","url":"https:\/\/www.iseg.ulisboa.pt\/wp-content\/uploads\/2021\/02\/iseg-logo-ul.svg","contentUrl":"https:\/\/www.iseg.ulisboa.pt\/wp-content\/uploads\/2021\/02\/iseg-logo-ul.svg","width":250,"height":120,"caption":"ISEG"},"image":{"@id":"https:\/\/www.iseg.ulisboa.pt\/en\/#\/schema\/logo\/image\/"},"sameAs":["https:\/\/www.facebook.com\/iseg.pt","https:\/\/x.com\/iseglisbon","https:\/\/www.instagram.com\/iseglisbon\/","https:\/\/www.linkedin.com\/school\/iseglisbon\/","https:\/\/www.youtube.com\/user\/DMREISEG"]}]}},"uagb_featured_image_src":{"full":false,"thumbnail":false,"medium":false,"medium_large":false,"large":false,"1536x1536":false,"2048x2048":false,"trp-custom-language-flag":false},"uagb_author_info":{"display_name":"irafael","author_link":"https:\/\/www.iseg.ulisboa.pt\/en\/author\/irafael\/"},"uagb_comment_info":0,"uagb_excerpt":null,"_links":{"self":[{"href":"https:\/\/www.iseg.ulisboa.pt\/en\/wp-json\/wp\/v2\/pages\/41999"}],"collection":[{"href":"https:\/\/www.iseg.ulisboa.pt\/en\/wp-json\/wp\/v2\/pages"}],"about":[{"href":"https:\/\/www.iseg.ulisboa.pt\/en\/wp-json\/wp\/v2\/types\/page"}],"author":[{"embeddable":true,"href":"https:\/\/www.iseg.ulisboa.pt\/en\/wp-json\/wp\/v2\/users\/6"}],"replies":[{"embeddable":true,"href":"https:\/\/www.iseg.ulisboa.pt\/en\/wp-json\/wp\/v2\/comments?post=41999"}],"version-history":[{"count":0,"href":"https:\/\/www.iseg.ulisboa.pt\/en\/wp-json\/wp\/v2\/pages\/41999\/revisions"}],"wp:attachment":[{"href":"https:\/\/www.iseg.ulisboa.pt\/en\/wp-json\/wp\/v2\/media?parent=41999"}],"curies":[{"name":"wp","href":"https:\/\/api.w.org\/{rel}","templated":true}]}}