{"id":42005,"date":"2023-10-23T16:57:00","date_gmt":"2023-10-23T16:57:00","guid":{"rendered":"https:\/\/www.iseg.ulisboa.pt\/?page_id=42005"},"modified":"2023-10-23T17:54:43","modified_gmt":"2023-10-23T17:54:43","slug":"economics-dissertations","status":"publish","type":"page","link":"https:\/\/www.iseg.ulisboa.pt\/en\/economics-dissertations\/","title":{"rendered":"Dissertations Economics"},"content":{"rendered":"<div class=\"wp-block-uagb-tabs uagb-block-d1710902 uagb-tabs__wrap uagb-tabs__hstyle1-desktop uagb-tabs__vstyle6-tablet uagb-tabs__stack1-mobile\" data-tab-active=\"0\"><ul class=\"uagb-tabs__panel uagb-tabs__align-left\" role=\"tablist\"><li class=\"uagb-tab uagb-tabs__active\" role=\"none\"><a href=\"#uagb-tabs__tab0\" class=\"uagb-tabs-list uagb-tabs__icon-position-left\" data-tab=\"0\" role=\"tab\">2011 &#8211; 2008<\/a><\/li><li class=\"uagb-tab\" role=\"none\"><a href=\"#uagb-tabs__tab1\" class=\"uagb-tabs-list uagb-tabs__icon-position-left\" data-tab=\"1\" role=\"tab\">2007 &#8211; 2000<\/a><\/li><li class=\"uagb-tab\" role=\"none\"><a href=\"#uagb-tabs__tab2\" class=\"uagb-tabs-list uagb-tabs__icon-position-left\" data-tab=\"2\" role=\"tab\">1999 &#8211; 1991<\/a><\/li><li class=\"uagb-tab\" role=\"none\"><a href=\"#uagb-tabs__tab3\" class=\"uagb-tabs-list uagb-tabs__icon-position-left\" data-tab=\"3\" role=\"tab\">1990 &#8211; 1985<\/a><\/li><\/ul><div class=\"uagb-tabs__body-wrap\">\n<div class=\"wp-block-uagb-tabs-child uagb-tabs__body-container uagb-inner-tab-0\" aria-labelledby=\"uagb-tabs__tab0\">\n<p class=\"has-large-font-size\"><strong>2011<\/strong><\/p>\n\n\n\n<p><strong>Rita Sofia Martins Filipe da Silva<\/strong><br>Broadband Demand Dynamics: Substitution or Complementarity between Technologies? An Application to the Portuguese Case, 16-12-2011<\/p>\n\n\n\n<p class=\"has-large-font-size\"><strong>2010<\/strong><\/p>\n\n\n\n<p><strong>Ana Sofia de Oliveira Cunha&nbsp;<br><\/strong>Optimal Fuel Management Contracts for Non-Industrial Private Forest Owners, 2010\/02\/23<\/p>\n\n\n\n<p><strong>Jo\u00e3o Pedro Ramalho Bernardino<br><\/strong>Does Positional Consumption Generate Technological Innovation?, 2010\/12\/03<\/p>\n\n\n\n<p class=\"has-large-font-size\"><strong>2009<\/strong><\/p>\n\n\n\n<p><strong>Vera L\u00facia Bravo Brito&nbsp;<br><\/strong>The Evolution of the Overconfidence of the Portuguese Individual Investor between 1999 and 2000, 2009\/05\/07<\/p>\n\n\n\n<p class=\"has-large-font-size\"><strong>2008<\/strong><\/p>\n\n\n\n<p><strong>Rui Pedro Matias Gama Mota<br><\/strong>Welfare and Sustainability Measures in Dynamic Economies: Green Accounting for Portugal, 2008\/03\/04<\/p>\n\n\n\n<p><strong>Ricardo Filipe de Melo Teixeira<br><\/strong>Economic Incentives for Carbon Sequestration in Grassland Soils: An Offer you Cannot Refuse, 2008\/03\/26<\/p>\n\n\n\n<p><strong>Gui Pedro Ara\u00fajo de Mendon\u00e7a<br><\/strong>Endogenous Growth in a Small Open Economy: Optimal Fiscal Policy and the Informal Sector, 2008\/05\/06<\/p>\n\n\n\n<p><strong>Ana Catarina Menezes Feteira In\u00e1cio<br><\/strong>Technical Efficiency and Quality of Service in Electricity Distribution in Portugal, 2008\/05\/19<\/p>\n\n\n\n<p><strong>Patr\u00edcia Margarida Floro Semi\u00e3o<br><\/strong>Macroeconomic Effects of Central and Local Public Investment: An International Comparison, 2008\/07\/10<\/p>\n\n\n\n<p><strong>Lu\u00eds Miguel Gon\u00e7alves de Faria<br><\/strong>The Agent-Based Model in the Labor Market as a Third Way for the Micro\/Macro Relationship: A New Paradigm?, 2008\/10\/28<\/p>\n<\/div>\n\n\n\n<div class=\"wp-block-uagb-tabs-child uagb-tabs__body-container uagb-inner-tab-1\" aria-labelledby=\"uagb-tabs__tab1\">\n<p class=\"has-large-font-size\"><strong>2007<\/strong><\/p>\n\n\n\n<p><strong>Ricardo Jorge Alcobia Granja Rodrigues<br><\/strong>Unemployment Benefits Managed in Individual Accounts: An Application to Portugal, 2007\/01\/23<\/p>\n\n\n\n<p><strong>Raquel Ferreira Pereira<br><\/strong>\"Growth of Public Expenditure and Budgetary Organization\", 2007\/04\/18<\/p>\n\n\n\n<p><strong>Nuno Manuel da Costa Braz<br><\/strong>\"Criteria for Allocating Resources in the Education System\", 2007\/05\/09<\/p>\n\n\n\n<p><strong>Nuno Gon\u00e7alo Oliveira Castanho Fortes<br><\/strong>Intergenerational Budgeting: Analysis of Theoretical Aspects and Application in Portugal, 2007\/07\/17<\/p>\n\n\n\n<p><strong>Armando dos Santos Ribeiro Ferreira<br><\/strong>Relative Price Dynamics, Factor Shares and Endogenous Growth, 2007\/11\/08<\/p>\n\n\n\n<p><strong>Jos\u00e9 Manuel Norberto Jardim<br><\/strong>The Underground Economy: Definition, Measurement and its Consequences for the Fiscal Stance - An Application to the Netherlands Antilles, 2007\/12\/18<\/p>\n\n\n\n<p class=\"has-large-font-size\"><strong>2006<\/strong><\/p>\n\n\n\n<p><strong>Cl\u00e1udia Filipa Pires Duarte<br><\/strong>\"On the Role of Disaggregated Information for Inflation Forecasting\", 2006\/04\/05<\/p>\n\n\n\n<p><strong>Maria Teresa de Lima Hil\u00e1rio Chaves<br><\/strong>\"Predicting Car Residual Values\", 2006\/12\/12<\/p>\n\n\n\n<p class=\"has-large-font-size\"><strong>2005<\/strong><\/p>\n\n\n\n<p><strong>Miguel Atan\u00e1sio Lopes Carvalho<br><\/strong>Non-constant Time Discounting and Asset Pricing, 2005\/07\/15<\/p>\n\n\n\n<p class=\"has-large-font-size\"><strong>2004<\/strong><\/p>\n\n\n\n<p><strong>Jo\u00e3o Paulo Cabral Pereira<br><\/strong>\"The Measurement of Human Capital in Portugal.\", 2004\/01\/21<\/p>\n\n\n\n<p><strong>Maria In\u00eas Marques Ferreira Alves<br><\/strong>\"The Stability and Growth Pact, Public Investment and the Performance of Fiscal Policies in the European Union\", 2004\/03\/16<\/p>\n\n\n\n<p><strong>Lu\u00eds Carlos Costa Pinheiro de Carvalho<br><\/strong>\"Analysis of Structural Change in Portugal 1977-95: Application of the Input-Output Model\", 2004\/04\/02<\/p>\n\n\n\n<p><strong>Ana Isabel Lage Figueiredo Lima<br><\/strong>\"EMU Enlargement: Asymmetric Shocks and Cluster Identification\", 2004\/04\/21<\/p>\n\n\n\n<p><strong>N\u00e1dia Nogueira Sim\u00f5es<br><\/strong>Labor Demand, Productivity and the Business Cycle. An Analysis Applied to the Portuguese Labor Market, 2004\/05\/28<\/p>\n\n\n\n<p><strong>Jo\u00e3o Miguel Santos Lopes<br><\/strong>Iberian Electricity Market - The Competitive Effects of Transmission Capacity Restrictions between Portugal and Spain, 2004\/10\/27<\/p>\n\n\n\n<p class=\"has-large-font-size\"><strong>2002<\/strong><\/p>\n\n\n\n<p><strong>Nuno Alexandre Pais e Silva<br><\/strong>Experimental Economics: Homo Reciprocans in the Labor Market, 2002\/02\/28<\/p>\n\n\n\n<p><strong>Sandrina Berthault Moreira<br><\/strong>Official Development Assistance and Economic Growth. Cross-Country Studies of the Aid-Growth Relationship, 2002\/11\/12<\/p>\n\n\n\n<p class=\"has-large-font-size\"><strong>2000<\/strong><\/p>\n\n\n\n<p><strong>Pedro Miguel Guerreiro de Oliveira<br><\/strong>Coincident Indicators of Activity and Economic Cycles. Theory and Evidence for Portugal, 2000\/04\/16<\/p>\n<\/div>\n\n\n\n<div class=\"wp-block-uagb-tabs-child uagb-tabs__body-container uagb-inner-tab-2\" aria-labelledby=\"uagb-tabs__tab2\">\n<p class=\"has-large-font-size\"><strong>1999<\/strong><\/p>\n\n\n\n<p><strong>Duarte Alexandre de Jesus Rodrigues<br><\/strong>The Insider-Outsider Theory with Bilateral Wage Negotiation and Unemployment in OECD Countries, 1999\/07\/27<\/p>\n\n\n\n<p class=\"has-large-font-size\"><strong>1995<\/strong><\/p>\n\n\n\n<p><strong>Isabel Maria Pereira Viegas Vieira<br><\/strong>Asymmetries and Adjustments in the European Economic and Monetary Union\", 1995\/01\/17<\/p>\n\n\n\n<p><strong>Carlos Manuel Rodrigues Vieira<br><\/strong>Budgetary Policy Coordination in the European Economic and Monetary Union, 1995\/01\/27<\/p>\n\n\n\n<p><strong>Maria Rosa Vidigal Tavares Quartin Borges<br><\/strong>The Portuguese Banking Sector: Recent Developments, Strategic Groups and Future Prospects, 1995\/04\/24<\/p>\n\n\n\n<p><strong>Jo\u00e3o Paulo Gon\u00e7alves Filipe<br><\/strong>Commercial Policy in Imperfect Competition: an Application to the Portuguese Clothing and Footwear Industries, 1995\/04\/26<\/p>\n\n\n\n<p><strong>Jo\u00e3o Paulo Tom\u00e9 Calado<br><\/strong>Monetary Union in the Maastricht Treaty - A critical approach, 1995\/04\/26<\/p>\n\n\n\n<p><strong>Ant\u00f3nio Augusto Teixeira da Costa<br><\/strong>The Impact of Technology on Trade - An Approach to the Portuguese Case, 1995\/06\/01<\/p>\n\n\n\n<p class=\"has-large-font-size\"><strong>1994<\/strong><\/p>\n\n\n\n<p><strong>Jo\u00e3o Pedro Vidal Nunes<br><\/strong>Evaluation of Financial Options on Long-Term Interest Rates, 1994\/02\/10<\/p>\n\n\n\n<p><strong>Henrique Nuno Esteves Correia dos Santos Morais<br><\/strong>Determinants of Foreign Direct Investment in Portugal: 1987-1992, 1994\/06\/15<\/p>\n\n\n\n<p><strong>Jorge Humberto da Cruz Barros de Jesus Lu\u00eds<br><\/strong>Equilibrium Exchange Rate and Intertemporal Sustainability of the Balance of Payments, 1994\/06\/15<\/p>\n\n\n\n<p><strong>Carlos Alberto Piscarreta Pinto Ferreira<br><\/strong>The Credibility of the Escudo Fluctuation Bands in the EMS Exchange Rate Mechanism, 1994\/06\/16<\/p>\n\n\n\n<p><strong>Jo\u00e3o Pedro Quartin Coelho Borges<br><\/strong>The Presence and Modeling of Non-Fundamental Components in Financial Asset Prices, 1994\/07\/21<\/p>\n\n\n\n<p><strong>Maria Isabel dos Santos Marques<br><\/strong>Money Demand Functions for Portugal 1970\/1990, 1994\/07\/22<\/p>\n\n\n\n<p><strong>Lu\u00eds Filipe Pereira da Costa<br><\/strong>Macroeconomic Effects of Nominal Rigidity and Imperfect Competition in a Semi-small Open Economy, 1994\/07\/29<\/p>\n\n\n\n<p><strong>Paula Lu\u00edsa de Carvalho Cabral<br><\/strong>Total Factor Productivity: Characterization of the Theoretical Issues Underlying its Definition and Measurement, 1994\/11\/03<\/p>\n\n\n\n<p class=\"has-large-font-size\"><strong>1993<\/strong><\/p>\n\n\n\n<p><strong>Idalino Andr\u00e9 Rodrigues Nascimento Magrinho<br><\/strong>Social Europe on the Horizon of the Single European Market, 1993\/02\/17<\/p>\n\n\n\n<p><strong>Maria de Lourdes dos Santos<br><\/strong>Information Content of Monetary Variables, 1993\/02\/25<\/p>\n\n\n\n<p><strong>Ant\u00f3nio Manuel Pedro Afonso<br><\/strong>Public Deficits and Inflation, 1993\/03\/03<\/p>\n\n\n\n<p><strong>Maria Filomena dos Santos Ant\u00f3nio<br><\/strong>The Human Element - Portuguese Contribution to the Economic and Social Development of the PALOP, 1993\/03\/29<\/p>\n\n\n\n<p><strong>Maria Teresa Medeiros Garcia<br><\/strong>Capital Market Efficiency, 1993\/04\/15<\/p>\n\n\n\n<p><strong>Paula Cristina Antunes Mateus de Albuquerque<br><\/strong>Speculative Attacks on Fixed Exchange Rates and Exchange Bands, 1993\/05\/28<\/p>\n\n\n\n<p><strong>Ant\u00f3nio Carlos Carvalho Ferreira<br><\/strong>Industrial Pollution in Baixo-Vouga: A Case of Negative Externalities, 1993\/06\/28<\/p>\n\n\n\n<p><strong>Maria Rita Duarte Raposo<br><\/strong>Culture in Organizations, 1993\/06\/29<\/p>\n\n\n\n<p><strong>Maria Margarida Nascimento Jesus<br><\/strong>Imput-Output Methodology Applied to the Algarve Economy, 1993\/07\/13<\/p>\n\n\n\n<p><strong>Joaquim Jos\u00e9 Teixeira Ruela<br><\/strong>The Decision to Export - A Study of the Motivations for Exporting by Companies with Foreign Capital, 1993\/07\/20<\/p>\n\n\n\n<p><strong>Jos\u00e9 Fernandes Soares<br><\/strong>Telecommunications Strategies in Portugal, 1993\/11\/24<\/p>\n\n\n\n<p><strong>Lu\u00eds Pedro Rodrigues Saramago<br><\/strong>Financing Business Cooperation between Portugal and Portuguese-speaking African Countries, 1993\/12\/03<\/p>\n\n\n\n<p class=\"has-large-font-size\"><strong>1992<\/strong><\/p>\n\n\n\n<p><strong>Vitor Manuel Mendes Magri\u00e7o<br><\/strong>Paradigms and Long-Term Economic Movements, 1992\/01\/17<\/p>\n\n\n\n<p><strong>Paulo Jos\u00e9 Louren\u00e7o de Azevedo Madruga<br><\/strong>Determining Factors of Territorial Differentiation in the Capacity for Entrepreneurial Initiative: The Portuguese Case 1983\/89, 1992\/02\/11<\/p>\n\n\n\n<p><strong>Armindo Silvestre de Ceita<br><\/strong>Cocoa Economy in S. Tom\u00e9 and Principe - Crisis and Alternatives, 1992\/03\/19<\/p>\n\n\n\n<p><strong>Ana Rute Pedro Cardoso<br><\/strong>Wage Inequalities in Portugal - A Regional Perspective, 1982-1989<\/p>\n\n\n\n<p><strong>Victor Paulo Gomes da Silva<br><\/strong>The Evolution of the Intersindical\/Nacional\/CGTP - In in the Portuguese Socio-Economic and Political Framework: from April 25 to the VI Congress, 1992\/05\/26<\/p>\n\n\n\n<p><strong>Ant\u00f3nio An\u00edbal Contreiras Alves<br><\/strong>Sugar Economy - World, EEC, Portugal, 1992\/06\/01<\/p>\n\n\n\n<p><strong>Miguel Pedro Brito St. Aubyn<br><\/strong>Budgetary Policies in the European Economic and Monetary Union (Discipline, Coordination and Flexibility), 1992\/06\/08<\/p>\n\n\n\n<p><strong>Maria Margarida Dias da Silva Garrido<br><\/strong>Technological Change, Innovative Process and Space - Theoretical Considerations and Approach to the Port Case, 1992\/09\/22<\/p>\n\n\n\n<p><strong>Elda Maria da Costa Guimar\u00e3es<br><\/strong>Structural Adjustment in Guinea-Bissau. The Experience of the 1980s, 1992\/10\/16<\/p>\n\n\n\n<p><strong>Ant\u00f3nio Francisco de Jesus Leir\u00e3o<br><\/strong>Interdependence and Economic Policy Coordination, 1992\/11\/18<\/p>\n\n\n\n<p class=\"has-large-font-size\"><strong>1991<\/strong><\/p>\n\n\n\n<p><strong>Rui Fernando Miranda Vieira<br><\/strong>Cahora - Bassa in the Development of Mozambique and in Portuguese Development Cooperation Policy, 1991\/01\/11<\/p>\n\n\n\n<p><strong>Jo\u00e3o Jos\u00e9 Soares Tolda<br><\/strong>The Impact of Technological Innovation on Work Organization and Company Management, 1991\/01\/14<\/p>\n\n\n\n<p><strong>Maria Gertrudes Pereira Monteiro Ildefonso Ramalho<br><\/strong>An Optimization Model for the Portuguese Economy, 1991\/03\/11<\/p>\n\n\n\n<p><strong>Orlando Marcelino de Almeida Sim\u00f5es<br><\/strong>Eighty Years of Production and Marketing of D\u00e3o Wines, 1991\/07\/08<\/p>\n\n\n\n<p><strong>Jorge Manuel da Rocha S\u00e3o Marcos<br><\/strong>Management of Industrial Units in Cape Verde, 1991\/07\/08<\/p>\n\n\n\n<p><strong>Jos\u00e9 Manuel Madeira Belbute<br><\/strong>Economic Growth, the Social Discount Rate and Intergenerational Dilemmas, 1991\/07\/31<\/p>\n\n\n\n<p><strong>Jos\u00e9 Augusto Silvestre Rodrigues<br><\/strong>Taxation and Income Redistribution. An Approach to the Portuguese Case, 1991\/10\/29<\/p>\n<\/div>\n\n\n\n<div class=\"wp-block-uagb-tabs-child uagb-tabs__body-container uagb-inner-tab-3\" aria-labelledby=\"uagb-tabs__tab3\">\n<p class=\"has-large-font-size\"><strong>1990<\/strong><\/p>\n\n\n\n<p><strong>Jos\u00e9 Jo\u00e3o Barreiros P\u00e3ozinho<br><\/strong>The Special Drawing Right and the ECU in the International Monetary System, 1990\/01\/03<\/p>\n\n\n\n<p><strong>Manuel Francisco Pacheco Coelho<br><\/strong>Management and Conservation of Fisheries Resources, 1990\/01\/15<\/p>\n\n\n\n<p><strong>Maria C\u00e2ndida Rodrigues Ferreira<br><\/strong>Optimal Control in Economics, 1990\/01\/22<\/p>\n\n\n\n<p><strong>Susana Maria Gon\u00e7alves dos Santos<br><\/strong>Credit as an Agricultural Policy Instrument. Its Integration into the Rural Financial Market. The Portuguese Case from the Supply Side, 1990\/01\/31<\/p>\n\n\n\n<p><strong>Vicente Micael Jo\u00e3o Bragan\u00e7a<br><\/strong>Relative Stability in the Leonlief Dynamic Model - An Application to the Portuguese Case, 1990\/02\/09<\/p>\n\n\n\n<p class=\"has-large-font-size\"><strong>1989<\/strong><\/p>\n\n\n\n<p><strong>Manuel Ferreira Teixeira<br><\/strong>Budgetary Balance - Current Account Balance: Study of a Relationship, 1989\/03\/03<\/p>\n\n\n\n<p><strong>Jo\u00e3o Carlos Ferreira Lopes<br><\/strong>Multisectoral Growth - An Application to the Portuguese Case, 1989\/03\/16<\/p>\n\n\n\n<p><strong>Manuel Ant\u00f3nio Ennes Ferreira<br><\/strong>Trade Effects in the Creation and Dismantling of the Portuguese Economic Area: The Angola\/Portugal Case (1962-1985), 1989\/06\/19<\/p>\n\n\n\n<p><strong>Carlos Alberto Farinha Rodrigues<br><\/strong>Expenditure and Savings Behavior of Urban Households in Portugal: An Application of the Generalized Linear Expenditure System, 1989\/11\/08<\/p>\n\n\n\n<p><strong>Mario Guilhermo Gomez Olivares<br><\/strong>Causes of Unemployment: A Theoretical Reflection, 1989\/11\/08<\/p>\n\n\n\n<p><strong>Rui Manuel dos Santos Henriques<br><\/strong>Africa and Soviet Development Cooperation Policy, 1989\/11\/28<\/p>\n\n\n\n<p class=\"has-large-font-size\"><strong>1988<\/strong><\/p>\n\n\n\n<p><strong>Elsa Maria Nobre da Silva Fonta\u00ednha<br><\/strong>Unregulated Economic Activities. Evaluation Methods, Typologies and Interpretations, 1988\/01\/06<\/p>\n\n\n\n<p><strong>Jos\u00e9 Manuel Monteiro Barata<br><\/strong>Technology for Development: The Program and Action in the Framework of the ACP-EEC Lom\u00e9 Convention, 1988\/02\/03<\/p>\n\n\n\n<p><strong>Maria Isabel de Deus Mendes<br><\/strong>Economic-Environmental Models: An Application to the Portuguese Case, 1988\/02\/19<\/p>\n\n\n\n<p class=\"has-large-font-size\"><strong>1987<\/strong><\/p>\n\n\n\n<p><strong>Gra\u00e7a Maria Justina Le\u00e3o Fernandes<br><\/strong>The Creation and Appropriation of Productivity Surplus, an Approach to the Analysis of Income Distribution. Study on Portucel - Empresa de Celulose e Papel de Portugal, E.P., 1987\/02\/06<\/p>\n\n\n\n<p><strong>Maria Isabel Vieira Nicolau<br><\/strong>Application of the \"Imput-Output\" Model to the Analysis of Regional Productive Structures, 1987\/03\/02<\/p>\n\n\n\n<p><strong>Maria Filomena Mendos dos Santos<br><\/strong>Incentives for Investment in the Manufacturing Industry, 1987\/03\/27<\/p>\n\n\n\n<p><strong>Tomaz Lopes Cavalheiro Ponce Dentinho<br><\/strong>The Lowry Model, an Instrument for Dialogue in the Urban Planning of the Porto Urban Area, 1987\/05\/19<\/p>\n\n\n\n<p><strong>Isabel Salavisa de Oliveira Lan\u00e7a<br><\/strong>Monetary Management and Regulation in Portugal (1974-1984), 1987\/06\/29<\/p>\n\n\n\n<p><strong>Hor\u00e1cio Crespo Pedrosa Faustino<br><\/strong>Theories of International Trade and Methodological Issues of Empirical Tests, 1987\/12\/14<\/p>\n\n\n\n<p class=\"has-large-font-size\"><strong>1986<\/strong><\/p>\n\n\n\n<p><strong>Jo\u00e3o Manuel de Sousa Andrade e Silva<br><\/strong>Analysis of the Sensitivity of Econometric Estimates in the Face of the Existence of \"Errors\" in Some Non-Random Independent Variables - Discussion Around a Political-Econometric Model for Portugal, 1986\/05\/19<\/p>\n\n\n\n<p><strong>Germano de Jesus Borges Rio Tinto<br><\/strong>Economic Efficiency and Social Equity in the US Wheat Economy - A Long-Term Analysis (1960-1980), 1986\/06\/11<\/p>\n\n\n\n<p><strong>Jo\u00e3o Albino Matos da Silva<br><\/strong>Evaluation of the Economic Impact of Tourism in Portugal, 1986\/09\/26<\/p>\n\n\n\n<p><strong>Nuno Jos\u00e9 Dores Cassola e Barata<br><\/strong>Not in the Minutes, 1986\/10\/30<\/p>\n\n\n\n<p class=\"has-large-font-size\"><strong>1985<\/strong><\/p>\n\n\n\n<p><strong>V\u00edctor Manuel da Silva Santos<br><\/strong>Modeling the Results of Business Confidence Surveys, 1985\/06\/27<\/p>\n\n\n\n<p><strong>Carlos Alberto Pestana Barros<br><\/strong>Project Evaluation Methodologies at the Price of Efficiency, 1985\/11\/19<\/p>\n<\/div>\n<\/div><\/div>","protected":false},"excerpt":{"rendered":"","protected":false},"author":6,"featured_media":0,"parent":0,"menu_order":0,"comment_status":"closed","ping_status":"closed","template":"","meta":{"inline_featured_image":false,"_uag_custom_page_level_css":"","footnotes":""},"acf":[],"yoast_head":"<!-- This site is optimized with the Yoast SEO plugin v22.6 - https:\/\/yoast.com\/wordpress\/plugins\/seo\/ -->\n<title>Disserta\u00e7\u00f5es Economia - ISEG<\/title>\n<meta name=\"robots\" content=\"index, follow, max-snippet:-1, max-image-preview:large, max-video-preview:-1\" \/>\n<link rel=\"canonical\" href=\"https:\/\/www.iseg.ulisboa.pt\/en\/economics-dissertations\/\" \/>\n<meta name=\"twitter:label1\" content=\"Est. reading time\" \/>\n\t<meta name=\"twitter:data1\" content=\"10 minutes\" \/>\n<script type=\"application\/ld+json\" class=\"yoast-schema-graph\">{\"@context\":\"https:\/\/schema.org\",\"@graph\":[{\"@type\":\"WebPage\",\"@id\":\"https:\/\/www.iseg.ulisboa.pt\/en\/economics-dissertations\/\",\"url\":\"https:\/\/www.iseg.ulisboa.pt\/en\/economics-dissertations\/\",\"name\":\"Disserta\u00e7\u00f5es Economia - ISEG\",\"isPartOf\":{\"@id\":\"https:\/\/www.iseg.ulisboa.pt\/en\/#website\"},\"datePublished\":\"2023-10-23T16:57:00+00:00\",\"dateModified\":\"2023-10-23T17:54:43+00:00\",\"breadcrumb\":{\"@id\":\"https:\/\/www.iseg.ulisboa.pt\/en\/economics-dissertations\/#breadcrumb\"},\"inLanguage\":\"en-US\",\"potentialAction\":[{\"@type\":\"ReadAction\",\"target\":[\"https:\/\/www.iseg.ulisboa.pt\/en\/economics-dissertations\/\"]}]},{\"@type\":\"BreadcrumbList\",\"@id\":\"https:\/\/www.iseg.ulisboa.pt\/en\/economics-dissertations\/#breadcrumb\",\"itemListElement\":[{\"@type\":\"ListItem\",\"position\":1,\"name\":\"Home\",\"item\":\"https:\/\/www.iseg.ulisboa.pt\/\"},{\"@type\":\"ListItem\",\"position\":2,\"name\":\"Disserta\u00e7\u00f5es Economia\"}]},{\"@type\":\"WebSite\",\"@id\":\"https:\/\/www.iseg.ulisboa.pt\/en\/#website\",\"url\":\"https:\/\/www.iseg.ulisboa.pt\/en\/\",\"name\":\"ISEG\",\"description\":\"Lisbon School of Economics &amp; Management\",\"publisher\":{\"@id\":\"https:\/\/www.iseg.ulisboa.pt\/en\/#organization\"},\"potentialAction\":[{\"@type\":\"SearchAction\",\"target\":{\"@type\":\"EntryPoint\",\"urlTemplate\":\"https:\/\/www.iseg.ulisboa.pt\/en\/?s={search_term_string}\"},\"query-input\":\"required name=search_term_string\"}],\"inLanguage\":\"en-US\"},{\"@type\":\"Organization\",\"@id\":\"https:\/\/www.iseg.ulisboa.pt\/en\/#organization\",\"name\":\"ISEG\",\"url\":\"https:\/\/www.iseg.ulisboa.pt\/en\/\",\"logo\":{\"@type\":\"ImageObject\",\"inLanguage\":\"en-US\",\"@id\":\"https:\/\/www.iseg.ulisboa.pt\/en\/#\/schema\/logo\/image\/\",\"url\":\"https:\/\/www.iseg.ulisboa.pt\/wp-content\/uploads\/2021\/02\/iseg-logo-ul.svg\",\"contentUrl\":\"https:\/\/www.iseg.ulisboa.pt\/wp-content\/uploads\/2021\/02\/iseg-logo-ul.svg\",\"width\":250,\"height\":120,\"caption\":\"ISEG\"},\"image\":{\"@id\":\"https:\/\/www.iseg.ulisboa.pt\/en\/#\/schema\/logo\/image\/\"},\"sameAs\":[\"https:\/\/www.facebook.com\/iseg.pt\",\"https:\/\/x.com\/iseglisbon\",\"https:\/\/www.instagram.com\/iseglisbon\/\",\"https:\/\/www.linkedin.com\/school\/iseglisbon\/\",\"https:\/\/www.youtube.com\/user\/DMREISEG\"]}]}<\/script>\n<!-- \/ Yoast SEO plugin. -->","yoast_head_json":{"title":"Economics Dissertations - ISEG","robots":{"index":"index","follow":"follow","max-snippet":"max-snippet:-1","max-image-preview":"max-image-preview:large","max-video-preview":"max-video-preview:-1"},"canonical":"https:\/\/www.iseg.ulisboa.pt\/en\/economics-dissertations\/","twitter_misc":{"Est. reading time":"10 minutes"},"schema":{"@context":"https:\/\/schema.org","@graph":[{"@type":"WebPage","@id":"https:\/\/www.iseg.ulisboa.pt\/en\/economics-dissertations\/","url":"https:\/\/www.iseg.ulisboa.pt\/en\/economics-dissertations\/","name":"Economics Dissertations - ISEG","isPartOf":{"@id":"https:\/\/www.iseg.ulisboa.pt\/en\/#website"},"datePublished":"2023-10-23T16:57:00+00:00","dateModified":"2023-10-23T17:54:43+00:00","breadcrumb":{"@id":"https:\/\/www.iseg.ulisboa.pt\/en\/economics-dissertations\/#breadcrumb"},"inLanguage":"en-US","potentialAction":[{"@type":"ReadAction","target":["https:\/\/www.iseg.ulisboa.pt\/en\/economics-dissertations\/"]}]},{"@type":"BreadcrumbList","@id":"https:\/\/www.iseg.ulisboa.pt\/en\/economics-dissertations\/#breadcrumb","itemListElement":[{"@type":"ListItem","position":1,"name":"Home","item":"https:\/\/www.iseg.ulisboa.pt\/"},{"@type":"ListItem","position":2,"name":"Disserta\u00e7\u00f5es Economia"}]},{"@type":"WebSite","@id":"https:\/\/www.iseg.ulisboa.pt\/en\/#website","url":"https:\/\/www.iseg.ulisboa.pt\/en\/","name":"ISEG","description":"Lisbon School of Economics &amp; Management","publisher":{"@id":"https:\/\/www.iseg.ulisboa.pt\/en\/#organization"},"potentialAction":[{"@type":"SearchAction","target":{"@type":"EntryPoint","urlTemplate":"https:\/\/www.iseg.ulisboa.pt\/en\/?s={search_term_string}"},"query-input":"required name=search_term_string"}],"inLanguage":"en-US"},{"@type":"Organization","@id":"https:\/\/www.iseg.ulisboa.pt\/en\/#organization","name":"ISEG","url":"https:\/\/www.iseg.ulisboa.pt\/en\/","logo":{"@type":"ImageObject","inLanguage":"en-US","@id":"https:\/\/www.iseg.ulisboa.pt\/en\/#\/schema\/logo\/image\/","url":"https:\/\/www.iseg.ulisboa.pt\/wp-content\/uploads\/2021\/02\/iseg-logo-ul.svg","contentUrl":"https:\/\/www.iseg.ulisboa.pt\/wp-content\/uploads\/2021\/02\/iseg-logo-ul.svg","width":250,"height":120,"caption":"ISEG"},"image":{"@id":"https:\/\/www.iseg.ulisboa.pt\/en\/#\/schema\/logo\/image\/"},"sameAs":["https:\/\/www.facebook.com\/iseg.pt","https:\/\/x.com\/iseglisbon","https:\/\/www.instagram.com\/iseglisbon\/","https:\/\/www.linkedin.com\/school\/iseglisbon\/","https:\/\/www.youtube.com\/user\/DMREISEG"]}]}},"uagb_featured_image_src":{"full":false,"thumbnail":false,"medium":false,"medium_large":false,"large":false,"1536x1536":false,"2048x2048":false,"trp-custom-language-flag":false},"uagb_author_info":{"display_name":"irafael","author_link":"https:\/\/www.iseg.ulisboa.pt\/en\/author\/irafael\/"},"uagb_comment_info":0,"uagb_excerpt":null,"_links":{"self":[{"href":"https:\/\/www.iseg.ulisboa.pt\/en\/wp-json\/wp\/v2\/pages\/42005"}],"collection":[{"href":"https:\/\/www.iseg.ulisboa.pt\/en\/wp-json\/wp\/v2\/pages"}],"about":[{"href":"https:\/\/www.iseg.ulisboa.pt\/en\/wp-json\/wp\/v2\/types\/page"}],"author":[{"embeddable":true,"href":"https:\/\/www.iseg.ulisboa.pt\/en\/wp-json\/wp\/v2\/users\/6"}],"replies":[{"embeddable":true,"href":"https:\/\/www.iseg.ulisboa.pt\/en\/wp-json\/wp\/v2\/comments?post=42005"}],"version-history":[{"count":0,"href":"https:\/\/www.iseg.ulisboa.pt\/en\/wp-json\/wp\/v2\/pages\/42005\/revisions"}],"wp:attachment":[{"href":"https:\/\/www.iseg.ulisboa.pt\/en\/wp-json\/wp\/v2\/media?parent=42005"}],"curies":[{"name":"wp","href":"https:\/\/api.w.org\/{rel}","templated":true}]}}