{"id":42234,"date":"2023-10-24T15:06:45","date_gmt":"2023-10-24T15:06:45","guid":{"rendered":"https:\/\/www.iseg.ulisboa.pt\/?page_id=42234"},"modified":"2023-10-24T15:13:20","modified_gmt":"2023-10-24T15:13:20","slug":"dissertations-on-information-systems-management","status":"publish","type":"page","link":"https:\/\/www.iseg.ulisboa.pt\/en\/dissertations-on-information-systems-management\/","title":{"rendered":"Dissertations Information Systems Management"},"content":{"rendered":"<div class=\"wp-block-uagb-tabs uagb-block-473e732b uagb-tabs__wrap uagb-tabs__hstyle1-desktop uagb-tabs__vstyle6-tablet uagb-tabs__stack1-mobile\" data-tab-active=\"0\"><ul class=\"uagb-tabs__panel uagb-tabs__align-left\" role=\"tablist\"><li class=\"uagb-tab uagb-tabs__active\" role=\"none\"><a href=\"#uagb-tabs__tab0\" class=\"uagb-tabs-list uagb-tabs__icon-position-left\" data-tab=\"0\" role=\"tab\">2011<\/a><\/li><li class=\"uagb-tab\" role=\"none\"><a href=\"#uagb-tabs__tab1\" class=\"uagb-tabs-list uagb-tabs__icon-position-left\" data-tab=\"1\" role=\"tab\">2010<\/a><\/li><li class=\"uagb-tab\" role=\"none\"><a href=\"#uagb-tabs__tab2\" class=\"uagb-tabs-list uagb-tabs__icon-position-left\" data-tab=\"2\" role=\"tab\">2009<\/a><\/li><li class=\"uagb-tab\" role=\"none\"><a href=\"#uagb-tabs__tab3\" class=\"uagb-tabs-list uagb-tabs__icon-position-left\" data-tab=\"3\" role=\"tab\">2008<\/a><\/li><li class=\"uagb-tab\" role=\"none\"><a href=\"#uagb-tabs__tab4\" class=\"uagb-tabs-list uagb-tabs__icon-position-left\" data-tab=\"4\" role=\"tab\">2007<\/a><\/li><li class=\"uagb-tab\" role=\"none\"><a href=\"#uagb-tabs__tab5\" class=\"uagb-tabs-list uagb-tabs__icon-position-left\" data-tab=\"5\" role=\"tab\">2006<\/a><\/li><li class=\"uagb-tab\" role=\"none\"><a href=\"#uagb-tabs__tab6\" class=\"uagb-tabs-list uagb-tabs__icon-position-left\" data-tab=\"6\" role=\"tab\">2005 &#8211; 1997<\/a><\/li><\/ul><div class=\"uagb-tabs__body-wrap\">\n<div class=\"wp-block-uagb-tabs-child uagb-tabs__body-container uagb-inner-tab-0\" aria-labelledby=\"uagb-tabs__tab0\">\n<p><strong>Jo\u00e3o Manuel Monteiro de Carvalho Morais<br><\/strong>State Social Games: Determinants of Revenue, 2011\/01\/25<\/p>\n\n\n\n<p><strong>Gon\u00e7alo Arez de Mascarenhas Figueiredo Pombeiro&nbsp;<br><\/strong>Investment Analysis Method for Information Systems and Information and Communication Technologies (IS\/ICT) in the Public Sector, 2011\/01\/27<\/p>\n\n\n\n<p><strong>Lu\u00eds Filipe da Silva Rodrigues<\/strong>&nbsp;<br>WEB-MK - Analysis of Online Banking Products and Services, 2011\/03\/23<\/p>\n\n\n\n<p><strong>Lu\u00eds Filipe Xavier Pereira&nbsp;<br><\/strong>Information Systems Security Outsourcing Key Issues: A Service Providers Perspective, 2011\/04\/05<\/p>\n\n\n\n<p><strong>Rodrigo Filipe Pires Esteves<\/strong>&nbsp;<br>Implementation of a Performance Evaluation Model by Objectives in an Information Technology Company, 2011\/04\/07<\/p>\n<\/div>\n\n\n\n<div class=\"wp-block-uagb-tabs-child uagb-tabs__body-container uagb-inner-tab-1\" aria-labelledby=\"uagb-tabs__tab1\">\n<p><strong>Duarte de Matos Rosa Pinto da Rocha<br><\/strong>Conceptual Model of Information Systems Management, 2010\/02\/03<\/p>\n\n\n\n<p><strong>Rui Jorge Lucena Ribeiro<br><\/strong>The Impact of WEB 2.0 on Portuguese Companies, 2010\/01\/27<\/p>\n\n\n\n<p><strong>Sandra Maria Almeida Correia&nbsp;<br><\/strong>Critical Success Factors in IT Governance, 2010\/04\/21<\/p>\n\n\n\n<p><strong>Nuno Ricardo Gomes Teixeira&nbsp;<br><\/strong>QDBD - Quality of Database Data - What Techniques and Tools are Organizations Currently Using to Evaluate and Improve the Quality of Their Data?, 2010\/04\/30<\/p>\n\n\n\n<p><strong>Leopoldina da Concei\u00e7\u00e3o Leal&nbsp;<br><\/strong>What are organizations doing about BPM and SOA?, 2010\/05\/28<\/p>\n\n\n\n<p><strong>Jo\u00e3o Manuel Fi\u00faza Vicente<\/strong>&nbsp;&nbsp;<br>Contributions of BPM and SOA to the Flexibility of Business Processes and the Agility of Organizations, 2010\/07\/27<\/p>\n\n\n\n<p><strong>Nuno \u00c1lvaro Peres de Vasconcelos Rosa&nbsp;<br><\/strong>The Contribution of Enterprise Architecture to SOA Implementation, 2010\/09\/07<\/p>\n\n\n\n<p><strong>Joaquim Paulo da Silva Boto<\/strong>&nbsp;<br>Developments in Agent-Based Models - Application Platform, 2010\/11\/17<\/p>\n\n\n\n<p><strong>Alexandra Maria dos Santos Gil<\/strong>&nbsp;<br>Analysis of Product Characteristics in the Performance of B2C E-Commerce in the Retail Products Distribution Sector - A Case Study in Portugal, 2010\/12\/02<\/p>\n<\/div>\n\n\n\n<div class=\"wp-block-uagb-tabs-child uagb-tabs__body-container uagb-inner-tab-2\" aria-labelledby=\"uagb-tabs__tab2\">\n<p><strong>Lu\u00eds Filipe Vaz Estevens<br><\/strong>The Management of Benefits from Investments in Information Systems and Technologies - EDIA's ERP System, 2009\/12\/07<\/p>\n\n\n\n<p><strong>Jos\u00e9 J\u00falio da Costa Mendes<br><\/strong>Free and Open Source Software in Public Administration - Case Studies,2009\/10\/19<\/p>\n\n\n\n<p><strong>Alice Maria Vaz Paulos<br><\/strong>Knowledge Creation and Sharing in Electronic Communities of Practice: Enabling and Constraining Factors, 2009\/07\/20<\/p>\n\n\n\n<p><strong>Lu\u00eds Filipe Dias de Azevedo da Silva<br><\/strong>IS\/IT Rationalization: Case Study from Inventory to Rationalization, 2009\/06\/30<\/p>\n\n\n\n<p><strong>Jo\u00e3o Miguel Ferr\u00e3o Silva Coelho<br><\/strong>Total Cost of Ownership Applied to the Purchase Decision of Customer Relationship Management Software Systems: Components and Their Relative Importance, Considering an IS\/IT Adoption Framework, 2009\/06\/30<\/p>\n\n\n\n<p><strong>Leandro Nhaca<br><\/strong>Evaluation of Outsourcing - How Effective is it in Mozambique, 2009\/05\/13<\/p>\n\n\n\n<p><strong>Bruno Armindo Rodrigues de Sousa Macedo<br><\/strong>An Information Systems Architecture Model, 2009\/05\/12<\/p>\n\n\n\n<p><strong>Oct\u00e1vio Avelino Garcia Correia<\/strong><br>Proposal for an expert system for the analysis of consumer credit to individuals, 2009\/02\/19<\/p>\n\n\n\n<p><strong>Maria de F\u00e1tima Gomes Pina de Oliveira Ripado<\/strong><br>Balanced Scorecard - Difficulties in implementation, 2009\/02\/17<\/p>\n\n\n\n<p><strong>Andreia Filipa de Figueiredo Ribeiro<\/strong><br>Motivations for Implementing a Balanced Scorecard: The Case of Rodovi\u00e1ria do Tejo, 2009\/01\/14<\/p>\n\n\n\n<p><strong>Fernando Nuno Albuquerque Figueiredo Pereira<br><\/strong>Application Development Outsourcing. A Process Maturity Model in the Context of the Portuguese Financial System, 2009\/01\/14<\/p>\n<\/div>\n\n\n\n<div class=\"wp-block-uagb-tabs-child uagb-tabs__body-container uagb-inner-tab-3\" aria-labelledby=\"uagb-tabs__tab3\">\n<p><strong>Lu\u00eds Eduardo de Moura Trindade Elias<br><\/strong>Hospital Information Systems Integration Strategy. Case Study Pulido Valente Hospital, 2008\/02\/28<\/p>\n\n\n\n<p><strong>Isabel Alexandra de Jesus Carrasqueira<br><\/strong>Factors Influencing the Alignment of Business Strategy with Information Systems Strategy in the Banking Sector, 2008\/03\/13<strong><\/strong><\/p>\n\n\n\n<p><strong>Carlos Joaquim Anuncia\u00e7\u00e3o Roxo<br><\/strong>\"Innovation or Waste - How to Approach IS\/IT Renewal\", 2008\/04\/02<\/p>\n\n\n\n<p><strong>Jos\u00e9 Fernandes Dias<br><\/strong>Evaluation Model for E-Learning Software, 2008\/04\/03<\/p>\n\n\n\n<p><strong>S\u00f3nia Cristina da Assun\u00e7\u00e3o Ferreira Santos<br><\/strong>Improving the Efficiency of Public Services through Business Process Reengineering\/Information Systems Reengineering: \"Process of Creating Online Companies\", 2008\/06\/06<\/p>\n\n\n\n<p><strong>Paulo Fernando Gon\u00e7alves Correia<br><\/strong>Property Search on Real Estate Websites. An Empirical Study and a New Proposal, 2008\/07\/15<\/p>\n\n\n\n<p><strong>Patr\u00edcia Maria Oliveira Santos<br><\/strong>Business Models on the Internet: The Portuguese Reality, 2008\/10\/06<\/p>\n\n\n\n<p><strong>Martim Coelho Malheiro M\u00farias<br><\/strong>E-Learning in Portugal - A Case Study on Changes in Education, 2008\/10\/29<\/p>\n\n\n\n<p><strong>Ana Paula Dias Martins Andr\u00e9<\/strong><br>Outsourcing - IS: Risks and Benefits for Organizations, 2008\/11\/21<\/p>\n\n\n\n<p><strong>David Elisi\u00e1rio de Matos Cardoso Oliveira<\/strong><br>Compliance with S404 of the Sarbanes Oxley Act in the National Context, 2008\/11\/28<\/p>\n<\/div>\n\n\n\n<div class=\"wp-block-uagb-tabs-child uagb-tabs__body-container uagb-inner-tab-4\" aria-labelledby=\"uagb-tabs__tab4\">\n<p><strong>Nuno Miguel Santos Louren\u00e7o Tom\u00e1s<br><\/strong>Strategic Decision Support in Innovation: A Case Study in the Plastic Packaging Sector, 2007\/02\/09<\/p>\n\n\n\n<p><strong>M\u00e1rio Nuno de Oliveira Fernandes<\/strong><br>Benefits of Inter-Organizational Information Systems: The Case of Electronic Prescription, 2007\/02\/16<\/p>\n\n\n\n<p><strong>Elsa Maria Pereira Mendes<\/strong><br>The Organizational Benefits of Information Systems Integration, 2007\/02\/16<\/p>\n\n\n\n<p><strong>Fernando Jorge Eduardo Fialho Barnab\u00e9<\/strong><br>The Implementation of Enterprise Resource Planning in the Portuguese Public Sector and Organizational Change: Opportunities and Constraints, 2007\/02\/27<\/p>\n\n\n\n<p><strong>Nuno Alexandre Gasalho Coelho Teixeira<\/strong><br>\"Information Sharing with Distribution Channels: A Methodology for Assessing Needs and Impacts Applied to the Case of Mobile Telecommunications in Portugal\", 2007\/02\/28<\/p>\n\n\n\n<p><strong>Carla Vanessa Ferreira Barral<\/strong><br>The Determination of Requirements in the Success of an Information Systems Development Project - A Case Study in Portugal, 2007\/03\/06<\/p>\n\n\n\n<p><strong>Ana Margarida de Almeida Bastos Carvalho<\/strong><br>Support of Operational Processes in the Data Warehouse: The Gap Between Theory and Practice, 2007\/03\/06<\/p>\n\n\n\n<p><strong>Ant\u00f3nio Manuel Cl\u00edmaco das Chagas<\/strong><br>Analysis and Survey of the User Requirements Using Business Concepts, 2007\/04\/10<\/p>\n\n\n\n<p><strong>Winnie Ng Picoto<\/strong><br>\"Finding E-Commerce Strategies for Businesses\", 2007\/05\/23<\/p>\n\n\n\n<p><strong>Shahir Oliveira Remtula Bangy<\/strong><br>\"An E-Learning Evaluation Model Applied to a Telecommunications Company\", 2007\/06\/01<\/p>\n\n\n\n<p><strong>Ant\u00f3nio Lu\u00eds Beja Eug\u00e9nio<\/strong><br>\"The Information Systems and Technology Innovation Process: A Study Using an Agent-Based Approach\", 2007\/06\/05<\/p>\n\n\n\n<p><strong>Nuno Miguel Sim\u00f5es<\/strong><br>\"ERP Systems and Their Impact on Organizational Change\", 2007\/06\/05<\/p>\n\n\n\n<p><strong>Fernando Henrique Almeida Teles<\/strong><br>WIMAX: Changing Perspectives on Access Technologies, 2007\/06\/06<\/p>\n\n\n\n<p><strong>Jos\u00e9 Jacinto Antunes Ramos<\/strong><br>Evaluation of the Impact of Digital Terrestrial Television (DTT) on Individual Performance, 2007\/07\/03<\/p>\n<\/div>\n\n\n\n<div class=\"wp-block-uagb-tabs-child uagb-tabs__body-container uagb-inner-tab-5\" aria-labelledby=\"uagb-tabs__tab5\">\n<p><strong>Anabela Pires Ferreira Afonso<br><\/strong>\"The Influence of Users on the Success of IT Projects - Applying the Technology Acceptance Model to a Customer Relationship Management Project\", 2006\/01\/10<\/p>\n\n\n\n<p><strong>Ant\u00f3nio Jos\u00e9 Henriques de Albuquerque e Silva<br><\/strong>\"Benefits of ERP Systems - A Case Study\", 2006\/01\/10<\/p>\n\n\n\n<p><strong>Isabel Navalho de Oliveira<br><\/strong>IS\/IT, Productivity and Innovation in the Portuguese Economy, 2006\/03\/14<\/p>\n\n\n\n<p><strong>Fernando Emanuel Lopes de Almeida<br><\/strong>Success Factors in CRM Adoption - A Case Study in Portugal, 2006\/03\/27<\/p>\n\n\n\n<p><strong>Jo\u00e3o Miguel Santana Pires<br><\/strong>Adoption Factors and Models of Use and Participation of EDI Systems: A Case Study , 2006\/03\/28<\/p>\n\n\n\n<p><strong>Manuel In\u00e1cio Veladas Dias<br><\/strong>\"Self-Organization in Hypercompetitive Environments\", 2006\/05\/04<\/p>\n\n\n\n<p><strong>Lu\u00eds Manuel de Oliveira Metelo<br><\/strong>A Decision Support System for Investments Evaluation in Information Systems\/Information Technology in Public Administration Organizations, 2006\/05\/25<\/p>\n\n\n\n<p><strong>Carlos Miguel Pinto Pereira<br><\/strong>\"Multidimensional Performance: Integrated Performance Evaluation System by Dimensions.\", 2006\/06\/07<\/p>\n\n\n\n<p><strong>Domingos Manuel da Silva Pereira<br><\/strong>\"Comparison of the COBIT Security Baseline and ISO 17799:2000 for the Production of the List of Requirements for a Master Plan for Information Systems Security in an Organization.\", 2006\/06\/21<\/p>\n\n\n\n<p><strong>Ana Catarina Antas Borralho Vieira<br><\/strong>\"Quality of E-Learning in Higher Education Institutions in Portugal.\", 2006\/06\/23<\/p>\n\n\n\n<p><strong>Jos\u00e9 Ant\u00f3nio Ribeiro Ca\u00e7ador<br><\/strong>\"The Role of Information Technology in Knowledge Management for Public Security\", 2006\/06\/26<\/p>\n\n\n\n<p><strong>Andr\u00e9 Ricou Tavares Carreiro<br><\/strong>Requirements for the Quality of an Executive Information System, 2006\/07\/05<\/p>\n<\/div>\n\n\n\n<div class=\"wp-block-uagb-tabs-child uagb-tabs__body-container uagb-inner-tab-6\" aria-labelledby=\"uagb-tabs__tab6\">\n<h3 class=\"wp-block-heading has-large-font-size\" id=\"item10639\">2005<a href=\"https:\/\/www.iseg.ulisboa.pt\/en\/aquila\/instituicao\/iseg\/lateral\/investigation\/dissertations\/lista-de-mestres\/information-systems-management\/2005\/\"><\/a><\/h3>\n\n\n\n<p><strong>Myriam L\u00facia Costa<br><\/strong>Analysis of Professional Profiles in Competitive Intelligence: Methodology to Support Strategic Decisions, 2005\/03\/14<\/p>\n\n\n\n<p><strong>Anabela Migu\u00e9ns Castelo de Almeida Ferreira<br><\/strong>Intellectual Capital in Portuguese Information Technology Companies - A Contribution to its Measurement, 2005\/05\/04<\/p>\n\n\n\n<p><strong>S\u00e9rgio Miguel Vasconcelos Oliveira<br><\/strong>\"The Propensity of Portuguese University Students for Electronic Commerce\", 2005\/06\/03<strong><\/strong><\/p>\n\n\n\n<p><strong>Maria Tereza Passuelo de Freitas<br><\/strong>Using Competitive Intelligence as a Methodology to Support the Enhancement of Information Systems in Organizations, 2005\/07\/20<\/p>\n\n\n\n<p><strong>Ant\u00f3nio Correia Fernandes<br><\/strong>Data Quality to Support Decision-Making in Complex Environments - Data Warehousing and Business Intelligence, 2005\/07\/25<\/p>\n\n\n\n<p><strong>Jos\u00e9 Fernando Santos Alves<br><\/strong>Performance Evaluation of Expert Systems, 2005\/07\/29<\/p>\n\n\n\n<p><strong>Lu\u00eds Miguel dos Santos Oliveira<br><\/strong>Interoperability Architecture for Research Projects and Human Resources Information Systems: Computer Simulation, 2005\/09\/20<\/p>\n\n\n\n<p><strong>Nuno Miguel Correia Fernandes<br><\/strong>Quality in Information Systems Development: Information Systems Analysis, 2005\/09\/21<\/p>\n\n\n\n<p><strong>Rui Jorge Moreira Monteiro<br><\/strong>\"A Revenue Control Model for the Telecommunications Sector\", 2005\/09\/21<\/p>\n\n\n\n<p><strong>Jorge Pinto Cola\u00e7o<br><\/strong>\"Knowledge Management in a Financial Institution: Case Study\", 2005\/10\/25<\/p>\n\n\n\n<p><strong>Carlos Pedro Machado de Sousa G\u00f3is<br><\/strong>\"Continuing Professional Training in IT\/IS for Auditors\/Official Auditors\", 2005\/11\/03<\/p>\n\n\n\n<p><strong>Nuias Mendes Barbosa Silva<br><\/strong>\"Adoption of Information Systems and Technologies. The Case of Multi Channel Systems in Cape Verde\", 2005\/11\/04<\/p>\n\n\n\n<p><strong>Fernanda Maria Duarte Macedo<br><\/strong>\"Digital Strategy for Logistics Integration\", 2005\/11\/28<\/p>\n\n\n\n<h3 class=\"wp-block-heading has-large-font-size\" id=\"item10640\">1998<a href=\"https:\/\/www.iseg.ulisboa.pt\/en\/aquila\/instituicao\/iseg\/lateral\/investigation\/dissertations\/lista-de-mestres\/information-systems-management\/1998\/\"><\/a><\/h3>\n\n\n\n<p><strong>Jo\u00e3o Fernando Covas Sim\u00f5es<br><\/strong>Teleworking in Portugal: The Current Situation and Prospects for Development - Implications for the Management of Service Companies, 1998\/11\/04<\/p>\n\n\n\n<h3 class=\"wp-block-heading has-large-font-size\" id=\"item10641\">1997<a href=\"https:\/\/www.iseg.ulisboa.pt\/en\/aquila\/instituicao\/iseg\/lateral\/investigation\/dissertations\/lista-de-mestres\/information-systems-management\/1997\/\"><\/a><\/h3>\n\n\n\n<p><strong>Filipe Manuel Sim\u00f5es dos Santos<br><\/strong>The Organization and Management of Universities: Application to Portuguese Public Higher Education, 1997\/04\/11<\/p>\n<\/div>\n<\/div><\/div>","protected":false},"excerpt":{"rendered":"","protected":false},"author":6,"featured_media":0,"parent":0,"menu_order":0,"comment_status":"closed","ping_status":"closed","template":"","meta":{"inline_featured_image":false,"_uag_custom_page_level_css":"","footnotes":""},"acf":[],"yoast_head":"<!-- This site is optimized with the Yoast SEO plugin v22.6 - https:\/\/yoast.com\/wordpress\/plugins\/seo\/ -->\n<title>Disserta\u00e7\u00f5es Gest\u00e3o de Sistemas de Informa\u00e7\u00e3o - ISEG<\/title>\n<meta name=\"robots\" content=\"index, follow, max-snippet:-1, max-image-preview:large, max-video-preview:-1\" \/>\n<link rel=\"canonical\" href=\"https:\/\/www.iseg.ulisboa.pt\/en\/dissertations-on-information-systems-management\/\" \/>\n<meta name=\"twitter:label1\" content=\"Est. reading time\" \/>\n\t<meta name=\"twitter:data1\" content=\"8 minutes\" \/>\n<script type=\"application\/ld+json\" class=\"yoast-schema-graph\">{\"@context\":\"https:\/\/schema.org\",\"@graph\":[{\"@type\":\"WebPage\",\"@id\":\"https:\/\/www.iseg.ulisboa.pt\/en\/dissertations-on-information-systems-management\/\",\"url\":\"https:\/\/www.iseg.ulisboa.pt\/en\/dissertations-on-information-systems-management\/\",\"name\":\"Disserta\u00e7\u00f5es Gest\u00e3o de Sistemas de Informa\u00e7\u00e3o - ISEG\",\"isPartOf\":{\"@id\":\"https:\/\/www.iseg.ulisboa.pt\/en\/#website\"},\"datePublished\":\"2023-10-24T15:06:45+00:00\",\"dateModified\":\"2023-10-24T15:13:20+00:00\",\"breadcrumb\":{\"@id\":\"https:\/\/www.iseg.ulisboa.pt\/en\/dissertations-on-information-systems-management\/#breadcrumb\"},\"inLanguage\":\"en-US\",\"potentialAction\":[{\"@type\":\"ReadAction\",\"target\":[\"https:\/\/www.iseg.ulisboa.pt\/en\/dissertations-on-information-systems-management\/\"]}]},{\"@type\":\"BreadcrumbList\",\"@id\":\"https:\/\/www.iseg.ulisboa.pt\/en\/dissertations-on-information-systems-management\/#breadcrumb\",\"itemListElement\":[{\"@type\":\"ListItem\",\"position\":1,\"name\":\"Home\",\"item\":\"https:\/\/www.iseg.ulisboa.pt\/\"},{\"@type\":\"ListItem\",\"position\":2,\"name\":\"Disserta\u00e7\u00f5es Gest\u00e3o de Sistemas de Informa\u00e7\u00e3o\"}]},{\"@type\":\"WebSite\",\"@id\":\"https:\/\/www.iseg.ulisboa.pt\/en\/#website\",\"url\":\"https:\/\/www.iseg.ulisboa.pt\/en\/\",\"name\":\"ISEG\",\"description\":\"Lisbon School of Economics &amp; Management\",\"publisher\":{\"@id\":\"https:\/\/www.iseg.ulisboa.pt\/en\/#organization\"},\"potentialAction\":[{\"@type\":\"SearchAction\",\"target\":{\"@type\":\"EntryPoint\",\"urlTemplate\":\"https:\/\/www.iseg.ulisboa.pt\/en\/?s={search_term_string}\"},\"query-input\":\"required name=search_term_string\"}],\"inLanguage\":\"en-US\"},{\"@type\":\"Organization\",\"@id\":\"https:\/\/www.iseg.ulisboa.pt\/en\/#organization\",\"name\":\"ISEG\",\"url\":\"https:\/\/www.iseg.ulisboa.pt\/en\/\",\"logo\":{\"@type\":\"ImageObject\",\"inLanguage\":\"en-US\",\"@id\":\"https:\/\/www.iseg.ulisboa.pt\/en\/#\/schema\/logo\/image\/\",\"url\":\"https:\/\/www.iseg.ulisboa.pt\/wp-content\/uploads\/2021\/02\/iseg-logo-ul.svg\",\"contentUrl\":\"https:\/\/www.iseg.ulisboa.pt\/wp-content\/uploads\/2021\/02\/iseg-logo-ul.svg\",\"width\":250,\"height\":120,\"caption\":\"ISEG\"},\"image\":{\"@id\":\"https:\/\/www.iseg.ulisboa.pt\/en\/#\/schema\/logo\/image\/\"},\"sameAs\":[\"https:\/\/www.facebook.com\/iseg.pt\",\"https:\/\/x.com\/iseglisbon\",\"https:\/\/www.instagram.com\/iseglisbon\/\",\"https:\/\/www.linkedin.com\/school\/iseglisbon\/\",\"https:\/\/www.youtube.com\/user\/DMREISEG\"]}]}<\/script>\n<!-- \/ Yoast SEO plugin. -->","yoast_head_json":{"title":"Dissertations Information Systems Management - ISEG","robots":{"index":"index","follow":"follow","max-snippet":"max-snippet:-1","max-image-preview":"max-image-preview:large","max-video-preview":"max-video-preview:-1"},"canonical":"https:\/\/www.iseg.ulisboa.pt\/en\/dissertations-on-information-systems-management\/","twitter_misc":{"Est. reading time":"8 minutes"},"schema":{"@context":"https:\/\/schema.org","@graph":[{"@type":"WebPage","@id":"https:\/\/www.iseg.ulisboa.pt\/en\/dissertations-on-information-systems-management\/","url":"https:\/\/www.iseg.ulisboa.pt\/en\/dissertations-on-information-systems-management\/","name":"Dissertations Information Systems Management - ISEG","isPartOf":{"@id":"https:\/\/www.iseg.ulisboa.pt\/en\/#website"},"datePublished":"2023-10-24T15:06:45+00:00","dateModified":"2023-10-24T15:13:20+00:00","breadcrumb":{"@id":"https:\/\/www.iseg.ulisboa.pt\/en\/dissertations-on-information-systems-management\/#breadcrumb"},"inLanguage":"en-US","potentialAction":[{"@type":"ReadAction","target":["https:\/\/www.iseg.ulisboa.pt\/en\/dissertations-on-information-systems-management\/"]}]},{"@type":"BreadcrumbList","@id":"https:\/\/www.iseg.ulisboa.pt\/en\/dissertations-on-information-systems-management\/#breadcrumb","itemListElement":[{"@type":"ListItem","position":1,"name":"Home","item":"https:\/\/www.iseg.ulisboa.pt\/"},{"@type":"ListItem","position":2,"name":"Disserta\u00e7\u00f5es Gest\u00e3o de Sistemas de Informa\u00e7\u00e3o"}]},{"@type":"WebSite","@id":"https:\/\/www.iseg.ulisboa.pt\/en\/#website","url":"https:\/\/www.iseg.ulisboa.pt\/en\/","name":"ISEG","description":"Lisbon School of Economics &amp; Management","publisher":{"@id":"https:\/\/www.iseg.ulisboa.pt\/en\/#organization"},"potentialAction":[{"@type":"SearchAction","target":{"@type":"EntryPoint","urlTemplate":"https:\/\/www.iseg.ulisboa.pt\/en\/?s={search_term_string}"},"query-input":"required name=search_term_string"}],"inLanguage":"en-US"},{"@type":"Organization","@id":"https:\/\/www.iseg.ulisboa.pt\/en\/#organization","name":"ISEG","url":"https:\/\/www.iseg.ulisboa.pt\/en\/","logo":{"@type":"ImageObject","inLanguage":"en-US","@id":"https:\/\/www.iseg.ulisboa.pt\/en\/#\/schema\/logo\/image\/","url":"https:\/\/www.iseg.ulisboa.pt\/wp-content\/uploads\/2021\/02\/iseg-logo-ul.svg","contentUrl":"https:\/\/www.iseg.ulisboa.pt\/wp-content\/uploads\/2021\/02\/iseg-logo-ul.svg","width":250,"height":120,"caption":"ISEG"},"image":{"@id":"https:\/\/www.iseg.ulisboa.pt\/en\/#\/schema\/logo\/image\/"},"sameAs":["https:\/\/www.facebook.com\/iseg.pt","https:\/\/x.com\/iseglisbon","https:\/\/www.instagram.com\/iseglisbon\/","https:\/\/www.linkedin.com\/school\/iseglisbon\/","https:\/\/www.youtube.com\/user\/DMREISEG"]}]}},"uagb_featured_image_src":{"full":false,"thumbnail":false,"medium":false,"medium_large":false,"large":false,"1536x1536":false,"2048x2048":false,"trp-custom-language-flag":false},"uagb_author_info":{"display_name":"irafael","author_link":"https:\/\/www.iseg.ulisboa.pt\/en\/author\/irafael\/"},"uagb_comment_info":0,"uagb_excerpt":null,"_links":{"self":[{"href":"https:\/\/www.iseg.ulisboa.pt\/en\/wp-json\/wp\/v2\/pages\/42234"}],"collection":[{"href":"https:\/\/www.iseg.ulisboa.pt\/en\/wp-json\/wp\/v2\/pages"}],"about":[{"href":"https:\/\/www.iseg.ulisboa.pt\/en\/wp-json\/wp\/v2\/types\/page"}],"author":[{"embeddable":true,"href":"https:\/\/www.iseg.ulisboa.pt\/en\/wp-json\/wp\/v2\/users\/6"}],"replies":[{"embeddable":true,"href":"https:\/\/www.iseg.ulisboa.pt\/en\/wp-json\/wp\/v2\/comments?post=42234"}],"version-history":[{"count":0,"href":"https:\/\/www.iseg.ulisboa.pt\/en\/wp-json\/wp\/v2\/pages\/42234\/revisions"}],"wp:attachment":[{"href":"https:\/\/www.iseg.ulisboa.pt\/en\/wp-json\/wp\/v2\/media?parent=42234"}],"curies":[{"name":"wp","href":"https:\/\/api.w.org\/{rel}","templated":true}]}}