{"id":46762,"date":"2024-03-26T15:15:10","date_gmt":"2024-03-26T15:15:10","guid":{"rendered":"https:\/\/www.iseg.ulisboa.pt\/?page_id=46762"},"modified":"2025-12-18T10:13:38","modified_gmt":"2025-12-18T10:13:38","slug":"doctoral-dissertations-development-studies","status":"publish","type":"page","link":"https:\/\/www.iseg.ulisboa.pt\/en\/doctoral-dissertations-development-studies\/","title":{"rendered":"Doctoral dissertations Development Studies"},"content":{"rendered":"<div class=\"wp-block-uagb-tabs uagb-block-fbe3c7cd uagb-tabs__wrap uagb-tabs__hstyle1-desktop uagb-tabs__vstyle6-tablet uagb-tabs__stack1-mobile\" data-tab-active=\"0\"><ul class=\"uagb-tabs__panel uagb-tabs__align-left\" role=\"tablist\"><li class=\"uagb-tab uagb-tabs__active\" role=\"none\"><a href=\"#uagb-tabs__tab0\" class=\"uagb-tabs-list uagb-tabs__icon-position-left\" data-tab=\"0\" role=\"tab\"><div>2024 &#8211; 2020<\/div><\/a><\/li><li class=\"uagb-tab\" role=\"none\"><a href=\"#uagb-tabs__tab1\" class=\"uagb-tabs-list uagb-tabs__icon-position-left\" data-tab=\"1\" role=\"tab\"><div>2019 &#8211; 2015<\/div><\/a><\/li><\/ul><div class=\"uagb-tabs__body-wrap\">\n<div class=\"wp-block-uagb-tabs-child uagb-tabs__body-container uagb-inner-tab-0\" aria-labelledby=\"uagb-tabs__tab0\">\n<p class=\"has-large-font-size\"><strong>2024<\/strong><\/p>\n\n\n\n<p><strong>Paulo Jorge Santos Francisco<br><\/strong>\"Foreign Aid: Conceptual Shortcomings, Determinants Of Allocation And Effects On Recipients\"<br>10\/09\/2024<br>Supervisor: Dr. Sandrina Berthault Moreira<br>Co-advisor: Dr. An\u00edbal Jorge Da Costa Crist\u00f3v\u00e3o Caiado<\/p>\n\n\n\n<p><strong>Yasser Arafat Ismail Dada<br><\/strong>\"Socioeconomic Determinants of Poverty in Mozambique\"<br>11\/01\/2024<br>Supervisor: Dr. Jo\u00e3o Manuel Ferreira Dos Santos Mosca (Observat\u00f3rio Do Meio Rural (Omr Mo\u00e7ambique) and CEsA\/ISEG)<\/p>\n\n\n\n<p class=\"has-large-font-size\"><strong>2023<\/strong><\/p>\n\n\n\n<p><strong>Ana Lu\u00edsa Santos De Almeida Silva<br><\/strong>\"Weathering The Storm? Non-Governmental Organizations, Innovation And Change In International Development Cooperation\"<br>07\/12\/2023<br>Advisors: Dr. Lu\u00eds Mah and Dr. Kees Biekart (Iss Da Erasmus University Of Rotterdam)<\/p>\n\n\n\n<p><strong>Cleuber Vieira dos Santos da Silva<br><\/strong>\"Electric Energy Policy and the 2001 Crisis in Brazil: The Incidence of the Regulatory Driver on the Constitution of the Brazilian Electricity Matrix and the Hydrothermal System in Transformation\"<br>10\/11\/2023<br>Advisor: Dr. Joaquim Ramos Silva<\/p>\n\n\n\n<p><strong>Jane Machado da Silva<\/strong><br>\"The Institutional Arrangements and Trajectory of Basic Education Financing in Brazil (1988\/2010)\"<br>02\/06\/2023<br>Advisor: Dr. Lu\u00eds Paulo Mah da Silva<br>Co-advisor: Alexandre Filordi de Carvalho<\/p>\n\n\n\n<p><strong>Jos\u00e9 Lu\u00eds Mascarenhas Monteiro<\/strong><br>\"Sustainable Tourism and Development: Post-Colonial Cape Verde\"<br>26\/04\/2023<strong><br><\/strong>Supervisor: Dr. Eduardo Manuel M. de Moraes Sarmento Ferreira<\/p>\n\n\n\n<p class=\"has-large-font-size\"><strong>2022<\/strong><\/p>\n\n\n\n<p><strong>Alano da Fonseca Soares Sicato<\/strong><br>\"Trade Protectionism and the Growth of the Angolan Economy (2002-2017). An Approach in the Light of Economic Diversification and Structural Transformations\"<br>29\/06\/2022<br>Supervisor: Dr. Carlos Nuno das Neves D'assa Castel-Branco<\/p>\n\n\n\n<p><strong>Diogo Ant\u00f3nio da Silva Maia<br><\/strong>\"Financialization and Reprimarization in The African Context: The Case of Mozambique\"<br>06\/04\/2022<br>Supervisor: Dr. Carlos Nuno das Neves D'assa Castel-Branco<\/p>\n\n\n\n<p><strong>Subarna Basnet<br><\/strong>\"Institutions, Geography and Economic Prosperity: The Case of Landlocked Countries\"<br>23\/03\/2022<br>Advisor: Dr. Alexandre Jos\u00e9 Germano de Abreu<\/p>\n\n\n\n<p><strong>Asif Iqbal Dawar<br><\/strong>\"Questioning the Secutiry-Development Nexus in Post-Conflict North Waziristan: A Qualitative Fieldwork Research about Reconstruction Prractices and their Impact on Societal Power and Gender Relations (2015-2019)\"<br>08\/03\/2022<br>Supervisor: Dr. Marcos Faria Ferreira (Instituto Superior de Ci\u00eancias Sociais e Pol\u00edticas da Universidade de Lisboa)<\/p>\n\n\n\n<p><strong>Mojgan Chapariha<\/strong><br>\"Achieving Human and Ecological Well-Being Through Sustainable Development Goals (SDGs): a case study of Iran\"<br>23\/02\/2022<br>Advisor: Dr. Peter A. Victor (York University of Canada)<br>Co-advisor: Dr. Ol\u00edvia C. Bina (Institute of Social Sciences, University of Lisbon)<\/p>\n\n\n\n<p><strong>Pedro Miguel De Azeredo Duarte<\/strong><br>\"Portugal's sovereign debt crisis in the context of EMU governance\"<br>23\/02\/2022<br>Supervisor: Dr. Ant\u00f3nio Goucha Soares<\/p>\n\n\n\n<p><strong>Susana Alexandre Dias Brissos<\/strong><br>\"(In)Food Security in Portugal: Socioeconomic Determinants of Access to Adequate Food\"<br>09\/02\/2022<br>Supervisor: Dr. Jos\u00e9 Ant\u00f3nio Correia Pereirinha<\/p>\n\n\n\n<p class=\"has-large-font-size\"><strong>2021<\/strong><\/p>\n\n\n\n<p><strong>Rosa de Freitas Andrade<br><\/strong>\"Prolonged Unemployment and Fragile Freedom: an analysis of youth unemployment in Portugal using Amartya Sen's idea of Capability\"<br>15\/12\/2021<br>Supervisor: Dr. Jos\u00e9 Ant\u00f3nio Correia Pereirinha<\/p>\n\n\n\n<p><strong>Maria Manuela Gomes Afonso<\/strong><br>\"Evaluation in Development Cooperation: Portugal (1994-2012). An Incomplete Institutionalization Process<br>19\/11\/2021<br>Advisor: Dr. Jochen Oppenheimer <\/p>\n\n\n\n<p><strong>Fabian Enrique Garzon-Cuervo<\/strong><br>\"Economic Motivations to Join Insurgencies in Colombia\"<br>22\/06\/2021<br>Supervisor: Dr. Carlos Nuno das Neves D'assa Castel-Branco<\/p>\n\n\n\n<p><strong>Ana Luisa Paulino Coutinho<\/strong><br>\"Economic Growth and Social Inequality: Portugal in the 21st Century\"<br>24\/03\/2021<br>Supervisor: Dr. Carlos Farinha Rodrigues<\/p>\n\n\n\n<p><strong>Joana Manuel Matusse Joaquim&nbsp;<br><\/strong>\"Dynamics of the integration of small commodity producers in the face of the penetration of capital in rural areas: the case of the Xinavane sugar plantation in Mozambique\"<br>11\/01\/2021<br>Supervisor: Dr. Jo\u00e3o Manuel Ferreira dos Santos Mosca<br>Co-advisor: Ana Maria Amorim Sampaio da Silva<\/p>\n\n\n\n<p class=\"has-large-font-size\"><strong>2020<\/strong><\/p>\n\n\n\n<p><strong>Maria C\u00e9lia Ferreira da Silva<\/strong><br>\"Agri-food system: a case study for Benguela Province (Ukuakulima Project)\"<br>10\/12\/2020<br>Supervisor: Dr. Manuel Ant\u00f3nio de Medeiros Ennes Ferreira<br>Co-advisor: Bernardo Manuel T. S. Pacheco De Carvalho <em>(In Memorian)<\/em><\/p>\n\n\n\n<p><strong>Uzoma Vincent Patrick Agulonye<\/strong><br>\"Indigenous Manufacturing in Nigeria: The Anambra case\"<br>28\/10\/2020<br>Advisor: Dr. Daniel Bach (University of Bordeux)<br>Co-advisor: Dr. Joana Helena Maria Pacheco Pereira Leite <\/p>\n\n\n\n<p><strong>Lawrence Sciberras&nbsp;<\/strong><br>\"Implementing the United Nations' 2030 Agenda for Sustainable Development: Making the Case for the International Maritime Organization and its Stakeholders\"<br>26\/02\/2020<br>Advisor: Dr. Joaquim Alexandre dos Ramos Silva<\/p>\n\n\n\n<p><\/p>\n<\/div>\n\n\n\n<div class=\"wp-block-uagb-tabs-child uagb-tabs__body-container uagb-inner-tab-1\" aria-labelledby=\"uagb-tabs__tab1\">\n<p class=\"has-large-font-size\"><strong>2019<\/strong><\/p>\n\n\n\n<p><strong>Daniel Adayi<br><\/strong>\"River Basin Organization in Nigeria - The Case of the Lower Benue River Basin Development Authority\"<br>30\/10\/2019<br>Advisor: Dr. Daniel Bach (University of Bordeux)<br>Co-advisor: Dr. Joana Helena Maria Pacheco Pereira Leite <\/p>\n\n\n\n<p><strong>Carla Santos de Carvalho<br><\/strong>\"The owners of the land. The owners of the land. Or... Nobody's land. Agrarian issues and development in Santiago, Cape Verde\"<br>07\/03\/2019<br>Advisor: Dr. Marina Augusta Pereira Temudo<br>Co-advisor: Dr. Joana Helena Maria Pacheco Pereira Leite <\/p>\n\n\n\n<p><strong>Edmundo Francisco Macu\u00e1cua<\/strong><br>\"The World Bank and Higher Education in Developing Countries: The Case of Mozambique\"<br>24\/01\/2019<br>Supervisor: Dr. Carlos Nuno das Neves D'assa Castel-Branco<\/p>\n\n\n\n<p class=\"has-large-font-size\"><strong>2018<\/strong><\/p>\n\n\n\n<p><strong>Lu\u00eds Pedro de Oliveira Garcia and Pina Manso<br><\/strong>\"The Reform o f the Portuguese Pension system: a Micro-simulation Approach\"<br>28\/09\/2018<br>Supervisor: Dr. Am\u00edlcar Manuel Reis Moreira<\/p>\n\n\n\n<p><strong>Catarina Seco Matos&nbsp;&nbsp;<br><\/strong>\"Ageing and Entrepreneurship: Firm Creation and Performance among Older Individuals\"<br>13\/03\/2018<br>Supervisor: Dr. Miguel Areiras Dias Amaral <br>Co-advisor: Dr. Fernando Lopes Ribeiro Mendes <\/p>\n\n\n\n<p class=\"has-large-font-size\"><strong>2017<\/strong><\/p>\n\n\n\n<p><strong>Paulo Linha&nbsp;<br><\/strong>\"Agribusiness in Rural Development in Mozambique: Perception and Analysis of the Maize and Cassava Value Chains in Nampula Province\"<br>27\/11\/2017<br>Supervisor: Dr. Lu\u00eds Manuel Mira da Silva<br>Co-supervisor: Dr. Jo\u00e3o Mosca<\/p>\n\n\n\n<p class=\"has-large-font-size\"><strong>2016<\/strong><\/p>\n\n\n\n<p><strong>Marin Chintoan-Uta<br><\/strong>\"Maritime Domain Awareness - Pillar For Sustainable Development of Maritime Transportation\"<br>16\/05\/2016<\/p>\n\n\n\n<p><strong>Miguel Frederico Cavazzini Botha de Paiva<br><\/strong>\"Access to and Quality of Public Primary Education in Angola (2002-2012): A Case Study of the Provinces of Benguela, Huambo, Bi\u00e9 and Moxico\"<br>21\/04\/2016<\/p>\n\n\n\n<p><strong>Andes Adriano Chivangue<br><\/strong>\"Corporate Social Responsibility in the Extractive Industry, Popular Protests and Development in Mozambique\"<br>13\/01\/2016<\/p>\n\n\n\n<p class=\"has-large-font-size\"><strong>2015<\/strong><\/p>\n\n\n\n<p><strong>Gon\u00e7alves Patr\u00edcio<br><\/strong>\"International Migration and the Development Process in the Northern Region of Mozambique: A Case Study of Nampula Province\"<br> 07\/12\/2015<\/p>\n\n\n\n<p><strong>Ana Catarina Pagarim Ribeiro Kaizeler<\/strong><br>\"Effects of Globalization in Developing Countries in Terms of Income Distribution\"<br>21\/07\/2015<\/p>\n\n\n\n<p><strong>Maria Am\u00e9lia Monteiro de Sacadura Garcia Valle-Flor<\/strong><br>\"Sovereign Debt Crisis and the Use of the Community Method in the Making of EU Responses\"<br>06\/07\/2015<\/p>\n<\/div>\n<\/div><\/div>","protected":false},"excerpt":{"rendered":"","protected":false},"author":6,"featured_media":0,"parent":0,"menu_order":0,"comment_status":"closed","ping_status":"closed","template":"","meta":{"inline_featured_image":false,"_uag_custom_page_level_css":"","footnotes":""},"acf":[],"yoast_head":"<!-- This site is optimized with the Yoast SEO plugin v22.6 - https:\/\/yoast.com\/wordpress\/plugins\/seo\/ -->\n<title>Disserta\u00e7\u00f5es Doutoramento Estudos de Desenvolvimento - ISEG<\/title>\n<meta name=\"robots\" content=\"index, follow, max-snippet:-1, max-image-preview:large, max-video-preview:-1\" \/>\n<link rel=\"canonical\" href=\"https:\/\/www.iseg.ulisboa.pt\/en\/doctoral-dissertations-development-studies\/\" \/>\n<meta name=\"twitter:label1\" content=\"Est. reading time\" \/>\n\t<meta name=\"twitter:data1\" content=\"6 minutes\" \/>\n<script type=\"application\/ld+json\" class=\"yoast-schema-graph\">{\"@context\":\"https:\/\/schema.org\",\"@graph\":[{\"@type\":\"WebPage\",\"@id\":\"https:\/\/www.iseg.ulisboa.pt\/en\/doctoral-dissertations-development-studies\/\",\"url\":\"https:\/\/www.iseg.ulisboa.pt\/en\/doctoral-dissertations-development-studies\/\",\"name\":\"Disserta\u00e7\u00f5es Doutoramento Estudos de Desenvolvimento - ISEG\",\"isPartOf\":{\"@id\":\"https:\/\/www.iseg.ulisboa.pt\/en\/#website\"},\"datePublished\":\"2024-03-26T15:15:10+00:00\",\"dateModified\":\"2025-12-18T10:13:38+00:00\",\"breadcrumb\":{\"@id\":\"https:\/\/www.iseg.ulisboa.pt\/en\/doctoral-dissertations-development-studies\/#breadcrumb\"},\"inLanguage\":\"en-US\",\"potentialAction\":[{\"@type\":\"ReadAction\",\"target\":[\"https:\/\/www.iseg.ulisboa.pt\/en\/doctoral-dissertations-development-studies\/\"]}]},{\"@type\":\"BreadcrumbList\",\"@id\":\"https:\/\/www.iseg.ulisboa.pt\/en\/doctoral-dissertations-development-studies\/#breadcrumb\",\"itemListElement\":[{\"@type\":\"ListItem\",\"position\":1,\"name\":\"Home\",\"item\":\"https:\/\/www.iseg.ulisboa.pt\/\"},{\"@type\":\"ListItem\",\"position\":2,\"name\":\"Disserta\u00e7\u00f5es Doutoramento Estudos de Desenvolvimento\"}]},{\"@type\":\"WebSite\",\"@id\":\"https:\/\/www.iseg.ulisboa.pt\/en\/#website\",\"url\":\"https:\/\/www.iseg.ulisboa.pt\/en\/\",\"name\":\"ISEG\",\"description\":\"Lisbon School of Economics &amp; Management\",\"publisher\":{\"@id\":\"https:\/\/www.iseg.ulisboa.pt\/en\/#organization\"},\"potentialAction\":[{\"@type\":\"SearchAction\",\"target\":{\"@type\":\"EntryPoint\",\"urlTemplate\":\"https:\/\/www.iseg.ulisboa.pt\/en\/?s={search_term_string}\"},\"query-input\":\"required name=search_term_string\"}],\"inLanguage\":\"en-US\"},{\"@type\":\"Organization\",\"@id\":\"https:\/\/www.iseg.ulisboa.pt\/en\/#organization\",\"name\":\"ISEG\",\"url\":\"https:\/\/www.iseg.ulisboa.pt\/en\/\",\"logo\":{\"@type\":\"ImageObject\",\"inLanguage\":\"en-US\",\"@id\":\"https:\/\/www.iseg.ulisboa.pt\/en\/#\/schema\/logo\/image\/\",\"url\":\"https:\/\/www.iseg.ulisboa.pt\/wp-content\/uploads\/2021\/02\/iseg-logo-ul.svg\",\"contentUrl\":\"https:\/\/www.iseg.ulisboa.pt\/wp-content\/uploads\/2021\/02\/iseg-logo-ul.svg\",\"width\":250,\"height\":120,\"caption\":\"ISEG\"},\"image\":{\"@id\":\"https:\/\/www.iseg.ulisboa.pt\/en\/#\/schema\/logo\/image\/\"},\"sameAs\":[\"https:\/\/www.facebook.com\/iseg.pt\",\"https:\/\/x.com\/iseglisbon\",\"https:\/\/www.instagram.com\/iseglisbon\/\",\"https:\/\/www.linkedin.com\/school\/iseglisbon\/\",\"https:\/\/www.youtube.com\/user\/DMREISEG\"]}]}<\/script>\n<!-- \/ Yoast SEO plugin. -->","yoast_head_json":{"title":"PhD Dissertations Development Studies - ISEG","robots":{"index":"index","follow":"follow","max-snippet":"max-snippet:-1","max-image-preview":"max-image-preview:large","max-video-preview":"max-video-preview:-1"},"canonical":"https:\/\/www.iseg.ulisboa.pt\/en\/doctoral-dissertations-development-studies\/","twitter_misc":{"Est. reading time":"6 minutes"},"schema":{"@context":"https:\/\/schema.org","@graph":[{"@type":"WebPage","@id":"https:\/\/www.iseg.ulisboa.pt\/en\/doctoral-dissertations-development-studies\/","url":"https:\/\/www.iseg.ulisboa.pt\/en\/doctoral-dissertations-development-studies\/","name":"PhD Dissertations Development Studies - ISEG","isPartOf":{"@id":"https:\/\/www.iseg.ulisboa.pt\/en\/#website"},"datePublished":"2024-03-26T15:15:10+00:00","dateModified":"2025-12-18T10:13:38+00:00","breadcrumb":{"@id":"https:\/\/www.iseg.ulisboa.pt\/en\/doctoral-dissertations-development-studies\/#breadcrumb"},"inLanguage":"en-US","potentialAction":[{"@type":"ReadAction","target":["https:\/\/www.iseg.ulisboa.pt\/en\/doctoral-dissertations-development-studies\/"]}]},{"@type":"BreadcrumbList","@id":"https:\/\/www.iseg.ulisboa.pt\/en\/doctoral-dissertations-development-studies\/#breadcrumb","itemListElement":[{"@type":"ListItem","position":1,"name":"Home","item":"https:\/\/www.iseg.ulisboa.pt\/"},{"@type":"ListItem","position":2,"name":"Disserta\u00e7\u00f5es Doutoramento Estudos de Desenvolvimento"}]},{"@type":"WebSite","@id":"https:\/\/www.iseg.ulisboa.pt\/en\/#website","url":"https:\/\/www.iseg.ulisboa.pt\/en\/","name":"ISEG","description":"Lisbon School of Economics &amp; Management","publisher":{"@id":"https:\/\/www.iseg.ulisboa.pt\/en\/#organization"},"potentialAction":[{"@type":"SearchAction","target":{"@type":"EntryPoint","urlTemplate":"https:\/\/www.iseg.ulisboa.pt\/en\/?s={search_term_string}"},"query-input":"required name=search_term_string"}],"inLanguage":"en-US"},{"@type":"Organization","@id":"https:\/\/www.iseg.ulisboa.pt\/en\/#organization","name":"ISEG","url":"https:\/\/www.iseg.ulisboa.pt\/en\/","logo":{"@type":"ImageObject","inLanguage":"en-US","@id":"https:\/\/www.iseg.ulisboa.pt\/en\/#\/schema\/logo\/image\/","url":"https:\/\/www.iseg.ulisboa.pt\/wp-content\/uploads\/2021\/02\/iseg-logo-ul.svg","contentUrl":"https:\/\/www.iseg.ulisboa.pt\/wp-content\/uploads\/2021\/02\/iseg-logo-ul.svg","width":250,"height":120,"caption":"ISEG"},"image":{"@id":"https:\/\/www.iseg.ulisboa.pt\/en\/#\/schema\/logo\/image\/"},"sameAs":["https:\/\/www.facebook.com\/iseg.pt","https:\/\/x.com\/iseglisbon","https:\/\/www.instagram.com\/iseglisbon\/","https:\/\/www.linkedin.com\/school\/iseglisbon\/","https:\/\/www.youtube.com\/user\/DMREISEG"]}]}},"uagb_featured_image_src":{"full":false,"thumbnail":false,"medium":false,"medium_large":false,"large":false,"1536x1536":false,"2048x2048":false,"trp-custom-language-flag":false},"uagb_author_info":{"display_name":"irafael","author_link":"https:\/\/www.iseg.ulisboa.pt\/en\/author\/irafael\/"},"uagb_comment_info":0,"uagb_excerpt":null,"_links":{"self":[{"href":"https:\/\/www.iseg.ulisboa.pt\/en\/wp-json\/wp\/v2\/pages\/46762"}],"collection":[{"href":"https:\/\/www.iseg.ulisboa.pt\/en\/wp-json\/wp\/v2\/pages"}],"about":[{"href":"https:\/\/www.iseg.ulisboa.pt\/en\/wp-json\/wp\/v2\/types\/page"}],"author":[{"embeddable":true,"href":"https:\/\/www.iseg.ulisboa.pt\/en\/wp-json\/wp\/v2\/users\/6"}],"replies":[{"embeddable":true,"href":"https:\/\/www.iseg.ulisboa.pt\/en\/wp-json\/wp\/v2\/comments?post=46762"}],"version-history":[{"count":0,"href":"https:\/\/www.iseg.ulisboa.pt\/en\/wp-json\/wp\/v2\/pages\/46762\/revisions"}],"wp:attachment":[{"href":"https:\/\/www.iseg.ulisboa.pt\/en\/wp-json\/wp\/v2\/media?parent=46762"}],"curies":[{"name":"wp","href":"https:\/\/api.w.org\/{rel}","templated":true}]}}