{"id":48018,"date":"2024-04-29T10:03:19","date_gmt":"2024-04-29T10:03:19","guid":{"rendered":"https:\/\/www.iseg.ulisboa.pt\/?page_id=48018"},"modified":"2025-02-24T16:14:13","modified_gmt":"2025-02-24T16:14:13","slug":"educational-observatory","status":"publish","type":"page","link":"https:\/\/www.iseg.ulisboa.pt\/en\/about\/educational-observatory\/","title":{"rendered":"Observatory of Pedagogical Action and Innovation"},"content":{"rendered":"<p>The main mission of the ISEG Observatory for Pedagogical Action and Innovation (OAIP) is to participate in the design, follow-up and monitoring of pedagogical intervention methodologies implemented or to be implemented at ISEG, by carrying out studies, presenting concrete proposals for improving pedagogical quality and measures for innovation and pedagogical action.  To this end, it must recognize, distinguish, promote and disseminate good practices or educational experiences of excellence that respond to pedagogical challenges.<\/p>\n\n\n\n<h2 class=\"wp-block-heading has-iseg-red-color has-text-color has-link-color wp-elements-60b3d64bd5cb3ed75af69b6c269b96ee\">Events<\/h2>\n\n\n\n<p>The regular holding of a seminar dedicated to pedagogical issues, open to the ISEG community and with the collaboration of external experts, is a key element in disseminating OAIP's activities.<\/p>\n\n\n\n<p>Past seminars:<\/p>\n\n\n\n<ul>\n<li><a href=\"https:\/\/www.iseg.ulisboa.pt\/en\/event\/1st-annual-seminar-of-the-iseg-pedagogical-observatory\/\">2008 - 1st Pedagogical Observatory Seminar<\/a><\/li>\n\n\n\n<li><a href=\"https:\/\/www.iseg.ulisboa.pt\/en\/event\/observatorio-pedagogico-do-iseg-2o-seminario-annual\/\">2009 - 2nd Pedagogical Observatory Seminar<\/a><\/li>\n\n\n\n<li><a href=\"https:\/\/www.iseg.ulisboa.pt\/en\/event\/iii-seminar-annual-observatory-pedagogical-of-iseg\/\">2010 - 3rd Pedagogical Observatory Seminar - \"Bologna: Different Perspectives\"<\/a><\/li>\n\n\n\n<li><a href=\"https:\/\/www.iseg.ulisboa.pt\/en\/event\/iv-annual-observatory-pedagogical-seminar\/\">2012 - 4th Pedagogical Observatory Seminar - \"From learning to evaluation and progression in studies\"<\/a><\/li>\n\n\n\n<li><a href=\"https:\/\/www.iseg.ulisboa.pt\/en\/event\/5th-annual-seminar-of-isegs-pedagogical-observatory\/\">2013 - 5th Pedagogical Observatory Seminar - \"Academic Failure: Diagnosis, Evolution and Combat Methodologies\"<\/a><\/li>\n\n\n\n<li><a href=\"https:\/\/www.iseg.ulisboa.pt\/en\/event\/pedagogical-observatory-6th-annual-seminar\/\">2016 - 6th Pedagogical Observatory Seminar - \"Academic Failure: Diagnosis, Evolution and Combat Methodologies\"<\/a><\/li>\n\n\n\n<li><a href=\"https:\/\/www.iseg.ulisboa.pt\/en\/event\/observatorio-pedagogico-7o-seminario-annual\/\">2018- 7th Pedagogical Observatory Seminar - \"ISEG's Pedagogical Situation\"<\/a><\/li>\n\n\n\n<li><a href=\"https:\/\/www.iseg.ulisboa.pt\/en\/event\/8thannual-seminar-of-the-observatory-of-action-and-innovation-pedagogical-situation-of-iseg-velhas-questions-new-challenges\/\">2020 - 8th Seminar of the Observatory of Pedagogical Action and Innovation - \"Old Questions - New Challenges\"<\/a><\/li>\n\n\n\n<li><a href=\"https:\/\/www.iseg.ulisboa.pt\/en\/event\/workshop-flipped-learning\/\">May 2023 - Workshop on \"Flipped Learning\", Professor Miguel Mira da Silva (IST)<\/a><\/li>\n\n\n\n<li><a href=\"https:\/\/www.iseg.ulisboa.pt\/en\/event\/seminar-stimulating-curiosity-with-a-student-focused-approach\/\">February 2024 Seminar \"Stimulating curiosity with a student-centered approach\"<\/a>Professor <a href=\"https:\/\/www.iseg.ulisboa.pt\/en\/faculty-2\/joanna-krywalska-santiago\/\">Joanna Santiago<\/a>&nbsp;(ISEG, Advance).<\/li>\n\n\n\n<li><a href=\"https:\/\/www.iseg.ulisboa.pt\/en\/event\/workshop-a-card-game-in-the-classroom\/\">April 2024 - Workshop | A card game in the classroom?<\/a><\/li>\n\n\n\n<li><a href=\"https:\/\/www.iseg.ulisboa.pt\/en\/event\/oaip-seminars\/\">May 2024 - Inviting Artificial Intelligence into the Classroom and Learning from Feedback<\/a><\/li>\n\n\n\n<li><a href=\"https:\/\/www.iseg.ulisboa.pt\/en\/event\/oaip-seminar-on-ods\/\" target=\"_blank\" rel=\"noreferrer noopener\">September 2024 - OAIP Seminar on the SDGs - 12 Sep 2024<\/a><\/li>\n\n\n\n<li><a href=\"https:\/\/www.iseg.ulisboa.pt\/en\/event\/oaip-seminar-ai-as-co-supervisor-ai-research-productivity-tools\/\" target=\"_blank\" rel=\"noreferrer noopener\">November 2024 - OAIP as a co-supervisor: AI Tools for Research Productivity, Professor Tiago Gon\u00e7alves<\/a><\/li>\n\n\n\n<li><a href=\"https:\/\/www.iseg.ulisboa.pt\/en\/event\/oaip-peer-to-peer-lesson-observation-seminar-sharing-practices-and-professional-learning\/\" target=\"_blank\" rel=\"noreferrer noopener\">February 2025 - Peer Lesson Observation: Peer<\/a><a href=\"https:\/\/www.iseg.ulisboa.pt\/en\/event\/oaip-peer-to-peer-lesson-observation-seminar-sharing-practices-and-professional-learning\/\">Practice and Professional Learning Sheet<\/a>Prof. Joana Viana, Prof. Miguel Matos Neves, Prof. Am\u00e9lia Branco<\/li>\n\n\n\n<li><a href=\"https:\/\/www.iseg.ulisboa.pt\/en\/event\/oaip-seminar-the-importance-of-ods\/\" target=\"_blank\" rel=\"noreferrer noopener\">February 2025 - The importance of the SDGs<\/a>Prof. Gabriel Medeiros, Prof. Sofia Bento, Prof. Patr\u00edcia Melo, Prof. Manuel Coelho<\/li>\n<\/ul>\n\n\n\n<h2 class=\"wp-block-heading has-iseg-red-color has-text-color has-link-color wp-elements-8a082f0205be96bcb973e53c648c7e33\">Studies<\/h2>\n\n\n\n<p>Identify school success\/unsuccess factors that can inform the adoption of measures that promote improvements in the learning process. For more information on the studies carried out, please contact us at&nbsp;<a href=\"mailto:oaip@iseg.ulisboa.pt\">oaip@iseg.ulisboa.pt<\/a><\/p>\n\n\n\n<h2 class=\"wp-block-heading has-iseg-red-color has-text-color has-link-color wp-elements-3d03d683171969d78d073035c0ed5db5\">Team<\/h2>\n\n\n\n<section class=\"block-team\">\n    <div class=\"container\">\n                \n\t\t<div class=\"team-list js-lmc-container\" data-columns>\n\t\t\t\n                \t\t\t\t\n                <div class=\"faculty-list__item js-list-item\">\n                    <a href=\"https:\/\/www.iseg.ulisboa.pt\/en\/faculty-2\/ana-neto\/\" class=\"faculty-item__photo\">\n                    <img decoding=\"async\" src=\"https:\/\/www.iseg.ulisboa.pt\/wp-content\/uploads\/ananeto.jpg\" class=\"image-cover\" alt=\"\" srcset=\"https:\/\/www.iseg.ulisboa.pt\/wp-content\/uploads\/ananeto.jpg 1080w, https:\/\/www.iseg.ulisboa.pt\/wp-content\/uploads\/ananeto-300x300.jpg 300w, https:\/\/www.iseg.ulisboa.pt\/wp-content\/uploads\/ananeto-150x150.jpg 150w, https:\/\/www.iseg.ulisboa.pt\/wp-content\/uploads\/ananeto-12x12.jpg 12w\" sizes=\"(max-width: 1080px) 100vw, 1080px\" \/>                    <\/a>\n                    <a href=\"https:\/\/www.iseg.ulisboa.pt\/en\/faculty-2\/ana-neto\/\" class=\"faculty-item__name\">Ana Neto<\/a>\n                    <div class=\"faculty-item__job\">Coordinator<\/div>\n                                                        <\/div>\n\n\t\t\t\n                \t\t\t\t\n                <div class=\"faculty-list__item js-list-item\">\n                    <a href=\"https:\/\/www.iseg.ulisboa.pt\/en\/faculty-2\/carlos-farinha-rodrigues\/\" class=\"faculty-item__photo\">\n                    <img decoding=\"async\" src=\"https:\/\/www.iseg.ulisboa.pt\/wp-content\/uploads\/carlosfr.jpg\" class=\"image-cover\" alt=\"\" srcset=\"https:\/\/www.iseg.ulisboa.pt\/wp-content\/uploads\/carlosfr.jpg 1080w, https:\/\/www.iseg.ulisboa.pt\/wp-content\/uploads\/carlosfr-300x300.jpg 300w, https:\/\/www.iseg.ulisboa.pt\/wp-content\/uploads\/carlosfr-150x150.jpg 150w, https:\/\/www.iseg.ulisboa.pt\/wp-content\/uploads\/carlosfr-12x12.jpg 12w\" sizes=\"(max-width: 1080px) 100vw, 1080px\" \/>                    <\/a>\n                    <a href=\"https:\/\/www.iseg.ulisboa.pt\/en\/faculty-2\/carlos-farinha-rodrigues\/\" class=\"faculty-item__name\">Carlos Farinha Rodrigues<\/a>\n                    <div class=\"faculty-item__job\"><\/div>\n                                                        <\/div>\n\n\t\t\t\n                \t\t\t\t\n                <div class=\"faculty-list__item js-list-item\">\n                    <a href=\"https:\/\/www.iseg.ulisboa.pt\/en\/faculty-2\/francisco-nunes\/\" class=\"faculty-item__photo\">\n                    <img decoding=\"async\" src=\"https:\/\/www.iseg.ulisboa.pt\/wp-content\/uploads\/fnunes.jpg\" class=\"image-cover\" alt=\"\" srcset=\"https:\/\/www.iseg.ulisboa.pt\/wp-content\/uploads\/fnunes.jpg 1080w, https:\/\/www.iseg.ulisboa.pt\/wp-content\/uploads\/fnunes-300x300.jpg 300w, https:\/\/www.iseg.ulisboa.pt\/wp-content\/uploads\/fnunes-150x150.jpg 150w, https:\/\/www.iseg.ulisboa.pt\/wp-content\/uploads\/fnunes-12x12.jpg 12w\" sizes=\"(max-width: 1080px) 100vw, 1080px\" \/>                    <\/a>\n                    <a href=\"https:\/\/www.iseg.ulisboa.pt\/en\/faculty-2\/francisco-nunes\/\" class=\"faculty-item__name\">Francisco Nunes<\/a>\n                    <div class=\"faculty-item__job\"><\/div>\n                                                        <\/div>\n\n\t\t\t\n                \t\t\t\t\n                <div class=\"faculty-list__item js-list-item\">\n                    <a href=\"https:\/\/www.iseg.ulisboa.pt\/en\/faculty-2\/jose-goncalves-pinto\/\" class=\"faculty-item__photo\">\n                    <img decoding=\"async\" src=\"https:\/\/www.iseg.ulisboa.pt\/wp-content\/uploads\/goncalvespinto.jpg\" class=\"image-cover\" alt=\"\" srcset=\"https:\/\/www.iseg.ulisboa.pt\/wp-content\/uploads\/goncalvespinto.jpg 1080w, https:\/\/www.iseg.ulisboa.pt\/wp-content\/uploads\/goncalvespinto-300x300.jpg 300w, https:\/\/www.iseg.ulisboa.pt\/wp-content\/uploads\/goncalvespinto-150x150.jpg 150w, https:\/\/www.iseg.ulisboa.pt\/wp-content\/uploads\/goncalvespinto-12x12.jpg 12w\" sizes=\"(max-width: 1080px) 100vw, 1080px\" \/>                    <\/a>\n                    <a href=\"https:\/\/www.iseg.ulisboa.pt\/en\/faculty-2\/jose-goncalves-pinto\/\" class=\"faculty-item__name\">Jos\u00e9 Gon\u00e7alves Pinto<\/a>\n                    <div class=\"faculty-item__job\"><\/div>\n                                                        <\/div>\n\n\t\t\t\n                \t\t\t\t\n                <div class=\"faculty-list__item js-list-item\">\n                    <a href=\"https:\/\/www.iseg.ulisboa.pt\/en\/faculty-2\/jose-novais-santos\/\" class=\"faculty-item__photo\">\n                    <img decoding=\"async\" src=\"https:\/\/www.iseg.ulisboa.pt\/wp-content\/uploads\/jnsantos.jpg\" class=\"image-cover\" alt=\"\" srcset=\"https:\/\/www.iseg.ulisboa.pt\/wp-content\/uploads\/jnsantos.jpg 1080w, https:\/\/www.iseg.ulisboa.pt\/wp-content\/uploads\/jnsantos-300x300.jpg 300w, https:\/\/www.iseg.ulisboa.pt\/wp-content\/uploads\/jnsantos-150x150.jpg 150w, https:\/\/www.iseg.ulisboa.pt\/wp-content\/uploads\/jnsantos-12x12.jpg 12w\" sizes=\"(max-width: 1080px) 100vw, 1080px\" \/>                    <\/a>\n                    <a href=\"https:\/\/www.iseg.ulisboa.pt\/en\/faculty-2\/jose-novais-santos\/\" class=\"faculty-item__name\">Jos\u00e9 Novais Santos<\/a>\n                    <div class=\"faculty-item__job\"><\/div>\n                                                        <\/div>\n\n\t\t\t\n                \t\t\t\t\n                <div class=\"faculty-list__item js-list-item\">\n                    <a href=\"https:\/\/www.iseg.ulisboa.pt\/en\/faculty-2\/maria-mosquera\/\" class=\"faculty-item__photo\">\n                    <img decoding=\"async\" src=\"https:\/\/www.iseg.ulisboa.pt\/wp-content\/uploads\/pilarconde.jpg\" class=\"image-cover\" alt=\"\" srcset=\"https:\/\/www.iseg.ulisboa.pt\/wp-content\/uploads\/pilarconde.jpg 1080w, https:\/\/www.iseg.ulisboa.pt\/wp-content\/uploads\/pilarconde-300x300.jpg 300w, https:\/\/www.iseg.ulisboa.pt\/wp-content\/uploads\/pilarconde-150x150.jpg 150w, https:\/\/www.iseg.ulisboa.pt\/wp-content\/uploads\/pilarconde-12x12.jpg 12w\" sizes=\"(max-width: 1080px) 100vw, 1080px\" \/>                    <\/a>\n                    <a href=\"https:\/\/www.iseg.ulisboa.pt\/en\/faculty-2\/maria-mosquera\/\" class=\"faculty-item__name\">Pilar Mosquera<\/a>\n                    <div class=\"faculty-item__job\"><\/div>\n                                                        <\/div>\n\n\t\t\t\n                \t\t\t\t\n                <div class=\"faculty-list__item js-list-item\">\n                    <a href=\"https:\/\/www.iseg.ulisboa.pt\/en\/professional_staff\/sonia-domingues\/\" class=\"faculty-item__photo\">\n                    <img decoding=\"async\" src=\"https:\/\/www.iseg.ulisboa.pt\/wp-content\/uploads\/sonia.jpg\" class=\"image-cover\" alt=\"\" srcset=\"https:\/\/www.iseg.ulisboa.pt\/wp-content\/uploads\/sonia.jpg 1080w, https:\/\/www.iseg.ulisboa.pt\/wp-content\/uploads\/sonia-300x300.jpg 300w, https:\/\/www.iseg.ulisboa.pt\/wp-content\/uploads\/sonia-150x150.jpg 150w, https:\/\/www.iseg.ulisboa.pt\/wp-content\/uploads\/sonia-12x12.jpg 12w\" sizes=\"(max-width: 1080px) 100vw, 1080px\" \/>                    <\/a>\n                    <a href=\"https:\/\/www.iseg.ulisboa.pt\/en\/professional_staff\/sonia-domingues\/\" class=\"faculty-item__name\">S\u00f3nia Domingues<\/a>\n                    <div class=\"faculty-item__job\"><\/div>\n                                                        <\/div>\n\n\t\t\t\t\t<\/div>\n    <\/div>\n<\/section>","protected":false},"excerpt":{"rendered":"The main mission of the ISEG Observatory for Pedagogical Action and Innovation (OAIP) is to participate in the design, follow-up and monitoring of pedagogical intervention methodologies implemented or to be implemented at [...]","protected":false},"author":5,"featured_media":0,"parent":176,"menu_order":12,"comment_status":"closed","ping_status":"closed","template":"","meta":{"inline_featured_image":false,"_uag_custom_page_level_css":"","footnotes":""},"acf":[],"yoast_head":"<!-- This site is optimized with the Yoast SEO plugin v22.6 - https:\/\/yoast.com\/wordpress\/plugins\/seo\/ -->\n<title>Observat\u00f3rio de A\u00e7\u00e3o e Inova\u00e7\u00e3o Pedag\u00f3gica - ISEG<\/title>\n<meta name=\"robots\" content=\"index, follow, max-snippet:-1, max-image-preview:large, max-video-preview:-1\" \/>\n<link rel=\"canonical\" href=\"https:\/\/www.iseg.ulisboa.pt\/en\/about\/educational-observatory\/\" \/>\n<meta name=\"twitter:label1\" content=\"Est. reading time\" \/>\n\t<meta name=\"twitter:data1\" content=\"2 minutes\" \/>\n<script type=\"application\/ld+json\" class=\"yoast-schema-graph\">{\"@context\":\"https:\/\/schema.org\",\"@graph\":[{\"@type\":\"WebPage\",\"@id\":\"https:\/\/www.iseg.ulisboa.pt\/en\/about\/educational-observatory\/\",\"url\":\"https:\/\/www.iseg.ulisboa.pt\/en\/about\/educational-observatory\/\",\"name\":\"Observat\u00f3rio de A\u00e7\u00e3o e Inova\u00e7\u00e3o Pedag\u00f3gica - ISEG\",\"isPartOf\":{\"@id\":\"https:\/\/www.iseg.ulisboa.pt\/en\/#website\"},\"datePublished\":\"2024-04-29T10:03:19+00:00\",\"dateModified\":\"2025-02-24T16:14:13+00:00\",\"breadcrumb\":{\"@id\":\"https:\/\/www.iseg.ulisboa.pt\/en\/about\/educational-observatory\/#breadcrumb\"},\"inLanguage\":\"en-US\",\"potentialAction\":[{\"@type\":\"ReadAction\",\"target\":[\"https:\/\/www.iseg.ulisboa.pt\/en\/about\/educational-observatory\/\"]}]},{\"@type\":\"BreadcrumbList\",\"@id\":\"https:\/\/www.iseg.ulisboa.pt\/en\/about\/educational-observatory\/#breadcrumb\",\"itemListElement\":[{\"@type\":\"ListItem\",\"position\":1,\"name\":\"Home\",\"item\":\"https:\/\/www.iseg.ulisboa.pt\/\"},{\"@type\":\"ListItem\",\"position\":2,\"name\":\"Sobre\",\"item\":\"https:\/\/www.iseg.ulisboa.pt\/sobre\/\"},{\"@type\":\"ListItem\",\"position\":3,\"name\":\"Observat\u00f3rio de A\u00e7\u00e3o e Inova\u00e7\u00e3o Pedag\u00f3gica\"}]},{\"@type\":\"WebSite\",\"@id\":\"https:\/\/www.iseg.ulisboa.pt\/en\/#website\",\"url\":\"https:\/\/www.iseg.ulisboa.pt\/en\/\",\"name\":\"ISEG\",\"description\":\"Lisbon School of Economics &amp; Management\",\"publisher\":{\"@id\":\"https:\/\/www.iseg.ulisboa.pt\/en\/#organization\"},\"potentialAction\":[{\"@type\":\"SearchAction\",\"target\":{\"@type\":\"EntryPoint\",\"urlTemplate\":\"https:\/\/www.iseg.ulisboa.pt\/en\/?s={search_term_string}\"},\"query-input\":\"required name=search_term_string\"}],\"inLanguage\":\"en-US\"},{\"@type\":\"Organization\",\"@id\":\"https:\/\/www.iseg.ulisboa.pt\/en\/#organization\",\"name\":\"ISEG\",\"url\":\"https:\/\/www.iseg.ulisboa.pt\/en\/\",\"logo\":{\"@type\":\"ImageObject\",\"inLanguage\":\"en-US\",\"@id\":\"https:\/\/www.iseg.ulisboa.pt\/en\/#\/schema\/logo\/image\/\",\"url\":\"https:\/\/www.iseg.ulisboa.pt\/wp-content\/uploads\/2021\/02\/iseg-logo-ul.svg\",\"contentUrl\":\"https:\/\/www.iseg.ulisboa.pt\/wp-content\/uploads\/2021\/02\/iseg-logo-ul.svg\",\"width\":250,\"height\":120,\"caption\":\"ISEG\"},\"image\":{\"@id\":\"https:\/\/www.iseg.ulisboa.pt\/en\/#\/schema\/logo\/image\/\"},\"sameAs\":[\"https:\/\/www.facebook.com\/iseg.pt\",\"https:\/\/x.com\/iseglisbon\",\"https:\/\/www.instagram.com\/iseglisbon\/\",\"https:\/\/www.linkedin.com\/school\/iseglisbon\/\",\"https:\/\/www.youtube.com\/user\/DMREISEG\"]}]}<\/script>\n<!-- \/ Yoast SEO plugin. -->","yoast_head_json":{"title":"Observatory of Pedagogical Action and Innovation - ISEG","robots":{"index":"index","follow":"follow","max-snippet":"max-snippet:-1","max-image-preview":"max-image-preview:large","max-video-preview":"max-video-preview:-1"},"canonical":"https:\/\/www.iseg.ulisboa.pt\/en\/about\/educational-observatory\/","twitter_misc":{"Est. reading time":"2 minutes"},"schema":{"@context":"https:\/\/schema.org","@graph":[{"@type":"WebPage","@id":"https:\/\/www.iseg.ulisboa.pt\/en\/about\/educational-observatory\/","url":"https:\/\/www.iseg.ulisboa.pt\/en\/about\/educational-observatory\/","name":"Observatory of Pedagogical Action and Innovation - ISEG","isPartOf":{"@id":"https:\/\/www.iseg.ulisboa.pt\/en\/#website"},"datePublished":"2024-04-29T10:03:19+00:00","dateModified":"2025-02-24T16:14:13+00:00","breadcrumb":{"@id":"https:\/\/www.iseg.ulisboa.pt\/en\/about\/educational-observatory\/#breadcrumb"},"inLanguage":"en-US","potentialAction":[{"@type":"ReadAction","target":["https:\/\/www.iseg.ulisboa.pt\/en\/about\/educational-observatory\/"]}]},{"@type":"BreadcrumbList","@id":"https:\/\/www.iseg.ulisboa.pt\/en\/about\/educational-observatory\/#breadcrumb","itemListElement":[{"@type":"ListItem","position":1,"name":"Home","item":"https:\/\/www.iseg.ulisboa.pt\/"},{"@type":"ListItem","position":2,"name":"Sobre","item":"https:\/\/www.iseg.ulisboa.pt\/sobre\/"},{"@type":"ListItem","position":3,"name":"Observat\u00f3rio de A\u00e7\u00e3o e Inova\u00e7\u00e3o Pedag\u00f3gica"}]},{"@type":"WebSite","@id":"https:\/\/www.iseg.ulisboa.pt\/en\/#website","url":"https:\/\/www.iseg.ulisboa.pt\/en\/","name":"ISEG","description":"Lisbon School of Economics &amp; Management","publisher":{"@id":"https:\/\/www.iseg.ulisboa.pt\/en\/#organization"},"potentialAction":[{"@type":"SearchAction","target":{"@type":"EntryPoint","urlTemplate":"https:\/\/www.iseg.ulisboa.pt\/en\/?s={search_term_string}"},"query-input":"required name=search_term_string"}],"inLanguage":"en-US"},{"@type":"Organization","@id":"https:\/\/www.iseg.ulisboa.pt\/en\/#organization","name":"ISEG","url":"https:\/\/www.iseg.ulisboa.pt\/en\/","logo":{"@type":"ImageObject","inLanguage":"en-US","@id":"https:\/\/www.iseg.ulisboa.pt\/en\/#\/schema\/logo\/image\/","url":"https:\/\/www.iseg.ulisboa.pt\/wp-content\/uploads\/2021\/02\/iseg-logo-ul.svg","contentUrl":"https:\/\/www.iseg.ulisboa.pt\/wp-content\/uploads\/2021\/02\/iseg-logo-ul.svg","width":250,"height":120,"caption":"ISEG"},"image":{"@id":"https:\/\/www.iseg.ulisboa.pt\/en\/#\/schema\/logo\/image\/"},"sameAs":["https:\/\/www.facebook.com\/iseg.pt","https:\/\/x.com\/iseglisbon","https:\/\/www.instagram.com\/iseglisbon\/","https:\/\/www.linkedin.com\/school\/iseglisbon\/","https:\/\/www.youtube.com\/user\/DMREISEG"]}]}},"uagb_featured_image_src":{"full":false,"thumbnail":false,"medium":false,"medium_large":false,"large":false,"1536x1536":false,"2048x2048":false,"trp-custom-language-flag":false},"uagb_author_info":{"display_name":"diogoalmeida","author_link":"https:\/\/www.iseg.ulisboa.pt\/en\/author\/diogoalmeida\/"},"uagb_comment_info":0,"uagb_excerpt":"O Observat\u00f3rio de A\u00e7\u00e3o e Inova\u00e7\u00e3o Pedag\u00f3gica do ISEG (OAIP) tem como miss\u00e3o principal participar no desenho, acompanhamento e monitoriza\u00e7\u00e3o das metodologias de interven\u00e7\u00e3o pedag\u00f3gica implementadas, ou a implementar no&nbsp;[...]","_links":{"self":[{"href":"https:\/\/www.iseg.ulisboa.pt\/en\/wp-json\/wp\/v2\/pages\/48018"}],"collection":[{"href":"https:\/\/www.iseg.ulisboa.pt\/en\/wp-json\/wp\/v2\/pages"}],"about":[{"href":"https:\/\/www.iseg.ulisboa.pt\/en\/wp-json\/wp\/v2\/types\/page"}],"author":[{"embeddable":true,"href":"https:\/\/www.iseg.ulisboa.pt\/en\/wp-json\/wp\/v2\/users\/5"}],"replies":[{"embeddable":true,"href":"https:\/\/www.iseg.ulisboa.pt\/en\/wp-json\/wp\/v2\/comments?post=48018"}],"version-history":[{"count":0,"href":"https:\/\/www.iseg.ulisboa.pt\/en\/wp-json\/wp\/v2\/pages\/48018\/revisions"}],"up":[{"embeddable":true,"href":"https:\/\/www.iseg.ulisboa.pt\/en\/wp-json\/wp\/v2\/pages\/176"}],"wp:attachment":[{"href":"https:\/\/www.iseg.ulisboa.pt\/en\/wp-json\/wp\/v2\/media?parent=48018"}],"curies":[{"name":"wp","href":"https:\/\/api.w.org\/{rel}","templated":true}]}}