{"id":50778,"date":"2024-09-09T11:35:58","date_gmt":"2024-09-09T11:35:58","guid":{"rendered":"https:\/\/www.iseg.ulisboa.pt\/?page_id=50778"},"modified":"2024-12-13T13:31:51","modified_gmt":"2024-12-13T13:31:51","slug":"test-research-centers","status":"publish","type":"page","link":"https:\/\/www.iseg.ulisboa.pt\/en\/test-research-centers\/","title":{"rendered":"Research Centers (test)"},"content":{"rendered":"<style>\n\t.copy-html-button {\n\t\tdisplay: inline-flex;\n\t\talign-items: center;\n\t\tgap: 1rem;\n\t\tpadding: 0.25rem;\n\t\tbackground-color: #f1f1f1;\n\t\tcolor: #000;\n\t\tcursor: pointer;\n\t\tfont-size: 1.25rem;\n\t\ttransition: 0.3s;\n\t}\n\n\t.copy-html-button:hover {\n\t\tbackground-color: #e1e1e1;\n\t}\n<\/style>\n\n<div style=\"display: flex; justify-content: space-between;\">\n\t<p>\n\t\tCopy the content below.\n\t<\/p>\n\n\t<button class=\"copy-html-button\" onclick=\"copyHTMLToClipboard('block_152c6020552fe60d73c951a1f10ead69')\">\n\t\tCopy\n\t\t<svg width=\"24\" height=\"24\" viewbox=\"0 0 24 24\" fill=\"none\" stroke=\"currentColor\" stroke-width=\"2\" stroke-linecap=\"round\" stroke-linejoin=\"round\">\n\t\t\t<path stroke=\"none\" d=\"M0 0h24v24H0z\" fill=\"none\" \/>\n\t\t\t<path d=\"M7 7m0 2.667a2.667 2.667 0 0 1 2.667 -2.667h8.666a2.667 2.667 0 0 1 2.667 2.667v8.666a2.667 2.667 0 0 1 -2.667 2.667h-8.666a2.667 2.667 0 0 1 -2.667 -2.667z\" \/>\n\t\t\t<path d=\"M4.012 16.737a2.005 2.005 0 0 1 -1.012 -1.737v-10c0 -1.1 .9 -2 2 -2h10c.75 0 1.158 .385 1.5 1\" \/>\n\t\t<\/svg>\n\t<\/button>\n<\/div>\n\n<div id=\"block_152c6020552fe60d73c951a1f10ead69\" class=\"html-content\">\n\t<p><img decoding=\"async\" src=\"https:\/\/www.iseg.ulisboa.pt\/wp-content\/uploads\/Postal-Natal-2024-1.png\" alt=\"\" width=\"auto\" height=\"\" \/><\/p><\/div>\n<script>\n\tfunction copyHTMLToClipboard(blockId) {\n\t\tconst block = document.getElementById(blockId);\n\t\tconst range = document.createRange();\n\t\trange.selectNodeContents(block);\n\t\tconst selection = window.getSelection();\n\t\tselection.removeAllRanges();\n\t\tselection.addRange(range);\n\n\t\ttry {\n\t\t\tdocument.execCommand('copy');\n\t\t\talert('HTML Copiado para o clipboard');\n\t\t} catch (err) {\n\t\t\talert('Error!');\n\t\t\tconsole.error('Failed to copy text: ', err);\n\t\t}\n\n\t\tselection.removeAllRanges();\n\t}\n<\/script>\n\n\n<p class=\"has-large-font-size\">ISEG hosts two research consortia evaluated by&nbsp;<a href=\"https:\/\/www.fct.pt\/apoios\/unidades\/index.phtml.pt\">Foundation for Science and Technology<\/a>&nbsp;(FCT) with the classification of Very Good.<\/p>\n\n\n\n<hr class=\"wp-block-separator has-css-opacity\"\/>\n\n\n\n<h4 class=\"wp-block-heading\"><strong>REM \u2013<\/strong>&nbsp;<strong><a href=\"https:\/\/rem.rc.iseg.ulisboa.pt\/\">Research in Economics and Mathematics<\/a><\/strong><\/h4>\n\n\n\n<p>REM is a consortium created in 2017 which comprises two research centres in the fields of Economics and Mathematics:<\/p>\n\n\n\n<ul>\n<li><a rel=\"noreferrer noopener\" href=\"https:\/\/uece.rc.iseg.ulisboa.pt\/\" target=\"_blank\">UECE - Research Unit on Complexity and Economics&nbsp;<\/a>&nbsp;<\/li>\n\n\n\n<li><a rel=\"noreferrer noopener\" href=\"http:\/\/cemapre.iseg.ulisboa.pt\/\" target=\"_blank\">CEMAPRE \u2013 Centre for Applied Mathematics for Forecasting and Economic Decision-making<\/a>&nbsp;<\/li>\n<\/ul>\n\n\n\n<hr class=\"wp-block-separator has-css-opacity\"\/>\n\n\n\n<h4 class=\"wp-block-heading\"><br><strong>CSG \u2013<\/strong>&nbsp;<a href=\"https:\/\/csg.rc.iseg.ulisboa.pt\/pt\/\"><strong>Centre for Research in Social Sciences and Management<\/strong><\/a>&nbsp;<\/h4>\n\n\n\n<p>CSG is a consortium created in 2013 which comprises four research units in the fields of Economic Sociology, Economic History, Development Studies, and Management:<\/p>\n\n\n\n<ul>\n<li><a href=\"https:\/\/www.iseg.ulisboa.pt\/en\/advance\/\" target=\"_blank\" rel=\"noreferrer noopener\">ADVANCE \u2013 Centre for Advanced Research in Management&nbsp;<\/a><\/li>\n\n\n\n<li><a rel=\"noreferrer noopener\" href=\"https:\/\/cesa.rc.iseg.ulisboa.pt\/\" target=\"_blank\">CEsA \u2013 Centre for African and Development Studies<\/a>&nbsp; &nbsp; &nbsp; &nbsp;<\/li>\n\n\n\n<li><a href=\"https:\/\/www.iseg.ulisboa.pt\/en\/ghes\/\" target=\"_blank\" rel=\"noreferrer noopener\">GHES \u2013 Research Centre in Economic and Social History&nbsp;<\/a><\/li>\n\n\n\n<li><a rel=\"noreferrer noopener\" href=\"https:\/\/socius.rc.iseg.ulisboa.pt\/\" target=\"_blank\">SOCIUS \u2013 Research Centre in Economic and Organizational Sociology<\/a>&nbsp; &nbsp;<\/li>\n<\/ul>\n\n\n\n<hr class=\"wp-block-separator has-css-opacity\"\/>\n\n\n\n<p>Both consortia support the experimental facility&nbsp;<a rel=\"noreferrer noopener\" href=\"http:\/\/xlabonline.com\/\" target=\"_blank\">XLAB \u2013 Behavioral Research Lab<\/a>.<\/p>\n\n\n\n<hr class=\"wp-block-separator has-css-opacity\"\/>\n\n\n\n<h4 class=\"wp-block-heading\"><strong>Service Provision Centres<\/strong><\/h4>\n\n\n\n<ul>\n<li><a href=\"https:\/\/www.iseg.ulisboa.pt\/en\/cege\/\" target=\"_blank\" rel=\"noreferrer noopener\">CEGE \u2013 Centre for Management Studies<\/a><\/li>\n\n\n\n<li><a rel=\"noreferrer noopener\" href=\"https:\/\/cisep.rc.iseg.ulisboa.pt\/\" target=\"_blank\">CISEP \u2013 Centre for Research on the Portuguese Economy<\/a><\/li>\n\n\n\n<li><a href=\"https:\/\/cirius.rc.iseg.ulisboa.pt\/ciriusp.html\">CIRIUS \u2013 Research Center on Regional and Urban Economics<\/a><\/li>\n<\/ul>","protected":false},"excerpt":{"rendered":"ISEG is home to two research consortia rated Very Good by the Foundation for Science and Technology (FCT). REM - Research in Economics and Mathematics REM is [...]","protected":false},"author":5,"featured_media":0,"parent":0,"menu_order":0,"comment_status":"closed","ping_status":"closed","template":"","meta":{"inline_featured_image":false,"_uag_custom_page_level_css":"","footnotes":""},"acf":[],"yoast_head":"<!-- This site is optimized with the Yoast SEO plugin v22.6 - https:\/\/yoast.com\/wordpress\/plugins\/seo\/ -->\n<title>Centros de Investiga\u00e7\u00e3o (teste) - ISEG<\/title>\n<meta name=\"robots\" content=\"index, follow, max-snippet:-1, max-image-preview:large, max-video-preview:-1\" \/>\n<link rel=\"canonical\" href=\"https:\/\/www.iseg.ulisboa.pt\/en\/test-research-centers\/\" \/>\n<meta name=\"twitter:label1\" content=\"Est. reading time\" \/>\n\t<meta name=\"twitter:data1\" content=\"1 minute\" \/>\n<script type=\"application\/ld+json\" class=\"yoast-schema-graph\">{\"@context\":\"https:\/\/schema.org\",\"@graph\":[{\"@type\":\"WebPage\",\"@id\":\"https:\/\/www.iseg.ulisboa.pt\/en\/test-research-centers\/\",\"url\":\"https:\/\/www.iseg.ulisboa.pt\/en\/test-research-centers\/\",\"name\":\"Centros de Investiga\u00e7\u00e3o (teste) - ISEG\",\"isPartOf\":{\"@id\":\"https:\/\/www.iseg.ulisboa.pt\/en\/#website\"},\"datePublished\":\"2024-09-09T11:35:58+00:00\",\"dateModified\":\"2024-12-13T13:31:51+00:00\",\"breadcrumb\":{\"@id\":\"https:\/\/www.iseg.ulisboa.pt\/en\/test-research-centers\/#breadcrumb\"},\"inLanguage\":\"en-US\",\"potentialAction\":[{\"@type\":\"ReadAction\",\"target\":[\"https:\/\/www.iseg.ulisboa.pt\/en\/test-research-centers\/\"]}]},{\"@type\":\"BreadcrumbList\",\"@id\":\"https:\/\/www.iseg.ulisboa.pt\/en\/test-research-centers\/#breadcrumb\",\"itemListElement\":[{\"@type\":\"ListItem\",\"position\":1,\"name\":\"Home\",\"item\":\"https:\/\/www.iseg.ulisboa.pt\/\"},{\"@type\":\"ListItem\",\"position\":2,\"name\":\"Centros de Investiga\u00e7\u00e3o (teste)\"}]},{\"@type\":\"WebSite\",\"@id\":\"https:\/\/www.iseg.ulisboa.pt\/en\/#website\",\"url\":\"https:\/\/www.iseg.ulisboa.pt\/en\/\",\"name\":\"ISEG\",\"description\":\"Lisbon School of Economics &amp; Management\",\"publisher\":{\"@id\":\"https:\/\/www.iseg.ulisboa.pt\/en\/#organization\"},\"potentialAction\":[{\"@type\":\"SearchAction\",\"target\":{\"@type\":\"EntryPoint\",\"urlTemplate\":\"https:\/\/www.iseg.ulisboa.pt\/en\/?s={search_term_string}\"},\"query-input\":\"required name=search_term_string\"}],\"inLanguage\":\"en-US\"},{\"@type\":\"Organization\",\"@id\":\"https:\/\/www.iseg.ulisboa.pt\/en\/#organization\",\"name\":\"ISEG\",\"url\":\"https:\/\/www.iseg.ulisboa.pt\/en\/\",\"logo\":{\"@type\":\"ImageObject\",\"inLanguage\":\"en-US\",\"@id\":\"https:\/\/www.iseg.ulisboa.pt\/en\/#\/schema\/logo\/image\/\",\"url\":\"https:\/\/www.iseg.ulisboa.pt\/wp-content\/uploads\/2021\/02\/iseg-logo-ul.svg\",\"contentUrl\":\"https:\/\/www.iseg.ulisboa.pt\/wp-content\/uploads\/2021\/02\/iseg-logo-ul.svg\",\"width\":250,\"height\":120,\"caption\":\"ISEG\"},\"image\":{\"@id\":\"https:\/\/www.iseg.ulisboa.pt\/en\/#\/schema\/logo\/image\/\"},\"sameAs\":[\"https:\/\/www.facebook.com\/iseg.pt\",\"https:\/\/x.com\/iseglisbon\",\"https:\/\/www.instagram.com\/iseglisbon\/\",\"https:\/\/www.linkedin.com\/school\/iseglisbon\/\",\"https:\/\/www.youtube.com\/user\/DMREISEG\"]}]}<\/script>\n<!-- \/ Yoast SEO plugin. -->","yoast_head_json":{"title":"Research Centers (test) - ISEG","robots":{"index":"index","follow":"follow","max-snippet":"max-snippet:-1","max-image-preview":"max-image-preview:large","max-video-preview":"max-video-preview:-1"},"canonical":"https:\/\/www.iseg.ulisboa.pt\/en\/test-research-centers\/","twitter_misc":{"Est. reading time":"1 minute"},"schema":{"@context":"https:\/\/schema.org","@graph":[{"@type":"WebPage","@id":"https:\/\/www.iseg.ulisboa.pt\/en\/test-research-centers\/","url":"https:\/\/www.iseg.ulisboa.pt\/en\/test-research-centers\/","name":"Research Centers (test) - ISEG","isPartOf":{"@id":"https:\/\/www.iseg.ulisboa.pt\/en\/#website"},"datePublished":"2024-09-09T11:35:58+00:00","dateModified":"2024-12-13T13:31:51+00:00","breadcrumb":{"@id":"https:\/\/www.iseg.ulisboa.pt\/en\/test-research-centers\/#breadcrumb"},"inLanguage":"en-US","potentialAction":[{"@type":"ReadAction","target":["https:\/\/www.iseg.ulisboa.pt\/en\/test-research-centers\/"]}]},{"@type":"BreadcrumbList","@id":"https:\/\/www.iseg.ulisboa.pt\/en\/test-research-centers\/#breadcrumb","itemListElement":[{"@type":"ListItem","position":1,"name":"Home","item":"https:\/\/www.iseg.ulisboa.pt\/"},{"@type":"ListItem","position":2,"name":"Centros de Investiga\u00e7\u00e3o (teste)"}]},{"@type":"WebSite","@id":"https:\/\/www.iseg.ulisboa.pt\/en\/#website","url":"https:\/\/www.iseg.ulisboa.pt\/en\/","name":"ISEG","description":"Lisbon School of Economics &amp; Management","publisher":{"@id":"https:\/\/www.iseg.ulisboa.pt\/en\/#organization"},"potentialAction":[{"@type":"SearchAction","target":{"@type":"EntryPoint","urlTemplate":"https:\/\/www.iseg.ulisboa.pt\/en\/?s={search_term_string}"},"query-input":"required name=search_term_string"}],"inLanguage":"en-US"},{"@type":"Organization","@id":"https:\/\/www.iseg.ulisboa.pt\/en\/#organization","name":"ISEG","url":"https:\/\/www.iseg.ulisboa.pt\/en\/","logo":{"@type":"ImageObject","inLanguage":"en-US","@id":"https:\/\/www.iseg.ulisboa.pt\/en\/#\/schema\/logo\/image\/","url":"https:\/\/www.iseg.ulisboa.pt\/wp-content\/uploads\/2021\/02\/iseg-logo-ul.svg","contentUrl":"https:\/\/www.iseg.ulisboa.pt\/wp-content\/uploads\/2021\/02\/iseg-logo-ul.svg","width":250,"height":120,"caption":"ISEG"},"image":{"@id":"https:\/\/www.iseg.ulisboa.pt\/en\/#\/schema\/logo\/image\/"},"sameAs":["https:\/\/www.facebook.com\/iseg.pt","https:\/\/x.com\/iseglisbon","https:\/\/www.instagram.com\/iseglisbon\/","https:\/\/www.linkedin.com\/school\/iseglisbon\/","https:\/\/www.youtube.com\/user\/DMREISEG"]}]}},"uagb_featured_image_src":{"full":false,"thumbnail":false,"medium":false,"medium_large":false,"large":false,"1536x1536":false,"2048x2048":false,"trp-custom-language-flag":false},"uagb_author_info":{"display_name":"diogoalmeida","author_link":"https:\/\/www.iseg.ulisboa.pt\/en\/author\/diogoalmeida\/"},"uagb_comment_info":0,"uagb_excerpt":"O ISEG acolhe dois cons\u00f3rcios de investiga\u00e7\u00e3o avaliados pela&nbsp;Funda\u00e7\u00e3o para a Ci\u00eancia e a Tecnologia&nbsp;(FCT) com a classifica\u00e7\u00e3o de Muito Bom. REM &#8211;&nbsp;Research in Economics and Mathematics O REM \u00e9&nbsp;[...]","_links":{"self":[{"href":"https:\/\/www.iseg.ulisboa.pt\/en\/wp-json\/wp\/v2\/pages\/50778"}],"collection":[{"href":"https:\/\/www.iseg.ulisboa.pt\/en\/wp-json\/wp\/v2\/pages"}],"about":[{"href":"https:\/\/www.iseg.ulisboa.pt\/en\/wp-json\/wp\/v2\/types\/page"}],"author":[{"embeddable":true,"href":"https:\/\/www.iseg.ulisboa.pt\/en\/wp-json\/wp\/v2\/users\/5"}],"replies":[{"embeddable":true,"href":"https:\/\/www.iseg.ulisboa.pt\/en\/wp-json\/wp\/v2\/comments?post=50778"}],"version-history":[{"count":0,"href":"https:\/\/www.iseg.ulisboa.pt\/en\/wp-json\/wp\/v2\/pages\/50778\/revisions"}],"wp:attachment":[{"href":"https:\/\/www.iseg.ulisboa.pt\/en\/wp-json\/wp\/v2\/media?parent=50778"}],"curies":[{"name":"wp","href":"https:\/\/api.w.org\/{rel}","templated":true}]}}