{"id":51747,"date":"2024-10-10T17:42:35","date_gmt":"2024-10-10T17:42:35","guid":{"rendered":"https:\/\/www.iseg.ulisboa.pt\/?page_id=51747"},"modified":"2025-10-03T14:39:45","modified_gmt":"2025-10-03T14:39:45","slug":"different-minds","status":"publish","type":"page","link":"https:\/\/www.iseg.ulisboa.pt\/en\/different-minds\/","title":{"rendered":"Different minds."},"content":{"rendered":"<figure class=\"wp-block-image size-full\"><img loading=\"lazy\" decoding=\"async\" width=\"2560\" height=\"480\" src=\"https:\/\/www.iseg.ulisboa.pt\/wp-content\/uploads\/Different-Minds-scaled.jpg\" alt=\"\" class=\"wp-image-51755\" srcset=\"https:\/\/www.iseg.ulisboa.pt\/wp-content\/uploads\/Different-Minds-scaled.jpg 2560w, https:\/\/www.iseg.ulisboa.pt\/wp-content\/uploads\/Different-Minds-300x56.jpg 300w, https:\/\/www.iseg.ulisboa.pt\/wp-content\/uploads\/Different-Minds-1536x288.jpg 1536w, https:\/\/www.iseg.ulisboa.pt\/wp-content\/uploads\/Different-Minds-2048x384.jpg 2048w, https:\/\/www.iseg.ulisboa.pt\/wp-content\/uploads\/Different-Minds-18x3.jpg 18w\" sizes=\"(max-width: 2560px) 100vw, 2560px\" \/><\/figure>\n\n\n\n<div class=\"wp-block-columns is-layout-flex wp-container-core-columns-is-layout-1 wp-block-columns-is-layout-flex\">\n<div class=\"wp-block-column is-layout-flow wp-block-column-is-layout-flow\">\n<p>In the 2024\/2025 academic year, ISEG launched a <strong>new non-academic training program for people with intellectual and developmental disabilities (IDD)<\/strong>. The Program <strong>Different Minds. Inclusive Academy<\/strong> aims to contribute to the inclusion of people with IDD in higher education and their integration into the job market, as well as raising awareness among ISEG students, as future professionals, of the importance of including these people in society.\u00a0\u00a0\u00a0<\/p>\n\n\n\n<p>This is an unprecedented opportunity at ULisboa, a university that has always been committed to inclusion. If you are a person with IDD and have the ambition to enter ISEG, check out all the information here.<\/p>\n<\/div>\n<\/div>\n\n\n<div class=\"block-skills has-iseg-pink-background\">\n    <h2 class=\"block-skills__heading\">Join us and be part of this change!<\/h2>\n    <p>As well as being a unique opportunity for people with IDD, this project is also an opportunity for the entire ISEG community at different levels:<\/p>\n\n            <div class=\"block-skills__grid\">\n                            <div class=\"block-skills__item\">\n                                            <div class=\"block-skills__item-icon fa-solid fa-book\"><\/div>\n                        \n                    <h3 class=\"block-skills__item-heading\">Pedagogical<\/h3>\n                    <p class=\"block-skills__item-text\">Improving the quality of teaching<\/p>\n                <\/div>\n                            <div class=\"block-skills__item\">\n                                            <div class=\"block-skills__item-icon fa-solid fa-users\"><\/div>\n                        \n                    <h3 class=\"block-skills__item-heading\">Social<\/h3>\n                    <p class=\"block-skills__item-text\">Creation of friendly relations between students with and without IDD, greater appreciation and tolerance for diversity and a change in the view of the abilities of people with IDD<\/p>\n                <\/div>\n                            <div class=\"block-skills__item\">\n                                            <div class=\"block-skills__item-icon fa-solid fa-hands-holding-child\"><\/div>\n                        \n                    <h3 class=\"block-skills__item-heading\">Societal<\/h3>\n                    <p class=\"block-skills__item-text\">Change in long-term inclusion processes<\/p>\n                <\/div>\n                    <\/div>\n    \n<\/div>\n\n\n<div class=\"wp-block-columns is-layout-flex wp-container-core-columns-is-layout-2 wp-block-columns-is-layout-flex\">\n<div class=\"wp-block-column is-layout-flow wp-block-column-is-layout-flow\">\n<h3 class=\"wp-block-heading\">Different Buddy<\/h3>\n\n\n\n<p>Different Buddies are students who, in addition to being available to help and support students with IDD, have the role of facilitating their integration. <strong>These students will receive the Certificate and 1 credit.<\/strong><\/p>\n\n\n\n<p>It's important to say that this project has had the support of the entire ISEG community, from the Presidency to the Secretariat, including teachers and students, after all:<\/p>\n\n\n\n<p>Different Minds. Inclusive Academy will only succeed with the involvement of the entire ISEGuiana community<\/p>\n\n\n\n<p class=\"button w-button\"><a href=\"https:\/\/eur02.safelinks.protection.outlook.com\/?url=https%3A%2F%2Fforms.office.com%2FPages%2FResponsePage.aspx%3Fid%3Dg0AYnCDeWUiWjJbybbC_4ZSIVTjYwkxHijOqcZyjMplUQUVFQVE4WjNRMkU3V1ZQR0xLNjRCVzRGQS4u&amp;data=05%7C02%7Cpaula.monteiro%40iseg.ulisboa.pt%7Caee6123363cc409595ea08de02871b0e%7C9c184083de204859968c96f26db0bfe1%7C0%7C0%7C638950976442647384%7CUnknown%7CTWFpbGZsb3d8eyJFbXB0eU1hcGkiOnRydWUsIlYiOiIwLjAuMDAwMCIsIlAiOiJXaW4zMiIsIkFOIjoiTWFpbCIsIldUIjoyfQ%3D%3D%7C0%7C%7C%7C&amp;sdata=5v%2F9r1ENCsex3gShsEfLJbz1BkUzy9pVqr0PkH%2BazkE%3D&amp;reserved=0\" target=\"_blank\" rel=\"noreferrer noopener\">I want to be a Different Buddy<\/a><\/p>\n\n\n\n<p>Take an active part in this project! Become a Different Buddy!<\/p>\n<\/div>\n<\/div>\n\n\n<div class=\"block-intro-text has-iseg-pink-background\">\n\t<div class=\"intro-text\">Different Minds. Inclusive Academy will only succeed with the involvement of the entire ISEGuiana community<\/div>\n\t<div class=\"intro-text-anim-left-layer\"><\/div>\n\t<div class=\"intro-text-anim-right-layer\"><\/div>\n<\/div>\n\n\n\n<div style=\"height:56px\" aria-hidden=\"true\" class=\"wp-block-spacer\"><\/div>\n\n\n\n<div class=\"wp-block-columns is-layout-flex wp-container-core-columns-is-layout-3 wp-block-columns-is-layout-flex\">\n<div class=\"wp-block-column is-layout-flow wp-block-column-is-layout-flow\">\n<h4 class=\"wp-block-heading\"><strong>Partnerships<\/strong><\/h4>\n\n\n\n<p>As with most major projects, Different Minds. Academia Inclusiva has valuable partners. The University of Aveiro and the Jer\u00f3nimo Martins Group are two of the essential pillars for success.<\/p>\n\n\n\n<figure class=\"wp-block-image size-full is-resized\"><img loading=\"lazy\" decoding=\"async\" width=\"852\" height=\"180\" src=\"https:\/\/www.iseg.ulisboa.pt\/wp-content\/uploads\/Different-Minds-Parceiros.png\" alt=\"\" class=\"wp-image-51784\" style=\"width:600px\" srcset=\"https:\/\/www.iseg.ulisboa.pt\/wp-content\/uploads\/Different-Minds-Parceiros.png 852w, https:\/\/www.iseg.ulisboa.pt\/wp-content\/uploads\/Different-Minds-Parceiros-300x63.png 300w, https:\/\/www.iseg.ulisboa.pt\/wp-content\/uploads\/Different-Minds-Parceiros-18x4.png 18w\" sizes=\"(max-width: 852px) 100vw, 852px\" \/><\/figure>\n<\/div>\n<\/div>","protected":false},"excerpt":{"rendered":"O ISEG lan\u00e7ou no ano letivo de 2024\/2025 um novo programa de forma\u00e7\u00e3o n\u00e3o conducente a grau acad\u00e9mico destinado a pessoas com Dificuldade Intelectual e Desenvolvimental (DID). O Programa Different&nbsp;[&#8230;]","protected":false},"author":5,"featured_media":0,"parent":0,"menu_order":0,"comment_status":"closed","ping_status":"closed","template":"tpl-page-blocks.php","meta":{"inline_featured_image":false,"_uag_custom_page_level_css":"","footnotes":""},"acf":[],"yoast_head":"<!-- This site is optimized with the Yoast SEO plugin v22.6 - https:\/\/yoast.com\/wordpress\/plugins\/seo\/ -->\n<title>Different minds. - ISEG<\/title>\n<meta name=\"robots\" content=\"index, follow, max-snippet:-1, max-image-preview:large, max-video-preview:-1\" \/>\n<link rel=\"canonical\" href=\"https:\/\/www.iseg.ulisboa.pt\/en\/different-minds\/\" \/>\n<meta name=\"twitter:label1\" content=\"Est. reading time\" \/>\n\t<meta name=\"twitter:data1\" content=\"2 minutes\" \/>\n<script type=\"application\/ld+json\" class=\"yoast-schema-graph\">{\"@context\":\"https:\/\/schema.org\",\"@graph\":[{\"@type\":\"WebPage\",\"@id\":\"https:\/\/www.iseg.ulisboa.pt\/en\/different-minds\/\",\"url\":\"https:\/\/www.iseg.ulisboa.pt\/en\/different-minds\/\",\"name\":\"Different minds. - ISEG\",\"isPartOf\":{\"@id\":\"https:\/\/www.iseg.ulisboa.pt\/en\/#website\"},\"primaryImageOfPage\":{\"@id\":\"https:\/\/www.iseg.ulisboa.pt\/en\/different-minds\/#primaryimage\"},\"image\":{\"@id\":\"https:\/\/www.iseg.ulisboa.pt\/en\/different-minds\/#primaryimage\"},\"thumbnailUrl\":\"https:\/\/www.iseg.ulisboa.pt\/wp-content\/uploads\/Different-Minds-scaled.jpg\",\"datePublished\":\"2024-10-10T17:42:35+00:00\",\"dateModified\":\"2025-10-03T14:39:45+00:00\",\"breadcrumb\":{\"@id\":\"https:\/\/www.iseg.ulisboa.pt\/en\/different-minds\/#breadcrumb\"},\"inLanguage\":\"en-US\",\"potentialAction\":[{\"@type\":\"ReadAction\",\"target\":[\"https:\/\/www.iseg.ulisboa.pt\/en\/different-minds\/\"]}]},{\"@type\":\"ImageObject\",\"inLanguage\":\"en-US\",\"@id\":\"https:\/\/www.iseg.ulisboa.pt\/en\/different-minds\/#primaryimage\",\"url\":\"https:\/\/www.iseg.ulisboa.pt\/wp-content\/uploads\/Different-Minds-scaled.jpg\",\"contentUrl\":\"https:\/\/www.iseg.ulisboa.pt\/wp-content\/uploads\/Different-Minds-scaled.jpg\"},{\"@type\":\"BreadcrumbList\",\"@id\":\"https:\/\/www.iseg.ulisboa.pt\/en\/different-minds\/#breadcrumb\",\"itemListElement\":[{\"@type\":\"ListItem\",\"position\":1,\"name\":\"Home\",\"item\":\"https:\/\/www.iseg.ulisboa.pt\/\"},{\"@type\":\"ListItem\",\"position\":2,\"name\":\"Different minds.\"}]},{\"@type\":\"WebSite\",\"@id\":\"https:\/\/www.iseg.ulisboa.pt\/en\/#website\",\"url\":\"https:\/\/www.iseg.ulisboa.pt\/en\/\",\"name\":\"ISEG\",\"description\":\"Lisbon School of Economics &amp; Management\",\"publisher\":{\"@id\":\"https:\/\/www.iseg.ulisboa.pt\/en\/#organization\"},\"potentialAction\":[{\"@type\":\"SearchAction\",\"target\":{\"@type\":\"EntryPoint\",\"urlTemplate\":\"https:\/\/www.iseg.ulisboa.pt\/en\/?s={search_term_string}\"},\"query-input\":\"required name=search_term_string\"}],\"inLanguage\":\"en-US\"},{\"@type\":\"Organization\",\"@id\":\"https:\/\/www.iseg.ulisboa.pt\/en\/#organization\",\"name\":\"ISEG\",\"url\":\"https:\/\/www.iseg.ulisboa.pt\/en\/\",\"logo\":{\"@type\":\"ImageObject\",\"inLanguage\":\"en-US\",\"@id\":\"https:\/\/www.iseg.ulisboa.pt\/en\/#\/schema\/logo\/image\/\",\"url\":\"https:\/\/www.iseg.ulisboa.pt\/wp-content\/uploads\/2021\/02\/iseg-logo-ul.svg\",\"contentUrl\":\"https:\/\/www.iseg.ulisboa.pt\/wp-content\/uploads\/2021\/02\/iseg-logo-ul.svg\",\"width\":250,\"height\":120,\"caption\":\"ISEG\"},\"image\":{\"@id\":\"https:\/\/www.iseg.ulisboa.pt\/en\/#\/schema\/logo\/image\/\"},\"sameAs\":[\"https:\/\/www.facebook.com\/iseg.pt\",\"https:\/\/x.com\/iseglisbon\",\"https:\/\/www.instagram.com\/iseglisbon\/\",\"https:\/\/www.linkedin.com\/school\/iseglisbon\/\",\"https:\/\/www.youtube.com\/user\/DMREISEG\"]}]}<\/script>\n<!-- \/ Yoast SEO plugin. -->","yoast_head_json":{"title":"Different minds. - ISEG","robots":{"index":"index","follow":"follow","max-snippet":"max-snippet:-1","max-image-preview":"max-image-preview:large","max-video-preview":"max-video-preview:-1"},"canonical":"https:\/\/www.iseg.ulisboa.pt\/en\/different-minds\/","twitter_misc":{"Est. reading time":"2 minutes"},"schema":{"@context":"https:\/\/schema.org","@graph":[{"@type":"WebPage","@id":"https:\/\/www.iseg.ulisboa.pt\/en\/different-minds\/","url":"https:\/\/www.iseg.ulisboa.pt\/en\/different-minds\/","name":"Different minds. - ISEG","isPartOf":{"@id":"https:\/\/www.iseg.ulisboa.pt\/en\/#website"},"primaryImageOfPage":{"@id":"https:\/\/www.iseg.ulisboa.pt\/en\/different-minds\/#primaryimage"},"image":{"@id":"https:\/\/www.iseg.ulisboa.pt\/en\/different-minds\/#primaryimage"},"thumbnailUrl":"https:\/\/www.iseg.ulisboa.pt\/wp-content\/uploads\/Different-Minds-scaled.jpg","datePublished":"2024-10-10T17:42:35+00:00","dateModified":"2025-10-03T14:39:45+00:00","breadcrumb":{"@id":"https:\/\/www.iseg.ulisboa.pt\/en\/different-minds\/#breadcrumb"},"inLanguage":"en-US","potentialAction":[{"@type":"ReadAction","target":["https:\/\/www.iseg.ulisboa.pt\/en\/different-minds\/"]}]},{"@type":"ImageObject","inLanguage":"en-US","@id":"https:\/\/www.iseg.ulisboa.pt\/en\/different-minds\/#primaryimage","url":"https:\/\/www.iseg.ulisboa.pt\/wp-content\/uploads\/Different-Minds-scaled.jpg","contentUrl":"https:\/\/www.iseg.ulisboa.pt\/wp-content\/uploads\/Different-Minds-scaled.jpg"},{"@type":"BreadcrumbList","@id":"https:\/\/www.iseg.ulisboa.pt\/en\/different-minds\/#breadcrumb","itemListElement":[{"@type":"ListItem","position":1,"name":"Home","item":"https:\/\/www.iseg.ulisboa.pt\/"},{"@type":"ListItem","position":2,"name":"Different minds."}]},{"@type":"WebSite","@id":"https:\/\/www.iseg.ulisboa.pt\/en\/#website","url":"https:\/\/www.iseg.ulisboa.pt\/en\/","name":"ISEG","description":"Lisbon School of Economics &amp; Management","publisher":{"@id":"https:\/\/www.iseg.ulisboa.pt\/en\/#organization"},"potentialAction":[{"@type":"SearchAction","target":{"@type":"EntryPoint","urlTemplate":"https:\/\/www.iseg.ulisboa.pt\/en\/?s={search_term_string}"},"query-input":"required name=search_term_string"}],"inLanguage":"en-US"},{"@type":"Organization","@id":"https:\/\/www.iseg.ulisboa.pt\/en\/#organization","name":"ISEG","url":"https:\/\/www.iseg.ulisboa.pt\/en\/","logo":{"@type":"ImageObject","inLanguage":"en-US","@id":"https:\/\/www.iseg.ulisboa.pt\/en\/#\/schema\/logo\/image\/","url":"https:\/\/www.iseg.ulisboa.pt\/wp-content\/uploads\/2021\/02\/iseg-logo-ul.svg","contentUrl":"https:\/\/www.iseg.ulisboa.pt\/wp-content\/uploads\/2021\/02\/iseg-logo-ul.svg","width":250,"height":120,"caption":"ISEG"},"image":{"@id":"https:\/\/www.iseg.ulisboa.pt\/en\/#\/schema\/logo\/image\/"},"sameAs":["https:\/\/www.facebook.com\/iseg.pt","https:\/\/x.com\/iseglisbon","https:\/\/www.instagram.com\/iseglisbon\/","https:\/\/www.linkedin.com\/school\/iseglisbon\/","https:\/\/www.youtube.com\/user\/DMREISEG"]}]}},"uagb_featured_image_src":{"full":false,"thumbnail":false,"medium":false,"medium_large":false,"large":false,"1536x1536":false,"2048x2048":false,"trp-custom-language-flag":false},"uagb_author_info":{"display_name":"diogoalmeida","author_link":"https:\/\/www.iseg.ulisboa.pt\/en\/author\/diogoalmeida\/"},"uagb_comment_info":0,"uagb_excerpt":"O ISEG lan\u00e7ou no ano letivo de 2024\/2025 um novo programa de forma\u00e7\u00e3o n\u00e3o conducente a grau acad\u00e9mico destinado a pessoas com Dificuldade Intelectual e Desenvolvimental (DID). O Programa Different&nbsp;[...]","_links":{"self":[{"href":"https:\/\/www.iseg.ulisboa.pt\/en\/wp-json\/wp\/v2\/pages\/51747"}],"collection":[{"href":"https:\/\/www.iseg.ulisboa.pt\/en\/wp-json\/wp\/v2\/pages"}],"about":[{"href":"https:\/\/www.iseg.ulisboa.pt\/en\/wp-json\/wp\/v2\/types\/page"}],"author":[{"embeddable":true,"href":"https:\/\/www.iseg.ulisboa.pt\/en\/wp-json\/wp\/v2\/users\/5"}],"replies":[{"embeddable":true,"href":"https:\/\/www.iseg.ulisboa.pt\/en\/wp-json\/wp\/v2\/comments?post=51747"}],"version-history":[{"count":0,"href":"https:\/\/www.iseg.ulisboa.pt\/en\/wp-json\/wp\/v2\/pages\/51747\/revisions"}],"wp:attachment":[{"href":"https:\/\/www.iseg.ulisboa.pt\/en\/wp-json\/wp\/v2\/media?parent=51747"}],"curies":[{"name":"wp","href":"https:\/\/api.w.org\/{rel}","templated":true}]}}