{"id":521,"date":"2021-01-08T14:58:09","date_gmt":"2021-01-08T14:58:09","guid":{"rendered":"https:\/\/iseg.gomo.dev\/?page_id=521"},"modified":"2024-03-15T19:04:07","modified_gmt":"2024-03-15T19:04:07","slug":"contacts","status":"publish","type":"page","link":"https:\/\/www.iseg.ulisboa.pt\/en\/contacts\/","title":{"rendered":"Contacts"},"content":{"rendered":"<div class=\"block-map\">\n\t<div class=\"container\">\n\t\t<div class=\"block-map-content\">\n\t\t\t<h1 class=\"block-map-title has-iseg-red-color\">Contacts<\/h1>\n\t\t\t<a href=\"https:\/\/www.google.pt\/maps?f=q&#038;source=embed&#038;hl=pt-PT&#038;geocode&#038;q=ISEG+-+Instituto+Superior+de+Economia+e+Gest%C3%A3o,+Rua+Miguel+L%C3%BApi,+Lisboa&#038;aq=1&#038;oq=iseg+&#038;sll=38.995438,-9.141194&#038;sspn=1.052349,2.469177&#038;ie=UTF8&#038;hq=ISEG+-+Instituto+Superior+de+Economia+e+Gest%C3%A3o,&#038;hnear=Rua+Miguel+L%C3%BApi,+Lisboa&#038;ll=38.711502,-9.155343&#038;spn=0.006295,0.006295&#038;t=m\" class=\"block-map-image\">\n\t\t\t\t<img decoding=\"async\" src=\"https:\/\/www.iseg.ulisboa.pt\/wp-content\/uploads\/2021\/01\/Mapa.jpg\" class=\"image-cover\" alt=\"\" srcset=\"https:\/\/www.iseg.ulisboa.pt\/wp-content\/uploads\/2021\/01\/Mapa.jpg 1960w, https:\/\/www.iseg.ulisboa.pt\/wp-content\/uploads\/2021\/01\/Mapa-300x165.jpg 300w, https:\/\/www.iseg.ulisboa.pt\/wp-content\/uploads\/2021\/01\/Mapa-1536x846.jpg 1536w\" sizes=\"(max-width: 1960px) 100vw, 1960px\" \/>\t\t\t<\/a>\n\t\t\t<div class=\"block-map-links\">\n\t\t\t\t\t\t\t\t\t<a href=\"https:\/\/www.google.pt\/maps?f=q&#038;source=embed&#038;hl=pt-PT&#038;geocode&#038;q=ISEG+-+Instituto+Superior+de+Economia+e+Gest%C3%A3o,+Rua+Miguel+L%C3%BApi,+Lisboa&#038;aq=1&#038;oq=iseg+&#038;sll=38.995438,-9.141194&#038;sspn=1.052349,2.469177&#038;ie=UTF8&#038;hq=ISEG+-+Instituto+Superior+de+Economia+e+Gest%C3%A3o,&#038;hnear=Rua+Miguel+L%C3%BApi,+Lisboa&#038;ll=38.711502,-9.155343&#038;spn=0.006295,0.006295&#038;t=m\" class=\"link-learnmore\" title=\"Google Maps\" target=\"_blank\">\n\t\t\t\t\t\tGoogle Maps\t\t\t\t\t<\/a>\n\t\t\t\t\t\t\t\t\t\t\t\t\t<a href=\"https:\/\/www.iseg.ulisboa.pt\/pt\/campus-iseg\/\" class=\"link-learnmore\" title=\"Campus\" target=\"_blank\">\n\t\t\t\t\t\tCampus\t\t\t\t\t<\/a>\n\t\t\t\t\t\t\t<\/div>\n\t\t\t\t\t\t\t<div class=\"block-map-contacts\">\n\t\t\t\t\t\t\t\t\t\t\t<div class=\"block-map-contact__item\">\n\t\t\t\t\t\t\t<span class=\"block-map-contact__title\">Address<\/span>\n\t\t\t\t\t\t\tRua do Quelhas, n\u00ba 6<br \/>\r\n1200-781 Lisbon, Portugal\t\t\t\t\t\t<\/div>\n\t\t\t\t\t\t\t\t\t\t\t<div class=\"block-map-contact__item\">\n\t\t\t\t\t\t\t<span class=\"block-map-contact__title\">Opening Hours<\/span>\n\t\t\t\t\t\t\tMonday to Friday<br \/>\r\n9h30 - 18h30\t\t\t\t\t\t<\/div>\n\t\t\t\t\t\t\t\t\t\t\t<div class=\"block-map-contact__item\">\n\t\t\t\t\t\t\t<span class=\"block-map-contact__title\">Phone number<\/span>\n\t\t\t\t\t\t\t+351 213 925 800\t\t\t\t\t\t<\/div>\n\t\t\t\t\t\t\t\t\t<\/div>\n\t\t\t\t\n\t\t<\/div>\n\t<\/div>\n<\/div>\n\n<div class=\"block-contacts\">\n\t<div class=\"container\">\n\t\t<div class=\"block-header\">\n\t\t\t<h2 class=\"has-iseg-red-color\">Key Contacts<\/h2>\n\t\t<\/div>\n\t\t<div class=\"block-contacts-list\">\n\t\t\t\n\t\t\t\t\t\t<div class=\"contact-card\">\n\t\t<div class=\"contact-card__title\">Undergraduate Office<\/div>\n\t\t\t\t\t<a href=\"mailto:seclic@iseg.ulisboa.pt\">seclic@iseg.ulisboa.pt<\/a>\n\t\t\t\t\t\t\t<div>Phone: <a href=\"tel:+351213925900\" class=\"contact-card__phone\">(+351) 213 925 900 <\/a><\/div>\n\t\t\t\t\t\t\t<a href=\"https:\/\/www.iseg.ulisboa.pt\/en\/secretaria\/about\/\" class=\"link-learnmore contact-card__url\">website<\/a>\n\t\t\t\t\t<\/div>\n\t\t\t\n\t\t\t\t\t\t<div class=\"contact-card\">\n\t\t<div class=\"contact-card__title\">Masters and PhD Office<\/div>\n\t\t\t\t\t<a href=\"mailto:smd@iseg.ulisboa.pt\">smd@iseg.ulisboa.pt<\/a>\n\t\t\t\t\t\t\t<div>Phone: <a href=\"tel:+351213925900\" class=\"contact-card__phone\">(+351) 213 925 900 <\/a><\/div>\n\t\t\t\t\t\t\t<a href=\"https:\/\/www.iseg.ulisboa.pt\/en\/secretaria\/about\/#uagb-tabs__tab1\" class=\"link-learnmore contact-card__url\">website<\/a>\n\t\t\t\t\t<\/div>\n\t\t\t\n\t\t\t\t\t\t<div class=\"contact-card\">\n\t\t<div class=\"contact-card__title\">International Mobility Office<\/div>\n\t\t\t\t\t<a href=\"mailto:imo@iseg.ulisboa.pt\">imo@iseg.ulisboa.pt<\/a>\n\t\t\t\t\t\t\t<div>Phone: <a href=\"tel:+351\u00a0213922737\" class=\"contact-card__phone\">(+351)\u00a0213 922 737<\/a><\/div>\n\t\t\t\t\t\t\t<a href=\"https:\/\/www.iseg.ulisboa.pt\/en\/international\/about\/\" class=\"link-learnmore contact-card__url\">website<\/a>\n\t\t\t\t\t<\/div>\n\t\t\t\n\t\t\t\t\t\t<div class=\"contact-card\">\n\t\t<div class=\"contact-card__title\">ISEG Executive Education<\/div>\n\t\t\t\t\t<a href=\"mailto:info@isegexecutive.education\">info@isegexecutive.education<\/a>\n\t\t\t\t\t\t\t<div>Phone: <a href=\"tel:+351213922891\" class=\"contact-card__phone\">(+351) 213 922 891<\/a><\/div>\n\t\t\t\t\t\t\t<a href=\"http:\/\/www.isegexecutive.education\" class=\"link-learnmore contact-card__url\">website<\/a>\n\t\t\t\t\t<\/div>\n\t\t\t\t\n\t\t<\/div>\n\t<\/div>\n<\/div>\n\n<div class=\"block-contacts\">\n\t<div class=\"container\">\n\t\t<div class=\"block-header\">\n\t\t\t<h2 class=\"has-iseg-red-color\">Services<\/h2>\n\t\t<\/div>\n\t\t<div class=\"block-contacts-list\">\n\t\t\t\n\t\t\t\t\t\t<div class=\"contact-card\">\n\t\t<div class=\"contact-card__title\">Helpdesk \/ IT Department<\/div>\n\t\t\t\t\t<a href=\"mailto:helpdesk@iseg.ulisboa.pt\">helpdesk@iseg.ulisboa.pt<\/a>\n\t\t\t\t\t\t\t<div>Phone: <a href=\"tel:+351213925917\u00a0\" class=\"contact-card__phone\">(+351) 213 925 917\u00a0<\/a><\/div>\n\t\t\t\t\t\t\t<a href=\"https:\/\/www.iseg.ulisboa.pt\/en\/aquila\/unidade\/CIISEG\/\" class=\"link-learnmore contact-card__url\">website<\/a>\n\t\t\t\t\t<\/div>\n\t\t\t\n\t\t\t\t\t\t<div class=\"contact-card\">\n\t\t<div class=\"contact-card__title\">Careers Services<\/div>\n\t\t\t\t\t<a href=\"mailto:careers@iseg.ulisboa.pt\">careers@iseg.ulisboa.pt<\/a>\n\t\t\t\t\t\t\t<div>Phone: <a href=\"tel:+351213925929\" class=\"contact-card__phone\">(+351) 21 392 59 29<\/a><\/div>\n\t\t\t\t\t\t\t<a href=\"https:\/\/www.iseg.ulisboa.pt\/en\/aquila\/investigation\/cmx\/?locale=pt\" class=\"link-learnmore contact-card__url\">website<\/a>\n\t\t\t\t\t<\/div>\n\t\t\t\n\t\t\t\t\t\t<div class=\"contact-card\">\n\t\t<div class=\"contact-card__title\">Marketing &amp; External Relations<\/div>\n\t\t\t\t\t<a href=\"mailto:marketing@iseg.ulisboa.pt\">marketing@iseg.ulisboa.pt<\/a>\n\t\t\t\t\t\t\t<div>Phone: <a href=\"tel:+351213922753\" class=\"contact-card__phone\">(+351) 213 922 753<\/a><\/div>\n\t\t\t\t\t\t\t<a href=\"https:\/\/www.iseg.ulisboa.pt\/pt\/sobre\/media-e-identidade-de-marca\/\" class=\"link-learnmore contact-card__url\">website<\/a>\n\t\t\t\t\t<\/div>\n\t\t\t\n\t\t\t\t\t\t<div class=\"contact-card\">\n\t\t<div class=\"contact-card__title\">Francisco Pereira de Moura Library<\/div>\n\t\t\t\t\t<a href=\"mailto:biblioteca@iseg.ulisboa.pt\">library@iseg.ulisboa.pt<\/a>\n\t\t\t\t\t\t\t<div>Phone: <a href=\"tel:+351213922888\u00a0\" class=\"contact-card__phone\">(+351) 213 922 888\u00a0<\/a><\/div>\n\t\t\t\t\t\t\t<a href=\"https:\/\/www.iseg.ulisboa.pt\/en\/library\/\" class=\"link-learnmore contact-card__url\">website<\/a>\n\t\t\t\t\t<\/div>\n\t\t\t\n\t\t\t\t\t\t<div class=\"contact-card\">\n\t\t<div class=\"contact-card__title\">Student Ombudsman<\/div>\n\t\t\t\t\t<a href=\"mailto:provedoria-aluno@iseg.ulisboa.pt\">provedoria-aluno@iseg.ulisboa.pt<\/a>\n\t\t\t\t\t\t\t<div>Phone: <a href=\"tel:+351213922707\" class=\"contact-card__phone\">(+351) 213 922 707<\/a><\/div>\n\t\t\t\t\t\t\t<a href=\"https:\/\/www.iseg.ulisboa.pt\/en\/aquila\/instituicao\/iseg\/comunidade\/services-2\/student-ombudsman\/?locale=pt\" class=\"link-learnmore contact-card__url\">website<\/a>\n\t\t\t\t\t<\/div>\n\t\t\t\n\t\t\t\t\t\t<div class=\"contact-card\">\n\t\t<div class=\"contact-card__title\">Student Support Office<\/div>\n\t\t\t\t\t<a href=\"mailto:gaa@iseg.ulisboa.pt\">gaa@iseg.ulisboa.pt<\/a>\n\t\t\t\t\t\t\t\t\t<a href=\"https:\/\/www.iseg.ulisboa.pt\/en\/aquila\/instituicao\/iseg\/comunidade\/services-2\/apoio-ao-aluno\/student-support-office\/?locale=en\" class=\"link-learnmore contact-card__url\">website<\/a>\n\t\t\t\t\t<\/div>\n\t\t\t\n\t\t\t\t\t\t<div class=\"contact-card\">\n\t\t<div class=\"contact-card__title\">Ulisboa Social Services<\/div>\n\t\t\t\t\t<a href=\"mailto:info@sas.ulisboa.pt\">info@sas.ulisboa.pt<\/a>\n\t\t\t\t\t\t\t<div>Phone: <a href=\"tel:+351213611700\" class=\"contact-card__phone\">(+351) 213 611 700<\/a><\/div>\n\t\t\t\t\t\t\t<a href=\"https:\/\/www.sas.ulisboa.pt\/index.php\" class=\"link-learnmore contact-card__url\">website<\/a>\n\t\t\t\t\t<\/div>\n\t\t\t\n\t\t\t\t\t\t<div class=\"contact-card\">\n\t\t<div class=\"contact-card__title\">Funda\u00e7\u00e3o Econ\u00f3micas<\/div>\n\t\t\t\t\t\t\t<div>Phone: <a href=\"tel:+351213922722\u00a0\" class=\"contact-card__phone\">(+351) 213 922 722\u00a0<\/a><\/div>\n\t\t\t\t\t\t\t<a href=\"https:\/\/www.iseg.ulisboa.pt\/en\/aquila\/investigation\/fe\/\" class=\"link-learnmore contact-card__url\">website<\/a>\n\t\t\t\t\t<\/div>\n\t\t\t\t\n\t\t<\/div>\n\t<\/div>\n<\/div>\n\n<div class=\"block-additional-resources\">\n\t<div class=\"container\">\n\t\t<h3 class=\"has-iseg-red-color\">Additional Resources<\/h3>\n\t\t<div class=\"block-resources\">\n\t\t\t\t\t\t\t\t<a href=\"https:\/\/www.iseg.ulisboa.pt\/en\/contacts\/other-contacts\/\" class=\"block-resources__item\" title=\"Other Contacts\" target=\"_self\">\n\t\t\t\t\t\tOther Contacts\t\t\t\t\t<\/a>\n\t\t\t\t\t\t\t\t\t\t\t\t<a href=\"\/en\/live-iseg\/campus\/\" class=\"block-resources__item\" title=\"ISEG Campus\" target=\"_self\">\n\t\t\t\t\t\tISEG Campus\t\t\t\t\t<\/a>\n\t\t\t\t\t\t\t\t\t\t\t\t<a href=\"https:\/\/www.iseg.ulisboa.pt\/pt\/pessoas\/docentes\/\" class=\"block-resources__item\" title=\"Faculty\" target=\"_self\">\n\t\t\t\t\t\tFaculty\t\t\t\t\t<\/a>\n\t\t\t\t\t\t\t\t\t<\/div>\n\t<\/div>\n<\/div>","protected":false},"excerpt":{"rendered":"","protected":false},"author":2,"featured_media":0,"parent":0,"menu_order":0,"comment_status":"closed","ping_status":"closed","template":"tpl-page-blocks.php","meta":{"inline_featured_image":false,"_uag_custom_page_level_css":"","footnotes":""},"acf":[],"yoast_head":"<!-- This site is optimized with the Yoast SEO plugin v22.6 - https:\/\/yoast.com\/wordpress\/plugins\/seo\/ -->\n<title>Contactos - ISEG<\/title>\n<meta name=\"robots\" content=\"index, follow, max-snippet:-1, max-image-preview:large, max-video-preview:-1\" \/>\n<link rel=\"canonical\" href=\"https:\/\/www.iseg.ulisboa.pt\/en\/contacts\/\" \/>\n<script type=\"application\/ld+json\" class=\"yoast-schema-graph\">{\"@context\":\"https:\/\/schema.org\",\"@graph\":[{\"@type\":\"WebPage\",\"@id\":\"https:\/\/www.iseg.ulisboa.pt\/en\/contacts\/\",\"url\":\"https:\/\/www.iseg.ulisboa.pt\/en\/contacts\/\",\"name\":\"Contactos - ISEG\",\"isPartOf\":{\"@id\":\"https:\/\/www.iseg.ulisboa.pt\/en\/#website\"},\"datePublished\":\"2021-01-08T14:58:09+00:00\",\"dateModified\":\"2024-03-15T19:04:07+00:00\",\"breadcrumb\":{\"@id\":\"https:\/\/www.iseg.ulisboa.pt\/en\/contacts\/#breadcrumb\"},\"inLanguage\":\"en-US\",\"potentialAction\":[{\"@type\":\"ReadAction\",\"target\":[\"https:\/\/www.iseg.ulisboa.pt\/en\/contacts\/\"]}]},{\"@type\":\"BreadcrumbList\",\"@id\":\"https:\/\/www.iseg.ulisboa.pt\/en\/contacts\/#breadcrumb\",\"itemListElement\":[{\"@type\":\"ListItem\",\"position\":1,\"name\":\"Home\",\"item\":\"https:\/\/www.iseg.ulisboa.pt\/\"},{\"@type\":\"ListItem\",\"position\":2,\"name\":\"Contactos\"}]},{\"@type\":\"WebSite\",\"@id\":\"https:\/\/www.iseg.ulisboa.pt\/en\/#website\",\"url\":\"https:\/\/www.iseg.ulisboa.pt\/en\/\",\"name\":\"ISEG\",\"description\":\"Lisbon School of Economics &amp; Management\",\"publisher\":{\"@id\":\"https:\/\/www.iseg.ulisboa.pt\/en\/#organization\"},\"potentialAction\":[{\"@type\":\"SearchAction\",\"target\":{\"@type\":\"EntryPoint\",\"urlTemplate\":\"https:\/\/www.iseg.ulisboa.pt\/en\/?s={search_term_string}\"},\"query-input\":\"required name=search_term_string\"}],\"inLanguage\":\"en-US\"},{\"@type\":\"Organization\",\"@id\":\"https:\/\/www.iseg.ulisboa.pt\/en\/#organization\",\"name\":\"ISEG\",\"url\":\"https:\/\/www.iseg.ulisboa.pt\/en\/\",\"logo\":{\"@type\":\"ImageObject\",\"inLanguage\":\"en-US\",\"@id\":\"https:\/\/www.iseg.ulisboa.pt\/en\/#\/schema\/logo\/image\/\",\"url\":\"https:\/\/www.iseg.ulisboa.pt\/wp-content\/uploads\/2021\/02\/iseg-logo-ul.svg\",\"contentUrl\":\"https:\/\/www.iseg.ulisboa.pt\/wp-content\/uploads\/2021\/02\/iseg-logo-ul.svg\",\"width\":250,\"height\":120,\"caption\":\"ISEG\"},\"image\":{\"@id\":\"https:\/\/www.iseg.ulisboa.pt\/en\/#\/schema\/logo\/image\/\"},\"sameAs\":[\"https:\/\/www.facebook.com\/iseg.pt\",\"https:\/\/x.com\/iseglisbon\",\"https:\/\/www.instagram.com\/iseglisbon\/\",\"https:\/\/www.linkedin.com\/school\/iseglisbon\/\",\"https:\/\/www.youtube.com\/user\/DMREISEG\"]}]}<\/script>\n<!-- \/ Yoast SEO plugin. -->","yoast_head_json":{"title":"Contacts - ISEG","robots":{"index":"index","follow":"follow","max-snippet":"max-snippet:-1","max-image-preview":"max-image-preview:large","max-video-preview":"max-video-preview:-1"},"canonical":"https:\/\/www.iseg.ulisboa.pt\/en\/contacts\/","schema":{"@context":"https:\/\/schema.org","@graph":[{"@type":"WebPage","@id":"https:\/\/www.iseg.ulisboa.pt\/en\/contacts\/","url":"https:\/\/www.iseg.ulisboa.pt\/en\/contacts\/","name":"Contacts - ISEG","isPartOf":{"@id":"https:\/\/www.iseg.ulisboa.pt\/en\/#website"},"datePublished":"2021-01-08T14:58:09+00:00","dateModified":"2024-03-15T19:04:07+00:00","breadcrumb":{"@id":"https:\/\/www.iseg.ulisboa.pt\/en\/contacts\/#breadcrumb"},"inLanguage":"en-US","potentialAction":[{"@type":"ReadAction","target":["https:\/\/www.iseg.ulisboa.pt\/en\/contacts\/"]}]},{"@type":"BreadcrumbList","@id":"https:\/\/www.iseg.ulisboa.pt\/en\/contacts\/#breadcrumb","itemListElement":[{"@type":"ListItem","position":1,"name":"Home","item":"https:\/\/www.iseg.ulisboa.pt\/"},{"@type":"ListItem","position":2,"name":"Contactos"}]},{"@type":"WebSite","@id":"https:\/\/www.iseg.ulisboa.pt\/en\/#website","url":"https:\/\/www.iseg.ulisboa.pt\/en\/","name":"ISEG","description":"Lisbon School of Economics &amp; Management","publisher":{"@id":"https:\/\/www.iseg.ulisboa.pt\/en\/#organization"},"potentialAction":[{"@type":"SearchAction","target":{"@type":"EntryPoint","urlTemplate":"https:\/\/www.iseg.ulisboa.pt\/en\/?s={search_term_string}"},"query-input":"required name=search_term_string"}],"inLanguage":"en-US"},{"@type":"Organization","@id":"https:\/\/www.iseg.ulisboa.pt\/en\/#organization","name":"ISEG","url":"https:\/\/www.iseg.ulisboa.pt\/en\/","logo":{"@type":"ImageObject","inLanguage":"en-US","@id":"https:\/\/www.iseg.ulisboa.pt\/en\/#\/schema\/logo\/image\/","url":"https:\/\/www.iseg.ulisboa.pt\/wp-content\/uploads\/2021\/02\/iseg-logo-ul.svg","contentUrl":"https:\/\/www.iseg.ulisboa.pt\/wp-content\/uploads\/2021\/02\/iseg-logo-ul.svg","width":250,"height":120,"caption":"ISEG"},"image":{"@id":"https:\/\/www.iseg.ulisboa.pt\/en\/#\/schema\/logo\/image\/"},"sameAs":["https:\/\/www.facebook.com\/iseg.pt","https:\/\/x.com\/iseglisbon","https:\/\/www.instagram.com\/iseglisbon\/","https:\/\/www.linkedin.com\/school\/iseglisbon\/","https:\/\/www.youtube.com\/user\/DMREISEG"]}]}},"uagb_featured_image_src":{"full":false,"thumbnail":false,"medium":false,"medium_large":false,"large":false,"1536x1536":false,"2048x2048":false,"trp-custom-language-flag":false},"uagb_author_info":{"display_name":"Major","author_link":"https:\/\/www.iseg.ulisboa.pt\/en\/author\/leihla\/"},"uagb_comment_info":0,"uagb_excerpt":null,"_links":{"self":[{"href":"https:\/\/www.iseg.ulisboa.pt\/en\/wp-json\/wp\/v2\/pages\/521"}],"collection":[{"href":"https:\/\/www.iseg.ulisboa.pt\/en\/wp-json\/wp\/v2\/pages"}],"about":[{"href":"https:\/\/www.iseg.ulisboa.pt\/en\/wp-json\/wp\/v2\/types\/page"}],"author":[{"embeddable":true,"href":"https:\/\/www.iseg.ulisboa.pt\/en\/wp-json\/wp\/v2\/users\/2"}],"replies":[{"embeddable":true,"href":"https:\/\/www.iseg.ulisboa.pt\/en\/wp-json\/wp\/v2\/comments?post=521"}],"version-history":[{"count":0,"href":"https:\/\/www.iseg.ulisboa.pt\/en\/wp-json\/wp\/v2\/pages\/521\/revisions"}],"wp:attachment":[{"href":"https:\/\/www.iseg.ulisboa.pt\/en\/wp-json\/wp\/v2\/media?parent=521"}],"curies":[{"name":"wp","href":"https:\/\/api.w.org\/{rel}","templated":true}]}}