{"id":535,"date":"2021-01-08T15:01:00","date_gmt":"2021-01-08T15:01:00","guid":{"rendered":"https:\/\/iseg.gomo.dev\/?page_id=535"},"modified":"2025-09-30T16:49:32","modified_gmt":"2025-09-30T16:49:32","slug":"alumni","status":"publish","type":"page","link":"https:\/\/www.iseg.ulisboa.pt\/en\/people\/alumni\/","title":{"rendered":"Alumni"},"content":{"rendered":"<p class=\"has-large-font-size\">ISEG alumni are high-level professionals who work in the world&#039;s leading companies and institutions. The initiatives and involvement of Associa\u00e7\u00e3o Alumni Econ\u00f3micas helped make our alumni network the largest and most respected in the country.<\/p>\n\n\n\n<hr class=\"wp-block-separator has-css-opacity\"\/>\n\n\n\n<div class=\"wp-block-columns is-layout-flex wp-container-core-columns-is-layout-1 wp-block-columns-is-layout-flex\">\n<div class=\"wp-block-column is-layout-flow wp-block-column-is-layout-flow\" style=\"flex-basis:33.33%\">\n<figure class=\"wp-block-image size-large\"><img loading=\"lazy\" decoding=\"async\" width=\"1080\" height=\"1080\" src=\"https:\/\/www.iseg.ulisboa.pt\/wp-content\/uploads\/2021\/01\/Paulo-Macedo-1.jpg\" alt=\"\" class=\"wp-image-16829\" srcset=\"https:\/\/www.iseg.ulisboa.pt\/wp-content\/uploads\/2021\/01\/Paulo-Macedo-1.jpg 1080w, https:\/\/www.iseg.ulisboa.pt\/wp-content\/uploads\/2021\/01\/Paulo-Macedo-1-300x300.jpg 300w, https:\/\/www.iseg.ulisboa.pt\/wp-content\/uploads\/2021\/01\/Paulo-Macedo-1-150x150.jpg 150w\" sizes=\"(max-width: 1080px) 100vw, 1080px\" \/><\/figure>\n<\/div>\n\n\n\n<div class=\"wp-block-column is-layout-flow wp-block-column-is-layout-flow\" style=\"flex-basis:66.66%\">\n<h4 class=\"wp-block-heading\"><strong>Paulo Macedo<\/strong><\/h4>\n\n\n\n<h6 class=\"wp-block-heading has-iseg-red-color has-text-color\"><strong>Degree in Management, CEO Caixa Geral de Dep\u00f3sitos<\/strong><\/h6>\n\n\n\n<p>\u201cThe school where we graduated, our alma mater, has a very special meaning. Today I can proudly say that I studied at ISEG \u2013 where I learned relevant subjects, made friends for life, read books I would never have read otherwise, learned to work in a team, overcome systematic tests and start over every 6 months . For that, and for much more that Econ\u00f3micas gave me, I am grateful and indebted to our school.\u201d<\/p>\n<\/div>\n<\/div>\n\n\n\n<hr class=\"wp-block-separator has-css-opacity\"\/>\n\n\n\n<div class=\"wp-block-columns is-layout-flex wp-container-core-columns-is-layout-2 wp-block-columns-is-layout-flex\">\n<div class=\"wp-block-column is-layout-flow wp-block-column-is-layout-flow\" style=\"flex-basis:33.33%\">\n<figure class=\"wp-block-image size-large\"><img loading=\"lazy\" decoding=\"async\" width=\"1080\" height=\"1080\" src=\"https:\/\/www.iseg.ulisboa.pt\/wp-content\/uploads\/2021\/02\/Carlos-Rodrigues.jpg\" alt=\"\" class=\"wp-image-16988\" srcset=\"https:\/\/www.iseg.ulisboa.pt\/wp-content\/uploads\/2021\/02\/Carlos-Rodrigues.jpg 1080w, https:\/\/www.iseg.ulisboa.pt\/wp-content\/uploads\/2021\/02\/Carlos-Rodrigues-300x300.jpg 300w, https:\/\/www.iseg.ulisboa.pt\/wp-content\/uploads\/2021\/02\/Carlos-Rodrigues-150x150.jpg 150w\" sizes=\"(max-width: 1080px) 100vw, 1080px\" \/><\/figure>\n<\/div>\n\n\n\n<div class=\"wp-block-column is-layout-flow wp-block-column-is-layout-flow\" style=\"flex-basis:66.66%\">\n<h4 class=\"wp-block-heading\"><strong>Carlos Rodrigues<\/strong><\/h4>\n\n\n\n<h6 class=\"wp-block-heading has-iseg-red-color has-text-color\"><strong>Degree in Economics, Chairman Banco BIG<\/strong><\/h6>\n\n\n\n<p>\u201cISEG is the biggest reference in the study of economy and finance in Portugal. Our ISEG is today an institution that has become dynamic, digitized and modernized and is training first-choice students who will certainly be leaders in the future.\u201d<\/p>\n<\/div>\n<\/div>\n\n\n\n<hr class=\"wp-block-separator has-css-opacity\"\/>\n\n\n\n<div class=\"wp-block-columns is-layout-flex wp-container-core-columns-is-layout-3 wp-block-columns-is-layout-flex\">\n<div class=\"wp-block-column is-layout-flow wp-block-column-is-layout-flow\" style=\"flex-basis:33.33%\">\n<figure class=\"wp-block-image size-large\"><img loading=\"lazy\" decoding=\"async\" width=\"1080\" height=\"1080\" src=\"https:\/\/www.iseg.ulisboa.pt\/wp-content\/uploads\/2021\/01\/Madalena-Tome-Alumni.jpg\" alt=\"\" class=\"wp-image-15115\" srcset=\"https:\/\/www.iseg.ulisboa.pt\/wp-content\/uploads\/2021\/01\/Madalena-Tome-Alumni.jpg 1080w, https:\/\/www.iseg.ulisboa.pt\/wp-content\/uploads\/2021\/01\/Madalena-Tome-Alumni-300x300.jpg 300w, https:\/\/www.iseg.ulisboa.pt\/wp-content\/uploads\/2021\/01\/Madalena-Tome-Alumni-150x150.jpg 150w\" sizes=\"(max-width: 1080px) 100vw, 1080px\" \/><\/figure>\n<\/div>\n\n\n\n<div class=\"wp-block-column is-layout-flow wp-block-column-is-layout-flow\" style=\"flex-basis:66.66%\">\n<h4 class=\"wp-block-heading\"><strong>Madalena Cascais Tom\u00e9<\/strong><\/h4>\n\n\n\n<h6 class=\"wp-block-heading has-iseg-red-color has-text-color\">Undergraduate <strong>MAEG, Director of Financial Services at Worldline<\/strong><\/h6>\n\n\n\n<p>\u201cISEG making a difference and building the curious minds of managers and economists who will build the future of Portugal.\u201d<\/p>\n<\/div>\n<\/div>\n\n\n\n<hr class=\"wp-block-separator has-css-opacity\"\/>\n\n\n\n<div class=\"wp-block-columns is-layout-flex wp-container-core-columns-is-layout-4 wp-block-columns-is-layout-flex\">\n<div class=\"wp-block-column is-layout-flow wp-block-column-is-layout-flow\" style=\"flex-basis:33.33%\">\n<figure class=\"wp-block-image size-large\"><img loading=\"lazy\" decoding=\"async\" width=\"1080\" height=\"1080\" src=\"https:\/\/www.iseg.ulisboa.pt\/wp-content\/uploads\/2021\/01\/Pedro-Castro-Almeida-Alumni.jpg\" alt=\"\" class=\"wp-image-15120\" srcset=\"https:\/\/www.iseg.ulisboa.pt\/wp-content\/uploads\/2021\/01\/Pedro-Castro-Almeida-Alumni.jpg 1080w, https:\/\/www.iseg.ulisboa.pt\/wp-content\/uploads\/2021\/01\/Pedro-Castro-Almeida-Alumni-300x300.jpg 300w, https:\/\/www.iseg.ulisboa.pt\/wp-content\/uploads\/2021\/01\/Pedro-Castro-Almeida-Alumni-150x150.jpg 150w\" sizes=\"(max-width: 1080px) 100vw, 1080px\" \/><\/figure>\n<\/div>\n\n\n\n<div class=\"wp-block-column is-layout-flow wp-block-column-is-layout-flow\" style=\"flex-basis:66.66%\">\n<h4 class=\"wp-block-heading\"><strong>Pedro Castro Almeida<\/strong><\/h4>\n\n\n\n<h6 class=\"wp-block-heading has-iseg-red-color has-text-color\"><strong>Degree in Management, CEO Banco Santander Portugal<\/strong><\/h6>\n\n\n\n<p>\u201cIt is an enormous pride to belong to the ISEG family, which has brought so many good talents to this country. I feel very aligned with the vision and values of this school: a vision of contributing to the economic and social development of our country and the values of diversity and ethical plurality, as well as social responsibility and all the intellectual freedom that have always characterized this school. .\u201d<\/p>\n<\/div>\n<\/div>\n\n\n\n<hr class=\"wp-block-separator has-css-opacity\"\/>\n\n\n\n<div class=\"wp-block-columns is-layout-flex wp-container-core-columns-is-layout-5 wp-block-columns-is-layout-flex\">\n<div class=\"wp-block-column is-layout-flow wp-block-column-is-layout-flow\" style=\"flex-basis:33.33%\">\n<figure class=\"wp-block-image size-large\"><img loading=\"lazy\" decoding=\"async\" width=\"1080\" height=\"1080\" src=\"https:\/\/www.iseg.ulisboa.pt\/wp-content\/uploads\/2021\/02\/Sandra-Vera-Cruz.jpg\" alt=\"\" class=\"wp-image-16989\" srcset=\"https:\/\/www.iseg.ulisboa.pt\/wp-content\/uploads\/2021\/02\/Sandra-Vera-Cruz.jpg 1080w, https:\/\/www.iseg.ulisboa.pt\/wp-content\/uploads\/2021\/02\/Sandra-Vera-Cruz-300x300.jpg 300w, https:\/\/www.iseg.ulisboa.pt\/wp-content\/uploads\/2021\/02\/Sandra-Vera-Cruz-150x150.jpg 150w\" sizes=\"(max-width: 1080px) 100vw, 1080px\" \/><\/figure>\n<\/div>\n\n\n\n<div class=\"wp-block-column is-layout-flow wp-block-column-is-layout-flow\" style=\"flex-basis:66.66%\">\n<h4 class=\"wp-block-heading\"><strong>Sandra Vera Cruz<\/strong><\/h4>\n\n\n\n<h6 class=\"wp-block-heading has-iseg-red-color has-text-color\"><strong>Degree in Management, Country Manager Coca-Cola Portugal<\/strong><\/h6>\n\n\n\n<p>\u201cSchool isn&#039;t just about what we learn in class \u2013 it&#039;s also about networking and engaging with different people, learning while collaborating with others, sharing opinions or just listening. I had all of that from ISEG: a combination of technical skills and soft skills, it allowed me to develop as a professional and also as a person.\u201d<\/p>\n<\/div>\n<\/div>\n\n\n\n<hr class=\"wp-block-separator has-css-opacity\"\/>\n\n\n\n<div class=\"wp-block-columns is-layout-flex wp-container-core-columns-is-layout-6 wp-block-columns-is-layout-flex\">\n<div class=\"wp-block-column is-layout-flow wp-block-column-is-layout-flow\" style=\"flex-basis:33.33%\">\n<figure class=\"wp-block-image size-large\"><img loading=\"lazy\" decoding=\"async\" width=\"1080\" height=\"1080\" src=\"https:\/\/www.iseg.ulisboa.pt\/wp-content\/uploads\/2021\/02\/Lui\u0301sa-Virginia.jpg\" alt=\"\" class=\"wp-image-17177\" srcset=\"https:\/\/www.iseg.ulisboa.pt\/wp-content\/uploads\/2021\/02\/Lui\u0301sa-Virginia.jpg 1080w, https:\/\/www.iseg.ulisboa.pt\/wp-content\/uploads\/2021\/02\/Lui\u0301sa-Virginia-300x300.jpg 300w, https:\/\/www.iseg.ulisboa.pt\/wp-content\/uploads\/2021\/02\/Lui\u0301sa-Virginia-150x150.jpg 150w\" sizes=\"(max-width: 1080px) 100vw, 1080px\" \/><\/figure>\n<\/div>\n\n\n\n<div class=\"wp-block-column is-layout-flow wp-block-column-is-layout-flow\" style=\"flex-basis:66.66%\">\n<h4 class=\"wp-block-heading\"><strong>Ana Luisa Virginia<\/strong><\/h4>\n\n\n\n<h6 class=\"wp-block-heading has-iseg-red-color has-text-color\"><strong><strong>Degree in management,<\/strong><\/strong> <strong>CFO of the Jer\u00f3nimo Martins Group<\/strong><\/h6>\n\n\n\n<p>\u201cI am very grateful to ISEG for the lessons, knowledge, opportunities and friendships.\u201d<\/p>\n<\/div>\n<\/div>\n\n\n\n<hr class=\"wp-block-separator has-css-opacity\"\/>\n\n\n\n<div class=\"wp-block-columns is-layout-flex wp-container-core-columns-is-layout-7 wp-block-columns-is-layout-flex\">\n<div class=\"wp-block-column is-layout-flow wp-block-column-is-layout-flow\" style=\"flex-basis:33.33%\">\n<figure class=\"wp-block-image size-large\"><img loading=\"lazy\" decoding=\"async\" width=\"1080\" height=\"1080\" src=\"https:\/\/www.iseg.ulisboa.pt\/wp-content\/uploads\/2021\/02\/Ana-Torres.jpg\" alt=\"\" class=\"wp-image-16990\" srcset=\"https:\/\/www.iseg.ulisboa.pt\/wp-content\/uploads\/2021\/02\/Ana-Torres.jpg 1080w, https:\/\/www.iseg.ulisboa.pt\/wp-content\/uploads\/2021\/02\/Ana-Torres-300x300.jpg 300w, https:\/\/www.iseg.ulisboa.pt\/wp-content\/uploads\/2021\/02\/Ana-Torres-150x150.jpg 150w\" sizes=\"(max-width: 1080px) 100vw, 1080px\" \/><\/figure>\n<\/div>\n\n\n\n<div class=\"wp-block-column is-layout-flow wp-block-column-is-layout-flow\" style=\"flex-basis:66.66%\">\n<h3 class=\"wp-block-heading\"><strong>Ana Torres<\/strong><\/h3>\n\n\n\n<h6 class=\"wp-block-heading has-iseg-red-color has-text-color\"><strong><strong>Degree in management,<\/strong><\/strong> <strong><strong>MS Europe Cluster Lead RD at Pfizer<\/strong><\/strong><\/h6>\n\n\n\n<p>\u201cCongratulations ISEG for the tradition in the plurality of ideas, in the contribution to the knowledge of economic, financial and business science. I hope you continue to create value and innovate.\u201d&nbsp;<\/p>\n<\/div>\n<\/div>\n\n\n\n<hr class=\"wp-block-separator has-css-opacity\"\/>\n\n\n\n<h2 class=\"wp-block-heading\">Alumni Econ\u00f3micas<\/h2>\n\n\n\n<p class=\"has-large-font-size\">ISEG hosts the largest association of economics and management alumni in the country, Alumni Econ\u00f3micas.<\/p>\n\n\n\n<p>The Association of Former Students of ISEG was created in 1991 and aims to continue and foster the relationship of these former students with their alma mater and streamline the ongoing training of former students.<\/p>\n\n\n\n<p>To this end, it organizes several conferences and seminars throughout the year and promotes a mentoring program for recent graduates of the Institute.<\/p>\n\n\n\n<p>Every year, on the 23rd of May, the foundation day of ISEG, the Association celebrates together with the Institute the day \u201cISEG and Ex-Aluno Day\u201d with a solemn session in honor of the two alumni whose careers were distinguished in the areas of economics, politics and society and in the areas of management and entrepreneurship.<\/p>\n\n\n\n<p><a rel=\"noreferrer noopener\" href=\"https:\/\/www.iseg.ulisboa.pt\/en\/aquila\/investigation\/alumni\/\" data-type=\"URL\" data-id=\"https:\/\/www.iseg.ulisboa.pt\/aquila\/investigacao\/alumni\" target=\"_blank\">Learn more here<\/a><\/p>","protected":false},"excerpt":{"rendered":"ISEG alumni are high-level professionals working in the world's leading companies and institutions. The initiatives and involvement of the Associa\u00e7\u00e3o Alumni Econ\u00f3micas have helped to make [...]","protected":false},"author":2,"featured_media":0,"parent":527,"menu_order":2,"comment_status":"closed","ping_status":"closed","template":"","meta":{"inline_featured_image":false,"_uag_custom_page_level_css":"","footnotes":""},"acf":[],"yoast_head":"<!-- This site is optimized with the Yoast SEO plugin v22.6 - https:\/\/yoast.com\/wordpress\/plugins\/seo\/ -->\n<title>Alumni - ISEG<\/title>\n<meta name=\"robots\" content=\"index, follow, max-snippet:-1, max-image-preview:large, max-video-preview:-1\" \/>\n<link rel=\"canonical\" href=\"https:\/\/www.iseg.ulisboa.pt\/en\/people\/alumni\/\" \/>\n<meta name=\"twitter:label1\" content=\"Est. reading time\" \/>\n\t<meta name=\"twitter:data1\" content=\"5 minutes\" \/>\n<script type=\"application\/ld+json\" class=\"yoast-schema-graph\">{\"@context\":\"https:\/\/schema.org\",\"@graph\":[{\"@type\":\"WebPage\",\"@id\":\"https:\/\/www.iseg.ulisboa.pt\/en\/people\/alumni\/\",\"url\":\"https:\/\/www.iseg.ulisboa.pt\/en\/people\/alumni\/\",\"name\":\"Alumni - ISEG\",\"isPartOf\":{\"@id\":\"https:\/\/www.iseg.ulisboa.pt\/en\/#website\"},\"primaryImageOfPage\":{\"@id\":\"https:\/\/www.iseg.ulisboa.pt\/en\/people\/alumni\/#primaryimage\"},\"image\":{\"@id\":\"https:\/\/www.iseg.ulisboa.pt\/en\/people\/alumni\/#primaryimage\"},\"thumbnailUrl\":\"https:\/\/www.iseg.ulisboa.pt\/wp-content\/uploads\/2021\/01\/Paulo-Macedo-1.jpg\",\"datePublished\":\"2021-01-08T15:01:00+00:00\",\"dateModified\":\"2025-09-30T16:49:32+00:00\",\"breadcrumb\":{\"@id\":\"https:\/\/www.iseg.ulisboa.pt\/en\/people\/alumni\/#breadcrumb\"},\"inLanguage\":\"en-US\",\"potentialAction\":[{\"@type\":\"ReadAction\",\"target\":[\"https:\/\/www.iseg.ulisboa.pt\/en\/people\/alumni\/\"]}]},{\"@type\":\"ImageObject\",\"inLanguage\":\"en-US\",\"@id\":\"https:\/\/www.iseg.ulisboa.pt\/en\/people\/alumni\/#primaryimage\",\"url\":\"https:\/\/www.iseg.ulisboa.pt\/wp-content\/uploads\/2021\/01\/Paulo-Macedo-1.jpg\",\"contentUrl\":\"https:\/\/www.iseg.ulisboa.pt\/wp-content\/uploads\/2021\/01\/Paulo-Macedo-1.jpg\"},{\"@type\":\"BreadcrumbList\",\"@id\":\"https:\/\/www.iseg.ulisboa.pt\/en\/people\/alumni\/#breadcrumb\",\"itemListElement\":[{\"@type\":\"ListItem\",\"position\":1,\"name\":\"Home\",\"item\":\"https:\/\/www.iseg.ulisboa.pt\/\"},{\"@type\":\"ListItem\",\"position\":2,\"name\":\"Pessoas\",\"item\":\"https:\/\/www.iseg.ulisboa.pt\/pessoas\/\"},{\"@type\":\"ListItem\",\"position\":3,\"name\":\"Alumni\"}]},{\"@type\":\"WebSite\",\"@id\":\"https:\/\/www.iseg.ulisboa.pt\/en\/#website\",\"url\":\"https:\/\/www.iseg.ulisboa.pt\/en\/\",\"name\":\"ISEG\",\"description\":\"Lisbon School of Economics &amp; Management\",\"publisher\":{\"@id\":\"https:\/\/www.iseg.ulisboa.pt\/en\/#organization\"},\"potentialAction\":[{\"@type\":\"SearchAction\",\"target\":{\"@type\":\"EntryPoint\",\"urlTemplate\":\"https:\/\/www.iseg.ulisboa.pt\/en\/?s={search_term_string}\"},\"query-input\":\"required name=search_term_string\"}],\"inLanguage\":\"en-US\"},{\"@type\":\"Organization\",\"@id\":\"https:\/\/www.iseg.ulisboa.pt\/en\/#organization\",\"name\":\"ISEG\",\"url\":\"https:\/\/www.iseg.ulisboa.pt\/en\/\",\"logo\":{\"@type\":\"ImageObject\",\"inLanguage\":\"en-US\",\"@id\":\"https:\/\/www.iseg.ulisboa.pt\/en\/#\/schema\/logo\/image\/\",\"url\":\"https:\/\/www.iseg.ulisboa.pt\/wp-content\/uploads\/2021\/02\/iseg-logo-ul.svg\",\"contentUrl\":\"https:\/\/www.iseg.ulisboa.pt\/wp-content\/uploads\/2021\/02\/iseg-logo-ul.svg\",\"width\":250,\"height\":120,\"caption\":\"ISEG\"},\"image\":{\"@id\":\"https:\/\/www.iseg.ulisboa.pt\/en\/#\/schema\/logo\/image\/\"},\"sameAs\":[\"https:\/\/www.facebook.com\/iseg.pt\",\"https:\/\/x.com\/iseglisbon\",\"https:\/\/www.instagram.com\/iseglisbon\/\",\"https:\/\/www.linkedin.com\/school\/iseglisbon\/\",\"https:\/\/www.youtube.com\/user\/DMREISEG\"]}]}<\/script>\n<!-- \/ Yoast SEO plugin. -->","yoast_head_json":{"title":"Alumni - ISEG","robots":{"index":"index","follow":"follow","max-snippet":"max-snippet:-1","max-image-preview":"max-image-preview:large","max-video-preview":"max-video-preview:-1"},"canonical":"https:\/\/www.iseg.ulisboa.pt\/en\/people\/alumni\/","twitter_misc":{"Est. reading time":"5 minutes"},"schema":{"@context":"https:\/\/schema.org","@graph":[{"@type":"WebPage","@id":"https:\/\/www.iseg.ulisboa.pt\/en\/people\/alumni\/","url":"https:\/\/www.iseg.ulisboa.pt\/en\/people\/alumni\/","name":"Alumni - ISEG","isPartOf":{"@id":"https:\/\/www.iseg.ulisboa.pt\/en\/#website"},"primaryImageOfPage":{"@id":"https:\/\/www.iseg.ulisboa.pt\/en\/people\/alumni\/#primaryimage"},"image":{"@id":"https:\/\/www.iseg.ulisboa.pt\/en\/people\/alumni\/#primaryimage"},"thumbnailUrl":"https:\/\/www.iseg.ulisboa.pt\/wp-content\/uploads\/2021\/01\/Paulo-Macedo-1.jpg","datePublished":"2021-01-08T15:01:00+00:00","dateModified":"2025-09-30T16:49:32+00:00","breadcrumb":{"@id":"https:\/\/www.iseg.ulisboa.pt\/en\/people\/alumni\/#breadcrumb"},"inLanguage":"en-US","potentialAction":[{"@type":"ReadAction","target":["https:\/\/www.iseg.ulisboa.pt\/en\/people\/alumni\/"]}]},{"@type":"ImageObject","inLanguage":"en-US","@id":"https:\/\/www.iseg.ulisboa.pt\/en\/people\/alumni\/#primaryimage","url":"https:\/\/www.iseg.ulisboa.pt\/wp-content\/uploads\/2021\/01\/Paulo-Macedo-1.jpg","contentUrl":"https:\/\/www.iseg.ulisboa.pt\/wp-content\/uploads\/2021\/01\/Paulo-Macedo-1.jpg"},{"@type":"BreadcrumbList","@id":"https:\/\/www.iseg.ulisboa.pt\/en\/people\/alumni\/#breadcrumb","itemListElement":[{"@type":"ListItem","position":1,"name":"Home","item":"https:\/\/www.iseg.ulisboa.pt\/"},{"@type":"ListItem","position":2,"name":"Pessoas","item":"https:\/\/www.iseg.ulisboa.pt\/pessoas\/"},{"@type":"ListItem","position":3,"name":"Alumni"}]},{"@type":"WebSite","@id":"https:\/\/www.iseg.ulisboa.pt\/en\/#website","url":"https:\/\/www.iseg.ulisboa.pt\/en\/","name":"ISEG","description":"Lisbon School of Economics &amp; Management","publisher":{"@id":"https:\/\/www.iseg.ulisboa.pt\/en\/#organization"},"potentialAction":[{"@type":"SearchAction","target":{"@type":"EntryPoint","urlTemplate":"https:\/\/www.iseg.ulisboa.pt\/en\/?s={search_term_string}"},"query-input":"required name=search_term_string"}],"inLanguage":"en-US"},{"@type":"Organization","@id":"https:\/\/www.iseg.ulisboa.pt\/en\/#organization","name":"ISEG","url":"https:\/\/www.iseg.ulisboa.pt\/en\/","logo":{"@type":"ImageObject","inLanguage":"en-US","@id":"https:\/\/www.iseg.ulisboa.pt\/en\/#\/schema\/logo\/image\/","url":"https:\/\/www.iseg.ulisboa.pt\/wp-content\/uploads\/2021\/02\/iseg-logo-ul.svg","contentUrl":"https:\/\/www.iseg.ulisboa.pt\/wp-content\/uploads\/2021\/02\/iseg-logo-ul.svg","width":250,"height":120,"caption":"ISEG"},"image":{"@id":"https:\/\/www.iseg.ulisboa.pt\/en\/#\/schema\/logo\/image\/"},"sameAs":["https:\/\/www.facebook.com\/iseg.pt","https:\/\/x.com\/iseglisbon","https:\/\/www.instagram.com\/iseglisbon\/","https:\/\/www.linkedin.com\/school\/iseglisbon\/","https:\/\/www.youtube.com\/user\/DMREISEG"]}]}},"uagb_featured_image_src":{"full":false,"thumbnail":false,"medium":false,"medium_large":false,"large":false,"1536x1536":false,"2048x2048":false,"trp-custom-language-flag":false},"uagb_author_info":{"display_name":"Major","author_link":"https:\/\/www.iseg.ulisboa.pt\/en\/author\/leihla\/"},"uagb_comment_info":0,"uagb_excerpt":"Os antigos alunos do ISEG s\u00e3o profissionais de alto n\u00edvel que trabalham nas principais empresas e institui\u00e7\u00f5es mundiais. As iniciativas e o envolvimento da Associa\u00e7\u00e3o Alumni Econ\u00f3micas ajudaram a tornar&nbsp;[...]","_links":{"self":[{"href":"https:\/\/www.iseg.ulisboa.pt\/en\/wp-json\/wp\/v2\/pages\/535"}],"collection":[{"href":"https:\/\/www.iseg.ulisboa.pt\/en\/wp-json\/wp\/v2\/pages"}],"about":[{"href":"https:\/\/www.iseg.ulisboa.pt\/en\/wp-json\/wp\/v2\/types\/page"}],"author":[{"embeddable":true,"href":"https:\/\/www.iseg.ulisboa.pt\/en\/wp-json\/wp\/v2\/users\/2"}],"replies":[{"embeddable":true,"href":"https:\/\/www.iseg.ulisboa.pt\/en\/wp-json\/wp\/v2\/comments?post=535"}],"version-history":[{"count":0,"href":"https:\/\/www.iseg.ulisboa.pt\/en\/wp-json\/wp\/v2\/pages\/535\/revisions"}],"up":[{"embeddable":true,"href":"https:\/\/www.iseg.ulisboa.pt\/en\/wp-json\/wp\/v2\/pages\/527"}],"wp:attachment":[{"href":"https:\/\/www.iseg.ulisboa.pt\/en\/wp-json\/wp\/v2\/media?parent=535"}],"curies":[{"name":"wp","href":"https:\/\/api.w.org\/{rel}","templated":true}]}}