{"id":536,"date":"2021-01-08T15:01:09","date_gmt":"2021-01-08T15:01:09","guid":{"rendered":"https:\/\/iseg.gomo.dev\/?page_id=536"},"modified":"2022-11-18T15:01:09","modified_gmt":"2022-11-18T15:01:09","slug":"students","status":"publish","type":"page","link":"https:\/\/www.iseg.ulisboa.pt\/en\/people\/students\/","title":{"rendered":"Students"},"content":{"rendered":"<p class=\"has-large-font-size\">You can\u2019t learn everything  in the classroom or from a textbook. ISEG students are well known for winning international and national awards as recognition for their projects and business ideas, as well as for winning national and international contests and awards, whilst at the same time they manage to carry out their academic obligations.<\/p>\n\n\n\n<h3 class=\"wp-block-heading\">Joana Ferreira<\/h3>\n\n\n\n<p>A graduate student in Management, tried unsuccessfully to find an attractive and comfortable swimsuit in which she could spend hours in the water and get tanned all over her body at the same time \u2013 even the parts which are usually covered by a bikini or swimsuit. So she ventured to launch her own brand: Nudist.<br><a rel=\"noreferrer noopener\" href=\"https:\/\/www.nit.pt\/compras\/lojas-e-marcas\/esta-portuguesa-de-19-anos-criou-uma-linha-de-swimwear-que-nao-deixa-marcas-de-bronze\" data-type=\"URL\" data-id=\"https:\/\/www.nit.pt\/compras\/lojas-e-marcas\/esta-portuguesa-de-19-anos-criou-uma-linha-de-swimwear-que-nao-deixa-marcas-de-bronze\" target=\"_blank\">Learn more here<\/a><\/p>\n\n\n\n<hr class=\"wp-block-separator has-css-opacity\" \/>\n\n\n\n<h3 class=\"wp-block-heading\">Dora Morgado, Mariana Cintra, Rita Santos, Jo\u00e3o Bento, Francisca Pires<\/h3>\n\n\n\n<p>Vice-Champions of the European Entrepreneurship Contest: Junior Achievement Europe Enterprise Challenge 2020,  for developing a customised and personalised protective equipment for combat sports which is made to perfectly fit the form of the athletes\u2019 bodies.<br><a rel=\"noreferrer noopener\" href=\"https:\/\/www.iseg.ulisboa.pt\/en\/aquila\/publico\/units\/announcements.do\/?method=viewAnnouncement&amp;unitID=102&amp;announcementId=1889590&amp;contentContextPath_PATH=\/instituicao\/ISEG\/initial-page&amp;_request_checksum_=8d1bc0cf5a2b7ec0822c572689635f56ada720bf\" data-type=\"URL\" data-id=\"https:\/\/www.iseg.ulisboa.pt\/aquila\/publico\/units\/announcements.do?method=viewAnnouncement&amp;unitID=102&amp;announcementId=1889590&amp;contentContextPath_PATH=\/instituicao\/ISEG\/initial-page&amp;_request_checksum_=8d1bc0cf5a2b7ec0822c572689635f56ada720bf\" target=\"_blank\">Learn more here<\/a><\/p>\n\n\n\n<hr class=\"wp-block-separator has-css-opacity\" \/>\n\n\n\n<h3 class=\"wp-block-heading\">Arthur Pinheiro, Margarida Alpalh\u00e3o, Patr\u00edcia Ferreira, C\u00e9sar Teixeira and Jorge Faria<\/h3>\n\n\n\n<p>Students of Masters in Finance, achieved being in the TOP 4 of the European regional final of the CFA Challenge, which is the largest global competition for students of Finance.<br><a rel=\"noreferrer noopener\" href=\"https:\/\/www.iseg.ulisboa.pt\/en\/aquila\/publico\/units\/announcements.do\/?method=viewAnnouncement&amp;unitID=102&amp;announcementId=1870904&amp;contentContextPath_PATH=\/instituicao\/ISEG\/initial-page&amp;_request_checksum_=354afbe4fe249f204abe9dd33c3d8c64fea91abf\" data-type=\"URL\" data-id=\"https:\/\/www.iseg.ulisboa.pt\/aquila\/publico\/units\/announcements.do?method=viewAnnouncement&amp;unitID=102&amp;announcementId=1870904&amp;contentContextPath_PATH=\/instituicao\/ISEG\/initial-page&amp;_request_checksum_=354afbe4fe249f204abe9dd33c3d8c64fea91abf\" target=\"_blank\">To know<\/a><a rel=\"noreferrer noopener\" href=\"https:\/\/www.iseg.ulisboa.pt\/en\/aquila\/publico\/units\/announcements.do\/?method=viewAnnouncement&amp;unitID=102&amp;announcementId=1870904&amp;contentContextPath_PATH=\/instituicao\/ISEG\/initial-page&amp;_request_checksum_=354afbe4fe249f204abe9dd33c3d8c64fea91abf\" data-type=\"URL\" target=\"_blank\"> <\/a><a rel=\"noreferrer noopener\" href=\"https:\/\/www.iseg.ulisboa.pt\/en\/aquila\/publico\/units\/announcements.do\/?method=viewAnnouncement&amp;unitID=102&amp;announcementId=1870904&amp;contentContextPath_PATH=\/instituicao\/ISEG\/initial-page&amp;_request_checksum_=354afbe4fe249f204abe9dd33c3d8c64fea91abf\" data-type=\"URL\" data-id=\"https:\/\/www.iseg.ulisboa.pt\/aquila\/publico\/units\/announcements.do?method=viewAnnouncement&amp;unitID=102&amp;announcementId=1870904&amp;contentContextPath_PATH=\/instituicao\/ISEG\/initial-page&amp;_request_checksum_=354afbe4fe249f204abe9dd33c3d8c64fea91abf\" target=\"_blank\">more<\/a><\/p>\n\n\n\n<hr class=\"wp-block-separator has-css-opacity\" \/>\n\n\n\n<h3 class=\"wp-block-heading\">Diana Silva<\/h3>\n\n\n\n<p>ISEG student of Economics, has won the Mckinsey Next Generation Women Leaders Award, conceived by McKinsey &amp; Company with the objective to recognise talent and support students who wish to maximise their potential.<br><a href=\"https:\/\/www.iseg.ulisboa.pt\/en\/aquila\/publico\/units\/announcements.do\/?method=viewAnnouncement&amp;unitID=102&amp;announcementId=1919102&amp;contentContextPath_PATH=\/instituicao\/ISEG\/pagina-inicial\" data-type=\"URL\" data-id=\"https:\/\/www.iseg.ulisboa.pt\/aquila\/publico\/units\/announcements.do?method=viewAnnouncement&amp;unitID=102&amp;announcementId=1919102&amp;contentContextPath_PATH=\/instituicao\/ISEG\/pagina-inicial\">To know<\/a><a href=\"https:\/\/www.iseg.ulisboa.pt\/en\/aquila\/publico\/units\/announcements.do\/?method=viewAnnouncement&amp;unitID=102&amp;announcementId=1845141&amp;contentContextPath_PATH=\/instituicao\/ISEG\/pagina-inicial&amp;_request_checksum_=b8d77dbef2502981bf3555f3535f8894dac2cd6b\" data-type=\"URL\" data-id=\"https:\/\/www.iseg.ulisboa.pt\/aquila\/publico\/units\/announcements.do?method=viewAnnouncement&amp;unitID=102&amp;announcementId=1845141&amp;contentContextPath_PATH=\/instituicao\/ISEG\/pagina-inicial&amp;_request_checksum_=b8d77dbef2502981bf3555f3535f8894dac2cd6b\"> <\/a><a rel=\"noreferrer noopener\" href=\"https:\/\/www.iseg.ulisboa.pt\/en\/aquila\/publico\/units\/announcements.do\/?method=viewAnnouncement&amp;unitID=102&amp;announcementId=1919102&amp;contentContextPath_PATH=\/instituicao\/ISEG\/pagina-inicial\" data-type=\"URL\" data-id=\"https:\/\/www.iseg.ulisboa.pt\/aquila\/publico\/units\/announcements.do?method=viewAnnouncement&amp;unitID=102&amp;announcementId=1919102&amp;contentContextPath_PATH=\/instituicao\/ISEG\/pagina-inicial\" target=\"_blank\">more<\/a><\/p>\n\n\n\n<hr class=\"wp-block-separator has-css-opacity\" \/>\n\n\n\n<h3 class=\"wp-block-heading\">Marta Rosado da Fonseca Vieira<\/h3>\n\n\n\n<p>Former student of the Masters in Economics and Public Policy won the Jacques Delors Prize, 2020, for her research on \u201cSubsidiarity as an institution in Europe: from small steps to a common future\u201d.<br><a rel=\"noreferrer noopener\" href=\"https:\/\/www.iseg.ulisboa.pt\/en\/aquila\/publico\/units\/announcements.do\/?method=viewAnnouncement&amp;unitID=102&amp;announcementId=1919102&amp;contentContextPath_PATH=\/instituicao\/ISEG\/pagina-inicial\" data-type=\"URL\" data-id=\"https:\/\/www.iseg.ulisboa.pt\/aquila\/publico\/units\/announcements.do?method=viewAnnouncement&amp;unitID=102&amp;announcementId=1919102&amp;contentContextPath_PATH=\/instituicao\/ISEG\/pagina-inicial\" target=\"_blank\">Learn more here<\/a><\/p>\n\n\n\n<hr class=\"wp-block-separator has-css-opacity\" \/>\n\n\n\n<h3 class=\"wp-block-heading\">Carolina Rocha<\/h3>\n\n\n\n<p>A student of the current 36th edition of the ISEG MBA, won first place in the \u201cMarketing &amp; Sales Expert\u201d category in Portuguese Women in Tech Awards.<br><a rel=\"noreferrer noopener\" href=\"https:\/\/www.idefe.pt\/publico\/units\/idefeAnnouncements.do?listBoardAnnouncements=true&amp;method=viewAnnouncement&amp;&amp;announcementId=1193727&amp;unitID=102&amp;contentContextPath_PATH=\/instituicao\/ISEGExecutiveEducation\/pagina-inicial\" target=\"_blank\">Learn more here<\/a><\/p>\n\n\n\n<hr class=\"wp-block-separator has-css-opacity\" \/>\n\n\n\n<h3 class=\"wp-block-heading\">Jorge Daniel Faria Silva<\/h3>\n\n\n\n<p>Who has a PhD from ISEG, has won ex-aequo, the prize awarded by the Ordem dos Economistas for the best thesis in Economics.<br><a rel=\"noreferrer noopener\" href=\"https:\/\/www.iseg.ulisboa.pt\/en\/aquila\/publico\/units\/announcements.do\/?method=viewAnnouncement&amp;unitID=102&amp;announcementId=1843113&amp;contentContextPath_PATH=\/instituicao\/ISEG\/pagina-inicial&amp;_request_checksum_=0ede11e1f1b93a4fb96333a4b61cce64e6b215f3\" data-type=\"URL\" data-id=\"https:\/\/www.iseg.ulisboa.pt\/aquila\/publico\/units\/announcements.do?method=viewAnnouncement&amp;unitID=102&amp;announcementId=1843113&amp;contentContextPath_PATH=\/instituicao\/ISEG\/pagina-inicial&amp;_request_checksum_=0ede11e1f1b93a4fb96333a4b61cce64e6b215f3\" target=\"_blank\">Learn more here<\/a><\/p>\n\n\n\n<p><\/p>","protected":false},"excerpt":{"rendered":"Not everything can be learned in a classroom or by reading a book. ISEG students are at the forefront of national and international recognition for their projects and [...]","protected":false},"author":2,"featured_media":0,"parent":527,"menu_order":3,"comment_status":"closed","ping_status":"closed","template":"","meta":{"inline_featured_image":false,"_uag_custom_page_level_css":"","footnotes":""},"acf":[],"yoast_head":"<!-- This site is optimized with the Yoast SEO plugin v22.6 - https:\/\/yoast.com\/wordpress\/plugins\/seo\/ -->\n<title>Estudantes - ISEG<\/title>\n<meta name=\"robots\" content=\"index, follow, max-snippet:-1, max-image-preview:large, max-video-preview:-1\" \/>\n<link rel=\"canonical\" href=\"https:\/\/www.iseg.ulisboa.pt\/en\/people\/students\/\" \/>\n<meta name=\"twitter:label1\" content=\"Est. reading time\" \/>\n\t<meta name=\"twitter:data1\" content=\"2 minutes\" \/>\n<script type=\"application\/ld+json\" class=\"yoast-schema-graph\">{\"@context\":\"https:\/\/schema.org\",\"@graph\":[{\"@type\":\"WebPage\",\"@id\":\"https:\/\/www.iseg.ulisboa.pt\/en\/people\/students\/\",\"url\":\"https:\/\/www.iseg.ulisboa.pt\/en\/people\/students\/\",\"name\":\"Estudantes - ISEG\",\"isPartOf\":{\"@id\":\"https:\/\/www.iseg.ulisboa.pt\/en\/#website\"},\"datePublished\":\"2021-01-08T15:01:09+00:00\",\"dateModified\":\"2022-11-18T15:01:09+00:00\",\"breadcrumb\":{\"@id\":\"https:\/\/www.iseg.ulisboa.pt\/en\/people\/students\/#breadcrumb\"},\"inLanguage\":\"en-US\",\"potentialAction\":[{\"@type\":\"ReadAction\",\"target\":[\"https:\/\/www.iseg.ulisboa.pt\/en\/people\/students\/\"]}]},{\"@type\":\"BreadcrumbList\",\"@id\":\"https:\/\/www.iseg.ulisboa.pt\/en\/people\/students\/#breadcrumb\",\"itemListElement\":[{\"@type\":\"ListItem\",\"position\":1,\"name\":\"Home\",\"item\":\"https:\/\/www.iseg.ulisboa.pt\/\"},{\"@type\":\"ListItem\",\"position\":2,\"name\":\"Pessoas\",\"item\":\"https:\/\/www.iseg.ulisboa.pt\/pessoas\/\"},{\"@type\":\"ListItem\",\"position\":3,\"name\":\"Estudantes\"}]},{\"@type\":\"WebSite\",\"@id\":\"https:\/\/www.iseg.ulisboa.pt\/en\/#website\",\"url\":\"https:\/\/www.iseg.ulisboa.pt\/en\/\",\"name\":\"ISEG\",\"description\":\"Lisbon School of Economics &amp; Management\",\"publisher\":{\"@id\":\"https:\/\/www.iseg.ulisboa.pt\/en\/#organization\"},\"potentialAction\":[{\"@type\":\"SearchAction\",\"target\":{\"@type\":\"EntryPoint\",\"urlTemplate\":\"https:\/\/www.iseg.ulisboa.pt\/en\/?s={search_term_string}\"},\"query-input\":\"required name=search_term_string\"}],\"inLanguage\":\"en-US\"},{\"@type\":\"Organization\",\"@id\":\"https:\/\/www.iseg.ulisboa.pt\/en\/#organization\",\"name\":\"ISEG\",\"url\":\"https:\/\/www.iseg.ulisboa.pt\/en\/\",\"logo\":{\"@type\":\"ImageObject\",\"inLanguage\":\"en-US\",\"@id\":\"https:\/\/www.iseg.ulisboa.pt\/en\/#\/schema\/logo\/image\/\",\"url\":\"https:\/\/www.iseg.ulisboa.pt\/wp-content\/uploads\/2021\/02\/iseg-logo-ul.svg\",\"contentUrl\":\"https:\/\/www.iseg.ulisboa.pt\/wp-content\/uploads\/2021\/02\/iseg-logo-ul.svg\",\"width\":250,\"height\":120,\"caption\":\"ISEG\"},\"image\":{\"@id\":\"https:\/\/www.iseg.ulisboa.pt\/en\/#\/schema\/logo\/image\/\"},\"sameAs\":[\"https:\/\/www.facebook.com\/iseg.pt\",\"https:\/\/x.com\/iseglisbon\",\"https:\/\/www.instagram.com\/iseglisbon\/\",\"https:\/\/www.linkedin.com\/school\/iseglisbon\/\",\"https:\/\/www.youtube.com\/user\/DMREISEG\"]}]}<\/script>\n<!-- \/ Yoast SEO plugin. -->","yoast_head_json":{"title":"Students - ISEG","robots":{"index":"index","follow":"follow","max-snippet":"max-snippet:-1","max-image-preview":"max-image-preview:large","max-video-preview":"max-video-preview:-1"},"canonical":"https:\/\/www.iseg.ulisboa.pt\/en\/people\/students\/","twitter_misc":{"Est. reading time":"2 minutes"},"schema":{"@context":"https:\/\/schema.org","@graph":[{"@type":"WebPage","@id":"https:\/\/www.iseg.ulisboa.pt\/en\/people\/students\/","url":"https:\/\/www.iseg.ulisboa.pt\/en\/people\/students\/","name":"Students - ISEG","isPartOf":{"@id":"https:\/\/www.iseg.ulisboa.pt\/en\/#website"},"datePublished":"2021-01-08T15:01:09+00:00","dateModified":"2022-11-18T15:01:09+00:00","breadcrumb":{"@id":"https:\/\/www.iseg.ulisboa.pt\/en\/people\/students\/#breadcrumb"},"inLanguage":"en-US","potentialAction":[{"@type":"ReadAction","target":["https:\/\/www.iseg.ulisboa.pt\/en\/people\/students\/"]}]},{"@type":"BreadcrumbList","@id":"https:\/\/www.iseg.ulisboa.pt\/en\/people\/students\/#breadcrumb","itemListElement":[{"@type":"ListItem","position":1,"name":"Home","item":"https:\/\/www.iseg.ulisboa.pt\/"},{"@type":"ListItem","position":2,"name":"Pessoas","item":"https:\/\/www.iseg.ulisboa.pt\/pessoas\/"},{"@type":"ListItem","position":3,"name":"Estudantes"}]},{"@type":"WebSite","@id":"https:\/\/www.iseg.ulisboa.pt\/en\/#website","url":"https:\/\/www.iseg.ulisboa.pt\/en\/","name":"ISEG","description":"Lisbon School of Economics &amp; Management","publisher":{"@id":"https:\/\/www.iseg.ulisboa.pt\/en\/#organization"},"potentialAction":[{"@type":"SearchAction","target":{"@type":"EntryPoint","urlTemplate":"https:\/\/www.iseg.ulisboa.pt\/en\/?s={search_term_string}"},"query-input":"required name=search_term_string"}],"inLanguage":"en-US"},{"@type":"Organization","@id":"https:\/\/www.iseg.ulisboa.pt\/en\/#organization","name":"ISEG","url":"https:\/\/www.iseg.ulisboa.pt\/en\/","logo":{"@type":"ImageObject","inLanguage":"en-US","@id":"https:\/\/www.iseg.ulisboa.pt\/en\/#\/schema\/logo\/image\/","url":"https:\/\/www.iseg.ulisboa.pt\/wp-content\/uploads\/2021\/02\/iseg-logo-ul.svg","contentUrl":"https:\/\/www.iseg.ulisboa.pt\/wp-content\/uploads\/2021\/02\/iseg-logo-ul.svg","width":250,"height":120,"caption":"ISEG"},"image":{"@id":"https:\/\/www.iseg.ulisboa.pt\/en\/#\/schema\/logo\/image\/"},"sameAs":["https:\/\/www.facebook.com\/iseg.pt","https:\/\/x.com\/iseglisbon","https:\/\/www.instagram.com\/iseglisbon\/","https:\/\/www.linkedin.com\/school\/iseglisbon\/","https:\/\/www.youtube.com\/user\/DMREISEG"]}]}},"uagb_featured_image_src":{"full":false,"thumbnail":false,"medium":false,"medium_large":false,"large":false,"1536x1536":false,"2048x2048":false,"trp-custom-language-flag":false},"uagb_author_info":{"display_name":"Major","author_link":"https:\/\/www.iseg.ulisboa.pt\/en\/author\/leihla\/"},"uagb_comment_info":0,"uagb_excerpt":"Nem tudo se pode aprender numa sala de aula ou a ler um livro. Os alunos do ISEG est\u00e3o na vanguarda do reconhecimento nacional e internacional pelos seus projectos e&nbsp;[...]","_links":{"self":[{"href":"https:\/\/www.iseg.ulisboa.pt\/en\/wp-json\/wp\/v2\/pages\/536"}],"collection":[{"href":"https:\/\/www.iseg.ulisboa.pt\/en\/wp-json\/wp\/v2\/pages"}],"about":[{"href":"https:\/\/www.iseg.ulisboa.pt\/en\/wp-json\/wp\/v2\/types\/page"}],"author":[{"embeddable":true,"href":"https:\/\/www.iseg.ulisboa.pt\/en\/wp-json\/wp\/v2\/users\/2"}],"replies":[{"embeddable":true,"href":"https:\/\/www.iseg.ulisboa.pt\/en\/wp-json\/wp\/v2\/comments?post=536"}],"version-history":[{"count":0,"href":"https:\/\/www.iseg.ulisboa.pt\/en\/wp-json\/wp\/v2\/pages\/536\/revisions"}],"up":[{"embeddable":true,"href":"https:\/\/www.iseg.ulisboa.pt\/en\/wp-json\/wp\/v2\/pages\/527"}],"wp:attachment":[{"href":"https:\/\/www.iseg.ulisboa.pt\/en\/wp-json\/wp\/v2\/media?parent=536"}],"curies":[{"name":"wp","href":"https:\/\/api.w.org\/{rel}","templated":true}]}}