{"id":58804,"date":"2025-04-15T15:20:39","date_gmt":"2025-04-15T15:20:39","guid":{"rendered":"https:\/\/www.iseg.ulisboa.pt\/?page_id=58804"},"modified":"2025-08-13T11:32:26","modified_gmt":"2025-08-13T11:32:26","slug":"mentoring-program","status":"publish","type":"page","link":"https:\/\/www.iseg.ulisboa.pt\/en\/mentoring-program\/","title":{"rendered":""},"content":{"rendered":"<figure class=\"wp-block-image size-large\"><img loading=\"lazy\" decoding=\"async\" width=\"1024\" height=\"292\" src=\"https:\/\/www.iseg.ulisboa.pt\/wp-content\/uploads\/LogoMentorado_Vermelho-e1755084079782-1024x292.png\" alt=\"\" class=\"wp-image-61533\" srcset=\"https:\/\/www.iseg.ulisboa.pt\/wp-content\/uploads\/LogoMentorado_Vermelho-e1755084079782-1024x292.png 1024w, https:\/\/www.iseg.ulisboa.pt\/wp-content\/uploads\/LogoMentorado_Vermelho-e1755084079782-300x86.png 300w, https:\/\/www.iseg.ulisboa.pt\/wp-content\/uploads\/LogoMentorado_Vermelho-e1755084079782-1536x438.png 1536w, https:\/\/www.iseg.ulisboa.pt\/wp-content\/uploads\/LogoMentorado_Vermelho-e1755084079782-18x5.png 18w, https:\/\/www.iseg.ulisboa.pt\/wp-content\/uploads\/LogoMentorado_Vermelho-e1755084079782-768x219.png 768w, https:\/\/www.iseg.ulisboa.pt\/wp-content\/uploads\/LogoMentorado_Vermelho-e1755084079782.png 1603w\" sizes=\"(max-width: 1024px) 100vw, 1024px\" \/><\/figure>\n\n\n\n<p><strong>Start your #lifeatISEG on the right foot.<\/strong><br>The Mentorship Program supports the integration of new undergraduate students at ISEG by promoting the sharing of experiences between colleagues. The mentees receive more experienced students, the mentors.<\/p>\n\n\n\n<div class=\"wp-block-pb-accordion-item c-accordion__item js-accordion-item no-js\" data-initially-open=\"false\" data-click-to-close=\"true\" data-auto-close=\"true\" data-scroll=\"false\" data-scroll-offset=\"0\"><h2 id=\"at-588040\" class=\"c-accordion__title js-accordion-controller\" role=\"button\">Are you new to ISEG?<\/h2><div id=\"ac-588040\" class=\"c-accordion__content\">\n<p>When you enter ISEG, you will have a group of mentors - 2nd and 3rd year students - who will accompany you throughout the 1st semester.<br>You'll be able to clear up any doubts, get to know the campus, the services and your course better, and feel part of the community from day one.<\/p>\n\n\n\n<p>The sessions take place weekly, in person, in an informal setting, with topics prepared and adapted to your needs.<\/p>\n<\/div><\/div>\n\n\n\n<div class=\"wp-block-pb-accordion-item c-accordion__item js-accordion-item no-js\" data-initially-open=\"false\" data-click-to-close=\"true\" data-auto-close=\"true\" data-scroll=\"false\" data-scroll-offset=\"0\"><h2 id=\"at-588041\" class=\"c-accordion__title js-accordion-controller\" role=\"button\">Do you want to be a mentor?<\/h2><div id=\"ac-588041\" class=\"c-accordion__content\">\n<p>If you're in the 2nd or 3rd year of your degree, join the team welcoming new students and help them start their academic journey with confidence.<\/p>\n\n\n\n<ul>\n<li>Applications open every year in August - 2025\/2026 - August 13 to 24 - Sign up <a href=\"https:\/\/forms.office.com\/pages\/responsepage.aspx?id=g0AYnCDeWUiWjJbybbC_4bJC5btM7-ZMgjoJfm4i_LtUQkpCUDI5TjZLWUxJTVg3RUFINVhQNDNaMy4u&amp;route=shorturl\">here<\/a>!<\/li>\n\n\n\n<li>Being a mentor is an opportunity for personal and academic development.<\/li>\n\n\n\n<li>The program includes 1 ECTS, subject to the submission of a final report.<\/li>\n\n\n\n<li>The sessions are weekly, with flexible timetables to suit your group.<\/li>\n\n\n\n<li>You'll gain experience in leadership, communication and team spirit.<\/li>\n<\/ul>\n\n\n\n<p><strong>Take this opportunity to contribute to the culture of mutual help that makes ISEG unique.<\/strong><\/p>\n<\/div><\/div>\n\n\n\n<div class=\"wp-block-pb-accordion-item c-accordion__item js-accordion-item no-js\" data-initially-open=\"false\" data-click-to-close=\"true\" data-auto-close=\"true\" data-scroll=\"false\" data-scroll-offset=\"0\"><h2 id=\"at-588042\" class=\"c-accordion__title js-accordion-controller\" role=\"button\">Testimonials<\/h2><div id=\"ac-588042\" class=\"c-accordion__content\">\n<p><strong>Francisco Passareiro, 3rd year MAEG<\/strong><\/p>\n\n\n\n<p>In fact, ISEG was a pleasant surprise and a sigh of relief considering the intrinsic fear of the new reality I was embarking on: a new city, new people, new environments... everything was different.<br>However, at ISEG I found the comfort I needed to be myself and this was mainly due to the welcome week and especially the mentoring program, where, with the help of older students, my colleagues and I were able to open up and get to know the faculty better.<br>In this way, I believe that ISEG's mentoring program is a milestone compared to other faculties in the integration and adaptation of students to their new reality.<br>I'm sure ISEG was the right choice! <\/p>\n\n\n\n<figure class=\"wp-block-image size-full\"><img loading=\"lazy\" decoding=\"async\" width=\"191\" height=\"197\" src=\"https:\/\/www.iseg.ulisboa.pt\/wp-content\/uploads\/FranciscoPassareiro_CE-e1755084333976.png\" alt=\"\" class=\"wp-image-61531\" \/><\/figure>\n\n\n\n<p><strong>Mariana Silva, 3rd year Economics<\/strong><\/p>\n\n\n\n<p>I entered ISEG comforted by the fear of starting a new stage in my life, with all the uncertainties that come with change. The mentoring program was an experience that transformed my arrival. I quickly felt welcomed by three mentors who were willing to help me every step of the way. Knowing that I had someone more experienced ready to answer my questions gave me the security I needed.<\/p>\n\n\n\n<p>Throughout the sessions, I learned that tomorrow's story is written today. I was encouraged to step out of my comfort zone, meet new people and embrace opportunities from day one. It was more than academic support, it was the feeling that I was never alone, even when I didn't know I needed help.<\/p>\n\n\n\n<p>It was with my mentors that I first felt the unity and passion that define the ISEGian spirit. That was the first step towards discovering that ISEG is home, where I learned to wear my shirt with pride and shout to the world that I study at the best university in the country.<\/p>\n\n\n\n<figure class=\"wp-block-image size-full\"><img loading=\"lazy\" decoding=\"async\" width=\"191\" height=\"197\" src=\"https:\/\/www.iseg.ulisboa.pt\/wp-content\/uploads\/MarianaSilva_CE-e1755084382680.png\" alt=\"\" class=\"wp-image-61532\" \/><\/figure>\n<\/div><\/div>\n\n\n<div class=\"block-file-list\">\n\t<div class=\"container\">\n\t\t<div class=\"file-list\">\n\t\t\t<ul class=\"program-list\">\n                                    <li>\n                        <a target=\"_blank\" href=\"https:\/\/www.iseg.ulisboa.pt\/wp-content\/uploads\/REGULAMENTO-MENTORADO-2526.pdf.pdf\">\n                            <b>MENTOR REGULATION 2526.pdf<\/b><div class=\"file_info\"> ( pdf, 1 MB ) <\/div>                        <\/a>\n                    <\/li>\n                            <\/ul>\n\t\t<\/div>\n\t<\/div>\n<\/div>\n\n\n<section class=\"w-full mb-20\">\n    <div class=\"@container\">\n                    <h2 class=\"block-key-contacts__heading has-iseg-red-color\">Questions?<\/h2>\n                <div class=\"grid grid-cols-1 @4xl:grid-cols-4 @2xl:grid-cols-3 gap-4\">\n                                        <div class=\"bg-neutral-50 py-4 px-4 font-medium text-black\">\n                    <img decoding=\"async\" src=\"https:\/\/www.iseg.ulisboa.pt\/wp-content\/themes\/iseg\/assets\/images\/email.svg\" alt=\"Email\">\n                    <h3 class=\"mt-4 mb-2 font-bold !text-xl\">\n                        Email                    <\/h3>\n                                            <a href=\"mailto:you@iseg.ulisboa.pt\" class=\"block break-all\">\n                            you@iseg.ulisboa.pt                        <\/a>\n                                    <\/div>\n                                            <\/div>\n    <\/div>\n<\/section>","protected":false},"excerpt":{"rendered":"Start your #lifeatISEG on the right foot.The Mentorship Program supports the integration of new undergraduate students at ISEG, promoting the sharing of experiences between colleagues. The mentees [...]","protected":false},"author":5,"featured_media":0,"parent":0,"menu_order":0,"comment_status":"closed","ping_status":"closed","template":"","meta":{"inline_featured_image":false,"_uag_custom_page_level_css":"","footnotes":""},"acf":[],"yoast_head":"<!-- This site is optimized with the Yoast SEO plugin v22.6 - https:\/\/yoast.com\/wordpress\/plugins\/seo\/ -->\n<title>- ISEG<\/title>\n<meta name=\"robots\" content=\"index, follow, max-snippet:-1, max-image-preview:large, max-video-preview:-1\" \/>\n<link rel=\"canonical\" href=\"https:\/\/www.iseg.ulisboa.pt\/en\/mentoring-program\/\" \/>\n<meta name=\"twitter:label1\" content=\"Est. reading time\" \/>\n\t<meta name=\"twitter:data1\" content=\"4 minutes\" \/>\n<script type=\"application\/ld+json\" class=\"yoast-schema-graph\">{\"@context\":\"https:\/\/schema.org\",\"@graph\":[{\"@type\":\"WebPage\",\"@id\":\"https:\/\/www.iseg.ulisboa.pt\/en\/mentoring-program\/\",\"url\":\"https:\/\/www.iseg.ulisboa.pt\/en\/mentoring-program\/\",\"name\":\"- ISEG\",\"isPartOf\":{\"@id\":\"https:\/\/www.iseg.ulisboa.pt\/en\/#website\"},\"primaryImageOfPage\":{\"@id\":\"https:\/\/www.iseg.ulisboa.pt\/en\/mentoring-program\/#primaryimage\"},\"image\":{\"@id\":\"https:\/\/www.iseg.ulisboa.pt\/en\/mentoring-program\/#primaryimage\"},\"thumbnailUrl\":\"https:\/\/www.iseg.ulisboa.pt\/wp-content\/uploads\/LogoMentorado_Vermelho-e1755084079782-1024x292.png\",\"datePublished\":\"2025-04-15T15:20:39+00:00\",\"dateModified\":\"2025-08-13T11:32:26+00:00\",\"inLanguage\":\"en-US\",\"potentialAction\":[{\"@type\":\"ReadAction\",\"target\":[\"https:\/\/www.iseg.ulisboa.pt\/en\/mentoring-program\/\"]}]},{\"@type\":\"ImageObject\",\"inLanguage\":\"en-US\",\"@id\":\"https:\/\/www.iseg.ulisboa.pt\/en\/mentoring-program\/#primaryimage\",\"url\":\"https:\/\/www.iseg.ulisboa.pt\/wp-content\/uploads\/LogoMentorado_Vermelho-e1755084079782-1024x292.png\",\"contentUrl\":\"https:\/\/www.iseg.ulisboa.pt\/wp-content\/uploads\/LogoMentorado_Vermelho-e1755084079782-1024x292.png\"},{\"@type\":\"WebSite\",\"@id\":\"https:\/\/www.iseg.ulisboa.pt\/en\/#website\",\"url\":\"https:\/\/www.iseg.ulisboa.pt\/en\/\",\"name\":\"ISEG\",\"description\":\"Lisbon School of Economics &amp; Management\",\"publisher\":{\"@id\":\"https:\/\/www.iseg.ulisboa.pt\/en\/#organization\"},\"potentialAction\":[{\"@type\":\"SearchAction\",\"target\":{\"@type\":\"EntryPoint\",\"urlTemplate\":\"https:\/\/www.iseg.ulisboa.pt\/en\/?s={search_term_string}\"},\"query-input\":\"required name=search_term_string\"}],\"inLanguage\":\"en-US\"},{\"@type\":\"Organization\",\"@id\":\"https:\/\/www.iseg.ulisboa.pt\/en\/#organization\",\"name\":\"ISEG\",\"url\":\"https:\/\/www.iseg.ulisboa.pt\/en\/\",\"logo\":{\"@type\":\"ImageObject\",\"inLanguage\":\"en-US\",\"@id\":\"https:\/\/www.iseg.ulisboa.pt\/en\/#\/schema\/logo\/image\/\",\"url\":\"https:\/\/www.iseg.ulisboa.pt\/wp-content\/uploads\/2021\/02\/iseg-logo-ul.svg\",\"contentUrl\":\"https:\/\/www.iseg.ulisboa.pt\/wp-content\/uploads\/2021\/02\/iseg-logo-ul.svg\",\"width\":250,\"height\":120,\"caption\":\"ISEG\"},\"image\":{\"@id\":\"https:\/\/www.iseg.ulisboa.pt\/en\/#\/schema\/logo\/image\/\"},\"sameAs\":[\"https:\/\/www.facebook.com\/iseg.pt\",\"https:\/\/x.com\/iseglisbon\",\"https:\/\/www.instagram.com\/iseglisbon\/\",\"https:\/\/www.linkedin.com\/school\/iseglisbon\/\",\"https:\/\/www.youtube.com\/user\/DMREISEG\"]}]}<\/script>\n<!-- \/ Yoast SEO plugin. -->","yoast_head_json":{"title":"- ISEG","robots":{"index":"index","follow":"follow","max-snippet":"max-snippet:-1","max-image-preview":"max-image-preview:large","max-video-preview":"max-video-preview:-1"},"canonical":"https:\/\/www.iseg.ulisboa.pt\/en\/mentoring-program\/","twitter_misc":{"Est. reading time":"4 minutes"},"schema":{"@context":"https:\/\/schema.org","@graph":[{"@type":"WebPage","@id":"https:\/\/www.iseg.ulisboa.pt\/en\/mentoring-program\/","url":"https:\/\/www.iseg.ulisboa.pt\/en\/mentoring-program\/","name":"- ISEG","isPartOf":{"@id":"https:\/\/www.iseg.ulisboa.pt\/en\/#website"},"primaryImageOfPage":{"@id":"https:\/\/www.iseg.ulisboa.pt\/en\/mentoring-program\/#primaryimage"},"image":{"@id":"https:\/\/www.iseg.ulisboa.pt\/en\/mentoring-program\/#primaryimage"},"thumbnailUrl":"https:\/\/www.iseg.ulisboa.pt\/wp-content\/uploads\/LogoMentorado_Vermelho-e1755084079782-1024x292.png","datePublished":"2025-04-15T15:20:39+00:00","dateModified":"2025-08-13T11:32:26+00:00","inLanguage":"en-US","potentialAction":[{"@type":"ReadAction","target":["https:\/\/www.iseg.ulisboa.pt\/en\/mentoring-program\/"]}]},{"@type":"ImageObject","inLanguage":"en-US","@id":"https:\/\/www.iseg.ulisboa.pt\/en\/mentoring-program\/#primaryimage","url":"https:\/\/www.iseg.ulisboa.pt\/wp-content\/uploads\/LogoMentorado_Vermelho-e1755084079782-1024x292.png","contentUrl":"https:\/\/www.iseg.ulisboa.pt\/wp-content\/uploads\/LogoMentorado_Vermelho-e1755084079782-1024x292.png"},{"@type":"WebSite","@id":"https:\/\/www.iseg.ulisboa.pt\/en\/#website","url":"https:\/\/www.iseg.ulisboa.pt\/en\/","name":"ISEG","description":"Lisbon School of Economics &amp; Management","publisher":{"@id":"https:\/\/www.iseg.ulisboa.pt\/en\/#organization"},"potentialAction":[{"@type":"SearchAction","target":{"@type":"EntryPoint","urlTemplate":"https:\/\/www.iseg.ulisboa.pt\/en\/?s={search_term_string}"},"query-input":"required name=search_term_string"}],"inLanguage":"en-US"},{"@type":"Organization","@id":"https:\/\/www.iseg.ulisboa.pt\/en\/#organization","name":"ISEG","url":"https:\/\/www.iseg.ulisboa.pt\/en\/","logo":{"@type":"ImageObject","inLanguage":"en-US","@id":"https:\/\/www.iseg.ulisboa.pt\/en\/#\/schema\/logo\/image\/","url":"https:\/\/www.iseg.ulisboa.pt\/wp-content\/uploads\/2021\/02\/iseg-logo-ul.svg","contentUrl":"https:\/\/www.iseg.ulisboa.pt\/wp-content\/uploads\/2021\/02\/iseg-logo-ul.svg","width":250,"height":120,"caption":"ISEG"},"image":{"@id":"https:\/\/www.iseg.ulisboa.pt\/en\/#\/schema\/logo\/image\/"},"sameAs":["https:\/\/www.facebook.com\/iseg.pt","https:\/\/x.com\/iseglisbon","https:\/\/www.instagram.com\/iseglisbon\/","https:\/\/www.linkedin.com\/school\/iseglisbon\/","https:\/\/www.youtube.com\/user\/DMREISEG"]}]}},"uagb_featured_image_src":{"full":false,"thumbnail":false,"medium":false,"medium_large":false,"large":false,"1536x1536":false,"2048x2048":false,"trp-custom-language-flag":false},"uagb_author_info":{"display_name":"diogoalmeida","author_link":"https:\/\/www.iseg.ulisboa.pt\/en\/author\/diogoalmeida\/"},"uagb_comment_info":0,"uagb_excerpt":"Come\u00e7a a tua #lifeatISEG com o p\u00e9 direito.O Programa de Mentorado apoia a integra\u00e7\u00e3o dos novos alunos de licenciatura no ISEG, promovendo a partilha de experi\u00eancias entre colegas. Os mentorandos&nbsp;[...]","_links":{"self":[{"href":"https:\/\/www.iseg.ulisboa.pt\/en\/wp-json\/wp\/v2\/pages\/58804"}],"collection":[{"href":"https:\/\/www.iseg.ulisboa.pt\/en\/wp-json\/wp\/v2\/pages"}],"about":[{"href":"https:\/\/www.iseg.ulisboa.pt\/en\/wp-json\/wp\/v2\/types\/page"}],"author":[{"embeddable":true,"href":"https:\/\/www.iseg.ulisboa.pt\/en\/wp-json\/wp\/v2\/users\/5"}],"replies":[{"embeddable":true,"href":"https:\/\/www.iseg.ulisboa.pt\/en\/wp-json\/wp\/v2\/comments?post=58804"}],"version-history":[{"count":0,"href":"https:\/\/www.iseg.ulisboa.pt\/en\/wp-json\/wp\/v2\/pages\/58804\/revisions"}],"wp:attachment":[{"href":"https:\/\/www.iseg.ulisboa.pt\/en\/wp-json\/wp\/v2\/media?parent=58804"}],"curies":[{"name":"wp","href":"https:\/\/api.w.org\/{rel}","templated":true}]}}