{"id":67078,"date":"2026-02-05T12:40:01","date_gmt":"2026-02-05T12:40:01","guid":{"rendered":"https:\/\/www.iseg.ulisboa.pt\/?page_id=67078"},"modified":"2026-02-23T16:34:45","modified_gmt":"2026-02-23T16:34:45","slug":"testimonials","status":"publish","type":"page","link":"https:\/\/www.iseg.ulisboa.pt\/en\/to-study-2\/masters-2\/testimonials\/","title":{"rendered":"Testimonials"},"content":{"rendered":"<p class=\"has-large-font-size\">Over the years, students have chosen ISEG's master's degrees to deepen their knowledge, develop their skills and prepare for the next step in their careers. Discover the different academic experiences, career paths and motivations that mark the lives of these students at ISEG.<\/p>\n\n\n\n<div class=\"wp-block-uagb-tabs uagb-block-8ea7cf18 uagb-tabs__wrap uagb-tabs__hstyle1-desktop uagb-tabs__vstyle6-tablet uagb-tabs__stack1-mobile\" data-tab-active=\"0\"><ul class=\"uagb-tabs__panel uagb-tabs__align-left\" role=\"tablist\"><li class=\"uagb-tab uagb-tabs__active\" role=\"none\"><a href=\"#uagb-tabs__tab0\" class=\"uagb-tabs-list uagb-tabs__icon-position-left\" data-tab=\"0\" role=\"tab\"><div>2026<\/div><\/a><\/li><li class=\"uagb-tab\" role=\"none\"><a href=\"#uagb-tabs__tab1\" class=\"uagb-tabs-list uagb-tabs__icon-position-left\" data-tab=\"1\" role=\"tab\"><div>2025<\/div><\/a><\/li><li class=\"uagb-tab\" role=\"none\"><a href=\"#uagb-tabs__tab2\" class=\"uagb-tabs-list uagb-tabs__icon-position-left\" data-tab=\"2\" role=\"tab\"><div>2024<\/div><\/a><\/li><\/ul><div class=\"uagb-tabs__body-wrap\">\n<div class=\"wp-block-uagb-tabs-child uagb-tabs__body-container uagb-inner-tab-0\" aria-labelledby=\"uagb-tabs__tab0\">\n<p><em>The excellence of teaching and the faculty at ISEG, focusing on the academic and professional success of their students, allowed me to acquire the necessary tools and skills to have an international career in countries requiring a high level of technical expertise. ISEG will always be a founding part of my life!<\/em><\/p>\n\n\n\n<p><strong>Joana Greg\u00f3rio Raposo<\/strong><br>Master's in Actuarial Science<\/p>\n\n\n\n<hr class=\"wp-block-separator has-alpha-channel-opacity\"\/>\n\n\n\n<p><em>After completing my undergraduate degree, I knew I wanted to further develop my knowledge of statistics and probabilities applied to financial and economic contexts. While researching the Master's in Actuarial Sciences, I realized that this programme combined exactly the areas I was looking for.<br><br>The Master's programme at ISEG was a clear choice due to its broad and specialized curriculum, its excellent academic staff, and its international accreditations. Throughout the program, I gained solid knowledge of the insurance sector, risk management, and the mathematical foundations of these fields.<br><br>In addition to a strong theoretical background, the programme places great emphasis on practical application, with coursework developed using tools such as Excel and R. The master final work can also be carried out in collaboration with a wide range of organizations, including insurance companies, consulting firms, and public sector institutions, which strongly supports a smooth transition into the job market. I am currently working at an insurance company, reflecting the applied and market-oriented preparation provided by the program.<br><br>Finally, I would also highlight the international environment of the Master's, with students from diverse nationalities, which significantly enriches the learning experience.<\/em><\/p>\n\n\n\n<p><strong>Soraia Francisco<\/strong><br>Master's in Actuarial Science<\/p>\n<\/div>\n\n\n\n<div class=\"wp-block-uagb-tabs-child uagb-tabs__body-container uagb-inner-tab-1\" aria-labelledby=\"uagb-tabs__tab1\">\n<p>Lorem ipsum dolor sit amet, consectetur adipiscing elit. Ut elit tellus, luctus nec ullamcorper mattis, pulvinar dapibus leo.<\/p>\n<\/div>\n\n\n\n<div class=\"wp-block-uagb-tabs-child uagb-tabs__body-container uagb-inner-tab-2\" aria-labelledby=\"uagb-tabs__tab2\">\n<p>Lorem ipsum dolor sit amet, consectetur adipiscing elit. Ut elit tellus, luctus nec ullamcorper mattis, pulvinar dapibus leo.<\/p>\n<\/div>\n<\/div><\/div>","protected":false},"excerpt":{"rendered":"Ao longo dos anos, estudantes escolheram os mestrados do ISEG para aprofundar conhecimentos, desenvolver compet\u00eancias e preparar o pr\u00f3ximo passo das suas carreiras. Descubra diferentes experi\u00eancias acad\u00e9micas, percursos profissionais e&nbsp;[&#8230;]","protected":false},"author":6,"featured_media":0,"parent":540,"menu_order":0,"comment_status":"closed","ping_status":"closed","template":"","meta":{"inline_featured_image":false,"_uag_custom_page_level_css":"","footnotes":""},"acf":[],"yoast_head":"<!-- This site is optimized with the Yoast SEO plugin v22.6 - https:\/\/yoast.com\/wordpress\/plugins\/seo\/ -->\n<title>Testemunhos - ISEG<\/title>\n<meta name=\"robots\" content=\"index, follow, max-snippet:-1, max-image-preview:large, max-video-preview:-1\" \/>\n<link rel=\"canonical\" href=\"https:\/\/www.iseg.ulisboa.pt\/en\/to-study-2\/masters-2\/testimonials\/\" \/>\n<meta name=\"twitter:label1\" content=\"Est. reading time\" \/>\n\t<meta name=\"twitter:data1\" content=\"2 minutes\" \/>\n<script type=\"application\/ld+json\" class=\"yoast-schema-graph\">{\"@context\":\"https:\/\/schema.org\",\"@graph\":[{\"@type\":\"WebPage\",\"@id\":\"https:\/\/www.iseg.ulisboa.pt\/en\/to-study-2\/masters-2\/testimonials\/\",\"url\":\"https:\/\/www.iseg.ulisboa.pt\/en\/to-study-2\/masters-2\/testimonials\/\",\"name\":\"Testemunhos - ISEG\",\"isPartOf\":{\"@id\":\"https:\/\/www.iseg.ulisboa.pt\/en\/#website\"},\"datePublished\":\"2026-02-05T12:40:01+00:00\",\"dateModified\":\"2026-02-23T16:34:45+00:00\",\"breadcrumb\":{\"@id\":\"https:\/\/www.iseg.ulisboa.pt\/en\/to-study-2\/masters-2\/testimonials\/#breadcrumb\"},\"inLanguage\":\"en-US\",\"potentialAction\":[{\"@type\":\"ReadAction\",\"target\":[\"https:\/\/www.iseg.ulisboa.pt\/en\/to-study-2\/masters-2\/testimonials\/\"]}]},{\"@type\":\"BreadcrumbList\",\"@id\":\"https:\/\/www.iseg.ulisboa.pt\/en\/to-study-2\/masters-2\/testimonials\/#breadcrumb\",\"itemListElement\":[{\"@type\":\"ListItem\",\"position\":1,\"name\":\"Home\",\"item\":\"https:\/\/www.iseg.ulisboa.pt\/\"},{\"@type\":\"ListItem\",\"position\":2,\"name\":\"Estudar\",\"item\":\"https:\/\/www.iseg.ulisboa.pt\/estudar\/\"},{\"@type\":\"ListItem\",\"position\":3,\"name\":\"Mestrados\",\"item\":\"https:\/\/www.iseg.ulisboa.pt\/estudar\/mestrados\/\"},{\"@type\":\"ListItem\",\"position\":4,\"name\":\"Testemunhos\"}]},{\"@type\":\"WebSite\",\"@id\":\"https:\/\/www.iseg.ulisboa.pt\/en\/#website\",\"url\":\"https:\/\/www.iseg.ulisboa.pt\/en\/\",\"name\":\"ISEG\",\"description\":\"Lisbon School of Economics &amp; Management\",\"publisher\":{\"@id\":\"https:\/\/www.iseg.ulisboa.pt\/en\/#organization\"},\"potentialAction\":[{\"@type\":\"SearchAction\",\"target\":{\"@type\":\"EntryPoint\",\"urlTemplate\":\"https:\/\/www.iseg.ulisboa.pt\/en\/?s={search_term_string}\"},\"query-input\":\"required name=search_term_string\"}],\"inLanguage\":\"en-US\"},{\"@type\":\"Organization\",\"@id\":\"https:\/\/www.iseg.ulisboa.pt\/en\/#organization\",\"name\":\"ISEG\",\"url\":\"https:\/\/www.iseg.ulisboa.pt\/en\/\",\"logo\":{\"@type\":\"ImageObject\",\"inLanguage\":\"en-US\",\"@id\":\"https:\/\/www.iseg.ulisboa.pt\/en\/#\/schema\/logo\/image\/\",\"url\":\"https:\/\/www.iseg.ulisboa.pt\/wp-content\/uploads\/2021\/02\/iseg-logo-ul.svg\",\"contentUrl\":\"https:\/\/www.iseg.ulisboa.pt\/wp-content\/uploads\/2021\/02\/iseg-logo-ul.svg\",\"width\":250,\"height\":120,\"caption\":\"ISEG\"},\"image\":{\"@id\":\"https:\/\/www.iseg.ulisboa.pt\/en\/#\/schema\/logo\/image\/\"},\"sameAs\":[\"https:\/\/www.facebook.com\/iseg.pt\",\"https:\/\/x.com\/iseglisbon\",\"https:\/\/www.instagram.com\/iseglisbon\/\",\"https:\/\/www.linkedin.com\/school\/iseglisbon\/\",\"https:\/\/www.youtube.com\/user\/DMREISEG\"]}]}<\/script>\n<!-- \/ Yoast SEO plugin. -->","yoast_head_json":{"title":"Testimonials - ISEG","robots":{"index":"index","follow":"follow","max-snippet":"max-snippet:-1","max-image-preview":"max-image-preview:large","max-video-preview":"max-video-preview:-1"},"canonical":"https:\/\/www.iseg.ulisboa.pt\/en\/to-study-2\/masters-2\/testimonials\/","twitter_misc":{"Est. reading time":"2 minutes"},"schema":{"@context":"https:\/\/schema.org","@graph":[{"@type":"WebPage","@id":"https:\/\/www.iseg.ulisboa.pt\/en\/to-study-2\/masters-2\/testimonials\/","url":"https:\/\/www.iseg.ulisboa.pt\/en\/to-study-2\/masters-2\/testimonials\/","name":"Testimonials - ISEG","isPartOf":{"@id":"https:\/\/www.iseg.ulisboa.pt\/en\/#website"},"datePublished":"2026-02-05T12:40:01+00:00","dateModified":"2026-02-23T16:34:45+00:00","breadcrumb":{"@id":"https:\/\/www.iseg.ulisboa.pt\/en\/to-study-2\/masters-2\/testimonials\/#breadcrumb"},"inLanguage":"en-US","potentialAction":[{"@type":"ReadAction","target":["https:\/\/www.iseg.ulisboa.pt\/en\/to-study-2\/masters-2\/testimonials\/"]}]},{"@type":"BreadcrumbList","@id":"https:\/\/www.iseg.ulisboa.pt\/en\/to-study-2\/masters-2\/testimonials\/#breadcrumb","itemListElement":[{"@type":"ListItem","position":1,"name":"Home","item":"https:\/\/www.iseg.ulisboa.pt\/"},{"@type":"ListItem","position":2,"name":"Estudar","item":"https:\/\/www.iseg.ulisboa.pt\/estudar\/"},{"@type":"ListItem","position":3,"name":"Mestrados","item":"https:\/\/www.iseg.ulisboa.pt\/estudar\/mestrados\/"},{"@type":"ListItem","position":4,"name":"Testemunhos"}]},{"@type":"WebSite","@id":"https:\/\/www.iseg.ulisboa.pt\/en\/#website","url":"https:\/\/www.iseg.ulisboa.pt\/en\/","name":"ISEG","description":"Lisbon School of Economics &amp; Management","publisher":{"@id":"https:\/\/www.iseg.ulisboa.pt\/en\/#organization"},"potentialAction":[{"@type":"SearchAction","target":{"@type":"EntryPoint","urlTemplate":"https:\/\/www.iseg.ulisboa.pt\/en\/?s={search_term_string}"},"query-input":"required name=search_term_string"}],"inLanguage":"en-US"},{"@type":"Organization","@id":"https:\/\/www.iseg.ulisboa.pt\/en\/#organization","name":"ISEG","url":"https:\/\/www.iseg.ulisboa.pt\/en\/","logo":{"@type":"ImageObject","inLanguage":"en-US","@id":"https:\/\/www.iseg.ulisboa.pt\/en\/#\/schema\/logo\/image\/","url":"https:\/\/www.iseg.ulisboa.pt\/wp-content\/uploads\/2021\/02\/iseg-logo-ul.svg","contentUrl":"https:\/\/www.iseg.ulisboa.pt\/wp-content\/uploads\/2021\/02\/iseg-logo-ul.svg","width":250,"height":120,"caption":"ISEG"},"image":{"@id":"https:\/\/www.iseg.ulisboa.pt\/en\/#\/schema\/logo\/image\/"},"sameAs":["https:\/\/www.facebook.com\/iseg.pt","https:\/\/x.com\/iseglisbon","https:\/\/www.instagram.com\/iseglisbon\/","https:\/\/www.linkedin.com\/school\/iseglisbon\/","https:\/\/www.youtube.com\/user\/DMREISEG"]}]}},"uagb_featured_image_src":{"full":false,"thumbnail":false,"medium":false,"medium_large":false,"large":false,"1536x1536":false,"2048x2048":false,"trp-custom-language-flag":false},"uagb_author_info":{"display_name":"irafael","author_link":"https:\/\/www.iseg.ulisboa.pt\/en\/author\/irafael\/"},"uagb_comment_info":0,"uagb_excerpt":"Ao longo dos anos, estudantes escolheram os mestrados do ISEG para aprofundar conhecimentos, desenvolver compet\u00eancias e preparar o pr\u00f3ximo passo das suas carreiras. Descubra diferentes experi\u00eancias acad\u00e9micas, percursos profissionais e&nbsp;[...]","_links":{"self":[{"href":"https:\/\/www.iseg.ulisboa.pt\/en\/wp-json\/wp\/v2\/pages\/67078"}],"collection":[{"href":"https:\/\/www.iseg.ulisboa.pt\/en\/wp-json\/wp\/v2\/pages"}],"about":[{"href":"https:\/\/www.iseg.ulisboa.pt\/en\/wp-json\/wp\/v2\/types\/page"}],"author":[{"embeddable":true,"href":"https:\/\/www.iseg.ulisboa.pt\/en\/wp-json\/wp\/v2\/users\/6"}],"replies":[{"embeddable":true,"href":"https:\/\/www.iseg.ulisboa.pt\/en\/wp-json\/wp\/v2\/comments?post=67078"}],"version-history":[{"count":0,"href":"https:\/\/www.iseg.ulisboa.pt\/en\/wp-json\/wp\/v2\/pages\/67078\/revisions"}],"up":[{"embeddable":true,"href":"https:\/\/www.iseg.ulisboa.pt\/en\/wp-json\/wp\/v2\/pages\/540"}],"wp:attachment":[{"href":"https:\/\/www.iseg.ulisboa.pt\/en\/wp-json\/wp\/v2\/media?parent=67078"}],"curies":[{"name":"wp","href":"https:\/\/api.w.org\/{rel}","templated":true}]}}