{"id":143,"date":"2024-11-11T16:28:25","date_gmt":"2024-11-11T16:28:25","guid":{"rendered":"https:\/\/www.iseg.ulisboa.pt\/genero-trabalho-poder\/?page_id=143"},"modified":"2025-07-01T11:01:24","modified_gmt":"2025-07-01T11:01:24","slug":"resources","status":"publish","type":"page","link":"https:\/\/www.iseg.ulisboa.pt\/genero-trabalho-poder\/en\/resources\/","title":{"rendered":"Resources"},"content":{"rendered":"<p><\/p>\n\n\n\n<div class=\"wp-block-group\"><div class=\"wp-block-group__inner-container is-layout-constrained wp-block-group-is-layout-constrained\">\n<h3 class=\"wp-block-heading has-iseg-red-color has-iseg-white-background-color has-text-color has-background has-link-color wp-elements-59f26adc18fcf6d28607ca7f356f6fb2\"><sup>Legal regulations<\/sup><\/h3>\n\n\n\n<figure class=\"wp-block-table\"><table><tbody><tr><td>National Strategy for Equality and Non-Discrimination - Action Plans 2023-2026<\/td><td>Consult <strong><a href=\"https:\/\/files.diariodarepublica.pt\/1s\/2023\/08\/15700\/0001200092.pdf\" data-type=\"link\" data-id=\"https:\/\/files.diariodarepublica.pt\/1s\/2023\/08\/15700\/0001200092.pdf\">here<\/a><\/strong><\/td><\/tr><tr><td>Legislation and public policies<\/td><td>Consult <strong><a href=\"https:\/\/womenonboards.pt\/legislacao-e-politicas-publicas\/\" data-type=\"link\" data-id=\"https:\/\/womenonboards.pt\/legislacao-e-politicas-publicas\/\">here<\/a><\/strong><\/td><\/tr><\/tbody><\/table><\/figure>\n<\/div><\/div>\n\n\n\n<h3 class=\"wp-block-heading has-iseg-red-color has-iseg-white-background-color has-text-color has-background has-link-color wp-elements-30b045dab2e28caa272985785e2f8163\"><sup>Support Guides \/ Benchmarks<\/sup><\/h3>\n\n\n\n<figure class=\"wp-block-table\"><table><tbody><tr><td>Glossary adapted to Policies and Practices for Equality between Women and Men in the Labour Market<\/td><td>Consult <strong><a href=\"https:\/\/cite.gov.pt\/documents\/14333\/277248\/Glossario_Igualdade.pdf\/661a69c3-3c04-473e-9f71-b839e4891997\" data-type=\"link\" data-id=\"https:\/\/cite.gov.pt\/documents\/14333\/277248\/Glossario_Igualdade.pdf\/661a69c3-3c04-473e-9f71-b839e4891997\">here<\/a><\/strong><\/td><\/tr><tr><td>Guide to Job Evaluation, based on objective criteria common to both men and women<\/td><td>Consult <strong><a href=\"https:\/\/cite.gov.pt\/documents\/14333\/297943\/CITE+-+Guia+de+avalia%C3%A7%C3%A3o+de+diferen%C3%A7as+remunerat%C3%B3rias.pdf\/2a55800d-328a-465f-ad63-12853d3da9d6\" data-type=\"link\" data-id=\"https:\/\/cite.gov.pt\/documents\/14333\/297943\/CITE+-+Guia+de+avalia%C3%A7%C3%A3o+de+diferen%C3%A7as+remunerat%C3%B3rias.pdf\/2a55800d-328a-465f-ad63-12853d3da9d6\">here<\/a><\/strong><\/td><\/tr><tr><td>Business support instruments <\/td><td>Consult <strong><a href=\"https:\/\/womenonboards.pt\/instrumentos-de-apoio-a-empresas\/\" data-type=\"link\" data-id=\"https:\/\/womenonboards.pt\/instrumentos-de-apoio-a-empresas\/\">here<\/a><\/strong><\/td><\/tr><\/tbody><\/table><\/figure>","protected":false},"excerpt":{"rendered":"Normas Legais Estrat\u00e9gia Nacional para a Igualdade e a N\u00e3o Discrimina\u00e7\u00e3o \u2022 Planos de A\u00e7\u00e3o 2023-2026Consultar aquiLegisla\u00e7\u00e3o e Pol\u00edticas p\u00fablicasConsultar aqui Guias de Apoio \/ Referenciais Gloss\u00e1rio adaptado \u00e0s Pol\u00edticas&nbsp;[&#8230;]","protected":false},"author":42,"featured_media":0,"parent":0,"menu_order":3,"comment_status":"closed","ping_status":"closed","template":"tpl-default-full-width.php","meta":{"inline_featured_image":false,"_uag_custom_page_level_css":"","footnotes":""},"acf":[],"uagb_featured_image_src":{"full":false,"thumbnail":false,"medium":false,"medium_large":false,"large":false,"1536x1536":false,"2048x2048":false,"trp-custom-language-flag":false},"uagb_author_info":{"display_name":"aribeiroadvance","author_link":"https:\/\/www.iseg.ulisboa.pt\/genero-trabalho-poder\/en\/author\/aribeiroadvance\/"},"uagb_comment_info":0,"uagb_excerpt":"Normas Legais Estrat\u00e9gia Nacional para a Igualdade e a N\u00e3o Discrimina\u00e7\u00e3o \u2022 Planos de A\u00e7\u00e3o 2023-2026Consultar aquiLegisla\u00e7\u00e3o e Pol\u00edticas p\u00fablicasConsultar aqui Guias de Apoio \/ Referenciais Gloss\u00e1rio adaptado \u00e0s Pol\u00edticas&nbsp;[...]","_links":{"self":[{"href":"https:\/\/www.iseg.ulisboa.pt\/genero-trabalho-poder\/en\/wp-json\/wp\/v2\/pages\/143"}],"collection":[{"href":"https:\/\/www.iseg.ulisboa.pt\/genero-trabalho-poder\/en\/wp-json\/wp\/v2\/pages"}],"about":[{"href":"https:\/\/www.iseg.ulisboa.pt\/genero-trabalho-poder\/en\/wp-json\/wp\/v2\/types\/page"}],"author":[{"embeddable":true,"href":"https:\/\/www.iseg.ulisboa.pt\/genero-trabalho-poder\/en\/wp-json\/wp\/v2\/users\/42"}],"replies":[{"embeddable":true,"href":"https:\/\/www.iseg.ulisboa.pt\/genero-trabalho-poder\/en\/wp-json\/wp\/v2\/comments?post=143"}],"version-history":[{"count":28,"href":"https:\/\/www.iseg.ulisboa.pt\/genero-trabalho-poder\/en\/wp-json\/wp\/v2\/pages\/143\/revisions"}],"predecessor-version":[{"id":679,"href":"https:\/\/www.iseg.ulisboa.pt\/genero-trabalho-poder\/en\/wp-json\/wp\/v2\/pages\/143\/revisions\/679"}],"wp:attachment":[{"href":"https:\/\/www.iseg.ulisboa.pt\/genero-trabalho-poder\/en\/wp-json\/wp\/v2\/media?parent=143"}],"curies":[{"name":"wp","href":"https:\/\/api.w.org\/{rel}","templated":true}]}}