{"id":24,"date":"2024-10-21T00:07:29","date_gmt":"2024-10-21T00:07:29","guid":{"rendered":"https:\/\/www.iseg.ulisboa.pt\/genero-trabalho-poder\/?page_id=24"},"modified":"2026-03-06T10:59:59","modified_gmt":"2026-03-06T10:59:59","slug":"stakeholders","status":"publish","type":"page","link":"https:\/\/www.iseg.ulisboa.pt\/genero-trabalho-poder\/en\/stakeholders\/","title":{"rendered":"Stakeholders"},"content":{"rendered":"<p class=\"has-iseg-red-color has-text-color has-link-color has-large-font-size wp-elements-e92e3ac600810ae4677b29a553f9b9a1\">Scientific Associations <\/p>\n\n\n\n<figure class=\"wp-block-table\"><table><tbody><tr><td><a href=\"https:\/\/apem-estudos.org\/pt\/\" data-type=\"link\" data-id=\"https:\/\/apem-estudos.org\/pt\/\">Portuguese Women's Studies Association - APEM<\/a><\/td><td>Virginia Ferreira<\/td><td>President<\/td><\/tr><\/tbody><\/table><\/figure>\n\n\n\n<div style=\"height:30px\" aria-hidden=\"true\" class=\"wp-block-spacer\"><\/div>\n\n\n\n<p class=\"has-iseg-red-color has-text-color has-link-color has-large-font-size wp-elements-76e0d902e6775228ca25bf35e212b51d\">Government and Public Entities<\/p>\n\n\n\n<figure class=\"wp-block-table\"><table><tbody><tr><td><a href=\"https:\/\/www.planapp.gov.pt\/\">Centre for Planning and Evaluation of Public Policies - PlanAPP<\/a><\/td><td>Ana Sofia Figueiredo<\/td><td>Deputy Director<\/td><\/tr><tr><td><a href=\"https:\/\/www.cig.gov.pt\/\">Commission for Citizenship and Gender Equality - CIG<\/a><\/td><td>&nbsp;Sandra Ribeiro<\/td><td>President<\/td><\/tr><tr><td><a href=\"https:\/\/cite.gov.pt\/web\/pt\">Commission for Equality in Labour and Employment - CITE<\/a><\/td><td>&nbsp;Carla Tavares<\/td><td>President<\/td><\/tr><tr><td><a href=\"https:\/\/www.gep.mtsss.gov.pt\/inicio\">Strategy and Planning Office of the Ministry of Labour, Solidarity and Social Security - GEP\/MTSSS<\/a><\/td><td>&nbsp;Jos\u00e9 Lu\u00eds Albuquerque and Rute Guerra<\/td><td>Director General and Deputy Director<\/td><\/tr><tr><td><a href=\"https:\/\/ces.pt\/\">Economic and Social Council - CES<\/a><\/td><td>Lu\u00eds Pais Antunes<\/td><td>President<\/td><\/tr><\/tbody><\/table><\/figure>\n\n\n\n<div style=\"height:30px\" aria-hidden=\"true\" class=\"wp-block-spacer\"><\/div>\n\n\n\n<p class=\"has-iseg-red-color has-text-color has-link-color has-large-font-size wp-elements-e86da947bf981dec097dffce1c5fd0fe\">Supervisory and regulatory bodies<\/p>\n\n\n\n<figure class=\"wp-block-table\"><table><tbody><tr><td><a href=\"https:\/\/cgov.pt\/\" data-type=\"link\" data-id=\"https:\/\/cgov.pt\/\">Portuguese Institute of Corporate Governance - IPCG<\/a><\/td><td>Joana Torres Ereio<\/td><td>Board member<\/td><\/tr><tr><td><a href=\"https:\/\/emitentes.pt\/\" data-type=\"link\" data-id=\"https:\/\/emitentes.pt\/\">Association of Issuing Companies - AEE<\/a><\/td><td>Abel Sequeira Ferreira<\/td><td>Executive Director<\/td><\/tr><tr><td><a href=\"https:\/\/live.euronext.com\/pt\" data-type=\"link\" data-id=\"https:\/\/live.euronext.com\/pt\">Euronext Lisbon<\/a><\/td><td>Isabel Ucha<\/td><td>CEO<\/td><\/tr><\/tbody><\/table><\/figure>\n\n\n\n<div style=\"height:30px\" aria-hidden=\"true\" class=\"wp-block-spacer\"><\/div>\n\n\n\n<p class=\"has-iseg-red-color has-text-color has-link-color has-large-font-size wp-elements-b2bc22c4d3db1d9769f25c089fc75ffb\">Platforms, Women's Associations, Professionals, Experts<\/p>\n\n\n\n<figure class=\"wp-block-table\"><table><tbody><tr><td><a href=\"https:\/\/www.apmj.pt\/\" data-type=\"link\" data-id=\"https:\/\/www.apmj.pt\/\" target=\"_blank\" rel=\"noreferrer noopener\">Portuguese Association of Women Jurists - APMJ<\/a><\/td><td>Rute Almeida<\/td><td>Public Prosecutor and member of the Board of Directors<\/td><\/tr><tr><td><a href=\"https:\/\/plataformamulheres.org.pt\/\" data-type=\"link\" data-id=\"https:\/\/plataformamulheres.org.pt\/\">Portuguese Platform for Women's Rights\/European Women's Lobby - PPDM\/LEM<\/a><\/td><td>Ana Sofia Fernandes<\/td><td>President<\/td><\/tr><tr><td><a href=\"https:\/\/www.pwnglobal.net\/c\/pwn-lisbon\/\">PWN - Professional Women's Network Lisbon<\/a><\/td><td>Paula Perfect<\/td><td>President<\/td><\/tr><tr><td><a href=\"https:\/\/www.vda.pt\/pt\/\" data-type=\"link\" data-id=\"https:\/\/www.vda.pt\/pt\/\">Vieira de Almeida &amp; Associados<\/a><\/td><td>Margarida Couto<\/td><td>Partner<\/td><\/tr><tr><td><a href=\"https:\/\/executiva.pt\/\" data-type=\"link\" data-id=\"https:\/\/executiva.pt\/\">Executive (Communication Platform)<\/a><\/td><td>Isabel Canha<\/td><td>Director<\/td><\/tr><tr><td><a href=\"https:\/\/costapinto.pt\/\" data-type=\"link\" data-id=\"https:\/\/costapinto.pt\/\">Costa Pinto Lawyers<\/a><\/td><td>Ana da Ponte Lopes<\/td><td>Partner<\/td><\/tr><tr><td><a href=\"https:\/\/www.movimentolife.pt\/\" data-type=\"link\" data-id=\"https:\/\/www.movimentolife.pt\/\">Life Movement - Women's Leadership<\/a><\/td><td>Cl\u00e1udia Ricardo and Isabel Henrique de Jesus<\/td><td>Founders<\/td><\/tr><\/tbody><\/table><\/figure>\n\n\n\n<div style=\"height:30px\" aria-hidden=\"true\" class=\"wp-block-spacer\"><\/div>\n\n\n\n<p class=\"has-iseg-red-color has-text-color has-link-color has-large-font-size wp-elements-a201999585d3f4c8a13b930a6adb438d\">Business Confederations<\/p>\n\n\n\n<figure class=\"wp-block-table\"><table><tbody><tr><td><a href=\"https:\/\/www.cap.pt\/\" data-type=\"link\" data-id=\"https:\/\/www.cap.pt\/\">Confederation of Farmers of Portugal<\/a><\/td><td>Cristina Morais <\/td><td>Head of the Management Office<\/td><\/tr><tr><td><a href=\"https:\/\/cip.org.pt\/\" data-type=\"link\" data-id=\"https:\/\/cip.org.pt\/\">Portuguese Business Confederation - CIP<\/a><\/td><td>Alexandra Freire<\/td><td>Member of the Social and Labour Relations Department<\/td><\/tr><tr><td><a href=\"https:\/\/ccp.pt\/\" data-type=\"link\" data-id=\"https:\/\/ccp.pt\/\">Confederation of Commerce and Services of Portugal - CCP<\/a><\/td><td>Helena Leal<\/td><td>Senior International Affairs Officer<\/td><\/tr><tr><td><a href=\"https:\/\/ctp.org.pt\/\" data-type=\"link\" data-id=\"https:\/\/ctp.org.pt\/\">Portuguese Tourism Confederation - CTP<\/a><\/td><td>Alexandra Antunes<\/td><td>Lawyer\/Legal Services<\/td><\/tr><\/tbody><\/table><\/figure>\n\n\n\n<div style=\"height:30px\" aria-hidden=\"true\" class=\"wp-block-spacer\"><\/div>\n\n\n\n<p class=\"has-iseg-red-color has-text-color has-link-color has-large-font-size wp-elements-a98754c7c099634f7d96e0d7451c2e2e\">Trade union confederations<\/p>\n\n\n\n<figure class=\"wp-block-table\"><table><tbody><tr><td><a href=\"https:\/\/www.ugt.pt\/\" data-type=\"link\" data-id=\"https:\/\/www.ugt.pt\/\">General Workers' Union - UGT<\/a><\/td><td>Soraia Duarte<\/td><td>Deputy Secretary General<\/td><\/tr><tr><td><a href=\"https:\/\/www.cgtp.pt\/\" data-type=\"link\" data-id=\"https:\/\/www.cgtp.pt\/\">General Confederation of Portuguese Workers - CGTP<\/a><\/td><td>F\u00e1tima Messias<\/td><td>Member of the National Council\/CIHM<\/td><\/tr><\/tbody><\/table><\/figure>\n\n\n\n<div style=\"height:20px\" aria-hidden=\"true\" class=\"wp-block-spacer\"><\/div>\n\n\n\n<figure class=\"wp-block-table\"><table class=\"has-iseg-dark-grey-color has-text-color has-link-color\"><tbody><tr><td>Expert and consultant for Observatory projects - <a href=\"https:\/\/www.cesis.org\/pt\" data-type=\"link\" data-id=\"https:\/\/www.cesis.org\/pt\">CESIS<\/a><\/td><td>Dr Helo\u00edsa Perista<\/td><\/tr><\/tbody><\/table><\/figure>\n\n\n\n<div style=\"height:30px\" aria-hidden=\"true\" class=\"wp-block-spacer\"><\/div>","protected":false},"excerpt":{"rendered":"Associa\u00e7\u00f5es Cient\u00edficas Associa\u00e7\u00e3o Portuguesa de Estudos sobre as Mulheres &#8211; APEMVirg\u00ednia FerreiraPresidente Governo e Entidades P\u00fablicas Centro de Planeamento e de Avalia\u00e7\u00e3o de Pol\u00edticas P\u00fablicas &#8211; PlanAPPAna Sofia FigueiredoSub-DiretoraComiss\u00e3o para&nbsp;[&#8230;]","protected":false},"author":5,"featured_media":0,"parent":0,"menu_order":8,"comment_status":"closed","ping_status":"closed","template":"","meta":{"inline_featured_image":false,"_uag_custom_page_level_css":"","footnotes":""},"acf":[],"uagb_featured_image_src":{"full":false,"thumbnail":false,"medium":false,"medium_large":false,"large":false,"1536x1536":false,"2048x2048":false,"trp-custom-language-flag":false},"uagb_author_info":{"display_name":"diogoalmeida","author_link":"https:\/\/www.iseg.ulisboa.pt\/genero-trabalho-poder\/en\/author\/diogoalmeida\/"},"uagb_comment_info":0,"uagb_excerpt":"Associa\u00e7\u00f5es Cient\u00edficas Associa\u00e7\u00e3o Portuguesa de Estudos sobre as Mulheres &#8211; APEMVirg\u00ednia FerreiraPresidente Governo e Entidades P\u00fablicas Centro de Planeamento e de Avalia\u00e7\u00e3o de Pol\u00edticas P\u00fablicas &#8211; PlanAPPAna Sofia FigueiredoSub-DiretoraComiss\u00e3o para&nbsp;[...]","_links":{"self":[{"href":"https:\/\/www.iseg.ulisboa.pt\/genero-trabalho-poder\/en\/wp-json\/wp\/v2\/pages\/24"}],"collection":[{"href":"https:\/\/www.iseg.ulisboa.pt\/genero-trabalho-poder\/en\/wp-json\/wp\/v2\/pages"}],"about":[{"href":"https:\/\/www.iseg.ulisboa.pt\/genero-trabalho-poder\/en\/wp-json\/wp\/v2\/types\/page"}],"author":[{"embeddable":true,"href":"https:\/\/www.iseg.ulisboa.pt\/genero-trabalho-poder\/en\/wp-json\/wp\/v2\/users\/5"}],"replies":[{"embeddable":true,"href":"https:\/\/www.iseg.ulisboa.pt\/genero-trabalho-poder\/en\/wp-json\/wp\/v2\/comments?post=24"}],"version-history":[{"count":18,"href":"https:\/\/www.iseg.ulisboa.pt\/genero-trabalho-poder\/en\/wp-json\/wp\/v2\/pages\/24\/revisions"}],"predecessor-version":[{"id":829,"href":"https:\/\/www.iseg.ulisboa.pt\/genero-trabalho-poder\/en\/wp-json\/wp\/v2\/pages\/24\/revisions\/829"}],"wp:attachment":[{"href":"https:\/\/www.iseg.ulisboa.pt\/genero-trabalho-poder\/en\/wp-json\/wp\/v2\/media?parent=24"}],"curies":[{"name":"wp","href":"https:\/\/api.w.org\/{rel}","templated":true}]}}