{"id":549,"date":"2024-12-02T14:46:37","date_gmt":"2024-12-02T14:46:37","guid":{"rendered":"https:\/\/www.iseg.ulisboa.pt\/genero-trabalho-poder\/?page_id=549"},"modified":"2026-03-30T10:30:16","modified_gmt":"2026-03-30T10:30:16","slug":"549-2","status":"publish","type":"page","link":"https:\/\/www.iseg.ulisboa.pt\/genero-trabalho-poder\/en\/other_publications\/","title":{"rendered":"Other publications"},"content":{"rendered":"<div class=\"wp-block-group\"><div class=\"wp-block-group__inner-container is-layout-constrained wp-block-group-is-layout-constrained\">\n<p class=\"has-large-font-size\"><strong><strong><strong>Gender effects on investment efficiency in European firms Available<\/strong><\/strong><\/strong><\/p>\n\n\n\n<p>Tiago Cruz Gon\u00e7alves, Victor Barros, Cristina Gaio and Jos\u00e9 Almeida, 2026, <a href=\"https:\/\/doi.org\/10.1108\/RAF-05-2025-0177\">Gender effects on investment efficiency in European firms Available<\/a>, <em>Review of Accounting and Finance<\/em>, Vol. 25 No. 1 pp. 75-97.<\/p>\n<\/div><\/div>\n\n\n\n<div class=\"wp-block-group\"><div class=\"wp-block-group__inner-container is-layout-constrained wp-block-group-is-layout-constrained\">\n<p class=\"has-iseg-white-color has-text-color has-link-color wp-elements-84307dc1db1622a261e1f347da942e7d\">.<\/p>\n<\/div><\/div>\n\n\n\n<div class=\"wp-block-group\"><div class=\"wp-block-group__inner-container is-layout-constrained wp-block-group-is-layout-constrained\">\n<p class=\"has-large-font-size\"><strong>Gender pay gap trends across STEM fields: an empirical analysis Available to Purchase<\/strong><\/p>\n\n\n\n<p>Jo\u00e3o Cruz, Am\u00e9lia Bastos, Sara Falc\u00e3o Casaca and Isabel Proen\u00e7a, 2025,<a href=\"https:\/\/doi.org\/10.1108\/IJSSP-02-2025-0090\"> Gender pay gap trends across STEM fields: an empirical analysis Available to Purchase<\/a>, <em>International Journal of Sociology and Social Policy<\/em> 1-22.<\/p>\n\n\n\n<p class=\"has-iseg-white-color has-text-color has-link-color wp-elements-84307dc1db1622a261e1f347da942e7d\">.<\/p>\n<\/div><\/div>\n\n\n\n<div class=\"wp-block-group\"><div class=\"wp-block-group__inner-container is-layout-constrained wp-block-group-is-layout-constrained\">\n<p class=\"has-large-font-size\"><strong>Why aren't there more women in leadership positions? A contribution from POWER<\/strong><\/p>\n\n\n\n<p>Maria Jo\u00e3o Guedes, 2025, <a href=\"https:\/\/mundocritico.org\/revista\/porque-nao-existem-mais-mulheres-em-cargos-de-lideranca-um-contributo-do-power\/\">Why aren't there more women in leadership positions? A contribution from POWER,<\/a> <em>Mundo Cr\u00edtico - Journal of Development and Cooperation<\/em>, Magazine 11 <em>- Knowledge and Circumstances.<\/em><\/p>\n<\/div><\/div>\n\n\n\n<p class=\"has-iseg-white-color has-text-color has-link-color wp-elements-84307dc1db1622a261e1f347da942e7d\">.<\/p>\n\n\n\n<p class=\"has-large-font-size\">   <br><strong>Women and Informal Entrepreneurship: \u201cCalamities\u201d and digital technologies in Mozambique<\/strong><\/p>\n\n\n\n<p>In\u00eas Faria, 2025, <a href=\"https:\/\/mundocritico.org\/revista\/mulheres-e-empreendedorismo-informal-calamidades-e-tecnologias-digitais-em-mocambique\/\">Women and Informal Entrepreneurship: \u201cCalamities\u201d and digital technologies in Mozambique<\/a>, <em>Mundo Cr\u00edtico - Journal of Development and Cooperation<\/em>, Magazine 11 <em>- Knowledge and Circumstances.<\/em><\/p>\n\n\n\n<p class=\"has-iseg-white-color has-text-color has-link-color wp-elements-84307dc1db1622a261e1f347da942e7d\">.<\/p>\n\n\n\n<p class=\"has-large-font-size\"><strong>Study-Balanced Gender Boards and Environmental, Social, and Governance Performance<\/strong><\/p>\n\n\n\n<p>Maria Jo\u00e3o Guedes, and Anne Sophie Gr\u00fcbler, 2025. <a href=\"https:\/\/power-observatory.pt\/estudo-balanced-gender-boards-and-environmental-social-and-governance-performance\/\" data-type=\"link\" data-id=\"https:\/\/power-observatory.pt\/estudo-balanced-gender-boards-and-environmental-social-and-governance-performance\/\">Balanced Gender Boards and Environmental, Social, and Governance Performance,<\/a> <em>Risk Governance &amp; Control: Financial Markets &amp; Institutions<\/em>.<\/p>\n\n\n\n<p class=\"has-iseg-white-color has-text-color has-link-color wp-elements-84307dc1db1622a261e1f347da942e7d\">.<\/p>\n\n\n\n<h2 class=\"wp-block-heading has-large-font-size\"><strong>Study on Equality between Women and Men in the Co-operative Sector<\/strong><\/h2>\n\n\n\n<p>Team: Sara Falc\u00e3o Casaca (coord) and Susana Ramalho Marques, 2024. CONFECOOP - Portuguese Co-operative Confederation. <a href=\"https:\/\/confe.coop\/estudo-sobre-igualdade-entre-mulheres-e-homens-no-setor-cooperativo\/\" data-type=\"link\" data-id=\"https:\/\/confe.coop\/estudo-sobre-igualdade-entre-mulheres-e-homens-no-setor-cooperativo\/\" target=\"_blank\" rel=\"noreferrer noopener\">Study on Equality between Women and Men in the Co-operative Sector.<\/a><\/p>\n\n\n\n<p class=\"has-iseg-white-color has-text-color has-link-color wp-elements-84307dc1db1622a261e1f347da942e7d\">.<\/p>\n\n\n\n<h3 class=\"wp-block-heading has-large-font-size\">Gender Gap in Patents: The Case of the Federal University of Rio Grande do Sul\/Brazil<\/h3>\n\n\n\n<p>Vit\u00f3ria Maria Serafim, Fernanda Maciel Reichert &amp; Sara Falc\u00e3o Casaca. 2024. <em><a href=\"https:\/\/link.springer.com\/book\/10.1007\/978-3-031-72486-2?page=2#toc\" data-type=\"link\" data-id=\"https:\/\/link.springer.com\/book\/10.1007\/978-3-031-72486-2?page=2#toc\">Human-Centred Technology Management for a Sustainable Future<\/a><\/em><\/p>\n\n\n\n<p class=\"has-iseg-white-color has-text-color has-link-color wp-elements-84307dc1db1622a261e1f347da942e7d\">.<\/p>\n\n\n\n<h3 class=\"wp-block-heading has-large-font-size\">The Persistence of Gender Pay and Employment Gaps in European Countries<\/h3>\n\n\n\n<p>Afonso, Ant\u00f3nio and Blanco Arana, Carmen. 2024. <em><a href=\"http:\/\/dx.doi.org\/10.2139\/ssrn.4991813\" data-type=\"link\" data-id=\"http:\/\/dx.doi.org\/10.2139\/ssrn.4991813\">CESifo Working Paper No. 11315<\/a><\/em><\/p>\n\n\n\n<p class=\"has-iseg-white-color has-text-color has-link-color wp-elements-84307dc1db1622a261e1f347da942e7d\">.<\/p>\n\n\n\n<h3 class=\"wp-block-heading has-large-font-size\">The contribution of Economic and Organisational Sociology to understanding pay inequalities between men and women<\/h3>\n\n\n\n<p>Casaca, Sara Falc\u00e3o. 2023. <a href=\"https:\/\/revistas.rcaap.pt\/analisesocial\/article\/view\/34167\/23979\" data-type=\"link\" data-id=\"https:\/\/revistas.rcaap.pt\/analisesocial\/article\/view\/34167\/23979\">The contribution of Economic and Organisational Sociology to understanding pay inequalities between men and women, <em>Social Analysis<\/em><\/a><em>, 58 (249), <\/em>pp: 824-845.<\/p>\n\n\n\n<p class=\"has-iseg-white-color has-text-color has-link-color wp-elements-84307dc1db1622a261e1f347da942e7d\">.<\/p>\n\n\n\n<h3 class=\"wp-block-heading has-large-font-size\">The Social and Economic Benefits of Equal Pay for Women and Men<\/h3>\n\n\n\n<p>Casaca, Sara Falc\u00e3o, Am\u00e9lia Bastos, Helo\u00edsa Perista, Isabel Proen\u00e7a, Maria Francisca Amaro and Jo\u00e3o Cruz. 2022. <em>Economic Case, <\/em>ISEG-ULisboa, CEMAPRE, CESIS, EDDA. EEA Grants, Financial Mechanism of the European Economic Area<em>.<\/em> Programme operator: CIG - Commission for Citizenship and Gender Equality. <a href=\"https:\/\/genderpaygap-elimination.pt\/wp-content\/uploads\/2022\/03\/Economic-Case_new.pdf\" target=\"_blank\" rel=\"noreferrer noopener\">Economic-Case_new.pdf (genderpaygap-elimination.co.uk)<\/a>. Available in Portuguese and English <a href=\"https:\/\/genderpaygap-elimination.pt\/en\/wp-content\/uploads\/2022\/09\/Policy-Brief-Economic-Case-Abbreviated-version.pdf\" target=\"_blank\" rel=\"noreferrer noopener\">Policy-Brief-Economic-Case-Abbreviated-version.pdf (genderpaygap-elimination.pt)<\/a><\/p>\n\n\n\n<p class=\"has-iseg-white-color has-text-color has-link-color wp-elements-84307dc1db1622a261e1f347da942e7d\">.<\/p>\n\n\n\n<h3 class=\"wp-block-heading has-large-font-size\">Does the family care best? Ideals of care in a familialistic care regime<\/h3>\n\n\n\n<p>Kadi S, Rodrigues R, Kahlert R, Hofmann S, Bauer G. 2022<a href=\"https:\/\/doi.org\/10.1017\/S0047279422000022\" data-type=\"link\" data-id=\"https:\/\/doi.org\/10.1017\/S0047279422000022\"> <em>Journal of Social Policy<\/em>; 53(1):45-62<\/a>.<\/p>\n\n\n\n<p class=\"has-iseg-white-color has-text-color has-link-color wp-elements-84307dc1db1622a261e1f347da942e7d\">.<\/p>\n\n\n\n<h3 class=\"wp-block-heading has-large-font-size\">Gender-Balanced Seats, Equal Power and Greater Gender Equality? Zooming into the Boardroom of Companies Bound by the Portuguese Gender Quota Law<\/h3>\n\n\n\n<p>Casaca, Sara Falc\u00e3o, Maria Jo\u00e3o Guedes, Susana Ramalho Marques, and Cathrine Seierstad. 2022. <em><a href=\"https:\/\/doi.org\/10.3390\/socsci11100449\" data-type=\"link\" data-id=\"https:\/\/doi.org\/10.3390\/socsci11100449\">Social Sciences 11 (10): 449<\/a>.<\/em><\/p>\n\n\n\n<p class=\"has-iseg-white-color has-text-color has-link-color wp-elements-84307dc1db1622a261e1f347da942e7d\">.<\/p>\n\n\n\n<h3 class=\"wp-block-heading has-large-font-size\">On the same page? Differences between male and female board members on the benefits of a gender-balanced representation<\/h3>\n\n\n\n<p>Maria Jo\u00e3o Guedes, Patel Panjak. and Sara Falc\u00e3o Casaca, e. 2022. <a href=\"https:\/\/www.emerald.com\/insight\/content\/doi\/10.1108\/cg-01-2022-0032\/full\/html\" data-type=\"link\" data-id=\"https:\/\/www.emerald.com\/insight\/content\/doi\/10.1108\/cg-01-2022-0032\/full\/html\"><em>Corporate Governance<\/em>.<\/a><\/p>\n\n\n\n<p class=\"has-iseg-white-color has-text-color has-link-color wp-elements-84307dc1db1622a261e1f347da942e7d\">.<\/p>\n\n\n\n<h3 class=\"wp-block-heading has-large-font-size\">Shedding light on the merit debate: how different are male and female board members in the first stage of the quota law?<\/h3>\n\n\n\n<p>Casaca, Sara Falc\u00e3o, Maria Jo\u00e3o Guedes, Susana Ramalho Marques, and Nuno Pa\u00e7o. 2022. <a href=\"https:\/\/www.emerald.com\/insight\/content\/doi\/10.1108\/GM-10-2020-0302\/full\/html\" data-type=\"link\" data-id=\"https:\/\/www.emerald.com\/insight\/content\/doi\/10.1108\/GM-10-2020-0302\/full\/html\"><em>Gender in Management<\/em>. <\/a><\/p>\n\n\n\n<p class=\"has-iseg-white-color has-text-color has-link-color wp-elements-84307dc1db1622a261e1f347da942e7d\">.<\/p>\n\n\n\n<h3 class=\"wp-block-heading has-large-font-size\">White Paper - Gender Balance in Company Management Bodies and Equality Plans<\/h3>\n\n\n\n<p>Falc\u00e3o Casaca, Sara (coord.), Guedes, Maria Jo\u00e3o, Ramalho Marques, Susana, Pa\u00e7o, Nuno, Perista, Helo\u00edsa. 2021<em>. <a href=\"https:\/\/womenonboards.pt\/wp-content\/uploads\/2021\/12\/LivroBranco_digital-Equilibrio-entre-MH_OG-e-PI.pdf\" data-type=\"link\" data-id=\"https:\/\/womenonboards.pt\/wp-content\/uploads\/2021\/12\/LivroBranco_digital-Equilibrio-entre-MH_OG-e-PI.pdf\">Socius<\/a><\/em>.<\/p>\n\n\n\n<p class=\"has-iseg-white-color has-text-color has-link-color wp-elements-84307dc1db1622a261e1f347da942e7d\">.<\/p>\n\n\n\n<h3 class=\"wp-block-heading has-large-font-size\">Executives\u2019 gender pay gap and financing constraints<\/h3>\n\n\n\n<p>Ana P. Fernandes, Priscila Ferreira, 2021. <em><a href=\"https:\/\/www.sciencedirect.com\/science\/article\/abs\/pii\/S016726812100439X\" data-type=\"link\" data-id=\"https:\/\/www.sciencedirect.com\/science\/article\/abs\/pii\/S016726812100439X\">Journal of Economic Behavior &amp; Organization, Volume 192<\/a><\/em><\/p>\n\n\n\n<p class=\"has-iseg-white-color has-text-color has-link-color wp-elements-84307dc1db1622a261e1f347da942e7d\">.<\/p>\n\n\n\n<h3 class=\"wp-block-heading has-large-font-size\">In favour, against or like this? Positions and discourses of management body members on legally binding representation thresholds, merit and equality<\/h3>\n\n\n\n<p>Casaca, Sara Falc\u00e3o, Maria Jo\u00e3o Guedes, Susana Ramalho Marques, and Nuno Pa\u00e7o. 2021. <em><a href=\"https:\/\/exaequo.apem-estudos.org\/artigo\/a-favor-contra-ou-assim-assim\" data-type=\"link\" data-id=\"https:\/\/exaequo.apem-estudos.org\/artigo\/a-favor-contra-ou-assim-assim\">ex aequo, 44:57-77.<\/a><\/em><\/p>\n\n\n\n<p class=\"has-iseg-white-color has-text-color has-link-color wp-elements-84307dc1db1622a261e1f347da942e7d\">.<\/p>\n\n\n\n<h3 class=\"wp-block-heading has-large-font-size\">The GBB (Gender Balance on Boards) index: a proposal to measure the gender balance on boards<\/h3>\n\n\n\n<p>Guedes, Maria Jo\u00e3o, and Sara Falc\u00e3o Casaca. 2021. <em><a href=\"https:\/\/doi.org\/10.22495\/jgrv10i2siart6\" data-type=\"link\" data-id=\"https:\/\/doi.org\/10.22495\/jgrv10i2siart6\">Journal of Governance and Regulation 10(2): 249-257.<\/a><\/em><\/p>\n\n\n\n<p class=\"has-iseg-white-color has-text-color has-link-color wp-elements-84307dc1db1622a261e1f347da942e7d\">.<\/p>\n\n\n\n<h3 class=\"wp-block-heading has-large-font-size\">Is a progressive law accelerating the longstanding snail's pace? Women on corporate boards in Portugal<\/h3>\n\n\n\n<p>Casaca, Sara Falc\u00e3o, Maria Jo\u00e3o Guedes, Susana Ramalho Marques, and Nuno Pa\u00e7o. 2021. <em><a href=\"https:\/\/doi.org\/10.1590\/s0034-759020210206\" data-type=\"link\" data-id=\"https:\/\/doi.org\/10.1590\/s0034-759020210206\">RAE Revista de Administra\u00e7\u00e3o de Empresas 61(2).<\/a><\/em><\/p>\n\n\n\n<p class=\"has-iseg-white-color has-text-color has-link-color wp-elements-84307dc1db1622a261e1f347da942e7d\">.<\/p>\n\n\n\n<h3 class=\"wp-block-heading has-large-font-size\">Balance between women and men on the governing bodies of listed companies: the influence of corporate strategic commitment<\/h3>\n\n\n\n<p>Pa\u00e7o, Nuno, and Sara Falc\u00e3o Casaca. 2021. <em><a href=\"https:\/\/journals.openedition.org\/spp\/9142\" data-type=\"link\" data-id=\"https:\/\/journals.openedition.org\/spp\/9142\">Sociology, Problems and Practices 96: 75-91<\/a><a href=\"https:\/\/doi.org\/10.7458\/SPP20219619400\" data-type=\"link\" data-id=\"https:\/\/doi.org\/10.7458\/SPP20219619400\">.<\/a><\/em><\/p>\n\n\n\n<p class=\"has-iseg-white-color has-text-color has-link-color wp-elements-84307dc1db1622a261e1f347da942e7d\">.<\/p>\n\n\n\n<h3 class=\"wp-block-heading has-large-font-size\">A Configurational approach to the determinants of women on boards<\/h3>\n\n\n\n<p>Guedes, Maria Jo\u00e3o, &amp; Monteiro, Alice. 2020. <em><a href=\"https:\/\/www.researchgate.net\/publication\/341842740_A_configurational_approach_to_the_determinants_of_women_on_boards\" data-type=\"link\" data-id=\"https:\/\/www.researchgate.net\/publication\/341842740_A_configurational_approach_to_the_determinants_of_women_on_boards\">Corporate Ownership &amp; Control, 17, 100-109<\/a>.<\/em><\/p>\n\n\n\n<p class=\"has-iseg-white-color has-text-color has-link-color wp-elements-84307dc1db1622a261e1f347da942e7d\">.<\/p>\n\n\n\n<h3 class=\"wp-block-heading has-large-font-size\">Females show more sustained performance during test-taking than males<\/h3>\n\n\n\n<p>Balart, P., Oosterveen, M. 2019. <a href=\"https:\/\/www.nature.com\/articles\/s41467-019-11691-y#citeas\" data-type=\"link\" data-id=\"https:\/\/www.nature.com\/articles\/s41467-019-11691-y#citeas\"><em>Nature Communications Volume 10<\/em>.<\/a><\/p>\n\n\n\n<p class=\"has-iseg-white-color has-text-color has-link-color wp-elements-84307dc1db1622a261e1f347da942e7d\">.<\/p>\n\n\n\n<h3 class=\"wp-block-heading has-large-font-size\"><strong>Are scientific memes inherited differently from gendered authorship?<\/strong><\/h3>\n\n\n\n<p>Ara\u00fajo, T., Fontainha, E. 2018. <a href=\"https:\/\/doi.org\/10.1007\/s11192-018-2903-7\" data-type=\"link\" data-id=\"https:\/\/doi.org\/10.1007\/s11192-018-2903-7\"><em>Scientometrics<\/em>&nbsp;117, 953-972.<\/a><\/p>\n\n\n\n<p class=\"has-iseg-white-color has-text-color has-link-color wp-elements-84307dc1db1622a261e1f347da942e7d\">.<\/p>\n\n\n\n<h3 class=\"wp-block-heading has-large-font-size\"><strong>On the cultural basis of gender differences in negotiation<\/strong><\/h3>\n\n\n\n<p>Andersen, S., Ertac, S., Gneezy, U., List, John A., Maximiano, S.<em> <\/em>2018, <em><a href=\"https:\/\/link.springer.com\/article\/10.1007\/s10683-017-9547-y#citeas\" data-type=\"link\" data-id=\"https:\/\/link.springer.com\/article\/10.1007\/s10683-017-9547-y#citeas\">Experimental Economics Volume 21, pages 757-778<\/a><\/em>.<\/p>\n\n\n\n<h2 class=\"wp-block-heading has-iseg-white-color has-text-color has-link-color has-small-font-size wp-elements-47a4b48c77ee9aac0a1af9811e4e65a7\">.<\/h2>\n\n\n\n<h3 class=\"wp-block-heading has-large-font-size\"><strong>Income-rich and wealth-poor? The impact of measures of socio-economic status in the analysis of the distribution of long-term care use among older people<\/strong><\/h3>\n\n\n\n<p>Rodrigues R, Ilinca S, Schmidt AE. 2017. <a href=\"https:\/\/onlinelibrary.wiley.com\/doi\/10.1002\/hec.3607\" data-type=\"link\" data-id=\"https:\/\/onlinelibrary.wiley.com\/doi\/10.1002\/hec.3607\"><em>Health Economics; 27:637-646<\/em><\/a>.<\/p>\n\n\n\n<p><\/p>","protected":false},"excerpt":{"rendered":"Gender effects on investment efficiency in European firms&nbsp;Available Tiago Cruz Gon\u00e7alves, Victor Barros, Cristina Gaio e Jos\u00e9 Almeida, 2026, Gender effects on investment efficiency in European firms Available, Review of&nbsp;[&#8230;]","protected":false},"author":42,"featured_media":0,"parent":141,"menu_order":5,"comment_status":"closed","ping_status":"closed","template":"tpl-default-full-width.php","meta":{"inline_featured_image":false,"_uag_custom_page_level_css":"","footnotes":""},"acf":[],"uagb_featured_image_src":{"full":false,"thumbnail":false,"medium":false,"medium_large":false,"large":false,"1536x1536":false,"2048x2048":false,"trp-custom-language-flag":false},"uagb_author_info":{"display_name":"aribeiroadvance","author_link":"https:\/\/www.iseg.ulisboa.pt\/genero-trabalho-poder\/en\/author\/aribeiroadvance\/"},"uagb_comment_info":0,"uagb_excerpt":"Gender effects on investment efficiency in European firms&nbsp;Available Tiago Cruz Gon\u00e7alves, Victor Barros, Cristina Gaio e Jos\u00e9 Almeida, 2026, Gender effects on investment efficiency in European firms Available, Review of&nbsp;[...]","_links":{"self":[{"href":"https:\/\/www.iseg.ulisboa.pt\/genero-trabalho-poder\/en\/wp-json\/wp\/v2\/pages\/549"}],"collection":[{"href":"https:\/\/www.iseg.ulisboa.pt\/genero-trabalho-poder\/en\/wp-json\/wp\/v2\/pages"}],"about":[{"href":"https:\/\/www.iseg.ulisboa.pt\/genero-trabalho-poder\/en\/wp-json\/wp\/v2\/types\/page"}],"author":[{"embeddable":true,"href":"https:\/\/www.iseg.ulisboa.pt\/genero-trabalho-poder\/en\/wp-json\/wp\/v2\/users\/42"}],"replies":[{"embeddable":true,"href":"https:\/\/www.iseg.ulisboa.pt\/genero-trabalho-poder\/en\/wp-json\/wp\/v2\/comments?post=549"}],"version-history":[{"count":20,"href":"https:\/\/www.iseg.ulisboa.pt\/genero-trabalho-poder\/en\/wp-json\/wp\/v2\/pages\/549\/revisions"}],"predecessor-version":[{"id":887,"href":"https:\/\/www.iseg.ulisboa.pt\/genero-trabalho-poder\/en\/wp-json\/wp\/v2\/pages\/549\/revisions\/887"}],"up":[{"embeddable":true,"href":"https:\/\/www.iseg.ulisboa.pt\/genero-trabalho-poder\/en\/wp-json\/wp\/v2\/pages\/141"}],"wp:attachment":[{"href":"https:\/\/www.iseg.ulisboa.pt\/genero-trabalho-poder\/en\/wp-json\/wp\/v2\/media?parent=549"}],"curies":[{"name":"wp","href":"https:\/\/api.w.org\/{rel}","templated":true}]}}