{"id":795,"date":"2026-03-02T16:06:10","date_gmt":"2026-03-02T16:06:10","guid":{"rendered":"https:\/\/www.iseg.ulisboa.pt\/genero-trabalho-poder\/?page_id=795"},"modified":"2026-03-30T10:28:46","modified_gmt":"2026-03-30T10:28:46","slug":"academic-work","status":"publish","type":"page","link":"https:\/\/www.iseg.ulisboa.pt\/genero-trabalho-poder\/en\/academic-work\/","title":{"rendered":"Academic work"},"content":{"rendered":"<p>Mariana Ribeiro Barcelos de Souza (2025). <em><a href=\"https:\/\/www.iseg.ulisboa.pt\/genero-trabalho-poder\/wp-content\/uploads\/sites\/26\/2026\/03\/tfm-_Mariana_Barcelos_apos_defesa.pdf\"><strong>Transparency and Gender Equality in Sustainability Reporting: Comparative Insights from the GRI and ESRS Frameworks<\/strong><\/a><\/em>. Master's dissertation, Master in International Development and Cooperation, ISEG.<\/p>\n\n\n\n<p>Patr\u00edcia Alexandra Messias Silva (2025). <em><a href=\"https:\/\/www.iseg.ulisboa.pt\/genero-trabalho-poder\/wp-content\/uploads\/sites\/26\/2026\/03\/tfm_Patricia_Silva_apos_defesa.pdf\"><strong>Institutional Commitment and the Balance between Women and Men in the Management Bodies of the Banking Sector in Portugal<\/strong><\/a><\/em>. Master's dissertation, Master's in Human Resources Management, ISEG.<\/p>\n\n\n\n<p>Catarina Gaspar Braz\u00e3o de Almeida, Mariana Santos Branco, Marta Andreia Mariano Ferreira, Rodrigo Gon\u00e7alo Greg\u00f3rio Carvalho, Sofia Carocha Teixeira Arag\u00e3o Soares, 2025,\u00a0<strong><em><a href=\"https:\/\/www.iseg.ulisboa.pt\/genero-trabalho-poder\/wp-content\/uploads\/sites\/26\/2026\/02\/Relatorio_Final_de_Seminario_Licenciatura_Economia_2024_25.pdf\" target=\"_blank\" rel=\"noreferrer noopener\">Segregation by branch of activity and profession according to gender: an analysis of developments in Portugal<\/a><\/em><\/strong>, Economics Degree Seminar, Public Economics and Social Policy, Academic Year 2024\/2025, Final Report.<\/p>","protected":false},"excerpt":{"rendered":"Mariana Ribeiro Barcelos de Souza (2025). Transparency and Gender Equality in Sustainability Reporting: Comparative Insights from the GRI and ESRS Frameworks. Disserta\u00e7\u00e3o de Mestrado, Master in International Development and Cooperation,&nbsp;[&#8230;]","protected":false},"author":63,"featured_media":0,"parent":0,"menu_order":0,"comment_status":"closed","ping_status":"closed","template":"","meta":{"inline_featured_image":false,"_uag_custom_page_level_css":"","footnotes":""},"acf":[],"uagb_featured_image_src":{"full":false,"thumbnail":false,"medium":false,"medium_large":false,"large":false,"1536x1536":false,"2048x2048":false,"trp-custom-language-flag":false},"uagb_author_info":{"display_name":"monicafraga","author_link":"https:\/\/www.iseg.ulisboa.pt\/genero-trabalho-poder\/en\/author\/monicafraga\/"},"uagb_comment_info":0,"uagb_excerpt":"Mariana Ribeiro Barcelos de Souza (2025). Transparency and Gender Equality in Sustainability Reporting: Comparative Insights from the GRI and ESRS Frameworks. Disserta\u00e7\u00e3o de Mestrado, Master in International Development and Cooperation,&nbsp;[...]","_links":{"self":[{"href":"https:\/\/www.iseg.ulisboa.pt\/genero-trabalho-poder\/en\/wp-json\/wp\/v2\/pages\/795"}],"collection":[{"href":"https:\/\/www.iseg.ulisboa.pt\/genero-trabalho-poder\/en\/wp-json\/wp\/v2\/pages"}],"about":[{"href":"https:\/\/www.iseg.ulisboa.pt\/genero-trabalho-poder\/en\/wp-json\/wp\/v2\/types\/page"}],"author":[{"embeddable":true,"href":"https:\/\/www.iseg.ulisboa.pt\/genero-trabalho-poder\/en\/wp-json\/wp\/v2\/users\/63"}],"replies":[{"embeddable":true,"href":"https:\/\/www.iseg.ulisboa.pt\/genero-trabalho-poder\/en\/wp-json\/wp\/v2\/comments?post=795"}],"version-history":[{"count":6,"href":"https:\/\/www.iseg.ulisboa.pt\/genero-trabalho-poder\/en\/wp-json\/wp\/v2\/pages\/795\/revisions"}],"predecessor-version":[{"id":885,"href":"https:\/\/www.iseg.ulisboa.pt\/genero-trabalho-poder\/en\/wp-json\/wp\/v2\/pages\/795\/revisions\/885"}],"wp:attachment":[{"href":"https:\/\/www.iseg.ulisboa.pt\/genero-trabalho-poder\/en\/wp-json\/wp\/v2\/media?parent=795"}],"curies":[{"name":"wp","href":"https:\/\/api.w.org\/{rel}","templated":true}]}}