{"id":24,"date":"2024-10-21T00:07:29","date_gmt":"2024-10-21T00:07:29","guid":{"rendered":"https:\/\/www.iseg.ulisboa.pt\/genero-trabalho-poder\/?page_id=24"},"modified":"2026-03-06T10:59:59","modified_gmt":"2026-03-06T10:59:59","slug":"stakeholders","status":"publish","type":"page","link":"https:\/\/www.iseg.ulisboa.pt\/genero-trabalho-poder\/stakeholders\/","title":{"rendered":"Stakeholders"},"content":{"rendered":"\n<p class=\"has-iseg-red-color has-text-color has-link-color has-large-font-size wp-elements-e92e3ac600810ae4677b29a553f9b9a1\">Associa\u00e7\u00f5es Cient\u00edficas <\/p>\n\n\n\n<figure class=\"wp-block-table\"><table><tbody><tr><td><a href=\"https:\/\/apem-estudos.org\/pt\/\" data-type=\"link\" data-id=\"https:\/\/apem-estudos.org\/pt\/\">Associa\u00e7\u00e3o Portuguesa de Estudos sobre as Mulheres &#8211; APEM<\/a><\/td><td>Virg\u00ednia Ferreira<\/td><td>Presidente<\/td><\/tr><\/tbody><\/table><\/figure>\n\n\n\n<div style=\"height:30px\" aria-hidden=\"true\" class=\"wp-block-spacer\"><\/div>\n\n\n\n<p class=\"has-iseg-red-color has-text-color has-link-color has-large-font-size wp-elements-76e0d902e6775228ca25bf35e212b51d\">Governo e Entidades P\u00fablicas<\/p>\n\n\n\n<figure class=\"wp-block-table\"><table><tbody><tr><td><a href=\"https:\/\/www.planapp.gov.pt\/\">Centro de Planeamento e de Avalia\u00e7\u00e3o de Pol\u00edticas P\u00fablicas &#8211; PlanAPP<\/a><\/td><td>Ana Sofia Figueiredo<\/td><td>Sub-Diretora<\/td><\/tr><tr><td><a href=\"https:\/\/www.cig.gov.pt\/\">Comiss\u00e3o para a Cidadania e a Igualdade de G\u00e9nero &#8211; CIG<\/a><\/td><td>&nbsp;Sandra Ribeiro<\/td><td>Presidente<\/td><\/tr><tr><td><a href=\"https:\/\/cite.gov.pt\/web\/pt\">Comiss\u00e3o para a Igualdade no Trabalho e no Emprego &#8211; CITE<\/a><\/td><td>&nbsp;Carla Tavares<\/td><td>Presidente<\/td><\/tr><tr><td><a href=\"https:\/\/www.gep.mtsss.gov.pt\/inicio\">Gabinete de Estrat\u00e9gia e Planeamento do Minist\u00e9rio do Trabalho, Solidariedade e Seguran\u00e7a Social &#8211; GEP\/MTSSS<\/a><\/td><td>&nbsp;Jos\u00e9 Lu\u00eds Albuquerque e Rute Guerra<\/td><td>Diretor-Geral e Sub-Diretora<\/td><\/tr><tr><td><a href=\"https:\/\/ces.pt\/\">Conselho Econ\u00f3mico e Social &#8211; CES<\/a><\/td><td>Lu\u00eds Pais Antunes<\/td><td>Presidente<\/td><\/tr><\/tbody><\/table><\/figure>\n\n\n\n<div style=\"height:30px\" aria-hidden=\"true\" class=\"wp-block-spacer\"><\/div>\n\n\n\n<p class=\"has-iseg-red-color has-text-color has-link-color has-large-font-size wp-elements-e86da947bf981dec097dffce1c5fd0fe\">Entidades de Supervis\u00e3o e Regula\u00e7\u00e3o<\/p>\n\n\n\n<figure class=\"wp-block-table\"><table><tbody><tr><td><a href=\"https:\/\/cgov.pt\/\" data-type=\"link\" data-id=\"https:\/\/cgov.pt\/\">Instituto Portugu\u00eas de Corporate Governance &#8211; IPCG<\/a><\/td><td>Joana Torres Ereio<\/td><td>Membro da Dire\u00e7\u00e3o<\/td><\/tr><tr><td><a href=\"https:\/\/emitentes.pt\/\" data-type=\"link\" data-id=\"https:\/\/emitentes.pt\/\">Associa\u00e7\u00e3o de Empresas Emitentes &#8211; AEE<\/a><\/td><td>Abel Sequeira Ferreira<\/td><td>Diretor Executivo<\/td><\/tr><tr><td><a href=\"https:\/\/live.euronext.com\/pt\" data-type=\"link\" data-id=\"https:\/\/live.euronext.com\/pt\">Euronext Lisboa<\/a><\/td><td>Isabel Ucha<\/td><td>CEO<\/td><\/tr><\/tbody><\/table><\/figure>\n\n\n\n<div style=\"height:30px\" aria-hidden=\"true\" class=\"wp-block-spacer\"><\/div>\n\n\n\n<p class=\"has-iseg-red-color has-text-color has-link-color has-large-font-size wp-elements-b2bc22c4d3db1d9769f25c089fc75ffb\">Plataformas, Associa\u00e7\u00f5es de Mulheres, Profissionais, Peritas\/os<\/p>\n\n\n\n<figure class=\"wp-block-table\"><table><tbody><tr><td><a href=\"https:\/\/www.apmj.pt\/\" data-type=\"link\" data-id=\"https:\/\/www.apmj.pt\/\" target=\"_blank\" rel=\"noreferrer noopener\">Associa\u00e7\u00e3o Portuguesa de Mulheres Juristas &#8211; APMJ<\/a><\/td><td>Rute Almeida<\/td><td>Magistrada do Minist\u00e9rio P\u00fablico e membro da Dire\u00e7\u00e3o<\/td><\/tr><tr><td><a href=\"https:\/\/plataformamulheres.org.pt\/\" data-type=\"link\" data-id=\"https:\/\/plataformamulheres.org.pt\/\">Plataforma Portuguesa para os Direitos das Mulheres\/ Lobby Europeu das Mulheres &#8211; PPDM\/LEM<\/a><\/td><td>Ana Sofia Fernandes<\/td><td>Presidente<\/td><\/tr><tr><td><a href=\"https:\/\/www.pwnglobal.net\/c\/pwn-lisbon\/\">PWN &#8211; Professional Women\u2019s Network Lisbon<\/a><\/td><td>Paula Perfeito<\/td><td>Presidente<\/td><\/tr><tr><td><a href=\"https:\/\/www.vda.pt\/pt\/\" data-type=\"link\" data-id=\"https:\/\/www.vda.pt\/pt\/\">Vieira de Almeida &amp; Associados<\/a><\/td><td>Margarida Couto<\/td><td>S\u00f3cia<\/td><\/tr><tr><td><a href=\"https:\/\/executiva.pt\/\" data-type=\"link\" data-id=\"https:\/\/executiva.pt\/\">Executiva (Plataforma de Comunica\u00e7\u00e3o)<\/a><\/td><td>Isabel Canha<\/td><td>Diretora<\/td><\/tr><tr><td><a href=\"https:\/\/costapinto.pt\/\" data-type=\"link\" data-id=\"https:\/\/costapinto.pt\/\">Costa Pinto Advogados<\/a><\/td><td>Ana da Ponte Lopes<\/td><td>S\u00f3cia<\/td><\/tr><tr><td><a href=\"https:\/\/www.movimentolife.pt\/\" data-type=\"link\" data-id=\"https:\/\/www.movimentolife.pt\/\">Movimento Life \u2013 Lideran\u00e7a no Feminino<\/a><\/td><td>Cl\u00e1udia Ricardo e Isabel Henrique de Jesus<\/td><td>Fundadoras<\/td><\/tr><\/tbody><\/table><\/figure>\n\n\n\n<div style=\"height:30px\" aria-hidden=\"true\" class=\"wp-block-spacer\"><\/div>\n\n\n\n<p class=\"has-iseg-red-color has-text-color has-link-color has-large-font-size wp-elements-a201999585d3f4c8a13b930a6adb438d\">Confedera\u00e7\u00f5es Empresariais<\/p>\n\n\n\n<figure class=\"wp-block-table\"><table><tbody><tr><td><a href=\"https:\/\/www.cap.pt\/\" data-type=\"link\" data-id=\"https:\/\/www.cap.pt\/\">Confedera\u00e7\u00e3o dos Agricultores de Portugal<\/a><\/td><td>Cristina Morais <\/td><td>Chefe do Gabinete da Dire\u00e7\u00e3o<\/td><\/tr><tr><td><a href=\"https:\/\/cip.org.pt\/\" data-type=\"link\" data-id=\"https:\/\/cip.org.pt\/\">Confedera\u00e7\u00e3o Empresarial de Portugal &#8211; CIP<\/a><\/td><td>Alexandra Freire<\/td><td>Membro da Dire\u00e7\u00e3o das Rela\u00e7\u00f5es sociolaborais<\/td><\/tr><tr><td><a href=\"https:\/\/ccp.pt\/\" data-type=\"link\" data-id=\"https:\/\/ccp.pt\/\">Confedera\u00e7\u00e3o do Com\u00e9rcio e Servi\u00e7os de Portugal &#8211; CCP<\/a><\/td><td>Helena Leal<\/td><td>T\u00e9cnica Superior de Assuntos Internacionais<\/td><\/tr><tr><td><a href=\"https:\/\/ctp.org.pt\/\" data-type=\"link\" data-id=\"https:\/\/ctp.org.pt\/\">Confedera\u00e7\u00e3o do Turismo de Portugal &#8211; CTP<\/a><\/td><td>Alexandra Antunes<\/td><td>Jurista\/Servi\u00e7os Jur\u00eddicos<\/td><\/tr><\/tbody><\/table><\/figure>\n\n\n\n<div style=\"height:30px\" aria-hidden=\"true\" class=\"wp-block-spacer\"><\/div>\n\n\n\n<p class=\"has-iseg-red-color has-text-color has-link-color has-large-font-size wp-elements-a98754c7c099634f7d96e0d7451c2e2e\">Confedera\u00e7\u00f5es Sindicais<\/p>\n\n\n\n<figure class=\"wp-block-table\"><table><tbody><tr><td><a href=\"https:\/\/www.ugt.pt\/\" data-type=\"link\" data-id=\"https:\/\/www.ugt.pt\/\">Uni\u00e3o Geral de Trabalhadores &#8211; UGT<\/a><\/td><td>Soraia Duarte<\/td><td>Secret\u00e1ria-Geral Adjunta<\/td><\/tr><tr><td><a href=\"https:\/\/www.cgtp.pt\/\" data-type=\"link\" data-id=\"https:\/\/www.cgtp.pt\/\">Confedera\u00e7\u00e3o Geral dos Trabalhadores Portugueses &#8211; CGTP<\/a><\/td><td>F\u00e1tima Messias<\/td><td>Membro do Conselho Nacional\/CIHM<\/td><\/tr><\/tbody><\/table><\/figure>\n\n\n\n<div style=\"height:20px\" aria-hidden=\"true\" class=\"wp-block-spacer\"><\/div>\n\n\n\n<figure class=\"wp-block-table\"><table class=\"has-iseg-dark-grey-color has-text-color has-link-color\"><tbody><tr><td>Perita e Consultora de projetos do Observat\u00f3rio &#8211; <a href=\"https:\/\/www.cesis.org\/pt\" data-type=\"link\" data-id=\"https:\/\/www.cesis.org\/pt\">CESIS<\/a><\/td><td>Doutora Helo\u00edsa Perista<\/td><\/tr><\/tbody><\/table><\/figure>\n\n\n\n<div style=\"height:30px\" aria-hidden=\"true\" class=\"wp-block-spacer\"><\/div>\n","protected":false},"excerpt":{"rendered":"Associa\u00e7\u00f5es Cient\u00edficas Associa\u00e7\u00e3o Portuguesa de Estudos sobre as Mulheres &#8211; APEMVirg\u00ednia FerreiraPresidente Governo e Entidades P\u00fablicas Centro de Planeamento e de Avalia\u00e7\u00e3o de Pol\u00edticas P\u00fablicas &#8211; PlanAPPAna Sofia FigueiredoSub-DiretoraComiss\u00e3o para&nbsp;[&#8230;]","protected":false},"author":5,"featured_media":0,"parent":0,"menu_order":8,"comment_status":"closed","ping_status":"closed","template":"","meta":{"inline_featured_image":false,"_uag_custom_page_level_css":"","footnotes":""},"acf":[],"uagb_featured_image_src":{"full":false,"thumbnail":false,"medium":false,"medium_large":false,"large":false,"1536x1536":false,"2048x2048":false,"trp-custom-language-flag":false},"uagb_author_info":{"display_name":"diogoalmeida","author_link":"https:\/\/www.iseg.ulisboa.pt\/genero-trabalho-poder\/author\/diogoalmeida\/"},"uagb_comment_info":0,"uagb_excerpt":"Associa\u00e7\u00f5es Cient\u00edficas Associa\u00e7\u00e3o Portuguesa de Estudos sobre as Mulheres &#8211; APEMVirg\u00ednia FerreiraPresidente Governo e Entidades P\u00fablicas Centro de Planeamento e de Avalia\u00e7\u00e3o de Pol\u00edticas P\u00fablicas &#8211; PlanAPPAna Sofia FigueiredoSub-DiretoraComiss\u00e3o para&nbsp;[...]","_links":{"self":[{"href":"https:\/\/www.iseg.ulisboa.pt\/genero-trabalho-poder\/wp-json\/wp\/v2\/pages\/24"}],"collection":[{"href":"https:\/\/www.iseg.ulisboa.pt\/genero-trabalho-poder\/wp-json\/wp\/v2\/pages"}],"about":[{"href":"https:\/\/www.iseg.ulisboa.pt\/genero-trabalho-poder\/wp-json\/wp\/v2\/types\/page"}],"author":[{"embeddable":true,"href":"https:\/\/www.iseg.ulisboa.pt\/genero-trabalho-poder\/wp-json\/wp\/v2\/users\/5"}],"replies":[{"embeddable":true,"href":"https:\/\/www.iseg.ulisboa.pt\/genero-trabalho-poder\/wp-json\/wp\/v2\/comments?post=24"}],"version-history":[{"count":18,"href":"https:\/\/www.iseg.ulisboa.pt\/genero-trabalho-poder\/wp-json\/wp\/v2\/pages\/24\/revisions"}],"predecessor-version":[{"id":829,"href":"https:\/\/www.iseg.ulisboa.pt\/genero-trabalho-poder\/wp-json\/wp\/v2\/pages\/24\/revisions\/829"}],"wp:attachment":[{"href":"https:\/\/www.iseg.ulisboa.pt\/genero-trabalho-poder\/wp-json\/wp\/v2\/media?parent=24"}],"curies":[{"name":"wp","href":"https:\/\/api.w.org\/{rel}","templated":true}]}}