{"id":437,"date":"2024-11-18T14:54:27","date_gmt":"2024-11-18T14:54:27","guid":{"rendered":"https:\/\/www.iseg.ulisboa.pt\/genero-trabalho-poder\/?page_id=437"},"modified":"2026-03-06T17:06:23","modified_gmt":"2026-03-06T17:06:23","slug":"imprensa","status":"publish","type":"page","link":"https:\/\/www.iseg.ulisboa.pt\/genero-trabalho-poder\/imprensa\/","title":{"rendered":""},"content":{"rendered":"<div class=\"block-course-features\">\n    <div class=\"container\">\n                        <div class=\"course-features__intro\"><h2 style=\"text-align: left;\">O <strong>Observat\u00f3rio<\/strong>\u00a0nos Media<\/h2>\n<p>&nbsp;<\/p>\n<\/div>\n                <div class=\"course-features__grid\">\n        \n            <div class=\"course-features__item\">\n                                <div class=\"course-features__content\">\n                    <div class=\"course-features__topcut\"><\/div>\n                    <h4 class=\"course-features__heading\">\n                                                    <a href=\"https:\/\/www.publico.pt\/2026\/02\/04\/sociedade\/noticia\/arrumar-cozinhar-cuidar-compras-filhos-mulheres-continuam-sobrecarregadas-frente-domestica-face-homens-2163544#\">Arrumar, cozinhar, cuidar das compras e dos filhos: mulheres continuam sobrecarregadas na frente dom\u00e9stica face aos homens<\/a>\n                                            <\/h4>\n                    <div class=\"course-features__text\">Esta \u00e9 a principal conclus\u00e3o da publica\u00e7\u00e3o \u201cEntre Trabalho e Lazer: A Persist\u00eancia das Desigualdades de G\u00e9nero na Gest\u00e3o do Tempo\u201d de Maria Jo\u00e3o Guedes. (P\u00fablico)\r\n<\/div>\n                                            <a href=\"https:\/\/www.publico.pt\/2026\/02\/04\/sociedade\/noticia\/arrumar-cozinhar-cuidar-compras-filhos-mulheres-continuam-sobrecarregadas-frente-domestica-face-homens-2163544#\" target=\"_blank\" class=\"link-learnmore\"><\/a>\n                                    <\/div>\n            <\/div>\n\n        \n            <div class=\"course-features__item\">\n                                <div class=\"course-features__content\">\n                    <div class=\"course-features__topcut\"><\/div>\n                    <h4 class=\"course-features__heading\">\n                                                    <a href=\"https:\/\/24noticias.sapo.pt\/atualidade\/artigos\/ainda-ha-profissoes-de-homem-e-de-mulher-educacao-e-socializacao-continuam-a-condicionar-escolhas\">Ainda h\u00e1 profiss\u00f5es de homem e de mulher? <\/a>\n                                            <\/h4>\n                    <div class=\"course-features__text\">&#8220;Em Portugal praticamente n\u00e3o h\u00e1 mulheres com profiss\u00f5es qualificadas em eletricidade, eletr\u00f3nica ou na constru\u00e7\u00e3o, mantendo-se na \u00faltima d\u00e9cada os estere\u00f3tipos que acabam por moldar as op\u00e7\u00f5es educativas de rapazes e raparigas, segundo um bar\u00f3metro do Observat\u00f3rio G\u00e9nero, Trabalho e Poder&#8221;. (24 Not\u00edcias)<\/div>\n                                            <a href=\"https:\/\/24noticias.sapo.pt\/atualidade\/artigos\/ainda-ha-profissoes-de-homem-e-de-mulher-educacao-e-socializacao-continuam-a-condicionar-escolhas\" target=\"_blank\" class=\"link-learnmore\"><\/a>\n                                    <\/div>\n            <\/div>\n\n        \n            <div class=\"course-features__item\">\n                                <div class=\"course-features__content\">\n                    <div class=\"course-features__topcut\"><\/div>\n                    <h4 class=\"course-features__heading\">\n                                                    <a href=\"https:\/\/www.jn.pt\/nacional\/artigo\/em-portugal-quase-nao-ha-mulheres-a-trabalhar-em-eletricidade-eletronica-e-construcao\/17752280\">Em Portugal quase n\u00e3o h\u00e1 mulheres a trabalhar em eletricidade, eletr\u00f3nica e constru\u00e7\u00e3o<\/a>\n                                            <\/h4>\n                    <div class=\"course-features__text\">&#8220;Em Portugal praticamente n\u00e3o h\u00e1 mulheres com profiss\u00f5es qualificadas em eletricidade, eletr\u00f3nica ou na constru\u00e7\u00e3o, mantendo-se na \u00faltima d\u00e9cada os estere\u00f3tipos que acabam por moldar as op\u00e7\u00f5es educativas de rapazes e raparigas&#8221;. (Jornal de Not\u00edcias)\r\n\r\n<\/div>\n                                            <a href=\"https:\/\/www.jn.pt\/nacional\/artigo\/em-portugal-quase-nao-ha-mulheres-a-trabalhar-em-eletricidade-eletronica-e-construcao\/17752280\" target=\"_blank\" class=\"link-learnmore\"><\/a>\n                                    <\/div>\n            <\/div>\n\n        \n            <div class=\"course-features__item\">\n                                <div class=\"course-features__content\">\n                    <div class=\"course-features__topcut\"><\/div>\n                    <h4 class=\"course-features__heading\">\n                                                    <a href=\"https:\/\/www.dnoticias.pt\/2025\/6\/29\/454272-estereotipos-ainda-justificam-profissoes-de-eletricidade-e-construcao-dominadas-por-homens\/\">Estere\u00f3tipos ainda justificam profiss\u00f5es de eletricidade e constru\u00e7\u00e3o dominadas por homens<\/a>\n                                            <\/h4>\n                    <div class=\"course-features__text\">Resultados do Observat\u00f3rio \u201cG\u00e9nero, Trabalho e Poder\u201d divulgados no DN. (DN\/Lusa)<\/div>\n                                            <a href=\"https:\/\/www.dnoticias.pt\/2025\/6\/29\/454272-estereotipos-ainda-justificam-profissoes-de-eletricidade-e-construcao-dominadas-por-homens\/\" target=\"_blank\" class=\"link-learnmore\"><\/a>\n                                    <\/div>\n            <\/div>\n\n        \n            <div class=\"course-features__item\">\n                                <div class=\"course-features__content\">\n                    <div class=\"course-features__topcut\"><\/div>\n                    <h4 class=\"course-features__heading\">\n                                                    <a href=\"https:\/\/www.tsf.pt\/economia\/artigo\/estereotipos-ainda-justificam-profissoes-de-eletricidade-e-construcao-dominadas-por-homens\/18005814\">Estere\u00f3tipos ainda justificam profiss\u00f5es de eletricidade e constru\u00e7\u00e3o dominadas por homens<\/a>\n                                            <\/h4>\n                    <div class=\"course-features__text\">&#8220;\u00c9 grande o peso das representa\u00e7\u00f5es sociais e culturais que est\u00e3o muito enraizadas e presentes na fam\u00edlia e noutros agentes de socializa\u00e7\u00e3o, uma marca cultural tradicional acerca dos pap\u00e9is sociais das mulheres e dos homens que limita e condiciona a realiza\u00e7\u00e3o profissional das raparigas e dos rapazes&#8221;. (TSF R\u00e1dio Not\u00edcias)\r\n\r\n<\/div>\n                                            <a href=\"https:\/\/www.tsf.pt\/economia\/artigo\/estereotipos-ainda-justificam-profissoes-de-eletricidade-e-construcao-dominadas-por-homens\/18005814\" target=\"_blank\" class=\"link-learnmore\"><\/a>\n                                    <\/div>\n            <\/div>\n\n        \n            <div class=\"course-features__item\">\n                                <div class=\"course-features__content\">\n                    <div class=\"course-features__topcut\"><\/div>\n                    <h4 class=\"course-features__heading\">\n                                                    <a href=\"https:\/\/www.noticiasdecoimbra.pt\/mulheres-lideram-profissoes-de-cuidados-pessoais-limpeza-saude-e-ensino\/\">Mulheres lideram profiss\u00f5es de cuidados pessoais, limpeza, sa\u00fade e ensino<\/a>\n                                            <\/h4>\n                    <div class=\"course-features__text\">&#8220;As mulheres portuguesas est\u00e3o particularmente concentradas nas profiss\u00f5es de cuidados pessoais, limpeza, sa\u00fade e ensino, mas a sua presen\u00e7a \u00e9 quase residual entre os trabalhadores da floresta ou da metalurgia, segundo um bar\u00f3metro do Observat\u00f3rio G\u00e9nero&#8221;. (Not\u00edcias de Coimbra)\r\n\r\n<\/div>\n                                            <a href=\"https:\/\/www.noticiasdecoimbra.pt\/mulheres-lideram-profissoes-de-cuidados-pessoais-limpeza-saude-e-ensino\/\" target=\"_blank\" class=\"link-learnmore\"><\/a>\n                                    <\/div>\n            <\/div>\n\n        \n            <div class=\"course-features__item\">\n                                <div class=\"course-features__content\">\n                    <div class=\"course-features__topcut\"><\/div>\n                    <h4 class=\"course-features__heading\">\n                                                    <a href=\"https:\/\/www.dn.pt\/sociedade\/mulheres-s%C3%A3o-92-da-for%C3%A7a-de-trabalho-nos-cuidados-pessoais-88-na-limpeza-mostra-novo-bar%C3%B3metro\">Mulheres s\u00e3o 92% da for\u00e7a de trabalho nos cuidados pessoais 88% na limpeza, mostra novo bar\u00f3metro<\/a>\n                                            <\/h4>\n                    <div class=\"course-features__text\">&#8220;Dados de 2022 publicados pelo Observat\u00f3rio G\u00e9nero, Trabalho e Poder, um organismo do ISEG \u2013 Lisbon School of Economics &#038; Management liderado pela especialista Sara Falc\u00e3o Casaca&#8221;. (DN\/Lusa)<\/div>\n                                            <a href=\"https:\/\/www.dn.pt\/sociedade\/mulheres-s%C3%A3o-92-da-for%C3%A7a-de-trabalho-nos-cuidados-pessoais-88-na-limpeza-mostra-novo-bar%C3%B3metro\" target=\"_blank\" class=\"link-learnmore\"><\/a>\n                                    <\/div>\n            <\/div>\n\n        \n            <div class=\"course-features__item\">\n                                <div class=\"course-features__content\">\n                    <div class=\"course-features__topcut\"><\/div>\n                    <h4 class=\"course-features__heading\">\n                                                    <a href=\"https:\/\/www.noticiasaominuto.com\/economia\/2813335\/eletricidade-ou-construcao-estereotipos-justificam-dominio-por-homens\">Eletricidade ou constru\u00e7\u00e3o? Estere\u00f3tipos justificam dom\u00ednio por homens<\/a>\n                                            <\/h4>\n                    <div class=\"course-features__text\">&#8220;Em Portugal praticamente n\u00e3o h\u00e1 mulheres com profiss\u00f5es qualificadas em eletricidade, eletr\u00f3nica ou na constru\u00e7\u00e3o, mantendo-se na \u00faltima d\u00e9cada os estere\u00f3tipos que acabam por moldar as op\u00e7\u00f5es educativas de rapazes e raparigas, segundo dados a que a Lusa&#8221;. (Not\u00edcias ao Minuto)\r\n\r\n<\/div>\n                                            <a href=\"https:\/\/www.noticiasaominuto.com\/economia\/2813335\/eletricidade-ou-construcao-estereotipos-justificam-dominio-por-homens\" target=\"_blank\" class=\"link-learnmore\"><\/a>\n                                    <\/div>\n            <\/div>\n\n        \n            <div class=\"course-features__item\">\n                                <div class=\"course-features__content\">\n                    <div class=\"course-features__topcut\"><\/div>\n                    <h4 class=\"course-features__heading\">\n                                                    <a href=\"https:\/\/smoothfm.pt\/noticia\/mulheres-lideram-profissoes-de-cuidados-pessoais-limpeza-saude-e-ensino-barometro\">Mulheres lideram profiss\u00f5es de cuidados pessoais, limpeza, sa\u00fade e ensino<\/a>\n                                            <\/h4>\n                    <div class=\"course-features__text\">&#8220;As mulheres portuguesas est\u00e3o particularmente concentradas nas profiss\u00f5es de cuidados pessoais, limpeza, sa\u00fade e ensino, mas a sua presen\u00e7a \u00e9 quase residual entre os trabalhadores da floresta ou da metalurgia, segundo um bar\u00f3metro do Observat\u00f3rio G\u00e9nero&#8221;. (Smooth FM)\r\n<\/div>\n                                            <a href=\"https:\/\/smoothfm.pt\/noticia\/mulheres-lideram-profissoes-de-cuidados-pessoais-limpeza-saude-e-ensino-barometro\" target=\"_blank\" class=\"link-learnmore\"><\/a>\n                                    <\/div>\n            <\/div>\n\n        \n            <div class=\"course-features__item\">\n                                <div class=\"course-features__content\">\n                    <div class=\"course-features__topcut\"><\/div>\n                    <h4 class=\"course-features__heading\">\n                                                    <a href=\"https:\/\/www.publico.pt\/2025\/06\/23\/sociedade\/noticia\/mulheres-engenharias-matematicas-ganham-menos-homens-2137389\">Mulheres nas engenharias e matem\u00e1ticas ganham cada vez menos do que os homens<\/a>\n                                            <\/h4>\n                    <div class=\"course-features__text\">Conclus\u00f5es do estudo do Observat\u00f3rio \u201cG\u00e9nero, Trabalho e Poder\u201d destacadas no artigo. (P\u00fablico)\r\n<\/div>\n                                            <a href=\"https:\/\/www.publico.pt\/2025\/06\/23\/sociedade\/noticia\/mulheres-engenharias-matematicas-ganham-menos-homens-2137389\" target=\"_blank\" class=\"link-learnmore\"><\/a>\n                                    <\/div>\n            <\/div>\n\n        \n            <div class=\"course-features__item\">\n                                <div class=\"course-features__content\">\n                    <div class=\"course-features__topcut\"><\/div>\n                    <h4 class=\"course-features__heading\">\n                                                    <a href=\"https:\/\/cnnportugal.iol.pt\/videos\/fosso-salarial-entre-homens-e-mulheres-ainda-e-muito-elevado\/6813a8590cf20ac1d5f310f5\">Fosso salarial entre homens e mulheres &#8220;ainda \u00e9 muito elevado&#8221;<\/a>\n                                            <\/h4>\n                    <div class=\"course-features__text\">Sara Falc\u00e3o Casaca, diretora do Observat\u00f3rio &#8220;G\u00e9nero Trabalho e Poder&#8221; do ISEG, analisa a evolu\u00e7\u00e3o da desigualdade salarial entre homens e mulheres. \u201cNa quest\u00e3o remunerat\u00f3ria, o fosso ainda \u00e9 muito elevado\u201d, diz. (CNN Portugal)<\/div>\n                                            <a href=\"https:\/\/cnnportugal.iol.pt\/videos\/fosso-salarial-entre-homens-e-mulheres-ainda-e-muito-elevado\/6813a8590cf20ac1d5f310f5\" target=\"_blank\" class=\"link-learnmore\"><\/a>\n                                    <\/div>\n            <\/div>\n\n        \n            <div class=\"course-features__item\">\n                                <div class=\"course-features__content\">\n                    <div class=\"course-features__topcut\"><\/div>\n                    <h4 class=\"course-features__heading\">\n                                                    <a href=\"https:\/\/open.spotify.com\/episode\/4k7Stvs8ydh4PusgKvXL17?si=uu78jwi8Qo-yUiLD3L3lXQ\">M\u00e1 sorte ter nascido mulher \u2022 Expresso da Manh\u00e3  <\/a>\n                                            <\/h4>\n                    <div class=\"course-features__text\">No podcast di\u00e1rio do Expresso, o jornalista Paulo Baldaia conversa com a jornalista Elisabete Miranda a prop\u00f3sito do dia Nacional da Igualdade Salarial. (Expresso)<\/div>\n                                            <a href=\"https:\/\/open.spotify.com\/episode\/4k7Stvs8ydh4PusgKvXL17?si=uu78jwi8Qo-yUiLD3L3lXQ\" target=\"_blank\" class=\"link-learnmore\"><\/a>\n                                    <\/div>\n            <\/div>\n\n        \n            <div class=\"course-features__item\">\n                                <div class=\"course-features__content\">\n                    <div class=\"course-features__topcut\"><\/div>\n                    <h4 class=\"course-features__heading\">\n                                                    <a href=\"https:\/\/sicnoticias.pt\/pais\/2024-11-14-dia-nacional-da-igualdade-salarial-a-partir-de-hoje-e-ate-ao-final-do-ano-mulheres-estao-a-trabalhar-de-graca-2033ccfc\">A partir de hoje, e at\u00e9 ao final do ano, mulheres est\u00e3o a trabalhar de gra\u00e7a.<\/a>\n                                            <\/h4>\n                    <div class=\"course-features__text\">Pe\u00e7a para a SIC Not\u00edcias de Rita de Sousa, Francisca Carrapatoso, Pedro Carpinteiro e Eduardo Horta. (SIC Not\u00edcias)<\/div>\n                                            <a href=\"https:\/\/sicnoticias.pt\/pais\/2024-11-14-dia-nacional-da-igualdade-salarial-a-partir-de-hoje-e-ate-ao-final-do-ano-mulheres-estao-a-trabalhar-de-graca-2033ccfc\" target=\"_blank\" class=\"link-learnmore\"><\/a>\n                                    <\/div>\n            <\/div>\n\n        \n            <div class=\"course-features__item\">\n                                <div class=\"course-features__content\">\n                    <div class=\"course-features__topcut\"><\/div>\n                    <h4 class=\"course-features__heading\">\n                                                    <a href=\"https:\/\/visao.pt\/exame\/2024-11-14-a-partir-de-hoje-as-mulheres-em-portugal-estao-a-trabalhar-de-graca\/\">Fosso salarial continua a agravar-se: a partir de hoje, as mulheres em Portugal est\u00e3o a trabalhar de gra\u00e7a.<\/a>\n                                            <\/h4>\n                    <div class=\"course-features__text\">Artigo de Margarida Vaqueiro Lopes sub-diretora da Vis\u00e3o para a EXAME. (Vis\u00e3o)<\/div>\n                                            <a href=\"https:\/\/visao.pt\/exame\/2024-11-14-a-partir-de-hoje-as-mulheres-em-portugal-estao-a-trabalhar-de-graca\/\" target=\"_blank\" class=\"link-learnmore\"><\/a>\n                                    <\/div>\n            <\/div>\n\n        \n            <div class=\"course-features__item\">\n                                <div class=\"course-features__content\">\n                    <div class=\"course-features__topcut\"><\/div>\n                    <h4 class=\"course-features__heading\">\n                                                    <a href=\"https:\/\/www.rtp.pt\/noticias\/economia\/mulheres-continuam-a-ganhar-menos-do-que-os-homens-em-portugal_v1614806\">Mulheres continuam a ganhar menos do que os homens em Portugal<\/a>\n                                            <\/h4>\n                    <div class=\"course-features__text\">A investigadora Sara Falc\u00e3o Casaca \u00e9 entrevistada no Dia Nacional da Igualdade Salarial e apresenta os dados lan\u00e7ados pelo Observat\u00f3rio G\u00e9nero, Trabalho e Poder. (RTP)<\/div>\n                                            <a href=\"https:\/\/www.rtp.pt\/noticias\/economia\/mulheres-continuam-a-ganhar-menos-do-que-os-homens-em-portugal_v1614806\"  class=\"link-learnmore\"><\/a>\n                                    <\/div>\n            <\/div>\n\n        \n            <div class=\"course-features__item\">\n                                <div class=\"course-features__content\">\n                    <div class=\"course-features__topcut\"><\/div>\n                    <h4 class=\"course-features__heading\">\n                                                    <a href=\"https:\/\/www.tsf.pt\/1384704741\/homens-ganham-ate-18-mais-do-que-as-mulheres-observatorio-quer-sistema-absolutamente-transparente\/\">Homens ganham at\u00e9 18% mais do que as mulheres. Observat\u00f3rio quer &#8220;sistema absolutamente transparente&#8221;<\/a>\n                                            <\/h4>\n                    <div class=\"course-features__text\">O F\u00f3rum TSF de dia 14 de Novembro de 2024, dedicado ao Dia Nacional da Igualdade Salarial, convidou a investigadora Sara Falc\u00e3o Casaca. (TSF R\u00e1dio Not\u00edcias)<\/div>\n                                            <a href=\"https:\/\/www.tsf.pt\/1384704741\/homens-ganham-ate-18-mais-do-que-as-mulheres-observatorio-quer-sistema-absolutamente-transparente\/\" target=\"_blank\" class=\"link-learnmore\"><\/a>\n                                    <\/div>\n            <\/div>\n\n        \n            <div class=\"course-features__item\">\n                                <div class=\"course-features__content\">\n                    <div class=\"course-features__topcut\"><\/div>\n                    <h4 class=\"course-features__heading\">\n                                                    <a href=\"https:\/\/www.publico.pt\/2024\/11\/14\/sociedade\/noticia\/desigualdade-salarial-70-casos-nao-explicacao-dados-objectivos-2111712\">Desigualdade salarial: 70% dos casos n\u00e3o t\u00eam explica\u00e7\u00e3o em dados objectivos.<\/a>\n                                            <\/h4>\n                    <div class=\"course-features__text\">&#8220;O novo Observat\u00f3rio G\u00e9nero, Trabalho e Poder compromete-se a sistematizar e a divulgar dados que contribuam para acabar com o fosso salarial entre homens e mulheres.&#8221; Artigo da jornalista Patr\u00edcia Carvalho. (P\u00fablico)\r\n<\/div>\n                                            <a href=\"https:\/\/www.publico.pt\/2024\/11\/14\/sociedade\/noticia\/desigualdade-salarial-70-casos-nao-explicacao-dados-objectivos-2111712\"  class=\"link-learnmore\"><\/a>\n                                    <\/div>\n            <\/div>\n\n        \n            <div class=\"course-features__item\">\n                                <div class=\"course-features__content\">\n                    <div class=\"course-features__topcut\"><\/div>\n                    <h4 class=\"course-features__heading\">\n                                                    <a href=\"https:\/\/expresso.pt\/economia\/emprego\/2024-11-14-desigualdade-salarial-em-portugal-deixa-homens-a-ganhar-mais-18-do-que-as-mulheres-3a360cfd\">Desigualdade salarial em Portugal deixa homens a ganhar mais 18% do que as mulheres<\/a>\n                                            <\/h4>\n                    <div class=\"course-features__text\">Jornalistas do Expresso, C\u00e1tia Mateus e Carlos Esteves, analisam as disparidades salariais com base nos dados do rec\u00e9m-criado Observat\u00f3rio G\u00e9nero, Trabalho e Poder. (Expresso)<\/div>\n                                            <a href=\"https:\/\/expresso.pt\/economia\/emprego\/2024-11-14-desigualdade-salarial-em-portugal-deixa-homens-a-ganhar-mais-18-do-que-as-mulheres-3a360cfd\"  class=\"link-learnmore\"><\/a>\n                                    <\/div>\n            <\/div>\n\n        \n            <div class=\"course-features__item\">\n                                <div class=\"course-features__content\">\n                    <div class=\"course-features__topcut\"><\/div>\n                    <h4 class=\"course-features__heading\">\n                                                    <a href=\"https:\/\/executiva.pt\/homens-ganham-mais-que-as-mulheres\/\">Em Portugal, os homens ganham mais 18% que as mulheres.<\/a>\n                                            <\/h4>\n                    <div class=\"course-features__text\">Revista Executiva fala com a investigadora Sara Falc\u00e3o Casaca no seguimento dos dados lan\u00e7ados pelo rec\u00e9m-criado Observat\u00f3rio G\u00e9nero, Igualdade e Poder. (Executiva)<\/div>\n                                            <a href=\"https:\/\/executiva.pt\/homens-ganham-mais-que-as-mulheres\/\"  class=\"link-learnmore\"><\/a>\n                                    <\/div>\n            <\/div>\n\n        \n            <div class=\"course-features__item\">\n                                <div class=\"course-features__content\">\n                    <div class=\"course-features__topcut\"><\/div>\n                    <h4 class=\"course-features__heading\">\n                                                    <a href=\"https:\/\/cnnportugal.iol.pt\/salarios\/igualdade-salarial\/nao-sao-as-habilitacoes-nem-o-esforco-as-mulheres-ainda-ganham-menos-do-que-os-homens-so-por-serem-mulheres\/20241114\/673380f5d34ea1acf2708aab\">N\u00e3o s\u00e3o as habilita\u00e7\u00f5es nem o esfor\u00e7o. As mulheres ainda ganham menos do que os homens &#8211; s\u00f3 por serem mulheres<\/a>\n                                            <\/h4>\n                    <div class=\"course-features__text\">A jornalista Maria Jo\u00e3o Caetano, da CNN Portugal, analisa doso recentes relativos \u00e0 desigualdade slarrial em, Portugal e recorre a output do Observat\u00f3rio G\u00e9nero, Trabalho e Poder. (CNN Portugal)<\/div>\n                                            <a href=\"https:\/\/cnnportugal.iol.pt\/salarios\/igualdade-salarial\/nao-sao-as-habilitacoes-nem-o-esforco-as-mulheres-ainda-ganham-menos-do-que-os-homens-so-por-serem-mulheres\/20241114\/673380f5d34ea1acf2708aab\"  class=\"link-learnmore\"><\/a>\n                                    <\/div>\n            <\/div>\n\n        \n            <div class=\"course-features__item\">\n                                <div class=\"course-features__content\">\n                    <div class=\"course-features__topcut\"><\/div>\n                    <h4 class=\"course-features__heading\">\n                                                    <a href=\"https:\/\/zap.aeiou.pt\/em-portugal-e-como-se-as-mulheres-so-recebessem-salario-ate-novembro-640600\">Em Portugal, \u00e9 como se as mulheres s\u00f3 recebessem sal\u00e1rio at\u00e9 novembro.<\/a>\n                                            <\/h4>\n                    <div class=\"course-features__text\">&#8220;Para al\u00e9m do bar\u00f3metro sobre o diferencial remunerat\u00f3rio (DRHM), o novo Observat\u00f3rio do ISEG lan\u00e7ou tamb\u00e9m um outro, sobre a participa\u00e7\u00e3o laboral de homens e mulheres&#8221;. (ZAP aeiou)<\/div>\n                                            <a href=\"https:\/\/zap.aeiou.pt\/em-portugal-e-como-se-as-mulheres-so-recebessem-salario-ate-novembro-640600\"  class=\"link-learnmore\"><\/a>\n                                    <\/div>\n            <\/div>\n\n                <\/div>\n        <\/div>\n<\/div>","protected":false},"excerpt":{"rendered":"","protected":false},"author":42,"featured_media":0,"parent":0,"menu_order":7,"comment_status":"closed","ping_status":"closed","template":"tpl-default-full-width.php","meta":{"inline_featured_image":false,"_uag_custom_page_level_css":"","footnotes":""},"acf":[],"uagb_featured_image_src":{"full":false,"thumbnail":false,"medium":false,"medium_large":false,"large":false,"1536x1536":false,"2048x2048":false,"trp-custom-language-flag":false},"uagb_author_info":{"display_name":"aribeiroadvance","author_link":"https:\/\/www.iseg.ulisboa.pt\/genero-trabalho-poder\/author\/aribeiroadvance\/"},"uagb_comment_info":0,"uagb_excerpt":null,"_links":{"self":[{"href":"https:\/\/www.iseg.ulisboa.pt\/genero-trabalho-poder\/wp-json\/wp\/v2\/pages\/437"}],"collection":[{"href":"https:\/\/www.iseg.ulisboa.pt\/genero-trabalho-poder\/wp-json\/wp\/v2\/pages"}],"about":[{"href":"https:\/\/www.iseg.ulisboa.pt\/genero-trabalho-poder\/wp-json\/wp\/v2\/types\/page"}],"author":[{"embeddable":true,"href":"https:\/\/www.iseg.ulisboa.pt\/genero-trabalho-poder\/wp-json\/wp\/v2\/users\/42"}],"replies":[{"embeddable":true,"href":"https:\/\/www.iseg.ulisboa.pt\/genero-trabalho-poder\/wp-json\/wp\/v2\/comments?post=437"}],"version-history":[{"count":86,"href":"https:\/\/www.iseg.ulisboa.pt\/genero-trabalho-poder\/wp-json\/wp\/v2\/pages\/437\/revisions"}],"predecessor-version":[{"id":852,"href":"https:\/\/www.iseg.ulisboa.pt\/genero-trabalho-poder\/wp-json\/wp\/v2\/pages\/437\/revisions\/852"}],"wp:attachment":[{"href":"https:\/\/www.iseg.ulisboa.pt\/genero-trabalho-poder\/wp-json\/wp\/v2\/media?parent=437"}],"curies":[{"name":"wp","href":"https:\/\/api.w.org\/{rel}","templated":true}]}}