{"id":4,"date":"2023-02-18T16:23:12","date_gmt":"2023-02-18T16:23:12","guid":{"rendered":"https:\/\/www.iseg.ulisboa.pt\/ghes\/?page_id=4"},"modified":"2025-04-15T10:01:05","modified_gmt":"2025-04-15T10:01:05","slug":"homepage","status":"publish","type":"page","link":"https:\/\/www.iseg.ulisboa.pt\/ghes\/en\/","title":{"rendered":"Homepage"},"content":{"rendered":"<section class=\"block-hero-full-width course-hero wf-section\">\n        <div class=\"course-hero__name\">\n            <h1 class=\"course-hero__heading has-iseg-white-color\"><span class=\"course-hero__heading-span\">Economic and Social History Office<\/span><\/h1>\n    <\/div>\n            <div class=\"course-hero__backdrop has-iseg-red-background\"><\/div>\n    \n    <div class=\"course-hero__image\">\n    <img decoding=\"async\" src=\"https:\/\/www.iseg.ulisboa.pt\/ghes\/wp-content\/uploads\/sites\/16\/2024\/02\/Rua-Nova-dos-Mercadores.jpg\" class=\"image-cover\" alt=\"\" srcset=\"https:\/\/www.iseg.ulisboa.pt\/ghes\/wp-content\/uploads\/sites\/16\/2024\/02\/Rua-Nova-dos-Mercadores.jpg 1890w, https:\/\/www.iseg.ulisboa.pt\/ghes\/wp-content\/uploads\/sites\/16\/2024\/02\/Rua-Nova-dos-Mercadores-300x104.jpg 300w, https:\/\/www.iseg.ulisboa.pt\/ghes\/wp-content\/uploads\/sites\/16\/2024\/02\/Rua-Nova-dos-Mercadores-1536x534.jpg 1536w, https:\/\/www.iseg.ulisboa.pt\/ghes\/wp-content\/uploads\/sites\/16\/2024\/02\/Rua-Nova-dos-Mercadores-18x6.jpg 18w\" sizes=\"(max-width: 1890px) 100vw, 1890px\" \/>    <\/div>\n<\/section>\n\n<div class=\"block-intro-text has-iseg-white-background\">\n\t<div class=\"intro-text\">GHES is ISEG's Research Unit dedicated to Economic and Social History. It was formally founded in 1975. <br \/>\r\n<br \/>\r\nSince then, the number of researchers has increased, helping to create a group of economists and historians at ISEG who specialize in this field of Social Sciences and Humanities. <br \/>\r\n<br \/>\r\nIn the 1980s, the faculty recognized the doctorate in Economic and Social History and various subjects in Economic History were incorporated into the master's and postgraduate courses offered by ISEG.<br \/>\r\n<\/div>\n\t<div class=\"intro-text-anim-left-layer\"><\/div>\n\t<div class=\"intro-text-anim-right-layer\"><\/div>\n<\/div>\n\n\n\n<div style=\"height:100px\" aria-hidden=\"true\" class=\"wp-block-spacer\"><\/div>\n\n\n<div class=\"block-course-features\">\n    <div class=\"container\">\n                        <div class=\"course-features__intro\"><h3 style=\"text-align: left\">Highlights<\/h3>\n<\/div>\n                <div class=\"course-features__grid\">\n        \n            <div class=\"course-features__item\">\n                                    <div class=\"course-features__image\">\n                        <img decoding=\"async\" src=\"https:\/\/www.iseg.ulisboa.pt\/ghes\/wp-content\/uploads\/sites\/16\/2025\/04\/macau.png\" loading=\"lazy\" sizes=\"(max-width: 479px) 86vw, (max-width: 767px) 82vw, (max-width: 991px) 41vw, 32vw\" srcset=\"https:\/\/www.iseg.ulisboa.pt\/ghes\/wp-content\/uploads\/sites\/16\/2025\/04\/macau.png 500w, https:\/\/www.iseg.ulisboa.pt\/ghes\/wp-content\/uploads\/sites\/16\/2025\/04\/macau.png 800w, https:\/\/www.iseg.ulisboa.pt\/ghes\/wp-content\/uploads\/sites\/16\/2025\/04\/macau.png 1080w, https:\/\/www.iseg.ulisboa.pt\/ghes\/wp-content\/uploads\/sites\/16\/2025\/04\/macau.png 1340w\" alt=\"\" class=\"image-cover\">\n                    <\/div>\n                                <div class=\"course-features__content\">\n                    <div class=\"course-features__topcut\"><\/div>\n                    <h4 class=\"course-features__heading\">\n                                                    <a href=\"https:\/\/www.iseg.ulisboa.pt\/ghes\/en\/funding-scheme-for-external-science-and-technology-cooperation-international-collaborative-research\/\">Funding Scheme for External Science and Technology Cooperation - International Collaborative Research<\/a>\n                                            <\/h4>\n                    <div class=\"course-features__text\">Macao Science and Technology Development Fund (FDCT)<\/div>\n                                            <a href=\"https:\/\/www.iseg.ulisboa.pt\/ghes\/en\/funding-scheme-for-external-science-and-technology-cooperation-international-collaborative-research\/\" target=\"_blank\" class=\"link-learnmore\">International Collaborative Research<\/a>\n                                    <\/div>\n            <\/div>\n\n                <\/div>\n        <\/div>\n<\/div>\n\n<div class=\"block-course-features\">\n    <div class=\"container\">\n                        <div class=\"course-features__intro\"><h3 style=\"text-align: left\">Previous events<\/h3>\n<\/div>\n                <div class=\"course-features__grid\">\n        \n            <div class=\"course-features__item\">\n                                    <div class=\"course-features__image\">\n                        <img decoding=\"async\" src=\"https:\/\/www.iseg.ulisboa.pt\/ghes\/wp-content\/uploads\/sites\/16\/2024\/06\/ferrazLancamento-e1718205308651.png\" loading=\"lazy\" sizes=\"(max-width: 479px) 86vw, (max-width: 767px) 82vw, (max-width: 991px) 41vw, 32vw\" srcset=\"https:\/\/www.iseg.ulisboa.pt\/ghes\/wp-content\/uploads\/sites\/16\/2024\/06\/ferrazLancamento-e1718205308651.png 500w, https:\/\/www.iseg.ulisboa.pt\/ghes\/wp-content\/uploads\/sites\/16\/2024\/06\/ferrazLancamento-e1718205308651.png 800w, https:\/\/www.iseg.ulisboa.pt\/ghes\/wp-content\/uploads\/sites\/16\/2024\/06\/ferrazLancamento-e1718205308651.png 1080w, https:\/\/www.iseg.ulisboa.pt\/ghes\/wp-content\/uploads\/sites\/16\/2024\/06\/ferrazLancamento-e1718205308651.png 1340w\" alt=\"\" class=\"image-cover\">\n                    <\/div>\n                                <div class=\"course-features__content\">\n                    <div class=\"course-features__topcut\"><\/div>\n                    <h4 class=\"course-features__heading\">\n                                                    <a href=\"https:\/\/www.principia.pt\/product\/as-financas-publicas-portuguesas\/\">Launch of researcher Ricardo Ferraz's book<\/a>\n                                            <\/h4>\n                    <div class=\"course-features__text\">\"Portuguese Public Finances and the sustainability of fiscal policy in the golden age of economic growth\"\r\n- June 15, 16h30 - Coimbra, Caf\u00e9 Santa Cruz<\/div>\n                                            <a href=\"https:\/\/www.principia.pt\/product\/as-financas-publicas-portuguesas\/\"  class=\"link-learnmore\"><\/a>\n                                    <\/div>\n            <\/div>\n\n        \n            <div class=\"course-features__item\">\n                                    <div class=\"course-features__image\">\n                        <img decoding=\"async\" src=\"https:\/\/www.iseg.ulisboa.pt\/ghes\/wp-content\/uploads\/sites\/16\/2024\/02\/FIL0329.jpg\" loading=\"lazy\" sizes=\"(max-width: 479px) 86vw, (max-width: 767px) 82vw, (max-width: 991px) 41vw, 32vw\" srcset=\"https:\/\/www.iseg.ulisboa.pt\/ghes\/wp-content\/uploads\/sites\/16\/2024\/02\/FIL0329.jpg 500w, https:\/\/www.iseg.ulisboa.pt\/ghes\/wp-content\/uploads\/sites\/16\/2024\/02\/FIL0329.jpg 800w, https:\/\/www.iseg.ulisboa.pt\/ghes\/wp-content\/uploads\/sites\/16\/2024\/02\/FIL0329.jpg 1080w, https:\/\/www.iseg.ulisboa.pt\/ghes\/wp-content\/uploads\/sites\/16\/2024\/02\/FIL0329.jpg 1340w\" alt=\"\" class=\"image-cover\">\n                    <\/div>\n                                <div class=\"course-features__content\">\n                    <div class=\"course-features__topcut\"><\/div>\n                    <h4 class=\"course-features__heading\">\n                                                    <a href=\"https:\/\/www.ebha2024.pt\/\">EBHA 2024 Annual Congress - ISEG &amp; NOVA SBE<\/a>\n                                            <\/h4>\n                    <div class=\"course-features__text\">From 11 to 13 July 2024 join us in Portugal to celebrate the 30th anniversary of the European Business History Association, a scholarly organization dedicated to the promotion of research and teaching on business through history.<\/div>\n                                            <a href=\"https:\/\/www.ebha2024.pt\/\" target=\"_blank\" class=\"link-learnmore\"><\/a>\n                                    <\/div>\n            <\/div>\n\n                <\/div>\n        <\/div>\n<\/div>\n\n\n<div style=\"height:100px\" aria-hidden=\"true\" class=\"wp-block-spacer\"><\/div>\n\n\n<div class=\"block-accreditations\">\n\t<div class=\"container\">\n\t\t<div class=\"accreditations-list\">\n\t\t\t\n\t\t\t<div>\n\t\t\t\t<div class=\"accreditation-type\">Financing <\/div>\n\t\t\t\t<div class=\"accreditations-rankings\">\n\t\t\t\t\t\t\t\t\t\t\t<img decoding=\"async\" src=\"https:\/\/www.iseg.ulisboa.pt\/ghes\/wp-content\/uploads\/sites\/16\/2024\/02\/2022_FCT_Logo_A_horizontal_preto_sz-e1708526771379.png\" loading=\"lazy\" width=\"\" alt=\"\" class=\"accreditation-logo\" \/>\n\t\t\t\t\t\t\t\t\t<\/div>\n\t\t\t<\/div>\n\t\t\t\n\t\t\t<div>\n\t\t\t\t<div class=\"accreditation-type\"><\/div>\n\t\t\t\t<div class=\"accreditations-member\">\n\t\t\t\t\t\t\t\t\t<\/div>\n\t\t\t<\/div>\n\n\t\t\t<div id=\"w-node-6883ea78104e-a939fddd\">\n\t\t\t\t<div class=\"accreditation-type\"><\/div>\n\t\t\t\t<div class=\"accreditations-partners\">\n\t\t\t\t\t\t\t\t\t<\/div>\n\t\t\t<\/div>\n\n\t\t<\/div>\n\t<\/div>\n<\/div>\n\n\n<p class=\"has-text-align-center\"><sub>Presentation image: Rua Nova dos Mercadores by an anonymous Flemish painter, 1570-1619 \u00a9 Society of Antiquaries of London, Kelmscott Manor<\/sub><\/p>","protected":false},"excerpt":{"rendered":"Presentation image: Rua Nova dos Mercadores by an anonymous Flemish painter, 1570-1619 \u00a9 Society of Antiquaries of London, Kelmscott Manor","protected":false},"author":2,"featured_media":0,"parent":0,"menu_order":0,"comment_status":"closed","ping_status":"closed","template":"tpl-page-blocks.php","meta":{"inline_featured_image":false,"_uag_custom_page_level_css":"","footnotes":""},"acf":[],"uagb_featured_image_src":{"full":false,"thumbnail":false,"medium":false,"medium_large":false,"large":false,"1536x1536":false,"2048x2048":false,"trp-custom-language-flag":false},"uagb_author_info":{"display_name":"Major","author_link":"https:\/\/www.iseg.ulisboa.pt\/ghes\/en\/author\/leihla\/"},"uagb_comment_info":0,"uagb_excerpt":"Imagem de apresenta\u00e7\u00e3o: Rua Nova dos Mercadores por pintor flamengo an\u00f3nimo, 1570-1619 \u00a9 Society of Antiquaries of London, Kelmscott Manor","_links":{"self":[{"href":"https:\/\/www.iseg.ulisboa.pt\/ghes\/en\/wp-json\/wp\/v2\/pages\/4"}],"collection":[{"href":"https:\/\/www.iseg.ulisboa.pt\/ghes\/en\/wp-json\/wp\/v2\/pages"}],"about":[{"href":"https:\/\/www.iseg.ulisboa.pt\/ghes\/en\/wp-json\/wp\/v2\/types\/page"}],"author":[{"embeddable":true,"href":"https:\/\/www.iseg.ulisboa.pt\/ghes\/en\/wp-json\/wp\/v2\/users\/2"}],"replies":[{"embeddable":true,"href":"https:\/\/www.iseg.ulisboa.pt\/ghes\/en\/wp-json\/wp\/v2\/comments?post=4"}],"version-history":[{"count":152,"href":"https:\/\/www.iseg.ulisboa.pt\/ghes\/en\/wp-json\/wp\/v2\/pages\/4\/revisions"}],"predecessor-version":[{"id":661,"href":"https:\/\/www.iseg.ulisboa.pt\/ghes\/en\/wp-json\/wp\/v2\/pages\/4\/revisions\/661"}],"wp:attachment":[{"href":"https:\/\/www.iseg.ulisboa.pt\/ghes\/en\/wp-json\/wp\/v2\/media?parent=4"}],"curies":[{"name":"wp","href":"https:\/\/api.w.org\/{rel}","templated":true}]}}