{"id":26,"date":"2023-02-18T17:42:37","date_gmt":"2023-02-18T17:42:37","guid":{"rendered":"https:\/\/www.iseg.ulisboa.pt\/ghes\/?page_id=26"},"modified":"2024-02-12T16:42:57","modified_gmt":"2024-02-12T16:42:57","slug":"projetos-externos","status":"publish","type":"page","link":"https:\/\/www.iseg.ulisboa.pt\/ghes\/projetos-externos\/","title":{"rendered":"Projetos Externos"},"content":{"rendered":"\n<div class=\"wp-block-pb-accordion-item c-accordion__item js-accordion-item no-js\" data-initially-open=\"false\" data-click-to-close=\"true\" data-auto-close=\"true\" data-scroll=\"false\" data-scroll-offset=\"0\"><h5 id=\"at-260\" class=\"c-accordion__title js-accordion-controller\" role=\"button\">Corporativismo, institui\u00e7\u00f5es pol\u00edticas e desempenho econ\u00f4mico: avan\u00e7os na hist\u00f3ria europeia contempor\u00e2nea<\/h5><div id=\"ac-260\" class=\"c-accordion__content\">\n<p><strong>Coordena\u00e7\u00e3o<\/strong>: Jos\u00e9 Lu\u00eds Cardoso (ICS-UL)<br><strong>Financiamento<\/strong>: Funda\u00e7\u00e3o Ci\u00eancia e Tecnologia (PTDC\/HIS-HIS\/100544\/2008)<br><strong>Calendariza\u00e7\u00e3o<\/strong>: 2012 &#8211; 20..<br><strong>Investigador do GHES:<\/strong> Carlos Bastien<\/p>\n<\/div><\/div>\n\n\n\n<div class=\"wp-block-pb-accordion-item c-accordion__item js-accordion-item no-js\" data-initially-open=\"false\" data-click-to-close=\"true\" data-auto-close=\"true\" data-scroll=\"false\" data-scroll-offset=\"0\"><h5 id=\"at-261\" class=\"c-accordion__title js-accordion-controller\" role=\"button\">Agricultura em Portugal: Alimenta\u00e7\u00e3o, Desenvolvimento e Sustentabilidade (1870-2010)<\/h5><div id=\"ac-261\" class=\"c-accordion__content\">\n<p><strong>Coordena\u00e7\u00e3o:<\/strong> Dulce Freire (ICS-UL)<br><strong>Financiamento:<\/strong> Funda\u00e7\u00e3o Ci\u00eancia e Tecnologia (PTDC\/HIS\/122589\/2010),<br><strong>Calendariza\u00e7\u00e3o:<\/strong> 2010- 20..<br><strong>Investigador do GHES:<\/strong> Am\u00e9lia Branco<br><strong>Website:<\/strong> <a href=\"http:\/\/www.ruralportugal.ics.ul.pt\/\" target=\"_blank\" rel=\"noreferrer noopener\">http:\/\/www.ruralportugal.ics.ul.pt\/<\/a><\/p>\n<\/div><\/div>\n\n\n\n<div class=\"wp-block-pb-accordion-item c-accordion__item js-accordion-item no-js\" data-initially-open=\"false\" data-click-to-close=\"true\" data-auto-close=\"true\" data-scroll=\"false\" data-scroll-offset=\"0\"><h5 id=\"at-262\" class=\"c-accordion__title js-accordion-controller\" role=\"button\">Pre\u00e7os, sal\u00e1rios e rendas em Portugal: s\u00e9culos XIV-XX<\/h5><div id=\"ac-262\" class=\"c-accordion__content\">\n<p><strong>Coordena\u00e7\u00e3o<\/strong>: Jaime Reis (ICS-UL)<br><strong>Financiamento<\/strong>: Funda\u00e7\u00e3o Ci\u00eancia e Tecnologia (PTDC\/HIS-HIS\/123046\/2010)<br><strong>Calendariza\u00e7\u00e3o<\/strong>: 2010 &#8211; 20..<br><strong>Investigador do GHES<\/strong>: Leonor Freire Costa<br><strong>Website<\/strong>: <a href=\"http:\/\/pwr-portugal.ics.ul.pt\" target=\"_blank\" rel=\"noreferrer noopener\">http:\/\/pwr-portugal.ics.ul.pt<\/a><\/p>\n<\/div><\/div>\n\n\n\n<div class=\"wp-block-pb-accordion-item c-accordion__item js-accordion-item no-js\" data-initially-open=\"false\" data-click-to-close=\"true\" data-auto-close=\"true\" data-scroll=\"false\" data-scroll-offset=\"0\"><h5 id=\"at-263\" class=\"c-accordion__title js-accordion-controller\" role=\"button\">La integraci\u00f3n de las Economias Atl\u00e1nticas: el Papel del Tabaco en los Imp\u00e9rios Ib\u00e9ricos (1636-1832)<\/h5><div id=\"ac-263\" class=\"c-accordion__content\">\n<p><strong>Coordena\u00e7\u00e3o<\/strong>: Santiago de Luxan Melendez (Universidad de Las Palmas de Gran Canaria).<br><strong>Financiamento<\/strong>: (HAR2012-34535)<br><strong>Calendariza\u00e7\u00e3o<\/strong>: 2010- 20..<br><strong>Investigador do GHES<\/strong>: Leonor Freire Costa<\/p>\n<\/div><\/div>\n\n\n\n<div class=\"wp-block-pb-accordion-item c-accordion__item js-accordion-item no-js\" data-initially-open=\"false\" data-click-to-close=\"true\" data-auto-close=\"true\" data-scroll=\"false\" data-scroll-offset=\"0\"><h5 id=\"at-264\" class=\"c-accordion__title js-accordion-controller\" role=\"button\">Deprecia\u00e7\u00e3o monet\u00e1ria de prata e rela\u00e7\u00f5es internacionais<\/h5><div id=\"ac-264\" class=\"c-accordion__content\">\n<p><strong>Financiamento<\/strong>: Programme ANR DAMIN<br><strong>Calendariza\u00e7\u00e3o<\/strong>: 2011-20..<br><strong>Investigador do GHES<\/strong>: Rita Martins de Sousa<br><strong>Website<\/strong>: <a href=\"http:\/\/www.anr-damin.net\" target=\"_blank\" rel=\"noreferrer noopener\">http:\/\/www.anr-damin.net<\/a><\/p>\n<\/div><\/div>\n\n\n\n<div class=\"wp-block-pb-accordion-item c-accordion__item js-accordion-item no-js\" data-initially-open=\"false\" data-click-to-close=\"true\" data-auto-close=\"true\" data-scroll=\"false\" data-scroll-offset=\"0\"><h5 id=\"at-265\" class=\"c-accordion__title js-accordion-controller\" role=\"button\">De Todas as Partes do Mundo, O patrim\u00f3nio do 5\u00ba Duque de Bragan\u00e7a, D. Teod\u00f3sio I<\/h5><div id=\"ac-265\" class=\"c-accordion__content\">\n<p><strong>Coordena\u00e7\u00e3o<\/strong>: Jessica Rachel Hallett (CHAM\/FCSH\/UNL)<br><strong>Financiamento<\/strong>: Funda\u00e7\u00e3o Ci\u00eancia e Tecnologia (PTDC\/EAT-HAT\/098461\/2008)<br><strong>Calendariza\u00e7\u00e3o<\/strong>: 2009-2013<br><strong>Investigador do GHES<\/strong>: Leonor Freire Costa<br><strong>Website<\/strong>: <a href=\"http:\/\/www.cham.fcsh.unl.pt\/pr_descricao.aspx?Prold=12\" target=\"_blank\" rel=\"noreferrer noopener\">http:\/\/www.cham.fcsh.unl.pt\/pr_descricao.aspx?Prold=12<\/a><\/p>\n<\/div><\/div>\n\n\n\n<div class=\"wp-block-pb-accordion-item c-accordion__item js-accordion-item no-js\" data-initially-open=\"false\" data-click-to-close=\"true\" data-auto-close=\"true\" data-scroll=\"false\" data-scroll-offset=\"0\"><h5 id=\"at-266\" class=\"c-accordion__title js-accordion-controller\" role=\"button\">Frontiere marittime nel Mediterraneo: quale permeabilit\u00e0. Scambi, controllo, respingimenti (XVI-XXI secolo)<\/h5><div id=\"ac-266\" class=\"c-accordion__content\">\n<p><strong>Coordena\u00e7\u00e3o<\/strong>: Valentina Favar\u00f2 (Universit\u00e0 degli Studi di Palermo, Italy)<br><strong>Financiamento<\/strong>:<br><strong>Calendariza\u00e7\u00e3o<\/strong>:<br><strong>Investigador do GHES<\/strong>: Claudio Marsilio<\/p>\n<\/div><\/div>\n\n\n\n<div class=\"wp-block-pb-accordion-item c-accordion__item js-accordion-item no-js\" data-initially-open=\"false\" data-click-to-close=\"true\" data-auto-close=\"true\" data-scroll=\"false\" data-scroll-offset=\"0\"><h5 id=\"at-267\" class=\"c-accordion__title js-accordion-controller\" role=\"button\">Los extranjeros y las reformas en la Espa\u00f1a borb\u00f3nica: actitudes y respuestas de las naciones a las reformas carolinas desde una perspectiva comparada (1759-1793)<\/h5><div id=\"ac-267\" class=\"c-accordion__content\">\n<p><strong>Coordena\u00e7\u00e3o<\/strong>: \u00d3scar Recio Morales (Universidad Complutense de Madrid, Spain).<br><strong>Financiamento<\/strong>: HAR2012-36884-C02-02<br><strong>Calendariza\u00e7\u00e3o<\/strong>: 2012 &#8211; 20..<br><strong>Investigador do GHES<\/strong>: Claudio Marsilio<\/p>\n<\/div><\/div>\n\n\n\n<div class=\"wp-block-pb-accordion-item c-accordion__item js-accordion-item no-js\" data-initially-open=\"false\" data-click-to-close=\"true\" data-auto-close=\"true\" data-scroll=\"false\" data-scroll-offset=\"0\"><h5 id=\"at-268\" class=\"c-accordion__title js-accordion-controller\" role=\"button\">Grupos empresariais em Portugal durante o Estado Novo<\/h5><div id=\"ac-268\" class=\"c-accordion__content\">\n<p><strong>Coordena\u00e7\u00e3o<\/strong>: \u00c1lvaro Ferreira da Silva (INOVA\/Faculdade de Economia \/UNL)<br><strong>Financiamento<\/strong>: Funda\u00e7\u00e3o Ci\u00eancia e Tecnologia (PTDC\/HIS-HIS\/099683\/2008)<br><strong>Calendariza\u00e7\u00e3o<\/strong>: 2008- 2012Investigador do GHES: Pedro Neves<\/p>\n<\/div><\/div>\n\n\n\n<div class=\"wp-block-pb-accordion-item c-accordion__item js-accordion-item no-js\" data-initially-open=\"false\" data-click-to-close=\"true\" data-auto-close=\"true\" data-scroll=\"false\" data-scroll-offset=\"0\"><h5 id=\"at-269\" class=\"c-accordion__title js-accordion-controller\" role=\"button\">Redes Corporativas no s\u00e9culo 20: mudan\u00e7as estruturais e compara\u00e7\u00f5es<\/h5><div id=\"ac-269\" class=\"c-accordion__content\">\n<p><strong>Coordena\u00e7\u00e3o<\/strong>: Thomas David (University of Lausanne), Gerarda Westerhuis (Utrecht University)<br><strong>Financiamento<\/strong>:<br><strong>Calendariza\u00e7\u00e3o<\/strong>: 2008-2013<br><strong>Investigador do GHES<\/strong>: Pedro Neves<br><strong>Resultados<\/strong>: http:\/\/www.routledge.com\/books\/details\/9780415729741<br><strong>Website<\/strong>: <a href=\"http:\/\/www.cgeh.nl\/power-corporate-networks-comparative-and-historical-perspective\" target=\"_blank\" rel=\"noreferrer noopener\">http:\/\/www.cgeh.nl\/power-corporate-networks-comparative-and-historical-perspective<\/a><\/p>\n<\/div><\/div>\n","protected":false},"excerpt":{"rendered":"","protected":false},"author":2,"featured_media":0,"parent":48,"menu_order":5,"comment_status":"closed","ping_status":"closed","template":"","meta":{"inline_featured_image":false,"_uag_custom_page_level_css":"","footnotes":""},"acf":[],"uagb_featured_image_src":{"full":false,"thumbnail":false,"medium":false,"medium_large":false,"large":false,"1536x1536":false,"2048x2048":false,"trp-custom-language-flag":false},"uagb_author_info":{"display_name":"Major","author_link":"https:\/\/www.iseg.ulisboa.pt\/ghes\/author\/leihla\/"},"uagb_comment_info":0,"uagb_excerpt":null,"_links":{"self":[{"href":"https:\/\/www.iseg.ulisboa.pt\/ghes\/wp-json\/wp\/v2\/pages\/26"}],"collection":[{"href":"https:\/\/www.iseg.ulisboa.pt\/ghes\/wp-json\/wp\/v2\/pages"}],"about":[{"href":"https:\/\/www.iseg.ulisboa.pt\/ghes\/wp-json\/wp\/v2\/types\/page"}],"author":[{"embeddable":true,"href":"https:\/\/www.iseg.ulisboa.pt\/ghes\/wp-json\/wp\/v2\/users\/2"}],"replies":[{"embeddable":true,"href":"https:\/\/www.iseg.ulisboa.pt\/ghes\/wp-json\/wp\/v2\/comments?post=26"}],"version-history":[{"count":9,"href":"https:\/\/www.iseg.ulisboa.pt\/ghes\/wp-json\/wp\/v2\/pages\/26\/revisions"}],"predecessor-version":[{"id":51,"href":"https:\/\/www.iseg.ulisboa.pt\/ghes\/wp-json\/wp\/v2\/pages\/26\/revisions\/51"}],"up":[{"embeddable":true,"href":"https:\/\/www.iseg.ulisboa.pt\/ghes\/wp-json\/wp\/v2\/pages\/48"}],"wp:attachment":[{"href":"https:\/\/www.iseg.ulisboa.pt\/ghes\/wp-json\/wp\/v2\/media?parent=26"}],"curies":[{"name":"wp","href":"https:\/\/api.w.org\/{rel}","templated":true}]}}