{"id":344,"date":"2024-02-12T16:42:44","date_gmt":"2024-02-12T16:42:44","guid":{"rendered":"https:\/\/www.iseg.ulisboa.pt\/ghes\/?page_id=344"},"modified":"2024-06-07T15:52:04","modified_gmt":"2024-06-07T15:52:04","slug":"sobre","status":"publish","type":"page","link":"https:\/\/www.iseg.ulisboa.pt\/ghes\/sobre\/","title":{"rendered":"Sobre n\u00f3s"},"content":{"rendered":"\n<div class=\"block-media-long-text\">\n\t<div class=\"container\">\n\t\t<div class=\"block-media-long-text__container \">\n\t\t\t<div class=\"block-media-long-text__content\">\n\t\t\t\t<p style=\"font-weight: 400\">Desde a sua funda\u00e7\u00e3o, o n\u00famero de investigadores do GHES tem vindo a aumentar, contribuindo para criar no ISEG um grupo de economistas e historiadores especializados neste campo das Ci\u00eancias Sociais e Humanas.<\/p>\n<p>&nbsp;<\/p>\n<p>Na d\u00e9cada de 1980, a faculdade reconheceu o <a href=\"https:\/\/www.iseg.ulisboa.pt\/estudar\/doutoramento\/historia-economica-e-social\/\">Doutoramento em Hist\u00f3ria Econ\u00f3mica e Social<\/a> &#8211; \u00fanico em Portugal &#8211; e v\u00e1rias disciplinas da Hist\u00f3ria Econ\u00f3mica foram incorporadas nos cursos de mestrado e de p\u00f3s-gradua\u00e7\u00e3o oferecidos pelo ISEG.<\/p>\n\t\t\t<\/div>\n\t\t\t<div class=\"block-media-long-text__media\">\n\t\t\t\t<img decoding=\"async\" src=\"https:\/\/www.iseg.ulisboa.pt\/ghes\/wp-content\/uploads\/sites\/16\/2024\/03\/50982613092_8d010c4632_k.jpg\" class=\"image-cover\" alt=\"\" srcset=\"https:\/\/www.iseg.ulisboa.pt\/ghes\/wp-content\/uploads\/sites\/16\/2024\/03\/50982613092_8d010c4632_k.jpg 1458w, https:\/\/www.iseg.ulisboa.pt\/ghes\/wp-content\/uploads\/sites\/16\/2024\/03\/50982613092_8d010c4632_k-214x300.jpg 214w, https:\/\/www.iseg.ulisboa.pt\/ghes\/wp-content\/uploads\/sites\/16\/2024\/03\/50982613092_8d010c4632_k-1094x1536.jpg 1094w, https:\/\/www.iseg.ulisboa.pt\/ghes\/wp-content\/uploads\/sites\/16\/2024\/03\/50982613092_8d010c4632_k-9x12.jpg 9w\" sizes=\"(max-width: 1458px) 100vw, 1458px\" \/>\t\t\t<\/div>\n\t\t<\/div>\n\t<\/div>\n<\/div>\n\n\n\n<div class=\"block-media-long-text\">\n\t<div class=\"container\">\n\t\t<div class=\"block-media-long-text__container inverted\">\n\t\t\t<div class=\"block-media-long-text__content\">\n\t\t\t\t<p style=\"font-weight: 400\">O centro tem pautado o seu desenvolvimento por tr\u00eas objetivos centrais:<\/p>\n<ul>\n<li style=\"font-weight: 400\">Promover uma investiga\u00e7\u00e3o abrangente nos campos da Hist\u00f3ria Econ\u00f3mica, Financeira e Empresarial no ISEG,<\/li>\n<li style=\"font-weight: 400\">Contribuir para melhorar o ensino da Hist\u00f3ria Econ\u00f3mica e Empresarial,<\/li>\n<li style=\"font-weight: 400\">E divulgar os resultados da investiga\u00e7\u00e3o actual atrav\u00e9s da publica\u00e7\u00e3o regular da S\u00e9rie de Documentos de Trabalho, e tamb\u00e9m atrav\u00e9s da organiza\u00e7\u00e3o e participa\u00e7\u00e3o em workshops, semin\u00e1rios e confer\u00eancias<\/li>\n<\/ul>\n\t\t\t<\/div>\n\t\t\t<div class=\"block-media-long-text__media\">\n\t\t\t\t<img decoding=\"async\" src=\"https:\/\/www.iseg.ulisboa.pt\/ghes\/wp-content\/uploads\/sites\/16\/2024\/02\/pneus.jpg\" class=\"image-cover\" alt=\"\" srcset=\"https:\/\/www.iseg.ulisboa.pt\/ghes\/wp-content\/uploads\/sites\/16\/2024\/02\/pneus.jpg 2048w, https:\/\/www.iseg.ulisboa.pt\/ghes\/wp-content\/uploads\/sites\/16\/2024\/02\/pneus-300x212.jpg 300w, https:\/\/www.iseg.ulisboa.pt\/ghes\/wp-content\/uploads\/sites\/16\/2024\/02\/pneus-1536x1085.jpg 1536w, https:\/\/www.iseg.ulisboa.pt\/ghes\/wp-content\/uploads\/sites\/16\/2024\/02\/pneus-18x12.jpg 18w\" sizes=\"(max-width: 2048px) 100vw, 2048px\" \/>\t\t\t<\/div>\n\t\t<\/div>\n\t<\/div>\n<\/div>\n\n\n\n<div class=\"block-media-long-text\">\n\t<div class=\"container\">\n\t\t<div class=\"block-media-long-text__container \">\n\t\t\t<div class=\"block-media-long-text__content\">\n\t\t\t\t<p>O GHES acolhe v\u00e1rios programas de investiga\u00e7\u00e3o e prestaa servi\u00e7os em diferentes \u00e1reas, nomadamente na Hist\u00f3ria da Oferta e do Consumo Urbano, do Crescimento Econ\u00f3mico Moderno, da Hist\u00f3ria Monet\u00e1ria, Finan\u00e7as P\u00fablicas e Mercados de Capitais, Hist\u00f3ria das Empresas e Hist\u00f3ria do Pensamento Econ\u00f3mico.<\/p>\n<p>Em 2013, no contexto das candidaturas \u00e0 FCT &#8211; Projectos Estrat\u00e9gicos de financiamento para o per\u00edodo 2015-2020, o GHES integrou a cria\u00e7\u00e3o do cons\u00f3rcio CSG &#8211; Centro de Investiga\u00e7\u00e3o em Gest\u00e3o e Ci\u00eancias Sociais, unidade que envolve mais tr\u00eas centros de investiga\u00e7\u00e3o: SOCIUS, ADVANCE e CEsA.<\/p>\n\t\t\t<\/div>\n\t\t\t<div class=\"block-media-long-text__media\">\n\t\t\t\t<img decoding=\"async\" src=\"https:\/\/www.iseg.ulisboa.pt\/ghes\/wp-content\/uploads\/sites\/16\/2024\/02\/site-GHES-mabor.jpg\" class=\"image-cover\" alt=\"\" srcset=\"https:\/\/www.iseg.ulisboa.pt\/ghes\/wp-content\/uploads\/sites\/16\/2024\/02\/site-GHES-mabor.jpg 2048w, https:\/\/www.iseg.ulisboa.pt\/ghes\/wp-content\/uploads\/sites\/16\/2024\/02\/site-GHES-mabor-300x214.jpg 300w, https:\/\/www.iseg.ulisboa.pt\/ghes\/wp-content\/uploads\/sites\/16\/2024\/02\/site-GHES-mabor-1536x1094.jpg 1536w, https:\/\/www.iseg.ulisboa.pt\/ghes\/wp-content\/uploads\/sites\/16\/2024\/02\/site-GHES-mabor-18x12.jpg 18w\" sizes=\"(max-width: 2048px) 100vw, 2048px\" \/>\t\t\t<\/div>\n\t\t<\/div>\n\t<\/div>\n<\/div>\n\n\n\n<div style=\"height:100px\" aria-hidden=\"true\" class=\"wp-block-spacer\"><\/div>\n\n\n<div class=\"block-additional-resources\">\n\t<div class=\"container\">\n\t\t<h3 class=\"has-iseg-red-color\">Identidade Gr\u00e1fica GHES <\/h3>\n\t\t<div class=\"block-resources\">\n\t\t\t\t\t\t\t\t<a href=\"https:\/\/www.iseg.ulisboa.pt\/ghes\/wp-content\/uploads\/sites\/16\/2024\/03\/GHES_guia-visual_2023.pdf\" class=\"block-resources__item\" title=\"Guia Visual\" target=\"_blank\">\n\t\t\t\t\t\tGuia Visual\t\t\t\t\t<\/a>\n\t\t\t\t\t\t\t\t\t\t\t\t<a href=\"https:\/\/csg.rc.iseg.ulisboa.pt\/wp-content\/uploads\/2024\/03\/Logo-GHES-Web.zip\" class=\"block-resources__item\" title=\"Download log\u00f3tipo \" target=\"_blank\">\n\t\t\t\t\t\tDownload log\u00f3tipo \t\t\t\t\t<\/a>\n\t\t\t\t\t\t\t\t\t<\/div>\n\t<\/div>\n<\/div>\n\n\n\n<p class=\"has-text-align-left\"><sub>Imagens \u00a9 Biblioteca de Arte da Funda\u00e7\u00e3o Calouste Gulbenkian<\/sub><\/p>\n\n\n\n<p><\/p>\n","protected":false},"excerpt":{"rendered":"Imagens \u00a9 Biblioteca de Arte da Funda\u00e7\u00e3o Calouste Gulbenkian","protected":false},"author":42,"featured_media":0,"parent":48,"menu_order":1,"comment_status":"closed","ping_status":"closed","template":"tpl-default-full-width.php","meta":{"inline_featured_image":false,"_uag_custom_page_level_css":"","footnotes":""},"acf":[],"uagb_featured_image_src":{"full":false,"thumbnail":false,"medium":false,"medium_large":false,"large":false,"1536x1536":false,"2048x2048":false,"trp-custom-language-flag":false},"uagb_author_info":{"display_name":"aribeiroadvance","author_link":"https:\/\/www.iseg.ulisboa.pt\/ghes\/author\/aribeiroadvance\/"},"uagb_comment_info":0,"uagb_excerpt":"Imagens \u00a9 Biblioteca de Arte da Funda\u00e7\u00e3o Calouste Gulbenkian","_links":{"self":[{"href":"https:\/\/www.iseg.ulisboa.pt\/ghes\/wp-json\/wp\/v2\/pages\/344"}],"collection":[{"href":"https:\/\/www.iseg.ulisboa.pt\/ghes\/wp-json\/wp\/v2\/pages"}],"about":[{"href":"https:\/\/www.iseg.ulisboa.pt\/ghes\/wp-json\/wp\/v2\/types\/page"}],"author":[{"embeddable":true,"href":"https:\/\/www.iseg.ulisboa.pt\/ghes\/wp-json\/wp\/v2\/users\/42"}],"replies":[{"embeddable":true,"href":"https:\/\/www.iseg.ulisboa.pt\/ghes\/wp-json\/wp\/v2\/comments?post=344"}],"version-history":[{"count":66,"href":"https:\/\/www.iseg.ulisboa.pt\/ghes\/wp-json\/wp\/v2\/pages\/344\/revisions"}],"predecessor-version":[{"id":604,"href":"https:\/\/www.iseg.ulisboa.pt\/ghes\/wp-json\/wp\/v2\/pages\/344\/revisions\/604"}],"up":[{"embeddable":true,"href":"https:\/\/www.iseg.ulisboa.pt\/ghes\/wp-json\/wp\/v2\/pages\/48"}],"wp:attachment":[{"href":"https:\/\/www.iseg.ulisboa.pt\/ghes\/wp-json\/wp\/v2\/media?parent=344"}],"curies":[{"name":"wp","href":"https:\/\/api.w.org\/{rel}","templated":true}]}}