{"id":2638,"date":"2024-12-12T12:05:36","date_gmt":"2024-12-12T12:05:36","guid":{"rendered":"https:\/\/www.iseg.ulisboa.pt\/internacional\/?page_id=2638"},"modified":"2025-09-15T10:06:27","modified_gmt":"2025-09-15T10:06:27","slug":"teacher-mobility","status":"publish","type":"page","link":"https:\/\/www.iseg.ulisboa.pt\/internacional\/en\/mobility-outgoing\/mobility-programs\/teacher-mobility\/","title":{"rendered":"Faculty Mobility"},"content":{"rendered":"<div class=\"wp-block-group has-large-font-size is-vertical is-layout-flex wp-container-core-group-is-layout-2 wp-block-group-is-layout-flex\">\n<div class=\"wp-block-group\"><div class=\"wp-block-group__inner-container is-layout-constrained wp-block-group-is-layout-constrained\">\n<p>The Erasmus+ Programme offers teachers the possibility of teaching mobility in a European higher education institution or outside the European Union (<em>Erasmus International Credit Mobility<\/em>).<\/p>\n\n\n\n<p>International mobility is a crucial component in the academic career of teachers, promoting greater cultural and academic diversity. These programmes provide the ideal conditions for academic and professional development in an international context, boosting the enrichment, diversity and depth of the syllabus.<\/p>\n<\/div><\/div>\n\n\n\n<p>See detailed information such as eligibility criteria, application process and selection criteria:<\/p>\n<\/div>\n\n\n\n  <section class=\"grid lg:grid-cols-4 md:grid-cols-3 grid-cols-2 gap-7\">\n    \n      <article title=\"Mobility in the European Union\">\n        <a target=\"\" href=\"https:\/\/www.iseg.ulisboa.pt\/internacional\/en\/mobility-outgoing\/mobility-programs\/teacher-mobility\/mobility-in-europe\/\">\n          <img decoding=\"async\" src=\"https:\/\/www.iseg.ulisboa.pt\/internacional\/wp-content\/uploads\/sites\/10\/2025\/01\/iStock-957053922.jpg\" alt=\"Mobility in the European Union\" class=\"aspect-square object-cover object-center\">\n\n          <div class=\"mt-4 font-medium text-xl\">\n            Mobility in the European Union          <\/div>\n        <\/a>\n      <\/article>\n    \n      <article title=\"Erasmus International Credit Mobility (ICM)\">\n        <a target=\"\" href=\"https:\/\/www.iseg.ulisboa.pt\/internacional\/en\/mobility-outgoing\/mobility-programs\/teacher-mobility\/icm\/\">\n          <img decoding=\"async\" src=\"https:\/\/www.iseg.ulisboa.pt\/internacional\/wp-content\/uploads\/sites\/10\/2025\/01\/iStock-1404349414.jpg\" alt=\"Erasmus International Credit Mobility (ICM)\" class=\"aspect-square object-cover object-center\">\n\n          <div class=\"mt-4 font-medium text-xl\">\n            Erasmus International Credit Mobility (ICM)          <\/div>\n        <\/a>\n      <\/article>\n      <\/section>","protected":false},"excerpt":{"rendered":"The Erasmus+ Programme offers teachers the possibility of teaching mobility in a European higher education institution or outside the European Union (Erasmus International Credit Mobility). A [...]","protected":false},"author":5,"featured_media":2809,"parent":351,"menu_order":9,"comment_status":"closed","ping_status":"closed","template":"","meta":{"inline_featured_image":false,"_uag_custom_page_level_css":"","footnotes":""},"acf":[],"uagb_featured_image_src":{"full":["https:\/\/www.iseg.ulisboa.pt\/internacional\/wp-content\/uploads\/sites\/10\/2024\/12\/iStock-1366724877.jpg",2121,1414,false],"thumbnail":["https:\/\/www.iseg.ulisboa.pt\/internacional\/wp-content\/uploads\/sites\/10\/2024\/12\/iStock-1366724877-150x150.jpg",150,150,true],"medium":["https:\/\/www.iseg.ulisboa.pt\/internacional\/wp-content\/uploads\/sites\/10\/2024\/12\/iStock-1366724877-300x200.jpg",300,200,true],"medium_large":["https:\/\/www.iseg.ulisboa.pt\/internacional\/wp-content\/uploads\/sites\/10\/2024\/12\/iStock-1366724877.jpg",768,512,false],"large":["https:\/\/www.iseg.ulisboa.pt\/internacional\/wp-content\/uploads\/sites\/10\/2024\/12\/iStock-1366724877.jpg",1024,683,false],"1536x1536":["https:\/\/www.iseg.ulisboa.pt\/internacional\/wp-content\/uploads\/sites\/10\/2024\/12\/iStock-1366724877-1536x1024.jpg",1536,1024,true],"2048x2048":["https:\/\/www.iseg.ulisboa.pt\/internacional\/wp-content\/uploads\/sites\/10\/2024\/12\/iStock-1366724877-2048x1365.jpg",2048,1365,true],"trp-custom-language-flag":["https:\/\/www.iseg.ulisboa.pt\/internacional\/wp-content\/uploads\/sites\/10\/2024\/12\/iStock-1366724877-18x12.jpg",18,12,true]},"uagb_author_info":{"display_name":"diogoalmeida","author_link":"https:\/\/www.iseg.ulisboa.pt\/internacional\/en\/author\/diogoalmeida\/"},"uagb_comment_info":0,"uagb_excerpt":"O Programa Erasmus+ proporciona aos docentes a possibilidade de efetuar uma mobilidade de leciona\u00e7\u00e3o numa institui\u00e7\u00e3o de ensino superior europeia ou fora da Uni\u00e3o Europeia (Erasmus International Credit Mobility). A&nbsp;[...]","_links":{"self":[{"href":"https:\/\/www.iseg.ulisboa.pt\/internacional\/en\/wp-json\/wp\/v2\/pages\/2638"}],"collection":[{"href":"https:\/\/www.iseg.ulisboa.pt\/internacional\/en\/wp-json\/wp\/v2\/pages"}],"about":[{"href":"https:\/\/www.iseg.ulisboa.pt\/internacional\/en\/wp-json\/wp\/v2\/types\/page"}],"author":[{"embeddable":true,"href":"https:\/\/www.iseg.ulisboa.pt\/internacional\/en\/wp-json\/wp\/v2\/users\/5"}],"replies":[{"embeddable":true,"href":"https:\/\/www.iseg.ulisboa.pt\/internacional\/en\/wp-json\/wp\/v2\/comments?post=2638"}],"version-history":[{"count":28,"href":"https:\/\/www.iseg.ulisboa.pt\/internacional\/en\/wp-json\/wp\/v2\/pages\/2638\/revisions"}],"predecessor-version":[{"id":3403,"href":"https:\/\/www.iseg.ulisboa.pt\/internacional\/en\/wp-json\/wp\/v2\/pages\/2638\/revisions\/3403"}],"up":[{"embeddable":true,"href":"https:\/\/www.iseg.ulisboa.pt\/internacional\/en\/wp-json\/wp\/v2\/pages\/351"}],"wp:featuredmedia":[{"embeddable":true,"href":"https:\/\/www.iseg.ulisboa.pt\/internacional\/en\/wp-json\/wp\/v2\/media\/2809"}],"wp:attachment":[{"href":"https:\/\/www.iseg.ulisboa.pt\/internacional\/en\/wp-json\/wp\/v2\/media?parent=2638"}],"curies":[{"name":"wp","href":"https:\/\/api.w.org\/{rel}","templated":true}]}}