{"id":2648,"date":"2024-12-12T12:11:50","date_gmt":"2024-12-12T12:11:50","guid":{"rendered":"https:\/\/www.iseg.ulisboa.pt\/internacional\/?page_id=2648"},"modified":"2025-11-11T16:41:28","modified_gmt":"2025-11-11T16:41:28","slug":"mobility-in-europe","status":"publish","type":"page","link":"https:\/\/www.iseg.ulisboa.pt\/internacional\/en\/mobility-outgoing\/mobility-programs\/teacher-mobility\/mobility-in-europe\/","title":{"rendered":"Mobility in the European Union"},"content":{"rendered":"<p>The Erasmus+ Programme offers professors the possibility of doing a teaching mobility in a higher education institution in the European Union.<\/p>\n\n\n\n<p>Faculty mobility for teaching assignments represents a crucial component in the academic career of professors, promoting greater cultural and academic diversity. These programmes provide the ideal conditions for academic and professional development in an international context, boosting the enrichment, diversity and depth of the syllabus.<\/p>\n\n\n\n<p><strong>Application deadline: 2 December 2025 to 30 January 2026<\/strong><\/p>\n\n\n\n<p><\/p>\n\n\n\n<div class=\"wp-block-pb-accordion-item c-accordion__item js-accordion-item no-js\" data-initially-open=\"false\" data-click-to-close=\"true\" data-auto-close=\"true\" data-scroll=\"false\" data-scroll-offset=\"0\"><h2 id=\"at-26480\" class=\"c-accordion__title js-accordion-controller\" role=\"button\">Eligibility<\/h2><div id=\"ac-26480\" class=\"c-accordion__content\">\n<p>Professors who meet all of the following conditions will be eligible to apply for the programme:<\/p>\n\n\n\n<ul>\n<li>Have a contractual teaching relationship with ISEG, regardless of the type of contract and its duration;<\/li>\n\n\n\n<li>The host country is a Member State of the European Union or another country participating in the Erasmus+ Programme, namely Iceland, Liechtenstein, North Macedonia, Norway, Serbia and Turkey;<\/li>\n\n\n\n<li>The host institution must have a bilateral agreement with ISEG - it must be one of our institutions. <a href=\"https:\/\/www.iseg.ulisboa.pt\/internacional\/en\/partner-universities\/\" data-type=\"link\" data-id=\"https:\/\/www.iseg.ulisboa.pt\/internacional\/universidades-parceiras\/\">Partner Universities<\/a> European;<\/li>\n\n\n\n<li>The host institution must have a <a href=\"https:\/\/erasmus-plus.ec.europa.eu\/pt-pt\/resources-and-tools\/erasmus-charter-for-higher-education\" target=\"_blank\" rel=\"noreferrer noopener\">European University Charter (EUC)<\/a><\/li>\n<\/ul>\n<\/div><\/div>\n\n\n\n<div class=\"wp-block-pb-accordion-item c-accordion__item js-accordion-item no-js\" data-initially-open=\"false\" data-click-to-close=\"true\" data-auto-close=\"true\" data-scroll=\"false\" data-scroll-offset=\"0\"><h2 id=\"at-26481\" class=\"c-accordion__title js-accordion-controller\" role=\"button\">Duration<\/h2><div id=\"ac-26481\" class=\"c-accordion__content\">\n<p><strong>Minimum:<\/strong> 2 days;<\/p>\n\n\n\n<p>Mobility to countries in the <strong>Regions 13 and 14 <\/strong>(see <a href=\"https:\/\/www.iseg.ulisboa.pt\/internacional\/wp-content\/uploads\/sites\/10\/2025\/09\/STT_STA_2024_Tabela_Bolsas.pdf\" data-type=\"link\" data-id=\"https:\/\/www.iseg.ulisboa.pt\/internacional\/wp-content\/uploads\/sites\/10\/2025\/09\/STT_STA_2024_Tabela_Bolsas.pdf\">Eramus Grant Table<\/a>) have a minimum duration of 5 days.<\/p>\n\n\n\n<p><strong>Maximum:<\/strong> 2 months (60 days)<\/p>\n\n\n\n<p><strong>Minimum teaching hours per week: <\/strong>8H<\/p>\n\n\n\n<p>When the mobility period exceeds one week, the number of extra days is calculated as follows:<a href=\"https:\/\/erasmus-plus.ec.europa.eu\/pt-pt\/resources-and-tools\/erasmus-charter-for-higher-education\" target=\"_blank\" rel=\"noreferrer noopener\"><\/a><\/p>\n\n\n\n<ul>\n<li>If the mobility lasts less than 5 days (minimum of 2 days excluding travelling days), the obligation to teach a minimum of 8 hours remains;<\/li>\n\n\n\n<li>If the mobility lasts more than 5 working days, the number of compulsory hours increases proportionally. The following calculation is made: (8h\/5) * No. of additional days<\/li>\n<\/ul>\n\n\n\n<p>The average duration of funded teaching mobilities is <strong>5 days<\/strong>excluding travelling days.<\/p>\n<\/div><\/div>\n\n\n\n<div class=\"wp-block-pb-accordion-item c-accordion__item js-accordion-item no-js\" data-initially-open=\"false\" data-click-to-close=\"true\" data-auto-close=\"true\" data-scroll=\"false\" data-scroll-offset=\"0\"><h2 id=\"at-26482\" class=\"c-accordion__title js-accordion-controller\" role=\"button\">Applications<\/h2><div id=\"ac-26482\" class=\"c-accordion__content\">\n<p>Application deadline: from 2 December 2025 to 30 January 2026<\/p>\n\n\n\n<p>Applications must be made by sending the requested documents to the International Mobility Office (<a>imo@iseg.ulisboa.pt<\/a>) and submitted by the deadline set above. <\/p>\n\n\n\n<p>You can find detailed information about the competition on the respective website. <a href=\"https:\/\/fenix.iseg.ulisboa.pt\/file?id=284434211407387\" data-type=\"link\" data-id=\"https:\/\/fenix.iseg.ulisboa.pt\/file?id=284434211407387\">Notice<\/a><\/p>\n\n\n\n<p class=\"has-text-align-left\">Documents to submit:<\/p>\n\n\n\n<ul>\n<li><a href=\"https:\/\/www.iseg.ulisboa.pt\/internacional\/wp-content\/uploads\/sites\/10\/2025\/09\/Ficha_DOCENTE_ISEG.pdf\" data-type=\"link\" data-id=\"https:\/\/www.iseg.ulisboa.pt\/internacional\/wp-content\/uploads\/sites\/10\/2025\/09\/Ficha_DOCENTE_ISEG.pdf\">Professor Sheet<\/a> filled in and signed;<\/li>\n\n\n\n<li>Proof of IBAN;<\/li>\n\n\n\n<li>Citizen's Card;<\/li>\n\n\n\n<li><a href=\"https:\/\/www.iseg.ulisboa.pt\/internacional\/wp-content\/uploads\/sites\/10\/2024\/12\/mobility-agreement-teaching_en.docx\" data-type=\"link\" data-id=\"https:\/\/www.iseg.ulisboa.pt\/internacional\/wp-content\/uploads\/sites\/10\/2024\/12\/mobility-agreement-teaching_en.docx\">Mobility Agreement<\/a> (Mobility Agreement - Staff Mobility for Teaching<a href=\"https:\/\/aai.tecnico.ulisboa.pt\/files\/sites\/52\/mobility_agreement_staff_mobility_for_teaching_template-2.docx\" target=\"_blank\" rel=\"noreferrer noopener\"> <\/a>signed by the host institution. If it is not signed by the host institution, an e-mail proving the candidate's acceptance or a letter of acceptance must be submitted;<\/li>\n\n\n\n<li>Description of the objectives of the mobility and the expected benefits for the home institution.<\/li>\n<\/ul>\n<\/div><\/div>\n\n\n\n<div class=\"wp-block-pb-accordion-item c-accordion__item js-accordion-item no-js\" data-initially-open=\"false\" data-click-to-close=\"true\" data-auto-close=\"true\" data-scroll=\"false\" data-scroll-offset=\"0\"><h2 id=\"at-26483\" class=\"c-accordion__title js-accordion-controller\" role=\"button\">Contact with the host institution<\/h2><div id=\"ac-26483\" class=\"c-accordion__content\">\n<p>The Professor should contact the host institution directly (one of our <a href=\"https:\/\/www.iseg.ulisboa.pt\/internacional\/en\/partner-universities\/\">Partner Universities<\/a>) in order to ascertain the possibility of carrying out the mobility for a teaching mission and to obtain the necessary signatures for the documents. Subsequently, he or she sends the above documents to the IMO, including the <a href=\"https:\/\/www.iseg.ulisboa.pt\/internacional\/wp-content\/uploads\/sites\/10\/2024\/12\/mobility-agreement-teaching_en.docx\"><em>Teaching Agreement<\/em><\/a>This document, signed by the teacher and the host university, approves the teacher's teaching plan.<\/p>\n<\/div><\/div>\n\n\n\n<div class=\"wp-block-pb-accordion-item c-accordion__item js-accordion-item no-js\" data-initially-open=\"false\" data-click-to-close=\"true\" data-auto-close=\"true\" data-scroll=\"false\" data-scroll-offset=\"0\"><h2 id=\"at-26484\" class=\"c-accordion__title js-accordion-controller\" role=\"button\">Grants<\/h2><div id=\"ac-26484\" class=\"c-accordion__content\">\n<p>Once the professor has been admitted, the Rectorate's Mobility Centre issues an Erasmus+ Teacher Contract, through which the Erasmus+ grant will be awarded.<\/p>\n\n\n\n<p>The reference value for the STA Scholarship is \u20ac1,020.00 (average of 5 days of teaching mission funding).<\/p>\n\n\n\n<p>The Erasmus grant is made up of a per diem individual support amount and a travel allowance amount. Both amounts are based on the <a href=\"https:\/\/www.iseg.ulisboa.pt\/internacional\/wp-content\/uploads\/sites\/10\/2025\/09\/STT_STA_2024_Tabela_Bolsas.pdf\" data-type=\"link\" data-id=\"https:\/\/www.iseg.ulisboa.pt\/internacional\/wp-content\/uploads\/sites\/10\/2025\/09\/STT_STA_2024_Tabela_Bolsas.pdf\">Table of Erasmus Grants<\/a> annually approved. The table presented is valid for the current 2025\/2026 school year.<\/p>\n\n\n\n<p><strong>Travelling:<\/strong><\/p>\n\n\n\n<p>Under the Erasmus+ Programme, travel costs are reimbursed based on the distance in kilometres between ULisboa and the host institution.<\/p>\n\n\n\n<p>To do this, the distance is calculated using the European Commission's online tool:<\/p>\n\n\n\n<p><a href=\"https:\/\/erasmus-plus.ec.europa.eu\/resources-and-tools\/distance-calculator\" target=\"_blank\" rel=\"noreferrer noopener\">Distance Calculator<\/a><\/p>\n\n\n\n<p>The distance in kilometres will then be included in the range of values in the Erasmus grant table, in order to identify the value of the respective travel band.<\/p>\n\n\n\n<p><strong>Individual support:<\/strong><\/p>\n\n\n\n<p>Individual support is based on a \"per diem\" value defined for groups of countries, taking into account the duration of mobility<\/p>\n\n\n\n<p>The amounts can be up to 100% between the 1st and 14th days of mobility. From the 15th day onwards, grants will be awarded up to a maximum of 70%.<\/p>\n\n\n\n<p>When allocating individual support, it is possible to combine the allocation of days with and without a grant.<\/p>\n\n\n\n<p><strong>Payment of grants:<\/strong><\/p>\n\n\n\n<p>The grant is paid once the Erasmus+ Teaching Contract has been signed.<\/p>\n\n\n\n<p>Changes to the mobility period may imply a reformulation of the grant amount.<\/p>\n<\/div><\/div>\n\n\n\n<div class=\"wp-block-pb-accordion-item c-accordion__item js-accordion-item no-js\" data-initially-open=\"false\" data-click-to-close=\"true\" data-auto-close=\"true\" data-scroll=\"false\" data-scroll-offset=\"0\"><h2 id=\"at-26485\" class=\"c-accordion__title js-accordion-controller\" role=\"button\">End of Mobility<\/h2><div id=\"ac-26485\" class=\"c-accordion__content\">\n<p><strong>Up to 15 days after mobility<\/strong>the professor must submit the following documents to the International Mobility Office:<\/p>\n\n\n\n<ul>\n<li>Declaration issued by the host institution indicating the days of the teaching assignment and confirming the number of hours taught, signed and stamped, no later than 15 days after the end of the mobility;<\/li>\n\n\n\n<li>Copy of boarding tickets.<\/li>\n<\/ul>\n\n\n\n<p>The professor must also submit the mobility report on the platform <a href=\"https:\/\/webgate.ec.europa.eu\/cas\/login?loginRequestId=ECAS_LR-9267043-8lZoB53qrXDqbIHYozG1PkxWetrazc17n7uL5ZT9ZCaubznevBS3zgIOsoFzTpYylhwbNksaJztrKVjrzyWqzPC8-rS0vSrmBGYCPpCV2HQQ5My-OjeBJQZwt7NKDD1A8QDLOB8tV6g5Ys1gxuRoMHUOlsTsjJoCicd5wl5ZK5WwPj1aXrUI1zobebQuBwrPVElxFG\" data-type=\"link\" data-id=\"https:\/\/webgate.ec.europa.eu\/cas\/login?loginRequestId=ECAS_LR-9267043-8lZoB53qrXDqbIHYozG1PkxWetrazc17n7uL5ZT9ZCaubznevBS3zgIOsoFzTpYylhwbNksaJztrKVjrzyWqzPC8-rS0vSrmBGYCPpCV2HQQ5My-OjeBJQZwt7NKDD1A8QDLOB8tV6g5Ys1gxuRoMHUOlsTsjJoCicd5wl5ZK5WwPj1aXrUI1zobebQuBwrPVElxFG\">Mobility Tool<\/a> through the credentials that will be sent by the ULisboa Rectory via e-mail.<\/p>\n<\/div><\/div>","protected":false},"excerpt":{"rendered":"The Erasmus+ Programme offers teachers the possibility of teaching mobility in a higher education institution in the European Union. Mobility of teachers for teaching assignments [...]","protected":false},"author":5,"featured_media":2867,"parent":2638,"menu_order":1,"comment_status":"closed","ping_status":"closed","template":"","meta":{"inline_featured_image":false,"_uag_custom_page_level_css":"","footnotes":""},"acf":[],"uagb_featured_image_src":{"full":["https:\/\/www.iseg.ulisboa.pt\/internacional\/wp-content\/uploads\/sites\/10\/2025\/01\/iStock-957053922.jpg",2121,1414,false],"thumbnail":["https:\/\/www.iseg.ulisboa.pt\/internacional\/wp-content\/uploads\/sites\/10\/2025\/01\/iStock-957053922-150x150.jpg",150,150,true],"medium":["https:\/\/www.iseg.ulisboa.pt\/internacional\/wp-content\/uploads\/sites\/10\/2025\/01\/iStock-957053922-300x200.jpg",300,200,true],"medium_large":["https:\/\/www.iseg.ulisboa.pt\/internacional\/wp-content\/uploads\/sites\/10\/2025\/01\/iStock-957053922.jpg",768,512,false],"large":["https:\/\/www.iseg.ulisboa.pt\/internacional\/wp-content\/uploads\/sites\/10\/2025\/01\/iStock-957053922.jpg",1024,683,false],"1536x1536":["https:\/\/www.iseg.ulisboa.pt\/internacional\/wp-content\/uploads\/sites\/10\/2025\/01\/iStock-957053922-1536x1024.jpg",1536,1024,true],"2048x2048":["https:\/\/www.iseg.ulisboa.pt\/internacional\/wp-content\/uploads\/sites\/10\/2025\/01\/iStock-957053922-2048x1365.jpg",2048,1365,true],"trp-custom-language-flag":["https:\/\/www.iseg.ulisboa.pt\/internacional\/wp-content\/uploads\/sites\/10\/2025\/01\/iStock-957053922-18x12.jpg",18,12,true]},"uagb_author_info":{"display_name":"diogoalmeida","author_link":"https:\/\/www.iseg.ulisboa.pt\/internacional\/en\/author\/diogoalmeida\/"},"uagb_comment_info":0,"uagb_excerpt":"O Programa Erasmus+ proporciona aos docentes a possibilidade de efetuar uma mobilidade de leciona\u00e7\u00e3o numa institui\u00e7\u00e3o de ensino superior da Uni\u00e3o Europeia. A Mobilidade de docentes para miss\u00f5es de ensino&nbsp;[...]","_links":{"self":[{"href":"https:\/\/www.iseg.ulisboa.pt\/internacional\/en\/wp-json\/wp\/v2\/pages\/2648"}],"collection":[{"href":"https:\/\/www.iseg.ulisboa.pt\/internacional\/en\/wp-json\/wp\/v2\/pages"}],"about":[{"href":"https:\/\/www.iseg.ulisboa.pt\/internacional\/en\/wp-json\/wp\/v2\/types\/page"}],"author":[{"embeddable":true,"href":"https:\/\/www.iseg.ulisboa.pt\/internacional\/en\/wp-json\/wp\/v2\/users\/5"}],"replies":[{"embeddable":true,"href":"https:\/\/www.iseg.ulisboa.pt\/internacional\/en\/wp-json\/wp\/v2\/comments?post=2648"}],"version-history":[{"count":42,"href":"https:\/\/www.iseg.ulisboa.pt\/internacional\/en\/wp-json\/wp\/v2\/pages\/2648\/revisions"}],"predecessor-version":[{"id":3621,"href":"https:\/\/www.iseg.ulisboa.pt\/internacional\/en\/wp-json\/wp\/v2\/pages\/2648\/revisions\/3621"}],"up":[{"embeddable":true,"href":"https:\/\/www.iseg.ulisboa.pt\/internacional\/en\/wp-json\/wp\/v2\/pages\/2638"}],"wp:featuredmedia":[{"embeddable":true,"href":"https:\/\/www.iseg.ulisboa.pt\/internacional\/en\/wp-json\/wp\/v2\/media\/2867"}],"wp:attachment":[{"href":"https:\/\/www.iseg.ulisboa.pt\/internacional\/en\/wp-json\/wp\/v2\/media?parent=2648"}],"curies":[{"name":"wp","href":"https:\/\/api.w.org\/{rel}","templated":true}]}}