{"id":345,"date":"2023-02-16T15:11:04","date_gmt":"2023-02-16T15:11:04","guid":{"rendered":"https:\/\/www.iseg.ulisboa.pt\/internacional\/?page_id=345"},"modified":"2026-03-30T13:51:19","modified_gmt":"2026-03-30T13:51:19","slug":"about","status":"publish","type":"page","link":"https:\/\/www.iseg.ulisboa.pt\/internacional\/en\/about\/","title":{"rendered":"About"},"content":{"rendered":"<section class=\"block-hero-full-width course-hero wf-section\">\n        <div class=\"course-hero__name\">\n            <h1 class=\"course-hero__heading has-iseg-white-color\"><span class=\"course-hero__heading-span\">About<\/span><\/h1>\n    <\/div>\n            <div class=\"course-hero__backdrop has-iseg-dark-grey-background\"><\/div>\n    \n    <div class=\"course-hero__image\">\n    <img decoding=\"async\" src=\"https:\/\/www.iseg.ulisboa.pt\/internacional\/wp-content\/uploads\/sites\/10\/2023\/02\/hero-sobre.jpg\" class=\"image-cover\" alt=\"\" srcset=\"https:\/\/www.iseg.ulisboa.pt\/internacional\/wp-content\/uploads\/sites\/10\/2023\/02\/hero-sobre.jpg 1600w, https:\/\/www.iseg.ulisboa.pt\/internacional\/wp-content\/uploads\/sites\/10\/2023\/02\/hero-sobre-300x150.jpg 300w, https:\/\/www.iseg.ulisboa.pt\/internacional\/wp-content\/uploads\/sites\/10\/2023\/02\/hero-sobre-1536x768.jpg 1536w\" sizes=\"(max-width: 1600px) 100vw, 1600px\" \/>    <\/div>\n<\/section>\n\n<div class=\"block-intro-text has-iseg-white-color has-iseg-red-background\">\n\t<div class=\"intro-text\">The International Mobility Office supports students in all stages of their exchange (selection, application, guidance, validation), providing essential guarantees for it to be successful and recognized by ISEG.<\/div>\n\t<div class=\"intro-text-anim-left-layer\"><\/div>\n\t<div class=\"intro-text-anim-right-layer\"><\/div>\n<\/div>\n\n\n\n<div style=\"height:100px\" aria-hidden=\"true\" class=\"wp-block-spacer\"><\/div>\n\n\n\n<div class=\"wp-block-columns is-layout-flex wp-container-core-columns-is-layout-1 wp-block-columns-is-layout-flex\">\n<div class=\"wp-block-column is-layout-flow wp-block-column-is-layout-flow\">\n<section class=\"w-full mb-20\">\n    <div class=\"@container\">\n                    <h2 class=\"block-key-contacts__heading has-iseg-red-color\">Contacts<\/h2>\n                <div class=\"grid grid-cols-1 @4xl:grid-cols-4 @2xl:grid-cols-3 gap-4\">\n                            <div class=\"bg-neutral-50 py-4 px-4 font-medium text-black\">\n                    <img decoding=\"async\" src=\"https:\/\/www.iseg.ulisboa.pt\/internacional\/wp-content\/themes\/iseg\/assets\/images\/location.svg\" alt=\"Location\">\n                    <h3 class=\"mt-4 mb-2 font-bold !text-xl\">\n                        Address                    <\/h3>\n                    Francesinhas Building 1<br \/>\r\nFloor 0<br \/>\r\nRua das Francesinhas<br \/>\r\n1200-675 Lisbon                <\/div>\n                                        <div class=\"bg-neutral-50 py-4 px-4 font-medium text-black\">\n                    <img decoding=\"async\" src=\"https:\/\/www.iseg.ulisboa.pt\/internacional\/wp-content\/themes\/iseg\/assets\/images\/email.svg\" alt=\"Email\">\n                    <h3 class=\"mt-4 mb-2 font-bold !text-xl\">\n                        Email                    <\/h3>\n                                            <a href=\"mailto:imo@iseg.ulisboa.pt\" class=\"block break-all\">\n                            imo@iseg.ulisboa.pt                        <\/a>\n                                    <\/div>\n                                        <div class=\"bg-neutral-50 py-4 px-4 font-medium text-black\">\n                    <img decoding=\"async\" src=\"https:\/\/www.iseg.ulisboa.pt\/internacional\/wp-content\/themes\/iseg\/assets\/images\/phone.svg\" alt=\"Phone\">\n                    <h3 class=\"mt-4 mb-2 font-bold !text-xl\">\n                        Telephone                    <\/h3>\n                                            <a href=\"telto:(+351) 213 922 737\" class=\"block break-all\">(+351) 213 922 737<\/a>\n                                    <\/div>\n                                        <div class=\"bg-neutral-50 py-4 px-4 font-medium text-black\">\n                    <img decoding=\"async\" src=\"https:\/\/www.iseg.ulisboa.pt\/internacional\/wp-content\/themes\/iseg\/assets\/images\/clock.svg\" alt=\"Clock\">\n                    <h3 class=\"mt-4 mb-2 font-bold !text-xl\">\n                        Opening Hours                    <\/h3>\n                    Face-to-face service<br \/>\r\nMonday to Friday<br \/>\r\n10am to 12pm<br \/>\r\n2pm to 4pm *<br \/>\r\n<br \/>\r\nTelephone answering<br \/>\r\nMonday to Friday<br \/>\r\n2pm to 4pm<br \/>\r\n                <\/div>\n                    <\/div>\n    <\/div>\n<\/section><\/div>\n<\/div>\n\n\n\n<div class=\"wp-block-columns is-layout-flex wp-container-core-columns-is-layout-2 wp-block-columns-is-layout-flex\">\n<div class=\"wp-block-column is-layout-flow wp-block-column-is-layout-flow\">\n<p><sup>*<\/sup>In-person appointments are available by arrangement (from 2:00 PM to 4:00 PM):<\/p>\n\n\n\n<p>Book via email (<a href=\"mailto:seclic@iseg.ulisboa.pt\" target=\"_blank\" rel=\"noreferrer noopener\">imo@iseg.ulisboa.pt<\/a>, with 24 hours\u201c notice (working days) and subject to schedule availability, stating the reason, preferred date and time, and including \u201dRequest for in-person appointment\" in the subject line.<\/p>\n\n\n\n<p>Exceptionally, appointments can be scheduled outside of this period, by sending a request via email&nbsp;<a href=\"mailto:imo@iseg.ulisboa.pt\">imo@iseg.ulisboa.pt<\/a>.<\/p>\n\n\n\n<p><\/p>\n<\/div>\n\n\n\n<div class=\"wp-block-column is-layout-flow wp-block-column-is-layout-flow\">\n<p><sup>August schedule:<\/sup><\/p>\n\n\n\n<p><sup>11 to 22 August - closed<\/sup><\/p>\n<\/div>\n<\/div>","protected":false},"excerpt":{"rendered":"*Atendimento presencial sujeito a marca\u00e7\u00e3o (das 14:00 \u00e0s 16:00): Agendamento via email (imo@iseg.ulisboa.pt), com 24 horas de anteced\u00eancia (dias \u00fateis) e sujeito a disponibilidade de agenda, devendo indicar o motivo,&nbsp;[&#8230;]","protected":false},"author":2,"featured_media":0,"parent":0,"menu_order":10,"comment_status":"closed","ping_status":"closed","template":"tpl-page-blocks.php","meta":{"inline_featured_image":false,"_uag_custom_page_level_css":"","footnotes":""},"acf":[],"uagb_featured_image_src":{"full":false,"thumbnail":false,"medium":false,"medium_large":false,"large":false,"1536x1536":false,"2048x2048":false,"trp-custom-language-flag":false},"uagb_author_info":{"display_name":"Major","author_link":"https:\/\/www.iseg.ulisboa.pt\/internacional\/en\/author\/leihla\/"},"uagb_comment_info":0,"uagb_excerpt":"*Atendimento presencial sujeito a marca\u00e7\u00e3o (das 14:00 \u00e0s 16:00): Agendamento via email (imo@iseg.ulisboa.pt), com 24 horas de anteced\u00eancia (dias \u00fateis) e sujeito a disponibilidade de agenda, devendo indicar o motivo,&nbsp;[...]","_links":{"self":[{"href":"https:\/\/www.iseg.ulisboa.pt\/internacional\/en\/wp-json\/wp\/v2\/pages\/345"}],"collection":[{"href":"https:\/\/www.iseg.ulisboa.pt\/internacional\/en\/wp-json\/wp\/v2\/pages"}],"about":[{"href":"https:\/\/www.iseg.ulisboa.pt\/internacional\/en\/wp-json\/wp\/v2\/types\/page"}],"author":[{"embeddable":true,"href":"https:\/\/www.iseg.ulisboa.pt\/internacional\/en\/wp-json\/wp\/v2\/users\/2"}],"replies":[{"embeddable":true,"href":"https:\/\/www.iseg.ulisboa.pt\/internacional\/en\/wp-json\/wp\/v2\/comments?post=345"}],"version-history":[{"count":31,"href":"https:\/\/www.iseg.ulisboa.pt\/internacional\/en\/wp-json\/wp\/v2\/pages\/345\/revisions"}],"predecessor-version":[{"id":3821,"href":"https:\/\/www.iseg.ulisboa.pt\/internacional\/en\/wp-json\/wp\/v2\/pages\/345\/revisions\/3821"}],"wp:attachment":[{"href":"https:\/\/www.iseg.ulisboa.pt\/internacional\/en\/wp-json\/wp\/v2\/media?parent=345"}],"curies":[{"name":"wp","href":"https:\/\/api.w.org\/{rel}","templated":true}]}}