{"id":357,"date":"2023-02-16T15:25:07","date_gmt":"2023-02-16T15:25:07","guid":{"rendered":"https:\/\/www.iseg.ulisboa.pt\/internacional\/?page_id=357"},"modified":"2026-02-22T14:52:37","modified_gmt":"2026-02-22T14:52:37","slug":"creditacao-e-conversacao","status":"publish","type":"page","link":"https:\/\/www.iseg.ulisboa.pt\/internacional\/en\/mobility-outgoing\/creditacao-e-conversacao\/","title":{"rendered":"Crediting and Conversion"},"content":{"rendered":"<p>In order to help with the accreditation process, we make available, through annually updated tables, information for consultation regarding compulsory 2nd and 3rd year curricular units of the recommended programmes of the seven ISEG degrees, for which accreditations have already been requested and approved by the respective coordination teams for students on erasmus\/exchange mobilities.<\/p>\n\n\n\n<p><strong>Purpose<\/strong> <strong>:<\/strong>&nbsp;&nbsp;Consultation of information by interested parties in order to facilitate the academic recognition process that is necessary when undertaking international mobility. All these accreditations will be automatically approved for the current academic year, after confirmation of the academic offer of each foreign Higher Education Institution.<\/p>\n\n\n\n<p>We would like to emphasise that the process for submitting study plan proposals continues, not least because new correspondences can be proposed between foreign UCs and ISEG UCs each academic year. And also because some of the Partner Universities, due to their new or very recent agreements, are not yet represented in these Tables.<\/p>\n\n\n\n<p><strong>Note<\/strong> <strong>:<\/strong> <strong>The foreign curricular units selected by students for credit in the group of electives<\/strong> <strong>conditional and\/or free <\/strong>of each degree, are free to choose from within the academic offer of the destination university, as long as they are within the scientific areas of ISEG, namely: Mathematics, Management, Economics, Social Sciences and Foreign Languages (except for the \u201cFinance\u201d degree where languages are not allowed), as long as they do not repeat similar syllabus content to an ISEG UC already attended, so there is no need to list them in a table.<\/p>\n\n\n\n<p><\/p>\n\n\n\n<h6 class=\"wp-block-heading has-iseg-red-color has-text-color\">Academic Recognition\/Equivalence Tables<\/h6>\n\n\n<div class=\"block-file-list\">\n\t<div class=\"container\">\n\t\t<div class=\"file-list\">\n\t\t\t<ul class=\"program-list\">\n                                    <li>\n                        <a target=\"_blank\" href=\"https:\/\/www.iseg.ulisboa.pt\/internacional\/wp-content\/uploads\/sites\/10\/2023\/02\/Tabela-de-Creditacoes-pre-aprovadas_GES_MNG-2026_27.pdf\">\n                            <b>Table of pre-approved loans_GES_MNG-2026_27<\/b><div class=\"file_info\"> ( pdf, 580 KB ) <\/div>                        <\/a>\n                    <\/li>\n                                    <li>\n                        <a target=\"_blank\" href=\"https:\/\/www.iseg.ulisboa.pt\/internacional\/wp-content\/uploads\/sites\/10\/2023\/02\/Tabela-de-Creditacoes-pre-aprovadas_ECO_ECN-2026_27.pdf\">\n                            <b>Table of pre-approved loans_ECO_ECN-2026_27<\/b><div class=\"file_info\"> ( pdf, 391 KB ) <\/div>                        <\/a>\n                    <\/li>\n                                    <li>\n                        <a target=\"_blank\" href=\"https:\/\/www.iseg.ulisboa.pt\/internacional\/wp-content\/uploads\/sites\/10\/2023\/11\/Tabela-de-Creditacoes-pre-aprovadas_FNC-2026_27.pdf\">\n                            <b>Table of pre-approved credits_FNC-2026_27<\/b><div class=\"file_info\"> ( pdf, 228 KB ) <\/div>                        <\/a>\n                    <\/li>\n                                    <li>\n                        <a target=\"_blank\" href=\"https:\/\/www.iseg.ulisboa.pt\/internacional\/wp-content\/uploads\/sites\/10\/2023\/02\/Tabela-de-Creditacoes-pre-aprovadas_MAEG-2026_27.pdf\">\n                            <b>Table of pre-approved loans_MAEG-2026_27<\/b><div class=\"file_info\"> ( pdf, 194 KB ) <\/div>                        <\/a>\n                    <\/li>\n                            <\/ul>\n\t\t<\/div>\n\t<\/div>\n<\/div>\n\n\n<h4 class=\"wp-block-heading has-iseg-red-color has-text-color\">Conversion of Ratings<\/h4>\n\n\n\n<p>Based on <a href=\"https:\/\/diariodarepublica.pt\/dr\/detalhe\/despacho\/8688-2018-116374441\">Regulation for Accreditation and Curriculum Integration of Professional Experiences and Academic Training at Instituto Superior de Economia e Gest\u00e3o<\/a>, Di\u00e1rio da Rep\u00fablica n.\u00ba 175\/2018, S\u00e9rie II of 2018-09-11, Dispatch n.\u00ba 8688\/2018, and other sources, a new methodology was approved for converting grades obtained in Foreign Higher Education Institutions in the scope of Mobility Programs.<\/p>\n\n\n\n<p>This methodology aims to make the conversion process, within the scope of the Erasmus program and other exchange programs, more intuitive, quick and transparent, making it available for consultation by all students:<\/p>\n\n\n<div class=\"block-file-list\">\n\t<div class=\"container\">\n\t\t<div class=\"file-list\">\n\t\t\t<ul class=\"program-list\">\n                                    <li>\n                        <a target=\"_blank\" href=\"https:\/\/www.iseg.ulisboa.pt\/internacional\/wp-content\/uploads\/sites\/10\/2023\/02\/GradeConversionProcedures_ISEG-2025-VF.pdf\">\n                            <b>GradeConversionMethodology_ISEG_2025_EN<\/b><div class=\"file_info\"> ( pdf, 282 KB ) <\/div>                        <\/a>\n                    <\/li>\n                            <\/ul>\n\t\t<\/div>\n\t<\/div>\n<\/div>","protected":false},"excerpt":{"rendered":"Para ajudar no processo de credita\u00e7\u00e3o disponibilizamos, atrav\u00e9s de Tabelas atualizadas anualmente, informa\u00e7\u00e3o para consulta referente a unidades curriculares obrigat\u00f3rias do 2\u00ba e 3\u00ba ano dos percursos recomendados das sete&nbsp;[&#8230;]","protected":false},"author":2,"featured_media":0,"parent":341,"menu_order":4,"comment_status":"closed","ping_status":"closed","template":"","meta":{"inline_featured_image":false,"_uag_custom_page_level_css":"","footnotes":""},"acf":[],"uagb_featured_image_src":{"full":false,"thumbnail":false,"medium":false,"medium_large":false,"large":false,"1536x1536":false,"2048x2048":false,"trp-custom-language-flag":false},"uagb_author_info":{"display_name":"Major","author_link":"https:\/\/www.iseg.ulisboa.pt\/internacional\/en\/author\/leihla\/"},"uagb_comment_info":0,"uagb_excerpt":"Para ajudar no processo de credita\u00e7\u00e3o disponibilizamos, atrav\u00e9s de Tabelas atualizadas anualmente, informa\u00e7\u00e3o para consulta referente a unidades curriculares obrigat\u00f3rias do 2\u00ba e 3\u00ba ano dos percursos recomendados das sete&nbsp;[...]","_links":{"self":[{"href":"https:\/\/www.iseg.ulisboa.pt\/internacional\/en\/wp-json\/wp\/v2\/pages\/357"}],"collection":[{"href":"https:\/\/www.iseg.ulisboa.pt\/internacional\/en\/wp-json\/wp\/v2\/pages"}],"about":[{"href":"https:\/\/www.iseg.ulisboa.pt\/internacional\/en\/wp-json\/wp\/v2\/types\/page"}],"author":[{"embeddable":true,"href":"https:\/\/www.iseg.ulisboa.pt\/internacional\/en\/wp-json\/wp\/v2\/users\/2"}],"replies":[{"embeddable":true,"href":"https:\/\/www.iseg.ulisboa.pt\/internacional\/en\/wp-json\/wp\/v2\/comments?post=357"}],"version-history":[{"count":42,"href":"https:\/\/www.iseg.ulisboa.pt\/internacional\/en\/wp-json\/wp\/v2\/pages\/357\/revisions"}],"predecessor-version":[{"id":3806,"href":"https:\/\/www.iseg.ulisboa.pt\/internacional\/en\/wp-json\/wp\/v2\/pages\/357\/revisions\/3806"}],"up":[{"embeddable":true,"href":"https:\/\/www.iseg.ulisboa.pt\/internacional\/en\/wp-json\/wp\/v2\/pages\/341"}],"wp:attachment":[{"href":"https:\/\/www.iseg.ulisboa.pt\/internacional\/en\/wp-json\/wp\/v2\/media?parent=357"}],"curies":[{"name":"wp","href":"https:\/\/api.w.org\/{rel}","templated":true}]}}