{"id":359,"date":"2023-02-16T15:25:17","date_gmt":"2023-02-16T15:25:17","guid":{"rendered":"https:\/\/www.iseg.ulisboa.pt\/internacional\/?page_id=359"},"modified":"2025-08-01T08:33:16","modified_gmt":"2025-08-01T08:33:16","slug":"scholarships-erasmus","status":"publish","type":"page","link":"https:\/\/www.iseg.ulisboa.pt\/internacional\/en\/mobility-outgoing\/scholarships-erasmus\/","title":{"rendered":"Erasmus+ Scholarships"},"content":{"rendered":"<p class=\"has-large-font-size\">Erasmus+ grants are awarded to cover \u201cmobility expenses\u201d, namely travel expenses and those resulting from the difference in the cost of living in the host country. These grants are similar to a support subsidy, not intended to cover expenses in full.<\/p>\n\n\n\n<p>Mobility grants are administered by the <a href=\"https:\/\/erasmusmais.pt\/\">Erasmus+ National Agency<\/a> and the University of Lisbon.<\/p>\n\n\n\n<p><strong>The number of scholarships available is limited to the amount granted to ISEG each year<\/strong>. Being an Erasmus mobility student does not necessarily imply entitlement to a mobility grant.<\/p>\n\n\n\n<p>If the student does not apply within the stipulated deadlines or is not awarded an Erasmus mobility grant, he or she can attend the study period with <strong>\u201cZero grant\"<\/strong>, that is, as a student who, despite not receiving a grant, meets all the requirements to participate in a mobility period, having the same rights and obligations as any other Erasmus student.<\/p>\n\n\n\n<p>The mobile student with <strong>\u201cZero grant\"<\/strong> you may also receive an Erasmus mobility grant from the Rectory of the University of Lisbon through a possible redistribution due to surplus funds from other Faculties of the University of Lisbon.<\/p>\n\n\n\n<div class=\"wp-block-pb-accordion-item c-accordion__item js-accordion-item no-js\" data-initially-open=\"false\" data-click-to-close=\"true\" data-auto-close=\"true\" data-scroll=\"false\" data-scroll-offset=\"0\"><h5 id=\"at-3590\" class=\"c-accordion__title js-accordion-controller\" role=\"button\">Methodology used<\/h5><div id=\"ac-3590\" class=\"c-accordion__content\">\n<p><strong>1) Use of the existing ranking when allocating places for the 2025\/2026 Student Mobility Applications (1st and 2nd cycles of study):<\/strong><\/p>\n\n\n\n<p>The average ranking of the students at the time of application and allocation of places to the respective universities was used.<\/p>\n\n\n\n<p><strong>2) Allocation of the monthly grant recommended by Country<\/strong><\/p>\n\n\n\n<p>In a first distribution to all students, the monthly grant per country was allocated, as provided for in the SMS and SMP Mobility Grants Table (individual support). In the 2024 projects, there has been a new regrouping of countries and, in addition to the Erasmus and Top-Up grants (if they are SAS scholarship students), there will also be compulsory payment of travel bands (Normal or Eco), depending on the distance of kilometres travelled between origin and destination.<\/p>\n\n\n\n<p>SMS scholarships (study mobility) have been fully covered by grants funded up to a maximum of EUR 1 million. <strong>maximum of 150 days <\/strong>(5 months), the remaining days of the Host University's school calendar, if applicable, are \"zero grant\" days.<\/p>\n\n\n\n<p><strong>For the 2025\/2026 academic year, all selected students who have applied for the Programme will be awarded an Erasmus Scholarship<\/strong>.<\/p>\n<\/div><\/div>\n\n\n\n<div class=\"wp-block-pb-accordion-item c-accordion__item js-accordion-item no-js\" data-initially-open=\"false\" data-click-to-close=\"true\" data-auto-close=\"true\" data-scroll=\"false\" data-scroll-offset=\"0\"><h5 id=\"at-3591\" class=\"c-accordion__title js-accordion-controller\" role=\"button\">Payment<\/h5><div id=\"ac-3591\" class=\"c-accordion__content\">\n<p>The student should wait to be contacted via email by the Mobility Office of the Department of External and International Relations of the Rectory of the University of Lisbon.<\/p>\n\n\n\n<p>In order for the bank transfer to go through, the Financial Agreement (Contrato Financeiro) must be signed by the student digitally or, if it cannot be signed digitally, an appointment can be booked to sign the document at the above-mentioned office (Alameda da Cidade Universit\u00e1ria 1649-004 Lisboa).<\/p>\n\n\n\n<p>The Financial Agreement can only be signed when the student's file includes all the documents:<\/p>\n\n\n\n<p>Before Mobility:<\/p>\n\n\n\n<p>a) \"Ficha de Estudante\";<\/p>\n\n\n\n<p>b) Student identification document (optional);<\/p>\n\n\n\n<p>c) The student's tax identification number (if they don't have a national identity card);<\/p>\n\n\n\n<p>d) Proof of Bank Identification Number (IBAN);<\/p>\n\n\n\n<p>e) Power of attorney (if applicable \/ optional);<\/p>\n\n\n\n<p>f) Identity Card\/Citizen Card of the appointed Attorney (optional);<\/p>\n\n\n\n<p>g)&nbsp;<strong><em><u>Learning Agreement<\/u><\/em><u>&nbsp;initial<\/u><\/strong>&nbsp;signed by the student, ISEG and the destination university and any amendments (if applicable);<\/p>\n\n\n\n<p>h) Copy of the European Health Insurance Card (EHIC);<\/p>\n\n\n\n<p>i) Completion of the OLS Language Course tests -&nbsp;<em>Online Linguistic Support<\/em>* (if applicable).<\/p>\n\n\n\n<p>*<em>Online Linguistic Support - OLS is a language support service provided by the EC (European Commission) to higher education institutions participating in the Erasmus+ Programme, Key Action 1 and consists of Competence Assessment tests. It is compulsory for students to take language competency assessment tests at the beginning and end of their mobility programme. If the initial test confirms level C2, it will no longer be necessary to take the final test.<\/em><\/p>\n\n\n\n<p>At the end of mobility:<\/p>\n\n\n\n<p>j) Declaration of Stay\/<em>Confirmation of Stay<\/em> completed and signed by the Host Institution at the end of the mobility.<\/p>\n\n\n\n<p>k) Erasmus Final Report (REL) - Students will receive a username and password by email to their ISEG institutional address, so that they can access and complete the national agency's student report online. Filling in this report is compulsory.<\/p>\n\n\n\n<p>If any of the mandatory documents are missing from the student's file, the International Mobility Office (IMO) will always contact the student to regularise the situation as soon as possible.<\/p>\n<\/div><\/div>\n\n\n\n<div class=\"wp-block-pb-accordion-item c-accordion__item js-accordion-item no-js\" data-initially-open=\"false\" data-click-to-close=\"true\" data-auto-close=\"true\" data-scroll=\"false\" data-scroll-offset=\"0\"><h5 id=\"at-3592\" class=\"c-accordion__title js-accordion-controller\" role=\"button\">Grant Reimbursement<\/h5><div id=\"ac-3592\" class=\"c-accordion__content\">\n<p>If the student does not obtain any results during his\/her mobility period, <strong>must be reimbursed in full<\/strong>, the value of the mobility grant received.<\/p>\n\n\n\n<p>Minimum mandatory use:<\/p>\n\n\n\n<p>3 ECTS for Erasmus mobilities lasting 3 months (90 days);<\/p>\n\n\n\n<p>6 ECTS for 1 semester Erasmus mobilities (between 4 and 6 months);<\/p>\n\n\n\n<p>If the student stays at the host institution for fewer days than those for which the erasmus grant has been provisionally calculated and signed in the respective Financial Contract, the total amount of the grant may be reduced in proportion to the number of days actually spent and the remaining amount to be received in the second instalment adjusted.<\/p>\n<\/div><\/div>\n\n\n\n<div class=\"wp-block-pb-accordion-item c-accordion__item js-accordion-item no-js\" data-initially-open=\"false\" data-click-to-close=\"true\" data-auto-close=\"true\" data-scroll=\"false\" data-scroll-offset=\"0\"><h5 id=\"at-3593\" class=\"c-accordion__title js-accordion-controller\" role=\"button\">Withdrawals after Allocation of Erasmus Mobility Grants<\/h5><div id=\"ac-3593\" class=\"c-accordion__content\">\n<p>Whenever a withdrawal is not communicated in time, on the FENIX portal and\/or in writing by the student to the International Mobility Office (IMO), it will have a negative impact on the reallocation of grants to other students in the current academic year and in future academic years.<\/p>\n\n\n\n<p><strong>note:<\/strong>&nbsp;For detailed information about the Erasmus+ Program, please consult the&nbsp;&nbsp;<a href=\"https:\/\/erasmusmais.pt\/\">Erasmus+ National Agency<\/a>&nbsp;&nbsp;(Education and training).<\/p>\n<\/div><\/div>\n\n\n\n<hr class=\"wp-block-separator has-alpha-channel-opacity\" \/>\n\n\n\n<h4 class=\"wp-block-heading has-iseg-red-color has-text-color\">Documents<\/h4>\n\n\n<div class=\"block-file-list\">\n\t<div class=\"container\">\n\t\t<div class=\"file-list\">\n\t\t\t<ul class=\"program-list\">\n                                    <li>\n                        <a target=\"_blank\" href=\"https:\/\/www.iseg.ulisboa.pt\/internacional\/wp-content\/uploads\/sites\/10\/2023\/10\/KA131-2024_TabelaBolsas.pdf\">\n                            <b>KA131-2024_TabelaBolsas<\/b><div class=\"file_info\"> ( pdf, 55 KB ) <\/div>                        <\/a>\n                    <\/li>\n                                    <li>\n                        <a target=\"_blank\" href=\"https:\/\/www.iseg.ulisboa.pt\/internacional\/wp-content\/uploads\/sites\/10\/2023\/02\/Divulgacao-Resultados-Afetacao-de-Bolsa-Mobilidade-Erasmus-2025_2026-1.pdf\">\n                            <b>Disclosure-of-Results-Affecting-Erasmus-Mobility-Scholarship-2025_2026-1<\/b><div class=\"file_info\"> ( pdf, 230 KB ) <\/div>                        <\/a>\n                    <\/li>\n                                    <li>\n                        <a target=\"_blank\" href=\"https:\/\/www.iseg.ulisboa.pt\/internacional\/wp-content\/uploads\/sites\/10\/2023\/10\/Ficha_ESTUDANTE_ISEG.pdf\">\n                            <b>Fact_STUDENT_ISEG<\/b><div class=\"file_info\"> ( pdf, 2 MB ) <\/div>                        <\/a>\n                    <\/li>\n                                    <li>\n                        <a target=\"_blank\" href=\"https:\/\/www.iseg.ulisboa.pt\/internacional\/wp-content\/uploads\/sites\/10\/2023\/10\/Declaration_of_STAY_SMS_ISEG_eL.pdf\">\n                            <b>Declaration_of_STAY_SMS_ISEG_eL<\/b><div class=\"file_info\"> ( pdf, 703 KB ) <\/div>                        <\/a>\n                    <\/li>\n                                    <li>\n                        <a target=\"_blank\" href=\"https:\/\/www.iseg.ulisboa.pt\/internacional\/wp-content\/uploads\/sites\/10\/2023\/10\/learning-agreement-studies-guidelines-final-2021_0.pdf\">\n                            <b>learning-agreement-studies-guidelines-final-2021_0<\/b><div class=\"file_info\"> ( pdf, 786 KB ) <\/div>                        <\/a>\n                    <\/li>\n                            <\/ul>\n\t\t<\/div>\n\t<\/div>\n<\/div>","protected":false},"excerpt":{"rendered":"Erasmus+ grants are awarded to cover \"mobility expenses\", namely travelling expenses and those resulting from the difference in the cost of living in the host country. These grants [...]","protected":false},"author":2,"featured_media":0,"parent":341,"menu_order":3,"comment_status":"closed","ping_status":"closed","template":"","meta":{"inline_featured_image":false,"_uag_custom_page_level_css":"","footnotes":""},"acf":[],"uagb_featured_image_src":{"full":false,"thumbnail":false,"medium":false,"medium_large":false,"large":false,"1536x1536":false,"2048x2048":false,"trp-custom-language-flag":false},"uagb_author_info":{"display_name":"Major","author_link":"https:\/\/www.iseg.ulisboa.pt\/internacional\/en\/author\/leihla\/"},"uagb_comment_info":0,"uagb_excerpt":"As bolsas Erasmus+ s\u00e3o atribu\u00eddas para cobrir &#8220;despesas de mobilidade&#8221;, nomeadamente as despesas das viagens e as resultantes da diferen\u00e7a do custo de vida do pa\u00eds de acolhimento. Estas bolsas&nbsp;[...]","_links":{"self":[{"href":"https:\/\/www.iseg.ulisboa.pt\/internacional\/en\/wp-json\/wp\/v2\/pages\/359"}],"collection":[{"href":"https:\/\/www.iseg.ulisboa.pt\/internacional\/en\/wp-json\/wp\/v2\/pages"}],"about":[{"href":"https:\/\/www.iseg.ulisboa.pt\/internacional\/en\/wp-json\/wp\/v2\/types\/page"}],"author":[{"embeddable":true,"href":"https:\/\/www.iseg.ulisboa.pt\/internacional\/en\/wp-json\/wp\/v2\/users\/2"}],"replies":[{"embeddable":true,"href":"https:\/\/www.iseg.ulisboa.pt\/internacional\/en\/wp-json\/wp\/v2\/comments?post=359"}],"version-history":[{"count":35,"href":"https:\/\/www.iseg.ulisboa.pt\/internacional\/en\/wp-json\/wp\/v2\/pages\/359\/revisions"}],"predecessor-version":[{"id":3377,"href":"https:\/\/www.iseg.ulisboa.pt\/internacional\/en\/wp-json\/wp\/v2\/pages\/359\/revisions\/3377"}],"up":[{"embeddable":true,"href":"https:\/\/www.iseg.ulisboa.pt\/internacional\/en\/wp-json\/wp\/v2\/pages\/341"}],"wp:attachment":[{"href":"https:\/\/www.iseg.ulisboa.pt\/internacional\/en\/wp-json\/wp\/v2\/media?parent=359"}],"curies":[{"name":"wp","href":"https:\/\/api.w.org\/{rel}","templated":true}]}}