{"id":481,"date":"2023-02-16T18:20:31","date_gmt":"2023-02-16T18:20:31","guid":{"rendered":"https:\/\/www.iseg.ulisboa.pt\/internacional\/?page_id=481"},"modified":"2023-10-31T16:30:15","modified_gmt":"2023-10-31T16:30:15","slug":"almeida-garrett","status":"publish","type":"page","link":"https:\/\/www.iseg.ulisboa.pt\/internacional\/en\/mobility-outgoing\/mobility-programs\/almeida-garrett\/","title":{"rendered":"Almeida Garrett"},"content":{"rendered":"<p class=\"has-large-font-size\">The Almeida Garrett Programme is the national mobility programme for higher education students, and aims to promote quality and reinforce the national dimension of higher education.<\/p>\n\n\n\n<p>In the scope of student mobility, the Almeida Garrett Programme offers the possibility to carry out a study period in a National Host University, with full academic recognition.<\/p>\n\n\n\n<h4 class=\"wp-block-heading\">Application Deadlines<\/h4>\n\n\n\n<p>1st Semester: 01 April to 25 May;<br>2nd Semester: 01 September to 25 October.<\/p>\n\n\n\n<hr class=\"wp-block-separator has-alpha-channel-opacity\" \/>\n\n\n\n<p>The Universities that integrate this Programme are:<\/p>\n\n\n\n<ul>\n<li><a rel=\"noreferrer noopener\" href=\"http:\/\/www.uac.pt\/\" target=\"_blank\">University of the Azores (UAC)<\/a><\/li>\n\n\n\n<li><a rel=\"noreferrer noopener\" href=\"http:\/\/www.ualg.pt\/home\/pt\" target=\"_blank\">University of Algarve (UAlg)<\/a><\/li>\n\n\n\n<li><a rel=\"noreferrer noopener\" href=\"http:\/\/www.ua.pt\/\" target=\"_blank\">University of Aveiro (UA)<\/a><\/li>\n\n\n\n<li><a rel=\"noreferrer noopener\" href=\"http:\/\/www.ubi.pt\/Index.aspx\" target=\"_blank\">University of Beira Interior (UBI)<\/a><\/li>\n\n\n\n<li><a rel=\"noreferrer noopener\" href=\"http:\/\/www.uc.pt\/\" target=\"_blank\">University of Coimbra (UC)<\/a><\/li>\n\n\n\n<li><a rel=\"noreferrer noopener\" href=\"http:\/\/www.uevora.pt\/\" target=\"_blank\">University of \u00c9vora (UEvora)<\/a><\/li>\n\n\n\n<li><a rel=\"noreferrer noopener\" href=\"http:\/\/www.iscte-iul.pt\/home.aspx\" target=\"_blank\">ISCTE - Lisbon University Institute (ISCTE-IUL)<\/a><\/li>\n\n\n\n<li>University of Lisbon (ULisboa)<\/li>\n\n\n\n<li><a rel=\"noreferrer noopener\" href=\"http:\/\/www.uma.pt\/portal\/modulos\/noticia\/index.php?NV_MOD=MODNOTICIA&amp;NV_EAGR=EAGR_NOTICIABROWSER&amp;TPESQ=PESQ_NOTICIA_DESTAQUES\" target=\"_blank\">University of Madeira (UMa)<\/a><\/li>\n\n\n\n<li><a rel=\"noreferrer noopener\" href=\"http:\/\/www.uminho.pt\/\" target=\"_blank\">University of Minho (UMinho)<\/a><\/li>\n\n\n\n<li><a rel=\"noreferrer noopener\" href=\"http:\/\/www.unl.pt\/\" target=\"_blank\">New University of Lisbon (UNL)<\/a><\/li>\n\n\n\n<li><a rel=\"noreferrer noopener\" href=\"http:\/\/www.up.pt\/\" target=\"_blank\">University of Porto (UP)<\/a><\/li>\n\n\n\n<li><a rel=\"noreferrer noopener\" href=\"http:\/\/www.utad.pt\/\" target=\"_blank\">University of Tr\u00e1s-os-Montes e Alto Douro (UTAD)<\/a><\/li>\n\n\n\n<li><a rel=\"noreferrer noopener\" href=\"http:\/\/www.ucp.pt\/\" target=\"_blank\">Portuguese Catholic University (UCP)<\/a><\/li>\n\n\n\n<li><a rel=\"noreferrer noopener\" href=\"http:\/\/www.uab.pt\/\" target=\"_blank\">Open University (UAB)&nbsp;<\/a><\/li>\n<\/ul>\n\n\n\n<hr class=\"wp-block-separator has-alpha-channel-opacity\" \/>\n\n\n\n<h4 class=\"has-iseg-red-color has-text-color wp-block-heading\">Documents<\/h4>\n\n\n<div class=\"block-file-list\">\n\t<div class=\"container\">\n\t\t<div class=\"file-list\">\n\t\t\t<ul class=\"program-list\">\n                                    <li>\n                        <a target=\"_blank\" href=\"https:\/\/www.iseg.ulisboa.pt\/internacional\/wp-content\/uploads\/sites\/10\/2023\/02\/almeida_garrett_regulamento_14_15.pdf\">\n                            <b>Regulation<\/b><div class=\"file_info\"> ( pdf, 68 KB ) <\/div>                        <\/a>\n                    <\/li>\n                                    <li>\n                        <a target=\"_blank\" href=\"https:\/\/www.iseg.ulisboa.pt\/internacional\/wp-content\/uploads\/sites\/10\/2023\/02\/formulario_candidatura_almeida_garret_14_15_a.pdf\">\n                            <b>Application Form<\/b><div class=\"file_info\"> ( pdf, 907 KB ) <\/div>                        <\/a>\n                    <\/li>\n                                    <li>\n                        <a target=\"_blank\" href=\"https:\/\/www.iseg.ulisboa.pt\/internacional\/wp-content\/uploads\/sites\/10\/2023\/02\/plano_de_estudos_e_alteracao14_15.pdf\">\n                            <b>Study Contract<\/b><div class=\"file_info\"> ( pdf, 1 MB ) <\/div>                        <\/a>\n                    <\/li>\n                            <\/ul>\n\t\t<\/div>\n\t<\/div>\n<\/div>\n\n\n<p>For more information on this programme, see the <a href=\"https:\/\/www.ulisboa.pt\/info\/programa-almeida-garrett\" data-type=\"URL\" data-id=\"https:\/\/www.ulisboa.pt\/info\/programa-almeida-garrett\" target=\"_blank\" rel=\"noreferrer noopener\">University of Lisbon<\/a><\/p>","protected":false},"excerpt":{"rendered":"The Almeida Garrett Programme is the national mobility programme for higher education students, and aims to promote quality and strengthen the national dimension of higher education. Within the framework [...]","protected":false},"author":2,"featured_media":449,"parent":351,"menu_order":4,"comment_status":"closed","ping_status":"closed","template":"","meta":{"inline_featured_image":false,"_uag_custom_page_level_css":"","footnotes":""},"acf":[],"uagb_featured_image_src":{"full":["https:\/\/www.iseg.ulisboa.pt\/internacional\/wp-content\/uploads\/sites\/10\/2023\/02\/pm-almeida-garrett.jpg",1600,800,false],"thumbnail":["https:\/\/www.iseg.ulisboa.pt\/internacional\/wp-content\/uploads\/sites\/10\/2023\/02\/pm-almeida-garrett-150x150.jpg",150,150,true],"medium":["https:\/\/www.iseg.ulisboa.pt\/internacional\/wp-content\/uploads\/sites\/10\/2023\/02\/pm-almeida-garrett-300x150.jpg",300,150,true],"medium_large":["https:\/\/www.iseg.ulisboa.pt\/internacional\/wp-content\/uploads\/sites\/10\/2023\/02\/pm-almeida-garrett.jpg",768,384,false],"large":["https:\/\/www.iseg.ulisboa.pt\/internacional\/wp-content\/uploads\/sites\/10\/2023\/02\/pm-almeida-garrett.jpg",1024,512,false],"1536x1536":["https:\/\/www.iseg.ulisboa.pt\/internacional\/wp-content\/uploads\/sites\/10\/2023\/02\/pm-almeida-garrett-1536x768.jpg",1536,768,true],"2048x2048":["https:\/\/www.iseg.ulisboa.pt\/internacional\/wp-content\/uploads\/sites\/10\/2023\/02\/pm-almeida-garrett.jpg",1600,800,false],"trp-custom-language-flag":["https:\/\/www.iseg.ulisboa.pt\/internacional\/wp-content\/uploads\/sites\/10\/2023\/02\/pm-almeida-garrett.jpg",18,9,false]},"uagb_author_info":{"display_name":"Major","author_link":"https:\/\/www.iseg.ulisboa.pt\/internacional\/en\/author\/leihla\/"},"uagb_comment_info":0,"uagb_excerpt":"O Programa Almeida Garrett \u00e9 o programa de mobilidade Nacional de alunos do Ensino superior, e visa promover a qualidade e refor\u00e7ar a dimens\u00e3o nacional do ensino superior. No quadro&nbsp;[...]","_links":{"self":[{"href":"https:\/\/www.iseg.ulisboa.pt\/internacional\/en\/wp-json\/wp\/v2\/pages\/481"}],"collection":[{"href":"https:\/\/www.iseg.ulisboa.pt\/internacional\/en\/wp-json\/wp\/v2\/pages"}],"about":[{"href":"https:\/\/www.iseg.ulisboa.pt\/internacional\/en\/wp-json\/wp\/v2\/types\/page"}],"author":[{"embeddable":true,"href":"https:\/\/www.iseg.ulisboa.pt\/internacional\/en\/wp-json\/wp\/v2\/users\/2"}],"replies":[{"embeddable":true,"href":"https:\/\/www.iseg.ulisboa.pt\/internacional\/en\/wp-json\/wp\/v2\/comments?post=481"}],"version-history":[{"count":5,"href":"https:\/\/www.iseg.ulisboa.pt\/internacional\/en\/wp-json\/wp\/v2\/pages\/481\/revisions"}],"predecessor-version":[{"id":491,"href":"https:\/\/www.iseg.ulisboa.pt\/internacional\/en\/wp-json\/wp\/v2\/pages\/481\/revisions\/491"}],"up":[{"embeddable":true,"href":"https:\/\/www.iseg.ulisboa.pt\/internacional\/en\/wp-json\/wp\/v2\/pages\/351"}],"wp:featuredmedia":[{"embeddable":true,"href":"https:\/\/www.iseg.ulisboa.pt\/internacional\/en\/wp-json\/wp\/v2\/media\/449"}],"wp:attachment":[{"href":"https:\/\/www.iseg.ulisboa.pt\/internacional\/en\/wp-json\/wp\/v2\/media?parent=481"}],"curies":[{"name":"wp","href":"https:\/\/api.w.org\/{rel}","templated":true}]}}