{"id":530,"date":"2023-02-16T19:00:00","date_gmt":"2023-02-16T19:00:00","guid":{"rendered":"https:\/\/www.iseg.ulisboa.pt\/internacional\/?page_id=530"},"modified":"2025-07-25T16:20:42","modified_gmt":"2025-07-25T16:20:42","slug":"summer-schools","status":"publish","type":"page","link":"https:\/\/www.iseg.ulisboa.pt\/internacional\/en\/mobility-outgoing\/mobility-programs\/summer-schools\/","title":{"rendered":"Summer Schools"},"content":{"rendered":"<p class=\"has-large-font-size\">With the aim of promoting greater internationalisation, as well as opportunities to provide an international experience for a greater number of students, ISEG is making available the offers received for short courses at foreign universities taking place during the summer\/spring months. Check out the current offers.<\/p>\n\n\n\n<p>We stress the following:<\/p>\n\n\n\n<ul>\n<li>These programmes are not managed by ISEG. Consequently, we have no responsibility for their organisation.<\/li>\n\n\n\n<li>The application is made directly to the host institution, where you should ask all questions.<\/li>\n\n\n\n<li>Requests for credit recognition must be sent to Academic Services by the deadlines set each year. Participation in these programmes\/courses does not guarantee automatic ECTS recognition.<\/li>\n<\/ul>\n\n\n\n<div class=\"wp-block-pb-accordion-item c-accordion__item js-accordion-item no-js\" data-initially-open=\"false\" data-click-to-close=\"true\" data-auto-close=\"true\" data-scroll=\"false\" data-scroll-offset=\"0\"><h4 id=\"at-5304\" class=\"c-accordion__title js-accordion-controller\" role=\"button\"><strong>Finland<strong><br><\/strong><\/strong><\/h4><div id=\"ac-5304\" class=\"c-accordion__content\">\n<figure class=\"wp-block-table block-table-studyplan has-iseg-yellow-thead\"><table><thead><tr><th class=\"has-text-align-center\" data-align=\"center\"><strong>Information Technology Programme<\/strong><\/th><\/tr><\/thead><tbody><tr><td class=\"has-text-align-center\" data-align=\"center\"><strong>Aalto University<\/strong><\/td><\/tr><tr><td class=\"has-text-align-center\" data-align=\"center\">Strategy &amp; Experience Design<br>Information &amp; Service Business<\/td><\/tr><tr><td class=\"has-text-align-center\" data-align=\"center\"><strong>Period<\/strong><\/td><\/tr><tr><td class=\"has-text-align-center\" data-align=\"center\">August 4 - August 15, 2025<\/td><\/tr><tr><td class=\"has-text-align-center\" data-align=\"center\"><strong>Deadline<\/strong><\/td><\/tr><tr><td class=\"has-text-align-center\" data-align=\"center\">April 11, 2025<br><strong><a href=\"https:\/\/docs.google.com\/forms\/d\/e\/1FAIpQLSeQpvW2pcV8qgpY6cSEzthpKiP_yClaYf6fqvgxZipAh38CMA\/viewform\">Apply Here<\/a><\/strong><\/td><\/tr><tr><td class=\"has-text-align-center\" data-align=\"center\"><strong>Link<\/strong><\/td><\/tr><tr><td class=\"has-text-align-center\" data-align=\"center\"><a href=\"https:\/\/www.aalto.fi\/en\/school-of-business\/information-technology-program-itp-for-students\" data-type=\"link\" data-id=\"https:\/\/turkuabosummerschool.utu.fi\/?utm_source=emaileri&amp;utm_medium=email&amp;utm_campaign=High-quality%20Summer%20Studies%20in%20August%202025%20in%20Finland&amp;utm_term=Visit%20our%20website&amp;utm_content=u-5324017-77304124-2538719-4\"><strong>Summer School Website<\/strong><\/a><\/td><\/tr><\/tbody><\/table><\/figure>\n\n\n\n<figure class=\"wp-block-table block-table-studyplan has-iseg-yellow-thead\"><table><thead><tr><th class=\"has-text-align-center\" data-align=\"center\"><strong>Turku \u00c5bo Summer School<\/strong><\/th><\/tr><\/thead><tbody><tr><td class=\"has-text-align-center\" data-align=\"center\"><strong>University of Turku<br>Turku School of Economics<\/strong><\/td><\/tr><tr><td class=\"has-text-align-center\" data-align=\"center\"><a href=\"https:\/\/turkuabosummerschool.utu.fi\/course-selection\/?utm_source=emaileri&amp;utm_medium=email&amp;utm_campaign=High-quality%20Summer%20Studies%20in%20August%202025%20in%20Finland&amp;utm_term=Course%20selection&amp;utm_content=u-5324016-77304124-2538719-4\" data-type=\"link\" data-id=\"https:\/\/turkuabosummerschool.utu.fi\/course-selection\/?utm_source=emaileri&amp;utm_medium=email&amp;utm_campaign=High-quality%20Summer%20Studies%20in%20August%202025%20in%20Finland&amp;utm_term=Course%20selection&amp;utm_content=u-5324016-77304124-2538719-4\">Course Selection<\/a><\/td><\/tr><tr><td class=\"has-text-align-center\" data-align=\"center\"><strong>Period<\/strong><\/td><\/tr><tr><td class=\"has-text-align-center\" data-align=\"center\">August 4 - August 15, 2025<\/td><\/tr><tr><td class=\"has-text-align-center\" data-align=\"center\"><strong>Deadline<\/strong><\/td><\/tr><tr><td class=\"has-text-align-center\" data-align=\"center\">April 17, 2025<br><a href=\"https:\/\/turkuabosummerschool.utu.fi\/application\/\"><strong>Apply Here<\/strong><\/a><\/td><\/tr><tr><td class=\"has-text-align-center\" data-align=\"center\"><strong>Link<\/strong><\/td><\/tr><tr><td class=\"has-text-align-center\" data-align=\"center\"><a href=\"https:\/\/turkuabosummerschool.utu.fi\/?utm_source=emaileri&amp;utm_medium=email&amp;utm_campaign=High-quality%20Summer%20Studies%20in%20August%202025%20in%20Finland&amp;utm_term=Visit%20our%20website&amp;utm_content=u-5324017-77304124-2538719-4\" data-type=\"link\" data-id=\"https:\/\/turkuabosummerschool.utu.fi\/?utm_source=emaileri&amp;utm_medium=email&amp;utm_campaign=High-quality%20Summer%20Studies%20in%20August%202025%20in%20Finland&amp;utm_term=Visit%20our%20website&amp;utm_content=u-5324017-77304124-2538719-4\"><strong>Summer School Website<\/strong><\/a><\/td><\/tr><\/tbody><\/table><\/figure>\n<\/div><\/div>\n\n\n\n<div class=\"wp-block-columns is-layout-flex wp-container-core-columns-is-layout-1 wp-block-columns-is-layout-flex\"><\/div>","protected":false},"excerpt":{"rendered":"With the aim of promoting greater internationalisation, as well as opportunities to provide an international experience for a greater number of students, ISEG is making available the offers received for courses [...]","protected":false},"author":2,"featured_media":436,"parent":351,"menu_order":6,"comment_status":"closed","ping_status":"closed","template":"","meta":{"inline_featured_image":false,"_uag_custom_page_level_css":"","footnotes":""},"acf":[],"uagb_featured_image_src":{"full":["https:\/\/www.iseg.ulisboa.pt\/internacional\/wp-content\/uploads\/sites\/10\/2023\/02\/pm-summer-school.jpg",1600,800,false],"thumbnail":["https:\/\/www.iseg.ulisboa.pt\/internacional\/wp-content\/uploads\/sites\/10\/2023\/02\/pm-summer-school-150x150.jpg",150,150,true],"medium":["https:\/\/www.iseg.ulisboa.pt\/internacional\/wp-content\/uploads\/sites\/10\/2023\/02\/pm-summer-school-300x150.jpg",300,150,true],"medium_large":["https:\/\/www.iseg.ulisboa.pt\/internacional\/wp-content\/uploads\/sites\/10\/2023\/02\/pm-summer-school.jpg",768,384,false],"large":["https:\/\/www.iseg.ulisboa.pt\/internacional\/wp-content\/uploads\/sites\/10\/2023\/02\/pm-summer-school.jpg",1024,512,false],"1536x1536":["https:\/\/www.iseg.ulisboa.pt\/internacional\/wp-content\/uploads\/sites\/10\/2023\/02\/pm-summer-school-1536x768.jpg",1536,768,true],"2048x2048":["https:\/\/www.iseg.ulisboa.pt\/internacional\/wp-content\/uploads\/sites\/10\/2023\/02\/pm-summer-school.jpg",1600,800,false],"trp-custom-language-flag":["https:\/\/www.iseg.ulisboa.pt\/internacional\/wp-content\/uploads\/sites\/10\/2023\/02\/pm-summer-school.jpg",18,9,false]},"uagb_author_info":{"display_name":"Major","author_link":"https:\/\/www.iseg.ulisboa.pt\/internacional\/en\/author\/leihla\/"},"uagb_comment_info":0,"uagb_excerpt":"Com o objetivo de promover uma maior internacionaliza\u00e7\u00e3o, assim como oportunidades de proporcionar uma experi\u00eancia internacional para um maior n\u00famero de alunos, o ISEG disponibiliza as ofertas recebidas para cursos&nbsp;[...]","_links":{"self":[{"href":"https:\/\/www.iseg.ulisboa.pt\/internacional\/en\/wp-json\/wp\/v2\/pages\/530"}],"collection":[{"href":"https:\/\/www.iseg.ulisboa.pt\/internacional\/en\/wp-json\/wp\/v2\/pages"}],"about":[{"href":"https:\/\/www.iseg.ulisboa.pt\/internacional\/en\/wp-json\/wp\/v2\/types\/page"}],"author":[{"embeddable":true,"href":"https:\/\/www.iseg.ulisboa.pt\/internacional\/en\/wp-json\/wp\/v2\/users\/2"}],"replies":[{"embeddable":true,"href":"https:\/\/www.iseg.ulisboa.pt\/internacional\/en\/wp-json\/wp\/v2\/comments?post=530"}],"version-history":[{"count":239,"href":"https:\/\/www.iseg.ulisboa.pt\/internacional\/en\/wp-json\/wp\/v2\/pages\/530\/revisions"}],"predecessor-version":[{"id":3355,"href":"https:\/\/www.iseg.ulisboa.pt\/internacional\/en\/wp-json\/wp\/v2\/pages\/530\/revisions\/3355"}],"up":[{"embeddable":true,"href":"https:\/\/www.iseg.ulisboa.pt\/internacional\/en\/wp-json\/wp\/v2\/pages\/351"}],"wp:featuredmedia":[{"embeddable":true,"href":"https:\/\/www.iseg.ulisboa.pt\/internacional\/en\/wp-json\/wp\/v2\/media\/436"}],"wp:attachment":[{"href":"https:\/\/www.iseg.ulisboa.pt\/internacional\/en\/wp-json\/wp\/v2\/media?parent=530"}],"curies":[{"name":"wp","href":"https:\/\/api.w.org\/{rel}","templated":true}]}}