{"id":543,"date":"2023-02-16T19:09:12","date_gmt":"2023-02-16T19:09:12","guid":{"rendered":"https:\/\/www.iseg.ulisboa.pt\/internacional\/?page_id=543"},"modified":"2023-10-27T15:16:37","modified_gmt":"2023-10-27T15:16:37","slug":"interchange","status":"publish","type":"page","link":"https:\/\/www.iseg.ulisboa.pt\/internacional\/en\/mobility-outgoing\/mobility-programs\/interchange\/","title":{"rendered":"Exchange"},"content":{"rendered":"<p>There's more to it than the erasmus programme, do you want to have an international experience but outside the European continent? ISEG offers students the chance to take part in an international programme.\u00a0<strong>study period<\/strong>\u00a0abroad, at a Partner University, with the corresponding academic recognition.<\/p>\n\n\n\n<p>In addition to benefiting from a rewarding academic and personal experience, exchange students also acquire a number of professional advantages. Cultural, linguistic and educational diversity is increasingly valued in the labour market.<\/p>\n\n\n\n<p><strong>Advantages of an Exchange<\/strong><\/p>\n\n\n\n<ul>\n<li>Rewarding and enriching academic and personal experience<\/li>\n\n\n\n<li>Contact with new working methods<\/li>\n\n\n\n<li>Improvement of a foreign language<\/li>\n\n\n\n<li>broaden the horizons<\/li>\n\n\n\n<li>Knowledge of other cultures<\/li>\n\n\n\n<li>Professional appreciation<\/li>\n\n\n\n<li>Possibility of studying abroad<\/li>\n\n\n\n<li>Academic recognition (with prior agreement between institutions)<\/li>\n<\/ul>\n\n\n\n<p><strong>Do not miss this opportunity and participate!!!<\/strong>&nbsp;<strong>Enquiry&nbsp;<a href=\"https:\/\/www.iseg.ulisboa.pt\/internacional\/en\/mobility-outgoing\/applications\/\">here<\/a>&nbsp;application conditions<\/strong>.<\/p>\n\n\n\n<hr class=\"wp-block-separator has-alpha-channel-opacity\" \/>","protected":false},"excerpt":{"rendered":"There's more to it than the erasmus programme, do you want to have an international experience but outside the European continent? ISEG offers students the chance to study abroad, [...]","protected":false},"author":2,"featured_media":458,"parent":351,"menu_order":2,"comment_status":"closed","ping_status":"closed","template":"","meta":{"inline_featured_image":false,"_uag_custom_page_level_css":"","footnotes":""},"acf":[],"uagb_featured_image_src":{"full":["https:\/\/www.iseg.ulisboa.pt\/internacional\/wp-content\/uploads\/sites\/10\/2023\/02\/pm-intercambio.jpg",1600,800,false],"thumbnail":["https:\/\/www.iseg.ulisboa.pt\/internacional\/wp-content\/uploads\/sites\/10\/2023\/02\/pm-intercambio-150x150.jpg",150,150,true],"medium":["https:\/\/www.iseg.ulisboa.pt\/internacional\/wp-content\/uploads\/sites\/10\/2023\/02\/pm-intercambio-300x150.jpg",300,150,true],"medium_large":["https:\/\/www.iseg.ulisboa.pt\/internacional\/wp-content\/uploads\/sites\/10\/2023\/02\/pm-intercambio.jpg",768,384,false],"large":["https:\/\/www.iseg.ulisboa.pt\/internacional\/wp-content\/uploads\/sites\/10\/2023\/02\/pm-intercambio.jpg",1024,512,false],"1536x1536":["https:\/\/www.iseg.ulisboa.pt\/internacional\/wp-content\/uploads\/sites\/10\/2023\/02\/pm-intercambio-1536x768.jpg",1536,768,true],"2048x2048":["https:\/\/www.iseg.ulisboa.pt\/internacional\/wp-content\/uploads\/sites\/10\/2023\/02\/pm-intercambio.jpg",1600,800,false],"trp-custom-language-flag":["https:\/\/www.iseg.ulisboa.pt\/internacional\/wp-content\/uploads\/sites\/10\/2023\/02\/pm-intercambio.jpg",18,9,false]},"uagb_author_info":{"display_name":"Major","author_link":"https:\/\/www.iseg.ulisboa.pt\/internacional\/en\/author\/leihla\/"},"uagb_comment_info":0,"uagb_excerpt":"H\u00e1 mais para al\u00e9m do programa erasmus, queres ter uma experi\u00eancia internacional mas fora do continente europeu? O ISEG oferece aos alunos a possibilidade de efectuarem um\u00a0per\u00edodo de estudos\u00a0no estrangeiro,&nbsp;[...]","_links":{"self":[{"href":"https:\/\/www.iseg.ulisboa.pt\/internacional\/en\/wp-json\/wp\/v2\/pages\/543"}],"collection":[{"href":"https:\/\/www.iseg.ulisboa.pt\/internacional\/en\/wp-json\/wp\/v2\/pages"}],"about":[{"href":"https:\/\/www.iseg.ulisboa.pt\/internacional\/en\/wp-json\/wp\/v2\/types\/page"}],"author":[{"embeddable":true,"href":"https:\/\/www.iseg.ulisboa.pt\/internacional\/en\/wp-json\/wp\/v2\/users\/2"}],"replies":[{"embeddable":true,"href":"https:\/\/www.iseg.ulisboa.pt\/internacional\/en\/wp-json\/wp\/v2\/comments?post=543"}],"version-history":[{"count":11,"href":"https:\/\/www.iseg.ulisboa.pt\/internacional\/en\/wp-json\/wp\/v2\/pages\/543\/revisions"}],"predecessor-version":[{"id":1183,"href":"https:\/\/www.iseg.ulisboa.pt\/internacional\/en\/wp-json\/wp\/v2\/pages\/543\/revisions\/1183"}],"up":[{"embeddable":true,"href":"https:\/\/www.iseg.ulisboa.pt\/internacional\/en\/wp-json\/wp\/v2\/pages\/351"}],"wp:featuredmedia":[{"embeddable":true,"href":"https:\/\/www.iseg.ulisboa.pt\/internacional\/en\/wp-json\/wp\/v2\/media\/458"}],"wp:attachment":[{"href":"https:\/\/www.iseg.ulisboa.pt\/internacional\/en\/wp-json\/wp\/v2\/media?parent=543"}],"curies":[{"name":"wp","href":"https:\/\/api.w.org\/{rel}","templated":true}]}}