{"id":558,"date":"2023-02-16T19:29:11","date_gmt":"2023-02-16T19:29:11","guid":{"rendered":"https:\/\/www.iseg.ulisboa.pt\/internacional\/?page_id=558"},"modified":"2023-10-27T15:09:31","modified_gmt":"2023-10-27T15:09:31","slug":"erasmus","status":"publish","type":"page","link":"https:\/\/www.iseg.ulisboa.pt\/internacional\/en\/mobility-outgoing\/mobility-programs\/erasmus\/","title":{"rendered":"Erasmus+"},"content":{"rendered":"<p class=\"has-large-font-size\">ERASMUS mobility offers students the possibility of carrying out a <strong>study period<\/strong>&nbsp;abroad, in an educational establishment eligible for the Erasmus Programme, with the respective academic recognition.<\/p>\n\n\n\n<p>Erasmus students, in addition to benefiting from a rewarding academic and personal experience, also acquire a set of professional assets that will contribute to building an increasingly united Europe in its cultural, linguistic and educational diversity.<\/p>\n\n\n\n<p><strong>Advantages of Erasmus Mobility<\/strong><\/p>\n\n\n\n<ul>\n<li>Rewarding and enriching academic and personal experience<\/li>\n\n\n\n<li>Contact with new working methods<\/li>\n\n\n\n<li>Improvement of a foreign language<\/li>\n\n\n\n<li>broaden the horizons<\/li>\n\n\n\n<li>Knowledge of other cultures<\/li>\n\n\n\n<li>Professional appreciation<\/li>\n\n\n\n<li>Possibility of studying abroad<\/li>\n\n\n\n<li>Academic recognition (with prior agreement between institutions)<\/li>\n<\/ul>\n\n\n\n<p><strong>Do not miss this opportunity and participate!!!<\/strong> <strong>Enquiry <a href=\"https:\/\/www.iseg.ulisboa.pt\/internacional\/en\/mobility-outgoing\/applications\/\" data-type=\"link\" data-id=\"https:\/\/www.iseg.ulisboa.pt\/internacional\/mobilidade-outgoing\/candidaturas\/\">here<\/a> application conditions<\/strong>.<\/p>\n\n\n\n<hr class=\"wp-block-separator has-alpha-channel-opacity\" \/>","protected":false},"excerpt":{"rendered":"ERASMUS mobility offers students the chance to study abroad in an educational establishment eligible for the Erasmus Programme, with the corresponding academic recognition. O [...]","protected":false},"author":2,"featured_media":448,"parent":351,"menu_order":1,"comment_status":"closed","ping_status":"closed","template":"","meta":{"inline_featured_image":false,"_uag_custom_page_level_css":"","footnotes":""},"acf":[],"uagb_featured_image_src":{"full":["https:\/\/www.iseg.ulisboa.pt\/internacional\/wp-content\/uploads\/sites\/10\/2023\/02\/pm-easmus.jpg",1600,800,false],"thumbnail":["https:\/\/www.iseg.ulisboa.pt\/internacional\/wp-content\/uploads\/sites\/10\/2023\/02\/pm-easmus-150x150.jpg",150,150,true],"medium":["https:\/\/www.iseg.ulisboa.pt\/internacional\/wp-content\/uploads\/sites\/10\/2023\/02\/pm-easmus-300x150.jpg",300,150,true],"medium_large":["https:\/\/www.iseg.ulisboa.pt\/internacional\/wp-content\/uploads\/sites\/10\/2023\/02\/pm-easmus.jpg",768,384,false],"large":["https:\/\/www.iseg.ulisboa.pt\/internacional\/wp-content\/uploads\/sites\/10\/2023\/02\/pm-easmus.jpg",1024,512,false],"1536x1536":["https:\/\/www.iseg.ulisboa.pt\/internacional\/wp-content\/uploads\/sites\/10\/2023\/02\/pm-easmus-1536x768.jpg",1536,768,true],"2048x2048":["https:\/\/www.iseg.ulisboa.pt\/internacional\/wp-content\/uploads\/sites\/10\/2023\/02\/pm-easmus.jpg",1600,800,false],"trp-custom-language-flag":["https:\/\/www.iseg.ulisboa.pt\/internacional\/wp-content\/uploads\/sites\/10\/2023\/02\/pm-easmus.jpg",18,9,false]},"uagb_author_info":{"display_name":"Major","author_link":"https:\/\/www.iseg.ulisboa.pt\/internacional\/en\/author\/leihla\/"},"uagb_comment_info":0,"uagb_excerpt":"A mobilidade ERASMUS oferece aos alunos a possibilidade de efectuarem um per\u00edodo de estudos&nbsp;no estrangeiro, num estabelecimento de ensino eleg\u00edvel para o Programa Erasmus, com o respectivo reconhecimento acad\u00e9mico. O&nbsp;[...]","_links":{"self":[{"href":"https:\/\/www.iseg.ulisboa.pt\/internacional\/en\/wp-json\/wp\/v2\/pages\/558"}],"collection":[{"href":"https:\/\/www.iseg.ulisboa.pt\/internacional\/en\/wp-json\/wp\/v2\/pages"}],"about":[{"href":"https:\/\/www.iseg.ulisboa.pt\/internacional\/en\/wp-json\/wp\/v2\/types\/page"}],"author":[{"embeddable":true,"href":"https:\/\/www.iseg.ulisboa.pt\/internacional\/en\/wp-json\/wp\/v2\/users\/2"}],"replies":[{"embeddable":true,"href":"https:\/\/www.iseg.ulisboa.pt\/internacional\/en\/wp-json\/wp\/v2\/comments?post=558"}],"version-history":[{"count":6,"href":"https:\/\/www.iseg.ulisboa.pt\/internacional\/en\/wp-json\/wp\/v2\/pages\/558\/revisions"}],"predecessor-version":[{"id":1180,"href":"https:\/\/www.iseg.ulisboa.pt\/internacional\/en\/wp-json\/wp\/v2\/pages\/558\/revisions\/1180"}],"up":[{"embeddable":true,"href":"https:\/\/www.iseg.ulisboa.pt\/internacional\/en\/wp-json\/wp\/v2\/pages\/351"}],"wp:featuredmedia":[{"embeddable":true,"href":"https:\/\/www.iseg.ulisboa.pt\/internacional\/en\/wp-json\/wp\/v2\/media\/448"}],"wp:attachment":[{"href":"https:\/\/www.iseg.ulisboa.pt\/internacional\/en\/wp-json\/wp\/v2\/media?parent=558"}],"curies":[{"name":"wp","href":"https:\/\/api.w.org\/{rel}","templated":true}]}}