{"id":1508,"date":"2025-04-04T17:03:00","date_gmt":"2025-04-04T17:03:00","guid":{"rendered":"https:\/\/www.iseg.ulisboa.pt\/internacional\/?page_id=1508"},"modified":"2025-04-16T15:24:12","modified_gmt":"2025-04-16T15:24:12","slug":"alojamento","status":"publish","type":"page","link":"https:\/\/www.iseg.ulisboa.pt\/internacional\/alojamento\/","title":{"rendered":"Alojamento"},"content":{"rendered":"\n<p>O ISEG n\u00e3o disp\u00f5e de alojamento no campus, pelo que os estudantes devem procurar op\u00e7\u00f5es de alojamento privado em Lisboa.<\/p>\n\n\n\n<p>O Gabinete Internacional de Mobilidade (IMO) n\u00e3o \u00e9 respons\u00e1vel pela organiza\u00e7\u00e3o do alojamento, mas procura apoiar os estudantes, fornecendo orienta\u00e7\u00f5es e informa\u00e7\u00f5es para os ajudar a encontrar uma op\u00e7\u00e3o adequada.<\/p>\n\n\n\n<p>Compreendemos que organizar um semestre no estrangeiro pode ser um desafio, e encontrar alojamento \u00e9 frequentemente um dos aspetos mais stressantes do processo. Lisboa tornou-se um destino tur\u00edstico cada vez mais popular, o que levou a um aumento significativo da procura por apartamentos e quartos na cidade. Infelizmente, a oferta n\u00e3o tem acompanhado esta crescente procura, tornando a busca por alojamento mais dif\u00edcil e dispendiosa. Al\u00e9m disso, nestas condi\u00e7\u00f5es de mercado, os esquemas fraudulentos t\u00eam-se tornado mais frequentes, sendo essencial ter cautela ao selecionar um alojamento.<\/p>\n\n\n\n<p>Para facilitar este processo, compil\u00e1mos uma lista de empresas de confian\u00e7a que muitos dos nossos estudantes t\u00eam utilizado nos \u00faltimos anos. Estas empresas receberam feedback positivo com base em inqu\u00e9ritos realizados a cada semestre.<\/p>\n\n\n\n<p>\u00c9 importante salientar que <strong>o ISEG n\u00e3o se responsabiliza por quaisquer quest\u00f5es decorrentes dos servi\u00e7os contratados atrav\u00e9s destas empresas<\/strong>. As empresas listadas s\u00e3o apenas recomenda\u00e7\u00f5es, e os estudantes s\u00e3o livres de explorar outras op\u00e7\u00f5es dispon\u00edveis no mercado.<\/p>\n","protected":false},"excerpt":{"rendered":"O ISEG n\u00e3o disp\u00f5e de alojamento no campus, pelo que os estudantes devem procurar op\u00e7\u00f5es de alojamento privado em Lisboa. O Gabinete Internacional de Mobilidade (IMO) n\u00e3o \u00e9 respons\u00e1vel pela&nbsp;[&#8230;]","protected":false},"author":28,"featured_media":2497,"parent":0,"menu_order":0,"comment_status":"closed","ping_status":"closed","template":"page-templates\/tpl-list-alojamentos.php","meta":{"inline_featured_image":false,"_uag_custom_page_level_css":"","footnotes":""},"acf":[],"uagb_featured_image_src":{"full":["https:\/\/www.iseg.ulisboa.pt\/internacional\/wp-content\/uploads\/sites\/10\/2024\/10\/FIL9269.jpg",6024,4024,false],"thumbnail":["https:\/\/www.iseg.ulisboa.pt\/internacional\/wp-content\/uploads\/sites\/10\/2024\/10\/FIL9269-150x150.jpg",150,150,true],"medium":["https:\/\/www.iseg.ulisboa.pt\/internacional\/wp-content\/uploads\/sites\/10\/2024\/10\/FIL9269-300x200.jpg",300,200,true],"medium_large":["https:\/\/www.iseg.ulisboa.pt\/internacional\/wp-content\/uploads\/sites\/10\/2024\/10\/FIL9269.jpg",768,513,false],"large":["https:\/\/www.iseg.ulisboa.pt\/internacional\/wp-content\/uploads\/sites\/10\/2024\/10\/FIL9269.jpg",1024,684,false],"1536x1536":["https:\/\/www.iseg.ulisboa.pt\/internacional\/wp-content\/uploads\/sites\/10\/2024\/10\/FIL9269-1536x1026.jpg",1536,1026,true],"2048x2048":["https:\/\/www.iseg.ulisboa.pt\/internacional\/wp-content\/uploads\/sites\/10\/2024\/10\/FIL9269-2048x1368.jpg",2048,1368,true],"trp-custom-language-flag":["https:\/\/www.iseg.ulisboa.pt\/internacional\/wp-content\/uploads\/sites\/10\/2024\/10\/FIL9269-18x12.jpg",18,12,true]},"uagb_author_info":{"display_name":"luisperez","author_link":"https:\/\/www.iseg.ulisboa.pt\/internacional\/author\/luisperez\/"},"uagb_comment_info":0,"uagb_excerpt":"O ISEG n\u00e3o disp\u00f5e de alojamento no campus, pelo que os estudantes devem procurar op\u00e7\u00f5es de alojamento privado em Lisboa. O Gabinete Internacional de Mobilidade (IMO) n\u00e3o \u00e9 respons\u00e1vel pela&nbsp;[...]","_links":{"self":[{"href":"https:\/\/www.iseg.ulisboa.pt\/internacional\/wp-json\/wp\/v2\/pages\/1508"}],"collection":[{"href":"https:\/\/www.iseg.ulisboa.pt\/internacional\/wp-json\/wp\/v2\/pages"}],"about":[{"href":"https:\/\/www.iseg.ulisboa.pt\/internacional\/wp-json\/wp\/v2\/types\/page"}],"author":[{"embeddable":true,"href":"https:\/\/www.iseg.ulisboa.pt\/internacional\/wp-json\/wp\/v2\/users\/28"}],"replies":[{"embeddable":true,"href":"https:\/\/www.iseg.ulisboa.pt\/internacional\/wp-json\/wp\/v2\/comments?post=1508"}],"version-history":[{"count":10,"href":"https:\/\/www.iseg.ulisboa.pt\/internacional\/wp-json\/wp\/v2\/pages\/1508\/revisions"}],"predecessor-version":[{"id":3188,"href":"https:\/\/www.iseg.ulisboa.pt\/internacional\/wp-json\/wp\/v2\/pages\/1508\/revisions\/3188"}],"wp:featuredmedia":[{"embeddable":true,"href":"https:\/\/www.iseg.ulisboa.pt\/internacional\/wp-json\/wp\/v2\/media\/2497"}],"wp:attachment":[{"href":"https:\/\/www.iseg.ulisboa.pt\/internacional\/wp-json\/wp\/v2\/media?parent=1508"}],"curies":[{"name":"wp","href":"https:\/\/api.w.org\/{rel}","templated":true}]}}