{"id":1658,"date":"2023-12-15T13:26:46","date_gmt":"2023-12-15T13:26:46","guid":{"rendered":"https:\/\/www.iseg.ulisboa.pt\/internacional\/?page_id=1658"},"modified":"2024-09-27T14:33:49","modified_gmt":"2024-09-27T14:33:49","slug":"provas-homologas","status":"publish","type":"page","link":"https:\/\/www.iseg.ulisboa.pt\/internacional\/provas-homologas\/","title":{"rendered":"Provas Hom\u00f3logas"},"content":{"rendered":"\n<h2 class=\"wp-block-heading\">Exemplo de Provas de Ingresso Aceites<\/h2>\n\n\n\n<div class=\"wp-block-columns is-layout-flex wp-container-core-columns-is-layout-1 wp-block-columns-is-layout-flex\">\n<div class=\"wp-block-column is-layout-flow wp-block-column-is-layout-flow\">\n<figure class=\"wp-block-table\"><table><thead><tr><th><strong>Pa\u00eds de Origem \/ Sistemas Internacionais de Ensino<\/strong><\/th><th><strong>Exame Estrangeiro Hom\u00f3logo<\/strong><\/th><\/tr><\/thead><tbody><tr><td><img loading=\"lazy\" decoding=\"async\" width=\"50\" height=\"30\" src=\"https:\/\/www.iseg.ulisboa.pt\/aquila\/getFile.do?method=getFile&amp;fileId=1548791&amp;_request_checksum_=6be5e301dcf93d081b30da3ffaa07700572dcffa\" alt=\"\">&nbsp;\u00c1frica do Sul<\/td><td>Mathematics<\/td><\/tr><tr><td><img loading=\"lazy\" decoding=\"async\" width=\"50\" height=\"30\" src=\"https:\/\/www.iseg.ulisboa.pt\/aquila\/getFile.do?method=getFile&amp;fileId=1548792&amp;_request_checksum_=a94f2c9158e11b6fcdef8cc30593a5a6f38b4cd6\" alt=\"\">&nbsp;Alemanha<\/td><td>Mathematik<\/td><\/tr><tr><td><img loading=\"lazy\" decoding=\"async\" width=\"50\" height=\"30\" src=\"https:\/\/www.iseg.ulisboa.pt\/aquila\/getFile.do?method=getFile&amp;fileId=1548793&amp;_request_checksum_=5f6d59e65d2e69cdcb9b85a65d8a281376926687\" alt=\"\">&nbsp;Austr\u00e1lia<\/td><td>Maths: General Mathematics<\/td><\/tr><tr><td><img loading=\"lazy\" decoding=\"async\" width=\"50\" height=\"30\" src=\"https:\/\/www.iseg.ulisboa.pt\/aquila\/getFile.do?method=getFile&amp;fileId=1548794&amp;_request_checksum_=ffbd63c5bc813fc272886aa849e28901fe2f1451\" alt=\"\">&nbsp;Cabo Verde<\/td><td>Matem\u00e1tica PGI<\/td><\/tr><tr><td><img loading=\"lazy\" decoding=\"async\" width=\"50\" height=\"30\" src=\"https:\/\/www.iseg.ulisboa.pt\/aquila\/getFile.do?method=getFile&amp;fileId=1548615&amp;_request_checksum_=ec80136f698e0a3a9f2ef12c24b7c141740a0f59\" alt=\"\">&nbsp;Cambridge Assessment International Education<\/td><td>Mathematics A Level; Mathematics (AICE Diploma) ou Mathematics Further (AICE Diploma)<\/td><\/tr><tr><td><img loading=\"lazy\" decoding=\"async\" width=\"50\" height=\"30\" src=\"https:\/\/www.iseg.ulisboa.pt\/aquila\/getFile.do?method=getFile&amp;fileId=1548617&amp;_request_checksum_=89be5ac300bcce02d72478721de29a9c39f00bae\" alt=\"\">&nbsp;Escolas Europeias<\/td><td>Matem\u00e1tica IX ou Matem\u00e1tica X<\/td><\/tr><tr><td><img loading=\"lazy\" decoding=\"async\" width=\"50\" height=\"30\" src=\"https:\/\/www.iseg.ulisboa.pt\/aquila\/getFile.do?method=getFile&amp;fileId=1548618&amp;_request_checksum_=6ad262f682f948e602886d6560b5c33234e705ab\" alt=\"\">&nbsp;Espanha<\/td><td>Matem\u00e1ticas II; Matem\u00e1ticas Aplicadas a Las Ciencias Sociales II (e aprova\u00e7\u00e3o em Ampliaci\u00f3n de Las Matem\u00e1ticas Aplicadas a Las Ciencias Sociales II)<\/td><\/tr><tr><td><img loading=\"lazy\" decoding=\"async\" width=\"50\" height=\"30\" src=\"https:\/\/www.iseg.ulisboa.pt\/aquila\/getFile.do?method=getFile&amp;fileId=1548619&amp;_request_checksum_=481287f457b3109e36170a8688aceb0c10ba158c\" alt=\"\">&nbsp;Fran\u00e7a<\/td><td>Mathematiques, Enseigment de Sp\u00e9cialit\u00e9, Voie G\u00e9nerale<\/td><\/tr><tr><td><img loading=\"lazy\" decoding=\"async\" width=\"50\" height=\"30\" src=\"https:\/\/www.iseg.ulisboa.pt\/aquila\/getFile.do?method=getFile&amp;fileId=1548620&amp;_request_checksum_=72810a419113657bd044c1415380bc4e47740243\" alt=\"\">&nbsp;\u00cdndia<\/td><td>Mathematics<\/td><\/tr><tr><td><img loading=\"lazy\" decoding=\"async\" width=\"50\" height=\"30\" src=\"https:\/\/www.iseg.ulisboa.pt\/aquila\/getFile.do?method=getFile&amp;fileId=1548623&amp;_request_checksum_=a17c39b9de715f325ca4d27fa13df605fe79a2a3\" alt=\"\">&nbsp;International Baccalaureate Diploma (IB Diploma)<\/td><td>Mathematics Analysis and Approaches \u2013 HL\/SL;<br>Mathematics Applications and Interpretations \u2013 HL<\/td><\/tr><tr><td><img loading=\"lazy\" decoding=\"async\" width=\"50\" height=\"30\" src=\"https:\/\/www.iseg.ulisboa.pt\/aquila\/getFile.do?method=getFile&amp;fileId=1548624&amp;_request_checksum_=01b523ce0728389ca4c4d75bc06bd2914a6c9e2e\" alt=\"\">&nbsp;Irlanda<\/td><td>Mathematics HL<\/td><\/tr><tr><td><img loading=\"lazy\" decoding=\"async\" width=\"50\" height=\"30\" src=\"https:\/\/www.iseg.ulisboa.pt\/aquila\/getFile.do?method=getFile&amp;fileId=1548625&amp;_request_checksum_=247931c9dd12a4d26700df35aed8436831ec4f76\" alt=\"\">&nbsp;Israel \u2013 Bagrut<\/td><td>Mathematics<\/td><\/tr><tr><td><img loading=\"lazy\" decoding=\"async\" width=\"50\" height=\"30\" src=\"https:\/\/www.iseg.ulisboa.pt\/aquila\/getFile.do?method=getFile&amp;fileId=1548626&amp;_request_checksum_=210abfca702a14982837e41287a80ac2504ff5c0\" alt=\"\">&nbsp;Luxemburgo<\/td><td>Mathematique<\/td><\/tr><tr><td><img loading=\"lazy\" decoding=\"async\" width=\"50\" height=\"30\" src=\"https:\/\/www.iseg.ulisboa.pt\/aquila\/getFile.do?method=getFile&amp;fileId=1548627&amp;_request_checksum_=537d22d8de029de3cf40f5fbd894ed69f3ed8bc9\" alt=\"\">&nbsp;Noruega<\/td><td>Advanced Mathematics; Matematikk R1 e\/ou R2<\/td><\/tr><tr><td><img loading=\"lazy\" decoding=\"async\" width=\"50\" height=\"30\" src=\"https:\/\/www.iseg.ulisboa.pt\/aquila\/getFile.do?method=getFile&amp;fileId=1548628&amp;_request_checksum_=e34aa44b82546ee03524bb7a627bd830deb42245\" alt=\"\">&nbsp;Reino Unido \u2013 GCE<\/td><td>&nbsp;Mathematics: Further Pure; Mathematics A Level<\/td><\/tr><tr><td><img loading=\"lazy\" decoding=\"async\" width=\"50\" height=\"30\" src=\"https:\/\/www.iseg.ulisboa.pt\/aquila\/getFile.do?method=getFile&amp;fileId=1548629&amp;_request_checksum_=eaa67d2f8695c83045bd748e052e338e524db612\" alt=\"\">&nbsp;Rom\u00e9nia \u2013 Bacharel<\/td><td>Matem\u00e1tica MATE INFO<\/td><\/tr><tr><td><img loading=\"lazy\" decoding=\"async\" width=\"50\" height=\"30\" src=\"https:\/\/www.iseg.ulisboa.pt\/aquila\/getFile.do?method=getFile&amp;fileId=1548630&amp;_request_checksum_=3b3ab2dd50a8d7a5e2b9a0fee0cb5d6f38cde8fd\" alt=\"\">&nbsp;Su\u00ed\u00e7a<\/td><td>Math\u00e9matiques \u2013 Maturit\u00e9 F\u00e9d\u00e9rale Suisse<\/td><\/tr><\/tbody><\/table><figcaption class=\"wp-element-caption\"><strong>Fonte:<\/strong>&nbsp;<a href=\"https:\/\/diariodarepublica.pt\/dr\/detalhe\/deliberacao\/606-2022-183757659\">Delibera\u00e7\u00e3o n\u00ba. 606\/2022, de 20 de Maio<\/a><\/figcaption><\/figure>\n<\/div>\n<\/div>\n","protected":false},"excerpt":{"rendered":"Exemplo de Provas de Ingresso Aceites Pa\u00eds de Origem \/ Sistemas Internacionais de EnsinoExame Estrangeiro Hom\u00f3logo&nbsp;\u00c1frica do SulMathematics&nbsp;AlemanhaMathematik&nbsp;Austr\u00e1liaMaths: General Mathematics&nbsp;Cabo VerdeMatem\u00e1tica PGI&nbsp;Cambridge Assessment International EducationMathematics A Level; Mathematics (AICE Diploma)&nbsp;[&#8230;]","protected":false},"author":27,"featured_media":0,"parent":0,"menu_order":0,"comment_status":"closed","ping_status":"closed","template":"","meta":{"inline_featured_image":false,"_uag_custom_page_level_css":"","footnotes":""},"acf":[],"uagb_featured_image_src":{"full":false,"thumbnail":false,"medium":false,"medium_large":false,"large":false,"1536x1536":false,"2048x2048":false,"trp-custom-language-flag":false},"uagb_author_info":{"display_name":"ritaj","author_link":"https:\/\/www.iseg.ulisboa.pt\/internacional\/author\/ritaj\/"},"uagb_comment_info":0,"uagb_excerpt":"Exemplo de Provas de Ingresso Aceites Pa\u00eds de Origem \/ Sistemas Internacionais de EnsinoExame Estrangeiro Hom\u00f3logo&nbsp;\u00c1frica do SulMathematics&nbsp;AlemanhaMathematik&nbsp;Austr\u00e1liaMaths: General Mathematics&nbsp;Cabo VerdeMatem\u00e1tica PGI&nbsp;Cambridge Assessment International EducationMathematics A Level; Mathematics (AICE Diploma)&nbsp;[...]","_links":{"self":[{"href":"https:\/\/www.iseg.ulisboa.pt\/internacional\/wp-json\/wp\/v2\/pages\/1658"}],"collection":[{"href":"https:\/\/www.iseg.ulisboa.pt\/internacional\/wp-json\/wp\/v2\/pages"}],"about":[{"href":"https:\/\/www.iseg.ulisboa.pt\/internacional\/wp-json\/wp\/v2\/types\/page"}],"author":[{"embeddable":true,"href":"https:\/\/www.iseg.ulisboa.pt\/internacional\/wp-json\/wp\/v2\/users\/27"}],"replies":[{"embeddable":true,"href":"https:\/\/www.iseg.ulisboa.pt\/internacional\/wp-json\/wp\/v2\/comments?post=1658"}],"version-history":[{"count":5,"href":"https:\/\/www.iseg.ulisboa.pt\/internacional\/wp-json\/wp\/v2\/pages\/1658\/revisions"}],"predecessor-version":[{"id":2354,"href":"https:\/\/www.iseg.ulisboa.pt\/internacional\/wp-json\/wp\/v2\/pages\/1658\/revisions\/2354"}],"wp:attachment":[{"href":"https:\/\/www.iseg.ulisboa.pt\/internacional\/wp-json\/wp\/v2\/media?parent=1658"}],"curies":[{"name":"wp","href":"https:\/\/api.w.org\/{rel}","templated":true}]}}