{"id":25,"date":"2023-02-16T14:39:09","date_gmt":"2023-02-16T14:39:09","guid":{"rendered":"https:\/\/www.iseg.ulisboa.pt\/internacional\/?page_id=25"},"modified":"2026-01-15T13:15:57","modified_gmt":"2026-01-15T13:15:57","slug":"mobilidade-incoming","status":"publish","type":"page","link":"https:\/\/www.iseg.ulisboa.pt\/internacional\/mobilidade-incoming\/","title":{"rendered":"Mobilidade Incoming"},"content":{"rendered":"\n<section class=\"block-hero-full-width course-hero wf-section\">\n        <div class=\"course-hero__name\">\n            <h1 class=\"course-hero__heading \"><span class=\"course-hero__heading-span\">Mobilidade Incoming<\/span><\/h1>\n    <\/div>\n            <div class=\"course-hero__backdrop has-iseg-pink-background\"><\/div>\n    \n    <div class=\"course-hero__image\">\n    <img decoding=\"async\" src=\"https:\/\/www.iseg.ulisboa.pt\/internacional\/wp-content\/uploads\/sites\/10\/2023\/02\/hero-outgoing.jpg\" class=\"image-cover\" alt=\"\" srcset=\"https:\/\/www.iseg.ulisboa.pt\/internacional\/wp-content\/uploads\/sites\/10\/2023\/02\/hero-outgoing.jpg 1600w, https:\/\/www.iseg.ulisboa.pt\/internacional\/wp-content\/uploads\/sites\/10\/2023\/02\/hero-outgoing-300x150.jpg 300w, https:\/\/www.iseg.ulisboa.pt\/internacional\/wp-content\/uploads\/sites\/10\/2023\/02\/hero-outgoing-1536x768.jpg 1536w\" sizes=\"(max-width: 1600px) 100vw, 1600px\" \/>    <\/div>\n<\/section>\n\n<div class=\"block-intro-text has-iseg-yellow-background\">\n\t<div class=\"intro-text\">Se o teu objetivo \u00e9 partir para uma experi\u00eancia internacional, Lisboa, e mais concretamente, o ISEG, s\u00e3o o local perfeito! Localizado no centro de Lisboa, em edif\u00edcios plenos de Hist\u00f3ria, com tecnologia moderna e com uma vista deslumbrante sobre a cidade, o ISEG \u00e9 uma das mais antigas e prestigiadas escolas em Portugal.<\/div>\n\t<div class=\"intro-text-anim-left-layer\"><\/div>\n\t<div class=\"intro-text-anim-right-layer\"><\/div>\n<\/div>\n\n\n\n<div style=\"height:100px\" aria-hidden=\"true\" class=\"wp-block-spacer\"><\/div>\n\n\n<div class=\"block-course-features\">\n    <div class=\"container\">\n                        <div class=\"course-features__intro\"><h2>N\u00e3o falas portugu\u00eas?<br \/>\nN\u00e3o h\u00e1 problema nenhum!<\/h2>\n<p>A ampla oferta do ISEG em l\u00edngua inglesa ultrapassa a do portugu\u00eas, em todos os ciclos de estudo, refletindo a nossa dimens\u00e3o internacional.<\/p>\n<p>&nbsp;<\/p>\n<\/div>\n                <div class=\"course-features__grid\">\n        \n            <div class=\"course-features__item\">\n                                    <div class=\"course-features__image\">\n                        <img decoding=\"async\" src=\"https:\/\/www.iseg.ulisboa.pt\/internacional\/wp-content\/uploads\/sites\/10\/2023\/02\/Licenciaturas-1.jpg\" loading=\"lazy\" sizes=\"(max-width: 479px) 86vw, (max-width: 767px) 82vw, (max-width: 991px) 41vw, 32vw\" srcset=\"https:\/\/www.iseg.ulisboa.pt\/internacional\/wp-content\/uploads\/sites\/10\/2023\/02\/Licenciaturas-1.jpg 500w, https:\/\/www.iseg.ulisboa.pt\/internacional\/wp-content\/uploads\/sites\/10\/2023\/02\/Licenciaturas-1.jpg 800w, https:\/\/www.iseg.ulisboa.pt\/internacional\/wp-content\/uploads\/sites\/10\/2023\/02\/Licenciaturas-1.jpg 1080w, https:\/\/www.iseg.ulisboa.pt\/internacional\/wp-content\/uploads\/sites\/10\/2023\/02\/Licenciaturas-1.jpg 1340w\" alt=\"\" class=\"image-cover\">\n                    <\/div>\n                                <div class=\"course-features__content\">\n                    <div class=\"course-features__topcut\"><\/div>\n                    <h4 class=\"course-features__heading\">\n                                                    <a href=\"https:\/\/www.iseg.ulisboa.pt\/estudar\/licenciaturas\/\">Licenciaturas<\/a>\n                                            <\/h4>\n                    <div class=\"course-features__text\">3 dos 6 Programas de Licenciatura s\u00e3o totalmente em ingl\u00eas<\/div>\n                                            <a href=\"https:\/\/www.iseg.ulisboa.pt\/estudar\/licenciaturas\/\" target=\"_blank\" class=\"link-learnmore\">Saber mais<\/a>\n                                    <\/div>\n            <\/div>\n\n        \n            <div class=\"course-features__item\">\n                                    <div class=\"course-features__image\">\n                        <img decoding=\"async\" src=\"https:\/\/www.iseg.ulisboa.pt\/internacional\/wp-content\/uploads\/sites\/10\/2023\/02\/Masters21.png\" loading=\"lazy\" sizes=\"(max-width: 479px) 86vw, (max-width: 767px) 82vw, (max-width: 991px) 41vw, 32vw\" srcset=\"https:\/\/www.iseg.ulisboa.pt\/internacional\/wp-content\/uploads\/sites\/10\/2023\/02\/Masters21.png 500w, https:\/\/www.iseg.ulisboa.pt\/internacional\/wp-content\/uploads\/sites\/10\/2023\/02\/Masters21.png 800w, https:\/\/www.iseg.ulisboa.pt\/internacional\/wp-content\/uploads\/sites\/10\/2023\/02\/Masters21.png 1080w, https:\/\/www.iseg.ulisboa.pt\/internacional\/wp-content\/uploads\/sites\/10\/2023\/02\/Masters21.png 1340w\" alt=\"\" class=\"image-cover\">\n                    <\/div>\n                                <div class=\"course-features__content\">\n                    <div class=\"course-features__topcut\"><\/div>\n                    <h4 class=\"course-features__heading\">\n                                                    <a href=\"https:\/\/www.iseg.ulisboa.pt\/estudar\/mestrados\/\">Mestrados<\/a>\n                                            <\/h4>\n                    <div class=\"course-features__text\">11 dos 21 Programas de Mestrado s\u00e3o ensinados totalmente em ingl\u00eas<\/div>\n                                            <a href=\"https:\/\/www.iseg.ulisboa.pt\/estudar\/mestrados\/\" target=\"_blank\" class=\"link-learnmore\">Saber mais<\/a>\n                                    <\/div>\n            <\/div>\n\n        \n            <div class=\"course-features__item\">\n                                    <div class=\"course-features__image\">\n                        <img decoding=\"async\" src=\"https:\/\/www.iseg.ulisboa.pt\/internacional\/wp-content\/uploads\/sites\/10\/2023\/02\/hero-phd.jpg\" loading=\"lazy\" sizes=\"(max-width: 479px) 86vw, (max-width: 767px) 82vw, (max-width: 991px) 41vw, 32vw\" srcset=\"https:\/\/www.iseg.ulisboa.pt\/internacional\/wp-content\/uploads\/sites\/10\/2023\/02\/hero-phd.jpg 500w, https:\/\/www.iseg.ulisboa.pt\/internacional\/wp-content\/uploads\/sites\/10\/2023\/02\/hero-phd.jpg 800w, https:\/\/www.iseg.ulisboa.pt\/internacional\/wp-content\/uploads\/sites\/10\/2023\/02\/hero-phd.jpg 1080w, https:\/\/www.iseg.ulisboa.pt\/internacional\/wp-content\/uploads\/sites\/10\/2023\/02\/hero-phd.jpg 1340w\" alt=\"\" class=\"image-cover\">\n                    <\/div>\n                                <div class=\"course-features__content\">\n                    <div class=\"course-features__topcut\"><\/div>\n                    <h4 class=\"course-features__heading\">\n                                                    <a href=\"https:\/\/www.iseg.ulisboa.pt\/estudar\/doutoramentos\/\">Doutoramentos<\/a>\n                                            <\/h4>\n                    <div class=\"course-features__text\">3 dos 6 programas de doutoramento s\u00e3o totalmente em ingl\u00eas<\/div>\n                                            <a href=\"https:\/\/www.iseg.ulisboa.pt\/estudar\/doutoramentos\/\" target=\"_blank\" class=\"link-learnmore\">Saber mais<\/a>\n                                    <\/div>\n            <\/div>\n\n                <\/div>\n        <\/div>\n<\/div>\n\n<div class=\"block-course-features\">\n    <div class=\"container\">\n                        <div class=\"course-features__intro\"><h2>Life at ISEG<\/h2>\n<p>Muitos dizem que temos o melhor ambiente acad\u00e9mico de Lisboa, o que n\u00e3o negamos. No ISEG, vais construir amizades para toda a vida com outros estudantes que partilham as tuas paix\u00f5es e interesses.<\/p>\n<\/div>\n                <div class=\"course-features__grid\">\n        \n            <div class=\"course-features__item\">\n                                    <div class=\"course-features__image\">\n                        <img decoding=\"async\" src=\"https:\/\/www.iseg.ulisboa.pt\/internacional\/wp-content\/uploads\/sites\/10\/2023\/02\/campus.jpg\" loading=\"lazy\" sizes=\"(max-width: 479px) 86vw, (max-width: 767px) 82vw, (max-width: 991px) 41vw, 32vw\" srcset=\"https:\/\/www.iseg.ulisboa.pt\/internacional\/wp-content\/uploads\/sites\/10\/2023\/02\/campus.jpg 500w, https:\/\/www.iseg.ulisboa.pt\/internacional\/wp-content\/uploads\/sites\/10\/2023\/02\/campus.jpg 800w, https:\/\/www.iseg.ulisboa.pt\/internacional\/wp-content\/uploads\/sites\/10\/2023\/02\/campus.jpg 1080w, https:\/\/www.iseg.ulisboa.pt\/internacional\/wp-content\/uploads\/sites\/10\/2023\/02\/campus.jpg 1340w\" alt=\"\" class=\"image-cover\">\n                    <\/div>\n                                <div class=\"course-features__content\">\n                    <div class=\"course-features__topcut\"><\/div>\n                    <h4 class=\"course-features__heading\">\n                                                    <a href=\"https:\/\/www.iseg.ulisboa.pt\/campus-iseg\/\">Campus<\/a>\n                                            <\/h4>\n                    <div class=\"course-features__text\">As instala\u00e7\u00f5es do ISEG combinam tradi\u00e7\u00e3o e inova\u00e7\u00e3o, consistindo em cinco edif\u00edcios organizados num campus totalmente integrado no cora\u00e7\u00e3o da cidade de Lisboa.<\/div>\n                                            <a href=\"https:\/\/www.iseg.ulisboa.pt\/campus-iseg\/\" target=\"_blank\" class=\"link-learnmore\">Explora o Campus<\/a>\n                                    <\/div>\n            <\/div>\n\n        \n            <div class=\"course-features__item\">\n                                    <div class=\"course-features__image\">\n                        <img decoding=\"async\" src=\"https:\/\/www.iseg.ulisboa.pt\/internacional\/wp-content\/uploads\/sites\/10\/2023\/02\/living-in-lisbon-16x9-1.jpg\" loading=\"lazy\" sizes=\"(max-width: 479px) 86vw, (max-width: 767px) 82vw, (max-width: 991px) 41vw, 32vw\" srcset=\"https:\/\/www.iseg.ulisboa.pt\/internacional\/wp-content\/uploads\/sites\/10\/2023\/02\/living-in-lisbon-16x9-1.jpg 500w, https:\/\/www.iseg.ulisboa.pt\/internacional\/wp-content\/uploads\/sites\/10\/2023\/02\/living-in-lisbon-16x9-1.jpg 800w, https:\/\/www.iseg.ulisboa.pt\/internacional\/wp-content\/uploads\/sites\/10\/2023\/02\/living-in-lisbon-16x9-1.jpg 1080w, https:\/\/www.iseg.ulisboa.pt\/internacional\/wp-content\/uploads\/sites\/10\/2023\/02\/living-in-lisbon-16x9-1.jpg 1340w\" alt=\"\" class=\"image-cover\">\n                    <\/div>\n                                <div class=\"course-features__content\">\n                    <div class=\"course-features__topcut\"><\/div>\n                    <h4 class=\"course-features__heading\">\n                                                    <a href=\"https:\/\/www.iseg.ulisboa.pt\/viver-iseg\/viver-em-lisboa\/\">Viver em Lisboa<\/a>\n                                            <\/h4>\n                    <div class=\"course-features__text\">Lisboa \u00e9 uma das cidades mais atrativas para se viver na Europa. Tem uma boa qualidade de vida, onde o passado e o futuro se encontram, sob longas horas de sol brilhante e uma lua incr\u00edvel.<\/div>\n                                            <a href=\"https:\/\/www.iseg.ulisboa.pt\/viver-iseg\/viver-em-lisboa\/\" target=\"_blank\" class=\"link-learnmore\">Saber mais<\/a>\n                                    <\/div>\n            <\/div>\n\n        \n            <div class=\"course-features__item\">\n                                    <div class=\"course-features__image\">\n                        <img decoding=\"async\" src=\"https:\/\/www.iseg.ulisboa.pt\/internacional\/wp-content\/uploads\/sites\/10\/2023\/02\/ulisboa.jpg\" loading=\"lazy\" sizes=\"(max-width: 479px) 86vw, (max-width: 767px) 82vw, (max-width: 991px) 41vw, 32vw\" srcset=\"https:\/\/www.iseg.ulisboa.pt\/internacional\/wp-content\/uploads\/sites\/10\/2023\/02\/ulisboa.jpg 500w, https:\/\/www.iseg.ulisboa.pt\/internacional\/wp-content\/uploads\/sites\/10\/2023\/02\/ulisboa.jpg 800w, https:\/\/www.iseg.ulisboa.pt\/internacional\/wp-content\/uploads\/sites\/10\/2023\/02\/ulisboa.jpg 1080w, https:\/\/www.iseg.ulisboa.pt\/internacional\/wp-content\/uploads\/sites\/10\/2023\/02\/ulisboa.jpg 1340w\" alt=\"\" class=\"image-cover\">\n                    <\/div>\n                                <div class=\"course-features__content\">\n                    <div class=\"course-features__topcut\"><\/div>\n                    <h4 class=\"course-features__heading\">\n                                                    <a href=\"https:\/\/estudanteinternacional.ulisboa.pt\/index.html\">A experi\u00eancia ULisboa<\/a>\n                                            <\/h4>\n                    <div class=\"course-features__text\">O ISEG faz parte da Universidade de Lisboa, a maior e mais prestigiada universidade em Portugal e uma das principais universidades da Europa, com uma comunidade de mais de 50 mil alunos.<\/div>\n                                            <a href=\"https:\/\/estudanteinternacional.ulisboa.pt\/index.html\" target=\"_blank\" class=\"link-learnmore\">Guia do Estudante Internacional<\/a>\n                                    <\/div>\n            <\/div>\n\n                <\/div>\n        <\/div>\n<\/div>","protected":false},"excerpt":{"rendered":"","protected":false},"author":2,"featured_media":0,"parent":0,"menu_order":4,"comment_status":"closed","ping_status":"closed","template":"tpl-page-blocks.php","meta":{"inline_featured_image":false,"_uag_custom_page_level_css":"","footnotes":""},"acf":[],"uagb_featured_image_src":{"full":false,"thumbnail":false,"medium":false,"medium_large":false,"large":false,"1536x1536":false,"2048x2048":false,"trp-custom-language-flag":false},"uagb_author_info":{"display_name":"Major","author_link":"https:\/\/www.iseg.ulisboa.pt\/internacional\/author\/leihla\/"},"uagb_comment_info":0,"uagb_excerpt":null,"_links":{"self":[{"href":"https:\/\/www.iseg.ulisboa.pt\/internacional\/wp-json\/wp\/v2\/pages\/25"}],"collection":[{"href":"https:\/\/www.iseg.ulisboa.pt\/internacional\/wp-json\/wp\/v2\/pages"}],"about":[{"href":"https:\/\/www.iseg.ulisboa.pt\/internacional\/wp-json\/wp\/v2\/types\/page"}],"author":[{"embeddable":true,"href":"https:\/\/www.iseg.ulisboa.pt\/internacional\/wp-json\/wp\/v2\/users\/2"}],"replies":[{"embeddable":true,"href":"https:\/\/www.iseg.ulisboa.pt\/internacional\/wp-json\/wp\/v2\/comments?post=25"}],"version-history":[{"count":43,"href":"https:\/\/www.iseg.ulisboa.pt\/internacional\/wp-json\/wp\/v2\/pages\/25\/revisions"}],"predecessor-version":[{"id":3739,"href":"https:\/\/www.iseg.ulisboa.pt\/internacional\/wp-json\/wp\/v2\/pages\/25\/revisions\/3739"}],"wp:attachment":[{"href":"https:\/\/www.iseg.ulisboa.pt\/internacional\/wp-json\/wp\/v2\/media?parent=25"}],"curies":[{"name":"wp","href":"https:\/\/api.w.org\/{rel}","templated":true}]}}