{"id":353,"date":"2023-02-16T15:24:43","date_gmt":"2023-02-16T15:24:43","guid":{"rendered":"https:\/\/www.iseg.ulisboa.pt\/internacional\/?page_id=353"},"modified":"2026-02-13T14:57:56","modified_gmt":"2026-02-13T14:57:56","slug":"candidaturas","status":"publish","type":"page","link":"https:\/\/www.iseg.ulisboa.pt\/internacional\/mobilidade-outgoing\/candidaturas\/","title":{"rendered":"Candidaturas 2026\/2027"},"content":{"rendered":"\n<h3 class=\"wp-block-heading\"><mark style=\"background-color:#ffffff\" class=\"has-inline-color has-iseg-red-color\">1a FASE<\/mark><\/h3>\n\n\n\n<p>1\u00ba CICLO (Licenciaturas) e 2\u00ba CICLO (Mestrados)<\/p>\n\n\n\n<p><strong>De 12 de Janeiro 2026<\/strong> (10:00) <strong>a 22 de Janeiro de 2026<\/strong> (23:59) &#8211; ENCERRADAS<\/p>\n\n\n\n<p>Portal &#8220;FENIX\u201d \u2192 Separador Candidato&nbsp;\u2192 Mobilidade Outgoing \u2192 Criar<\/p>\n\n\n\n<h3 class=\"wp-block-heading\"><mark style=\"background-color:#ffffff\" class=\"has-inline-color has-iseg-red-color\"><strong>2a FASE<\/strong> <strong>(Vagas Sobrantes)<\/strong><\/mark><\/h3>\n\n\n\n<p>1\u00ba CICLO (Licenciaturas) e 2\u00ba CICLO (Mestrados)<\/p>\n\n\n\n<p><strong>De 02 de Fevereiro 2026 <\/strong>(10:00) <strong>a 12 de Fevereiro 2026<\/strong> (23:59) &#8211; ENCERRADAS<\/p>\n\n\n\n<p>Portal &#8220;FENIX\u201d \u2192 Separador Candidato&nbsp;\u2192 Mobilidade Outgoing \u2192 Criar<\/p>\n\n\n\n<p><strong>Notas:<\/strong><\/p>\n\n\n\n<p>N\u00e3o se aceitam candidaturas findo os prazos anualmente&nbsp;fixados.<\/p>\n\n\n\n<p>Podem escolher at\u00e9 10 Universidades Parceiras por ordem de prefer\u00eancia e escolher o semestre pretendido para a mobilidade por op\u00e7\u00e3o.<\/p>\n\n\n\n<h3 class=\"wp-block-heading has-iseg-red-color has-text-color\">Candidatura<\/h3>\n\n\n\n<div class=\"wp-block-pb-accordion-item c-accordion__item js-accordion-item no-js\" data-initially-open=\"false\" data-click-to-close=\"true\" data-auto-close=\"true\" data-scroll=\"false\" data-scroll-offset=\"0\"><h4 id=\"at-3530\" class=\"c-accordion__title js-accordion-controller\" role=\"button\">Requisitos para a Candidatura<\/h4><div id=\"ac-3530\" class=\"c-accordion__content\">\n<p>Os estudantes devem estar inscritos no ISEG num programa de estudos de ensino superior conducente a grau\/diploma, no ano letivo a que se candidatam e no ano letivo em que realizam a mobilidade.<\/p>\n\n\n\n<p>No 1\u00ba ciclo a candidatura do estudante a um programa de mobilidade exige que o mesmo esteja previamente aprovado em pelo menos 54 cr\u00e9ditos ECTS e esteja inscrito no 2.\u00ba ou 3\u00ba ano curricular do percurso da Licenciatura. Estas condi\u00e7\u00f5es devem estar preenchidas at\u00e9 \u00e0 conclus\u00e3o da avalia\u00e7\u00e3o de conhecimentos da \u00e9poca do recurso do 1.\u00ba semestre do ano letivo em que \u00e9 realizada a candidatura.<\/p>\n\n\n\n<p>No 2\u00ba ciclo a frequ\u00eancia de um programa de mobilidade decorre no primeiro ou segundo semestre do 2.\u00ba ano curricular do curso de Mestrado. A candidatura tem lugar no ano letivo anterior ao da frequ\u00eancia do programa de mobilidade, aquando da conclus\u00e3o da avalia\u00e7\u00e3o de conhecimentos da \u00e9poca de recurso do 1\u00ba semestre do 1\u00ba ano curricular.<\/p>\n<\/div><\/div>\n\n\n\n<div class=\"wp-block-pb-accordion-item c-accordion__item js-accordion-item no-js\" data-initially-open=\"false\" data-click-to-close=\"true\" data-auto-close=\"true\" data-scroll=\"false\" data-scroll-offset=\"0\"><h4 id=\"at-3531\" class=\"c-accordion__title js-accordion-controller\" role=\"button\">Procedimentos<\/h4><div id=\"ac-3531\" class=\"c-accordion__content\">\n<p>Antes de proceder \u00e0 candidatura, o estudante deve consultar a listagem dos pa\u00edses\/universidades com as quais o ISEG tem um Acordo Bilateral.<\/p>\n\n\n\n<p>Para proceder \u00e0 escolha das universidades, o estudante deve procurar recolher o m\u00e1ximo de informa\u00e7\u00e3o sobre as universidades em que tem interesse, nomeadamente a n\u00edvel de compatibilidade de \u00e1reas de estudo. Para facilitar esta procura est\u00e1 dispon\u00edvel online no site do gabinete listagens com links para todas as <a rel=\"noreferrer noopener\" href=\"https:\/\/www.iseg.ulisboa.pt\/internacional\/universidades-parceiras\/\" data-type=\"page\" data-id=\"343\" target=\"_blank\"><strong>Universidades Parceiras<\/strong><\/a> do ISEG e respetivas <em>fact-sheet<\/em>.<\/p>\n\n\n\n<p>\u00c9 responsabilidade do aluno obter todas as informa\u00e7\u00f5es necess\u00e1rias sobre as institui\u00e7\u00f5es de destino, incluindo os planos de estudos e unidades curriculares oferecidas, requisitos espec\u00edficos exigidos por cada institui\u00e7\u00e3o (por exemplo, requisitos de idioma como pontua\u00e7\u00f5es minimas em certificados lingu\u00edsticos (Cambridge, TOEFL ou IELTS), ECTS m\u00ednimos de inscri\u00e7\u00e3o, idioma de instru\u00e7\u00e3o, m\u00e9dia m\u00ednima de acesso, etc.), alojamento, alimenta\u00e7\u00e3o e outras informa\u00e7\u00f5es relevantes para a admiss\u00e3o nas institui\u00e7\u00f5es de destino.<\/p>\n\n\n\n<p>No acto da candidatura, os estudantes podem escolher at\u00e9 dez universidades <strong>por ordem de prefer\u00eancia<\/strong>. Devem formalizar a candidatura preenchendo devidamente os campos dispon\u00edveis, o que deve ser feito com muito cuidado e aten\u00e7\u00e3o, pois a candidatura s\u00f3 poder\u00e1 ser editada dentro do prazo fixado para a mesma.<\/p>\n\n\n\n<p>Chama-se a aten\u00e7\u00e3o dos estudantes para o facto de uma desist\u00eancia da vaga atribu\u00edda, sobretudo se comunicada depois da sele\u00e7\u00e3o final dos candidatos, significar que outro estudante do ISEG ficou impossibilitado de usufruir do Programa. Devem, por isso, os interessados estar seguros da sua inten\u00e7\u00e3o de serem &#8220;estudantes Erasmus\/Interc\u00e2mbio&#8221; e das possibilidades reais, na altura devida, de efectuarem um per\u00edodo de estudos no estrangeiro.<\/p>\n\n\n\n<p>N\u00e3o cabe ao Gabinete Internacional de Mobilidade realizar a candidatura do aluno. Por\u00e9m, facilitar\u00e1 aos candidatos a informa\u00e7\u00e3o necess\u00e1ria e que estiver ao seu dispor para o adequado preenchimento dos campos de forma a completar a sua candidatura.<\/p>\n<\/div><\/div>\n\n\n\n<div class=\"wp-block-pb-accordion-item c-accordion__item js-accordion-item no-js\" data-initially-open=\"false\" data-click-to-close=\"true\" data-auto-close=\"true\" data-scroll=\"false\" data-scroll-offset=\"0\"><h4 id=\"at-3532\" class=\"c-accordion__title js-accordion-controller\" role=\"button\">Crit\u00e9rios de Sele\u00e7\u00e3o<\/h4><div id=\"ac-3532\" class=\"c-accordion__content\">\n<p><strong>1\u00ba Ciclo<\/strong><\/p>\n\n\n\n<p>O ranking dos candidatos \u00e9 calculado a partir da m\u00e9dia aritm\u00e9tica ponderada pelas unidades de cr\u00e9dito (arredondada \u00e0s cent\u00e9simas) das melhores classifica\u00e7\u00f5es a unidades curriculares obrigat\u00f3rias com aproveitamento, perfazendo o total de 60 ECTS, at\u00e9 \u00e0 conclus\u00e3o da avalia\u00e7\u00e3o de conhecimentos da \u00e9poca de recurso do 1\u00ba semestre do ano letivo em que \u00e9 realizada a candidatura. Se o n\u00famero de unidades curriculares obrigat\u00f3rias com aproveitamento for inferior a 60 ECTS, \u00e9 atribu\u00edda a classifica\u00e7\u00e3o de 8 valores para c\u00e1lculo de m\u00e9dia de ranking, aos ECTS em falta. Em caso de empate no c\u00e1lculo da m\u00e9dia, ser\u00e1 utilizado o crit\u00e9rio das unidades curriculares obrigat\u00f3rias com classifica\u00e7\u00f5es mais elevadas.<\/p>\n\n\n\n<p>A m\u00e9dia de ranking n\u00e3o poder\u00e1 ser inferior a 10 valores.<\/p>\n\n\n\n<p><strong>2\u00ba Ciclo<\/strong><\/p>\n\n\n\n<p>A selec\u00e7\u00e3o dos candidatos \u00e9 efectuada de acordo com um Ranking elaborado para o efeito. O Ranking \u00e9 calculado a partir da m\u00e9dia aritm\u00e9tica ponderada pelas unidades de cr\u00e9dito (arredondada \u00e0s cent\u00e9simas) das classifica\u00e7\u00f5es finais com aproveitamento das unidades curriculares do 1\u00ba semestre do 1.\u00ba ano curricular do plano curricular do Mestrado. Se existirem unidades curriculares (disciplinas) do 1\u00ba semestre do 1\u00ba ano curricular sem aproveitamento, ser\u00e1 atribu\u00edda a classifica\u00e7\u00e3o de 8 valores para c\u00e1lculo da m\u00e9dia de ranking. Em caso de empate na aplica\u00e7\u00e3o do crit\u00e9rio da m\u00e9dia ser\u00e1 utilizado o crit\u00e9rio das unidades curriculares com classifica\u00e7\u00f5es mais elevadas.<\/p>\n\n\n\n<p>A m\u00e9dia de ranking n\u00e3o poder\u00e1 ser inferior a 10 valores.<\/p>\n\n\n\n<p><br>Nos casos em que as vagas a concurso sejam comuns ao 1.\u00ba e ao 2.\u00ba ciclo de estudos, \u00e9 dada prioridade aos alunos de 1.\u00ba ciclo na afecta\u00e7\u00e3o \u00e0s mesmas.<\/p>\n<\/div><\/div>\n\n\n\n<div class=\"wp-block-pb-accordion-item c-accordion__item js-accordion-item no-js\" data-initially-open=\"false\" data-click-to-close=\"true\" data-auto-close=\"true\" data-scroll=\"false\" data-scroll-offset=\"0\"><h4 id=\"at-3533\" class=\"c-accordion__title js-accordion-controller\" role=\"button\">Afeta\u00e7\u00e3o de Vagas<\/h4><div id=\"ac-3533\" class=\"c-accordion__content\">\n<p>1. Ordena\u00e7\u00e3o dos estudantes de acordo com o Ranking mencionado nos crit\u00e9rios de selec\u00e7\u00e3o: atribui\u00e7\u00e3o de n\u00ba de ordem e m\u00e9dia de candidatura a cada candidato;<\/p>\n\n\n\n<p>2. A coloca\u00e7\u00e3o do estudante \u00e9 afeta \u00e0 1\u00aa vaga dispon\u00edvel de acordo com a sua ordem de prefer\u00eancia.<\/p>\n<\/div><\/div>\n\n\n\n<div class=\"wp-block-pb-accordion-item c-accordion__item js-accordion-item no-js\" data-initially-open=\"false\" data-click-to-close=\"true\" data-auto-close=\"true\" data-scroll=\"false\" data-scroll-offset=\"0\"><h4 id=\"at-3534\" class=\"c-accordion__title js-accordion-controller\" role=\"button\">Resultado das Candidaturas<\/h4><div id=\"ac-3534\" class=\"c-accordion__content\">\n<p>Os resultados ser\u00e3o divulgados no prazo m\u00e1ximo de 5 dias \u00fateis ap\u00f3s o final do per\u00edodo de candidaturas. Recomenda-se a todos os alunos a atualiza\u00e7\u00e3o dos dados pessoais no portal Fenix (morada, contactos telef\u00f3nicos e email).<\/p>\n\n\n\n<p>Ap\u00f3s a divulga\u00e7\u00e3o dos resultados decorrer\u00e1 um per\u00edodo de 72 horas (prazo afixado pelo IMO) em que o estudante colocado e que pretenda desistir da sua vaga, poder\u00e1 confirmar a sua desist\u00eancia online, cancelando o processo atrav\u00e9s do portal Fenix sem qualquer penaliza\u00e7\u00e3o.<\/p>\n\n\n\n<p><br>Ap\u00f3s este per\u00edodo, caso o estudante n\u00e3o venha a realizar a mobilidade, ver-se-\u00e1 obrigado \u00e0 comunica\u00e7\u00e3o por escrito por e-mail ao IMO dessa desist\u00eancia e ao pagamento de emolumento por n\u00e3o cumprimento de prazos no valor de 40\u20ac, a favor do ISEG, a fim de cobrir as despesas inerentes ao processo de selec\u00e7\u00e3o e nomea\u00e7\u00e3o. Este valor poder\u00e1 ser revisto anualmente.<\/p>\n<\/div><\/div>\n\n\n\n<hr class=\"wp-block-separator has-alpha-channel-opacity\" \/>\n","protected":false},"excerpt":{"rendered":"1a FASE 1\u00ba CICLO (Licenciaturas) e 2\u00ba CICLO (Mestrados) De 12 de Janeiro 2026 (10:00) a 22 de Janeiro de 2026 (23:59) &#8211; ENCERRADAS Portal &#8220;FENIX\u201d \u2192 Separador Candidato&nbsp;\u2192 Mobilidade&nbsp;[&#8230;]","protected":false},"author":2,"featured_media":0,"parent":341,"menu_order":2,"comment_status":"closed","ping_status":"closed","template":"","meta":{"inline_featured_image":false,"_uag_custom_page_level_css":"","footnotes":""},"acf":[],"uagb_featured_image_src":{"full":false,"thumbnail":false,"medium":false,"medium_large":false,"large":false,"1536x1536":false,"2048x2048":false,"trp-custom-language-flag":false},"uagb_author_info":{"display_name":"Major","author_link":"https:\/\/www.iseg.ulisboa.pt\/internacional\/author\/leihla\/"},"uagb_comment_info":0,"uagb_excerpt":"1a FASE 1\u00ba CICLO (Licenciaturas) e 2\u00ba CICLO (Mestrados) De 12 de Janeiro 2026 (10:00) a 22 de Janeiro de 2026 (23:59) &#8211; ENCERRADAS Portal &#8220;FENIX\u201d \u2192 Separador Candidato&nbsp;\u2192 Mobilidade&nbsp;[...]","_links":{"self":[{"href":"https:\/\/www.iseg.ulisboa.pt\/internacional\/wp-json\/wp\/v2\/pages\/353"}],"collection":[{"href":"https:\/\/www.iseg.ulisboa.pt\/internacional\/wp-json\/wp\/v2\/pages"}],"about":[{"href":"https:\/\/www.iseg.ulisboa.pt\/internacional\/wp-json\/wp\/v2\/types\/page"}],"author":[{"embeddable":true,"href":"https:\/\/www.iseg.ulisboa.pt\/internacional\/wp-json\/wp\/v2\/users\/2"}],"replies":[{"embeddable":true,"href":"https:\/\/www.iseg.ulisboa.pt\/internacional\/wp-json\/wp\/v2\/comments?post=353"}],"version-history":[{"count":66,"href":"https:\/\/www.iseg.ulisboa.pt\/internacional\/wp-json\/wp\/v2\/pages\/353\/revisions"}],"predecessor-version":[{"id":3777,"href":"https:\/\/www.iseg.ulisboa.pt\/internacional\/wp-json\/wp\/v2\/pages\/353\/revisions\/3777"}],"up":[{"embeddable":true,"href":"https:\/\/www.iseg.ulisboa.pt\/internacional\/wp-json\/wp\/v2\/pages\/341"}],"wp:attachment":[{"href":"https:\/\/www.iseg.ulisboa.pt\/internacional\/wp-json\/wp\/v2\/media?parent=353"}],"curies":[{"name":"wp","href":"https:\/\/api.w.org\/{rel}","templated":true}]}}