{"id":357,"date":"2023-02-16T15:25:07","date_gmt":"2023-02-16T15:25:07","guid":{"rendered":"https:\/\/www.iseg.ulisboa.pt\/internacional\/?page_id=357"},"modified":"2026-02-22T14:52:37","modified_gmt":"2026-02-22T14:52:37","slug":"creditacao-e-conversao","status":"publish","type":"page","link":"https:\/\/www.iseg.ulisboa.pt\/internacional\/mobilidade-outgoing\/creditacao-e-conversao\/","title":{"rendered":"Credita\u00e7\u00e3o e Convers\u00e3o"},"content":{"rendered":"\n<p>Para ajudar no processo de credita\u00e7\u00e3o disponibilizamos, atrav\u00e9s de Tabelas atualizadas anualmente, informa\u00e7\u00e3o para consulta referente a unidades curriculares obrigat\u00f3rias do 2\u00ba e 3\u00ba ano dos percursos recomendados das sete Licenciaturas do ISEG, para as quais j\u00e1 foram solicitadas e aprovadas credita\u00e7\u00f5es pelas respetivas equipas de coordena\u00e7\u00e3o a estudantes em mobilidades erasmus\/interc\u00e2mbio.<\/p>\n\n\n\n<p><strong>Objectivo<\/strong> <strong>:<\/strong>&nbsp;&nbsp;Consulta da informa\u00e7\u00e3o pelos interessados de forma a facilitar o processo de reconhecimento acad\u00e9mico que \u00e9 necess\u00e1rio quando realizam uma mobilidade internacional. Todas estas credita\u00e7\u00f5es ser\u00e3o automaticamente aprovadas para o presente ano letivo,&nbsp;ap\u00f3s confirma\u00e7\u00e3o da oferta acad\u00e9mica de cada&nbsp;Institui\u00e7\u00e3o de Ensino Superior Estrangeira.<\/p>\n\n\n\n<p>Ressalvamos que o processo de submiss\u00e3o de proposta de plano de estudos se mant\u00eam, at\u00e9 porque novas correspond\u00eancias podem ser propostas entre UC estrangeiras e UC do ISEG a cada ano letivo. E tamb\u00e9m porque&nbsp;algumas das Universidades Parceiras,&nbsp;por serem acordos novos ou muito recentes, n\u00e3o est\u00e3o ainda&nbsp;representadas nestas Tabelas.<\/p>\n\n\n\n<p><strong>Nota<\/strong> <strong>:<\/strong> <strong>As unidades curriculares estrangeiras&nbsp;selecionadas pelos alunos para credita\u00e7\u00e3o no grupo de optativas<\/strong> <strong>condicionadas e\/ou livres <\/strong>de cada Licenciatura, s\u00e3o de escolha livre dentro da oferta acad\u00e9mcia da Universidade de Destino, desde que dentro das \u00e1reas cientificas do ISEG, nomeadamente: Matem\u00e1tica, Gest\u00e3o, Economia, Ci\u00eancias Sociais e L\u00ednguas estrangeiras (excepto para a Licenciatura em &#8220;Finance&#8221; em que \u00e0rea de l\u00ednguas n\u00e3o \u00e9 permitida), desde que n\u00e3o repitam conte\u00fado program\u00e1tico semelhante a uma UC do ISEG j\u00e1 frequentada, n\u00e3o havendo por isso necessidade de as listar em tabela.<\/p>\n\n\n\n<p><\/p>\n\n\n\n<h6 class=\"wp-block-heading has-iseg-red-color has-text-color\">Tabelas de Reconhecimento Acad\u00e9mico\/Equival\u00eancias<\/h6>\n\n\n<div class=\"block-file-list\">\n\t<div class=\"container\">\n\t\t<div class=\"file-list\">\n\t\t\t<ul class=\"program-list\">\n                                    <li>\n                        <a target=\"_blank\" href=\"https:\/\/www.iseg.ulisboa.pt\/internacional\/wp-content\/uploads\/sites\/10\/2023\/02\/Tabela-de-Creditacoes-pre-aprovadas_GES_MNG-2026_27.pdf\">\n                            <b>Tabela-de-Creditacoes-pre-aprovadas_GES_MNG-2026_27<\/b><div class=\"file_info\"> ( pdf, 580 KB ) <\/div>                        <\/a>\n                    <\/li>\n                                    <li>\n                        <a target=\"_blank\" href=\"https:\/\/www.iseg.ulisboa.pt\/internacional\/wp-content\/uploads\/sites\/10\/2023\/02\/Tabela-de-Creditacoes-pre-aprovadas_ECO_ECN-2026_27.pdf\">\n                            <b>Tabela-de-Creditacoes-pre-aprovadas_ECO_ECN-2026_27<\/b><div class=\"file_info\"> ( pdf, 391 KB ) <\/div>                        <\/a>\n                    <\/li>\n                                    <li>\n                        <a target=\"_blank\" href=\"https:\/\/www.iseg.ulisboa.pt\/internacional\/wp-content\/uploads\/sites\/10\/2023\/11\/Tabela-de-Creditacoes-pre-aprovadas_FNC-2026_27.pdf\">\n                            <b>Tabela-de-Creditacoes-pre-aprovadas_FNC-2026_27<\/b><div class=\"file_info\"> ( pdf, 228 KB ) <\/div>                        <\/a>\n                    <\/li>\n                                    <li>\n                        <a target=\"_blank\" href=\"https:\/\/www.iseg.ulisboa.pt\/internacional\/wp-content\/uploads\/sites\/10\/2023\/02\/Tabela-de-Creditacoes-pre-aprovadas_MAEG-2026_27.pdf\">\n                            <b>Tabela-de-Creditacoes-pre-aprovadas_MAEG-2026_27<\/b><div class=\"file_info\"> ( pdf, 194 KB ) <\/div>                        <\/a>\n                    <\/li>\n                            <\/ul>\n\t\t<\/div>\n\t<\/div>\n<\/div>\n\n\n<h4 class=\"wp-block-heading has-iseg-red-color has-text-color\">Convers\u00e3o das Classifica\u00e7\u00f5es<\/h4>\n\n\n\n<p>Com base no <a href=\"https:\/\/diariodarepublica.pt\/dr\/detalhe\/despacho\/8688-2018-116374441\">Regulamento de Credita\u00e7\u00e3o e Integra\u00e7\u00e3o Curricular de Experi\u00eancias Profissionais e Forma\u00e7\u00f5es Acad\u00e9micas do Instituto Superior de Economia e Gest\u00e3o<\/a>, Di\u00e1rio da Rep\u00fablica n.\u00ba 175\/2018, S\u00e9rie II de 2018-09-11, Despacho n.\u00ba 8688\/2018, e outras fontes, foi aprovada uma nova metodologia para a convers\u00e3o de classifica\u00e7\u00f5es obtidas em Institui\u00e7\u00f5es de Ensino Superior Estrangeiras no \u00e2mbito de Programas de Mobilidade.<\/p>\n\n\n\n<p>Esta metodologia pretende tornar o processo de convers\u00e3o, no \u00e2mbito do programa Erasmus e de outros programas de interc\u00e2mbio, mais intuitivo, c\u00e9lere e transparente, ficando dispon\u00edvel para consulta a todos os alunos:<\/p>\n\n\n<div class=\"block-file-list\">\n\t<div class=\"container\">\n\t\t<div class=\"file-list\">\n\t\t\t<ul class=\"program-list\">\n                                    <li>\n                        <a target=\"_blank\" href=\"https:\/\/www.iseg.ulisboa.pt\/internacional\/wp-content\/uploads\/sites\/10\/2023\/02\/GradeConversionProcedures_ISEG-2025-VF.pdf\">\n                            <b>GradeConversionMethodology_ISEG_2025_PT_EN<\/b><div class=\"file_info\"> ( pdf, 282 KB ) <\/div>                        <\/a>\n                    <\/li>\n                            <\/ul>\n\t\t<\/div>\n\t<\/div>\n<\/div>","protected":false},"excerpt":{"rendered":"Para ajudar no processo de credita\u00e7\u00e3o disponibilizamos, atrav\u00e9s de Tabelas atualizadas anualmente, informa\u00e7\u00e3o para consulta referente a unidades curriculares obrigat\u00f3rias do 2\u00ba e 3\u00ba ano dos percursos recomendados das sete&nbsp;[&#8230;]","protected":false},"author":2,"featured_media":0,"parent":341,"menu_order":4,"comment_status":"closed","ping_status":"closed","template":"","meta":{"inline_featured_image":false,"_uag_custom_page_level_css":"","footnotes":""},"acf":[],"uagb_featured_image_src":{"full":false,"thumbnail":false,"medium":false,"medium_large":false,"large":false,"1536x1536":false,"2048x2048":false,"trp-custom-language-flag":false},"uagb_author_info":{"display_name":"Major","author_link":"https:\/\/www.iseg.ulisboa.pt\/internacional\/author\/leihla\/"},"uagb_comment_info":0,"uagb_excerpt":"Para ajudar no processo de credita\u00e7\u00e3o disponibilizamos, atrav\u00e9s de Tabelas atualizadas anualmente, informa\u00e7\u00e3o para consulta referente a unidades curriculares obrigat\u00f3rias do 2\u00ba e 3\u00ba ano dos percursos recomendados das sete&nbsp;[...]","_links":{"self":[{"href":"https:\/\/www.iseg.ulisboa.pt\/internacional\/wp-json\/wp\/v2\/pages\/357"}],"collection":[{"href":"https:\/\/www.iseg.ulisboa.pt\/internacional\/wp-json\/wp\/v2\/pages"}],"about":[{"href":"https:\/\/www.iseg.ulisboa.pt\/internacional\/wp-json\/wp\/v2\/types\/page"}],"author":[{"embeddable":true,"href":"https:\/\/www.iseg.ulisboa.pt\/internacional\/wp-json\/wp\/v2\/users\/2"}],"replies":[{"embeddable":true,"href":"https:\/\/www.iseg.ulisboa.pt\/internacional\/wp-json\/wp\/v2\/comments?post=357"}],"version-history":[{"count":42,"href":"https:\/\/www.iseg.ulisboa.pt\/internacional\/wp-json\/wp\/v2\/pages\/357\/revisions"}],"predecessor-version":[{"id":3806,"href":"https:\/\/www.iseg.ulisboa.pt\/internacional\/wp-json\/wp\/v2\/pages\/357\/revisions\/3806"}],"up":[{"embeddable":true,"href":"https:\/\/www.iseg.ulisboa.pt\/internacional\/wp-json\/wp\/v2\/pages\/341"}],"wp:attachment":[{"href":"https:\/\/www.iseg.ulisboa.pt\/internacional\/wp-json\/wp\/v2\/media?parent=357"}],"curies":[{"name":"wp","href":"https:\/\/api.w.org\/{rel}","templated":true}]}}