{"id":359,"date":"2023-02-16T15:25:17","date_gmt":"2023-02-16T15:25:17","guid":{"rendered":"https:\/\/www.iseg.ulisboa.pt\/internacional\/?page_id=359"},"modified":"2025-08-01T08:33:16","modified_gmt":"2025-08-01T08:33:16","slug":"bolsas-erasmus","status":"publish","type":"page","link":"https:\/\/www.iseg.ulisboa.pt\/internacional\/mobilidade-outgoing\/bolsas-erasmus\/","title":{"rendered":"Bolsas Erasmus+"},"content":{"rendered":"\n<p class=\"has-large-font-size\">As bolsas Erasmus+ s\u00e3o atribu\u00eddas para cobrir &#8220;despesas de mobilidade&#8221;, nomeadamente as despesas das viagens e as resultantes da diferen\u00e7a do custo de vida do pa\u00eds de acolhimento. Estas bolsas s\u00e3o equiparadas a um subs\u00eddio de apoio, n\u00e3o tendo como objetivo a cobertura das despesas na \u00edntegra.<\/p>\n\n\n\n<p>As bolsas de mobilidade s\u00e3o administradas pela <a href=\"https:\/\/erasmusmais.pt\/\">Ag\u00eancia Nacional Erasmus+<\/a> e pela Universidade de Lisboa.<\/p>\n\n\n\n<p><strong>O n\u00famero de bolsas dispon\u00edveis \u00e9 limitado \u00e0 verba concedida ao ISEG anualmente<\/strong>. Ser estudante em mobilidade Erasmus n\u00e3o implica necessariamente ter direito a uma bolsa de mobilidade.<\/p>\n\n\n\n<p>Caso o estudante n\u00e3o concorra dentro dos prazos limite estipulados ou n\u00e3o venha a ser contemplado com uma bolsa de mobilidade Erasmus, poder\u00e1 frequentar o per\u00edodo de estudos com <strong>&#8220;bolsa zero&#8221;<\/strong>, ou seja, como estudante que, apesar de n\u00e3o receber bolsa, preenche todos os requisitos para participar num per\u00edodo de mobilidade, tendo os mesmos direitos e obriga\u00e7\u00f5es que qualquer outro estudante Erasmus.<\/p>\n\n\n\n<p>O estudante em mobilidade com <strong>\u201cbolsa zero\u201d<\/strong> pode ainda vir a receber uma bolsa de mobilidade erasmus da Reitoria da Universidade de Lisboa mediante uma eventual redistribui\u00e7\u00e3o devido a verba sobrante de outras Faculdades da Universidade de Lisboa.<\/p>\n\n\n\n<div class=\"wp-block-pb-accordion-item c-accordion__item js-accordion-item no-js\" data-initially-open=\"false\" data-click-to-close=\"true\" data-auto-close=\"true\" data-scroll=\"false\" data-scroll-offset=\"0\"><h5 id=\"at-3590\" class=\"c-accordion__title js-accordion-controller\" role=\"button\">Metodologia utilizada<\/h5><div id=\"ac-3590\" class=\"c-accordion__content\">\n<p><strong>1) Utiliza\u00e7\u00e3o do ranking existente aquando da afeta\u00e7\u00e3o de vagas das Candidaturas \u00e0 Mobilidade de Estudantes 2025\/2026 (1\u00ba e 2\u00ba ciclos de estudo):<\/strong><\/p>\n\n\n\n<p>Foram utilizadas as m\u00e9dias de ranking dos alunos aquando das candidaturas e da afeta\u00e7\u00e3o das vagas \u00e0s respetivas universidades.<\/p>\n\n\n\n<p><strong>2) Atribui\u00e7\u00e3o da bolsa mensal recomendada por Pa\u00eds<\/strong><\/p>\n\n\n\n<p>Atribuiu-se, numa 1\u00aa distribui\u00e7\u00e3o e a todos os alunos, a bolsa mensal por Pa\u00eds conforme previsto na&nbsp;&nbsp;Tabela de Bolsas de Mobilidade SMS e SMP&nbsp;(apoios individuais). Nos projetos de 2024, houve um novo reagrupamento de pa\u00edses e para al\u00e9m do valor da bolsa Erasmus e devidos Top-Up (caso sejam estudantes bolseiros SAS), haver\u00e1 tamb\u00e9m lugar ao pagamento obrigat\u00f3rio das bandas de viagem (Normal ou Eco), conforme a dist\u00e2ncia de Km\u2019s percorridos entre a origem e o destino.<\/p>\n\n\n\n<p>As bolsas SMS (mobilidade de estudos) foram integralmente cobertas com bolsa financiada at\u00e9 no <strong>m\u00e1ximo de 150 dias <\/strong>(5 meses), os restantes dias do calend\u00e1rio escolar da Universidade de Acolhimento, caso aplic\u00e1vel, s\u00e3o de \u201cbolsa zero\u201d.<\/p>\n\n\n\n<p><strong>Para o ano letivo de 2025\/2026, todos os alunos selecionados e que se candidataram para o Programa s\u00e3o contemplados com uma Bolsa Erasmus<\/strong>.<\/p>\n<\/div><\/div>\n\n\n\n<div class=\"wp-block-pb-accordion-item c-accordion__item js-accordion-item no-js\" data-initially-open=\"false\" data-click-to-close=\"true\" data-auto-close=\"true\" data-scroll=\"false\" data-scroll-offset=\"0\"><h5 id=\"at-3591\" class=\"c-accordion__title js-accordion-controller\" role=\"button\">Pagamento<\/h5><div id=\"ac-3591\" class=\"c-accordion__content\">\n<p>O estudante dever\u00e1 aguardar o contacto via correio eletr\u00f3nico por parte do N\u00facleo de Mobilidade do Departamento de Rela\u00e7\u00f5es Externas e Internacionais, da Reitoria da Universidade de Lisboa.<\/p>\n\n\n\n<p>Para que a transfer\u00eancia banc\u00e1ria possa ser efetuada, a Conven\u00e7\u00e3o Financeira (Contrato Financeiro) ter\u00e1 de ser assinada pelo estudante digitalmente ou na impossibilidade de ser assinado de forma digital poder\u00e1 ser agendada a assinatura in sito, no n\u00facleo acima referido, na Alameda da Cidade Universit\u00e1ria 1649-004 Lisboa).<\/p>\n\n\n\n<p>A Conven\u00e7\u00e3o Financeira s\u00f3 poder\u00e1 ser assinada quando o processo do estudante contemplar todos documentos:<\/p>\n\n\n\n<p>Antes da mobilidade:<\/p>\n\n\n\n<p>a) Ficha de Estudante;<\/p>\n\n\n\n<p>b) Documento de identifica\u00e7\u00e3o do estudante (facultativo);<\/p>\n\n\n\n<p>c) N\u00ba de Identifica\u00e7\u00e3o Fiscal do estudante (no caso de n\u00e3o ter cart\u00e3o de cidad\u00e3o);<\/p>\n\n\n\n<p>d) Comprovativo do N\u00ba de Identifica\u00e7\u00e3o Banc\u00e1ria (IBAN);<\/p>\n\n\n\n<p>e) Procura\u00e7\u00e3o (se aplic\u00e1vel\/facultativo);<\/p>\n\n\n\n<p>f) Bilhete de Identidade\/Cart\u00e3o de Cidad\u00e3o do Procurador(a) (facultativo);<\/p>\n\n\n\n<p>g)&nbsp;<strong><em><u>Learning Agreement<\/u><\/em><u>&nbsp;inicial<\/u><\/strong>&nbsp;assinado pelo aluno(a), pelo ISEG e pela universidade de destino&nbsp;e eventuais altera\u00e7\u00f5es (se aplic\u00e1vel);<\/p>\n\n\n\n<p>h) C\u00f3pia do Cart\u00e3o Europeu de Seguro de Doen\u00e7a (CESD);<\/p>\n\n\n\n<p>i) Realiza\u00e7\u00e3o dos testes do Curso de L\u00edngua | OLS \u2013&nbsp;<em>Online Linguistic Support<\/em>*&nbsp;(se aplic\u00e1vel).<\/p>\n\n\n\n<p>*<em>O Online Linguistic Support &#8211; OLS \u00e9 um servi\u00e7o de apoio lingu\u00edstico, disponibilizado pela CE (Comiss\u00e3o Europeia) \u00e0s institui\u00e7\u00f5es de ensino superior participantes no Programa Erasmus+, A\u00e7\u00e3o-Chave 1 e \u00e9 composto por testes de Avalia\u00e7\u00e3o de Compet\u00eancias. A realiza\u00e7\u00e3o de testes de Avalia\u00e7\u00e3o da compet\u00eancia lingu\u00edstica do estudante \u00e9 de car\u00e1ter obrigat\u00f3rio, no in\u00edcio e no fim da mobilidade. Se o teste inicial confirmar o n\u00edvel C2 j\u00e1 n\u00e3o vai ser necess\u00e1rio realizar o teste final.<\/em><\/p>\n\n\n\n<p>No final da mobilidade:<\/p>\n\n\n\n<p>j) Declara\u00e7\u00e3o de Estada\/<em>Confirmation of Stay<\/em> preenchida e assinada pela Institui\u00e7\u00e3o de Acolhimento no final da mobilidade.<\/p>\n\n\n\n<p>k) Relat\u00f3rio Final Erasmus (REL) &#8211; Os estudantes v\u00e3o receber por correio electr\u00f3nico para o seu endere\u00e7o institucional do ISEG, e ap\u00f3s o t\u00e9rmino mobilidade, um username e password, para que acedam e preencham online o relat\u00f3rio de estudante da ag\u00eancia nacional. O preenchimento do referido relat\u00f3rio \u00e9 obrigat\u00f3rio.<\/p>\n\n\n\n<p>Caso falte no processo do estudante algum dos documentos obrigat\u00f3rios ser\u00e1 sempre contactado pelo Gabinete Internacional de Mobilidade (IMO) para que regularize a situa\u00e7\u00e3o com a maior brevidade poss\u00edvel.<\/p>\n<\/div><\/div>\n\n\n\n<div class=\"wp-block-pb-accordion-item c-accordion__item js-accordion-item no-js\" data-initially-open=\"false\" data-click-to-close=\"true\" data-auto-close=\"true\" data-scroll=\"false\" data-scroll-offset=\"0\"><h5 id=\"at-3592\" class=\"c-accordion__title js-accordion-controller\" role=\"button\">Devolu\u00e7\u00e3o da Bolsa<\/h5><div id=\"ac-3592\" class=\"c-accordion__content\">\n<p>Caso o aluno n\u00e3o obtenha qualquer aproveitamento no seu per\u00edodo de mobilidade, <strong>dever\u00e1 devolver na \u00edntegra<\/strong>, o valor da bolsa de mobilidade recebida.<\/p>\n\n\n\n<p>M\u00ednimo de aproveitamento obrigat\u00f3rio:<\/p>\n\n\n\n<p>3 ECTS para mobilidades Erasmus com dura\u00e7\u00e3o de 3 meses (90 dias);<\/p>\n\n\n\n<p>6 ECTS para mobilidades Erasmus de 1 semestre (entre 4 e 6 meses);<\/p>\n\n\n\n<p>Caso o estudante permane\u00e7a na Institui\u00e7\u00e3o de Acolhimento menos dias que aqueles para os quais foi calculado provisoriamente o valor da bolsa erasmus atribu\u00edda, e assinado no respetivo Contrato Financeiro, o valor total da bolsa poder\u00e1 ser reduzido em propor\u00e7\u00e3o ao n\u00famero de dias efectivamente realizados e ajustado o valor remanescente a receber na segunda presta\u00e7\u00e3o.<\/p>\n<\/div><\/div>\n\n\n\n<div class=\"wp-block-pb-accordion-item c-accordion__item js-accordion-item no-js\" data-initially-open=\"false\" data-click-to-close=\"true\" data-auto-close=\"true\" data-scroll=\"false\" data-scroll-offset=\"0\"><h5 id=\"at-3593\" class=\"c-accordion__title js-accordion-controller\" role=\"button\">Desist\u00eancias ap\u00f3s Afeta\u00e7\u00e3o das Bolsas de Mobilidade Erasmus<\/h5><div id=\"ac-3593\" class=\"c-accordion__content\">\n<p>Sempre que uma desist\u00eancia n\u00e3o for comunicada atempadamente, no portal FENIX e\/ou por escrito pelo estudante ao Gabinete Internacional de Mobilidade (IMO), refletir-se-\u00e1 negativamente na reafecta\u00e7\u00e3o de bolsas a outros alunos do corrente ano letivo e em anos letivos futuros.<\/p>\n\n\n\n<p><strong>Nota:<\/strong>&nbsp;Para informa\u00e7\u00f5es detalhadas sobre o Programa Erasmus+, por favor consultar a&nbsp;&nbsp;<a href=\"https:\/\/erasmusmais.pt\/\">Ag\u00eancia Nacional Erasmus +<\/a>&nbsp;&nbsp;(educa\u00e7\u00e3o e forma\u00e7\u00e3o).<\/p>\n<\/div><\/div>\n\n\n\n<hr class=\"wp-block-separator has-alpha-channel-opacity\" \/>\n\n\n\n<h4 class=\"wp-block-heading has-iseg-red-color has-text-color\">Documentos<\/h4>\n\n\n<div class=\"block-file-list\">\n\t<div class=\"container\">\n\t\t<div class=\"file-list\">\n\t\t\t<ul class=\"program-list\">\n                                    <li>\n                        <a target=\"_blank\" href=\"https:\/\/www.iseg.ulisboa.pt\/internacional\/wp-content\/uploads\/sites\/10\/2023\/10\/KA131-2024_TabelaBolsas.pdf\">\n                            <b>KA131-2024_TabelaBolsas<\/b><div class=\"file_info\"> ( pdf, 55 KB ) <\/div>                        <\/a>\n                    <\/li>\n                                    <li>\n                        <a target=\"_blank\" href=\"https:\/\/www.iseg.ulisboa.pt\/internacional\/wp-content\/uploads\/sites\/10\/2023\/02\/Divulgacao-Resultados-Afetacao-de-Bolsa-Mobilidade-Erasmus-2025_2026-1.pdf\">\n                            <b>Divulgacao-Resultados-Afetacao-de-Bolsa-Mobilidade-Erasmus-2025_2026-1<\/b><div class=\"file_info\"> ( pdf, 230 KB ) <\/div>                        <\/a>\n                    <\/li>\n                                    <li>\n                        <a target=\"_blank\" href=\"https:\/\/www.iseg.ulisboa.pt\/internacional\/wp-content\/uploads\/sites\/10\/2023\/10\/Ficha_ESTUDANTE_ISEG.pdf\">\n                            <b>Ficha_ESTUDANTE_ISEG<\/b><div class=\"file_info\"> ( pdf, 2 MB ) <\/div>                        <\/a>\n                    <\/li>\n                                    <li>\n                        <a target=\"_blank\" href=\"https:\/\/www.iseg.ulisboa.pt\/internacional\/wp-content\/uploads\/sites\/10\/2023\/10\/Declaration_of_STAY_SMS_ISEG_eL.pdf\">\n                            <b>Declaration_of_STAY_SMS_ISEG_eL<\/b><div class=\"file_info\"> ( pdf, 703 KB ) <\/div>                        <\/a>\n                    <\/li>\n                                    <li>\n                        <a target=\"_blank\" href=\"https:\/\/www.iseg.ulisboa.pt\/internacional\/wp-content\/uploads\/sites\/10\/2023\/10\/learning-agreement-studies-guidelines-final-2021_0.pdf\">\n                            <b>learning-agreement-studies-guidelines-final-2021_0<\/b><div class=\"file_info\"> ( pdf, 786 KB ) <\/div>                        <\/a>\n                    <\/li>\n                            <\/ul>\n\t\t<\/div>\n\t<\/div>\n<\/div>","protected":false},"excerpt":{"rendered":"As bolsas Erasmus+ s\u00e3o atribu\u00eddas para cobrir &#8220;despesas de mobilidade&#8221;, nomeadamente as despesas das viagens e as resultantes da diferen\u00e7a do custo de vida do pa\u00eds de acolhimento. Estas bolsas&nbsp;[&#8230;]","protected":false},"author":2,"featured_media":0,"parent":341,"menu_order":3,"comment_status":"closed","ping_status":"closed","template":"","meta":{"inline_featured_image":false,"_uag_custom_page_level_css":"","footnotes":""},"acf":[],"uagb_featured_image_src":{"full":false,"thumbnail":false,"medium":false,"medium_large":false,"large":false,"1536x1536":false,"2048x2048":false,"trp-custom-language-flag":false},"uagb_author_info":{"display_name":"Major","author_link":"https:\/\/www.iseg.ulisboa.pt\/internacional\/author\/leihla\/"},"uagb_comment_info":0,"uagb_excerpt":"As bolsas Erasmus+ s\u00e3o atribu\u00eddas para cobrir &#8220;despesas de mobilidade&#8221;, nomeadamente as despesas das viagens e as resultantes da diferen\u00e7a do custo de vida do pa\u00eds de acolhimento. Estas bolsas&nbsp;[...]","_links":{"self":[{"href":"https:\/\/www.iseg.ulisboa.pt\/internacional\/wp-json\/wp\/v2\/pages\/359"}],"collection":[{"href":"https:\/\/www.iseg.ulisboa.pt\/internacional\/wp-json\/wp\/v2\/pages"}],"about":[{"href":"https:\/\/www.iseg.ulisboa.pt\/internacional\/wp-json\/wp\/v2\/types\/page"}],"author":[{"embeddable":true,"href":"https:\/\/www.iseg.ulisboa.pt\/internacional\/wp-json\/wp\/v2\/users\/2"}],"replies":[{"embeddable":true,"href":"https:\/\/www.iseg.ulisboa.pt\/internacional\/wp-json\/wp\/v2\/comments?post=359"}],"version-history":[{"count":35,"href":"https:\/\/www.iseg.ulisboa.pt\/internacional\/wp-json\/wp\/v2\/pages\/359\/revisions"}],"predecessor-version":[{"id":3377,"href":"https:\/\/www.iseg.ulisboa.pt\/internacional\/wp-json\/wp\/v2\/pages\/359\/revisions\/3377"}],"up":[{"embeddable":true,"href":"https:\/\/www.iseg.ulisboa.pt\/internacional\/wp-json\/wp\/v2\/pages\/341"}],"wp:attachment":[{"href":"https:\/\/www.iseg.ulisboa.pt\/internacional\/wp-json\/wp\/v2\/media?parent=359"}],"curies":[{"name":"wp","href":"https:\/\/api.w.org\/{rel}","templated":true}]}}