{"id":5,"date":"2023-02-16T14:23:13","date_gmt":"2023-02-16T14:23:13","guid":{"rendered":"https:\/\/www.iseg.ulisboa.pt\/internacional\/?page_id=5"},"modified":"2025-04-21T11:11:41","modified_gmt":"2025-04-21T11:11:41","slug":"homepage","status":"publish","type":"page","link":"https:\/\/www.iseg.ulisboa.pt\/internacional\/","title":{"rendered":"Homepage"},"content":{"rendered":"\n<section class=\"block-hero-full-width course-hero wf-section\">\n        <div class=\"course-hero__name\">\n            <h1 class=\"course-hero__heading has-iseg-white-color\"><span class=\"course-hero__heading-span\">Alarga os horizontes<\/span><\/h1>\n    <\/div>\n            <div class=\"course-hero__backdrop has-iseg-red-background\"><\/div>\n    \n    <div class=\"course-hero__image\">\n    <img decoding=\"async\" src=\"https:\/\/www.iseg.ulisboa.pt\/internacional\/wp-content\/uploads\/sites\/10\/2023\/02\/hero-internacional-1.jpg\" class=\"image-cover\" alt=\"\" srcset=\"https:\/\/www.iseg.ulisboa.pt\/internacional\/wp-content\/uploads\/sites\/10\/2023\/02\/hero-internacional-1.jpg 1600w, https:\/\/www.iseg.ulisboa.pt\/internacional\/wp-content\/uploads\/sites\/10\/2023\/02\/hero-internacional-1-300x150.jpg 300w, https:\/\/www.iseg.ulisboa.pt\/internacional\/wp-content\/uploads\/sites\/10\/2023\/02\/hero-internacional-1-1536x768.jpg 1536w\" sizes=\"(max-width: 1600px) 100vw, 1600px\" \/>    <\/div>\n<\/section>\n\n<div class=\"block-course-features\">\n    <div class=\"container\">\n                    <div class=\"course-features__grid\">\n        \n            <div class=\"course-features__item\">\n                                    <div class=\"course-features__image\">\n                        <img decoding=\"async\" src=\"https:\/\/www.iseg.ulisboa.pt\/internacional\/wp-content\/uploads\/sites\/10\/2023\/02\/pm-easmus.jpg\" loading=\"lazy\" sizes=\"(max-width: 479px) 86vw, (max-width: 767px) 82vw, (max-width: 991px) 41vw, 32vw\" srcset=\"https:\/\/www.iseg.ulisboa.pt\/internacional\/wp-content\/uploads\/sites\/10\/2023\/02\/pm-easmus.jpg 500w, https:\/\/www.iseg.ulisboa.pt\/internacional\/wp-content\/uploads\/sites\/10\/2023\/02\/pm-easmus.jpg 800w, https:\/\/www.iseg.ulisboa.pt\/internacional\/wp-content\/uploads\/sites\/10\/2023\/02\/pm-easmus.jpg 1080w, https:\/\/www.iseg.ulisboa.pt\/internacional\/wp-content\/uploads\/sites\/10\/2023\/02\/pm-easmus.jpg 1340w\" alt=\"\" class=\"image-cover\">\n                    <\/div>\n                                <div class=\"course-features__content\">\n                    <div class=\"course-features__topcut\"><\/div>\n                    <h4 class=\"course-features__heading\">\n                                                    <a href=\"https:\/\/www.iseg.ulisboa.pt\/internacional\/mobilidade-incoming\/\">Mobilidade Incoming<\/a>\n                                            <\/h4>\n                    <div class=\"course-features__text\">No ISEG vais encontrar um ambiente multicultural e colaborativo que contribui para a alta qualidade da nossa educa\u00e7\u00e3o.<\/div>\n                                            <a href=\"https:\/\/www.iseg.ulisboa.pt\/internacional\/mobilidade-incoming\/\"  class=\"link-learnmore\">Mobilidade Incoming<\/a>\n                                    <\/div>\n            <\/div>\n\n        \n            <div class=\"course-features__item\">\n                                    <div class=\"course-features__image\">\n                        <img decoding=\"async\" src=\"https:\/\/www.iseg.ulisboa.pt\/internacional\/wp-content\/uploads\/sites\/10\/2023\/02\/hero-incoming.jpg\" loading=\"lazy\" sizes=\"(max-width: 479px) 86vw, (max-width: 767px) 82vw, (max-width: 991px) 41vw, 32vw\" srcset=\"https:\/\/www.iseg.ulisboa.pt\/internacional\/wp-content\/uploads\/sites\/10\/2023\/02\/hero-incoming.jpg 500w, https:\/\/www.iseg.ulisboa.pt\/internacional\/wp-content\/uploads\/sites\/10\/2023\/02\/hero-incoming.jpg 800w, https:\/\/www.iseg.ulisboa.pt\/internacional\/wp-content\/uploads\/sites\/10\/2023\/02\/hero-incoming.jpg 1080w, https:\/\/www.iseg.ulisboa.pt\/internacional\/wp-content\/uploads\/sites\/10\/2023\/02\/hero-incoming.jpg 1340w\" alt=\"\" class=\"image-cover\">\n                    <\/div>\n                                <div class=\"course-features__content\">\n                    <div class=\"course-features__topcut\"><\/div>\n                    <h4 class=\"course-features__heading\">\n                                                    <a href=\"https:\/\/www.iseg.ulisboa.pt\/internacional\/mobilidade-outgoing\/\">Mobilidade Outgoing<\/a>\n                                            <\/h4>\n                    <div class=\"course-features__text\">Estamos totalmente empenhados em proporcionar aos nossos estudantes, as melhores oportunidades internacionais, assinando acordos bilaterais com escolas de renome.<\/div>\n                                            <a href=\"https:\/\/www.iseg.ulisboa.pt\/internacional\/mobilidade-outgoing\/\"  class=\"link-learnmore\">Mobilidade Outgoing<\/a>\n                                    <\/div>\n            <\/div>\n\n        \n            <div class=\"course-features__item\">\n                                    <div class=\"course-features__image\">\n                        <img decoding=\"async\" src=\"https:\/\/www.iseg.ulisboa.pt\/internacional\/wp-content\/uploads\/sites\/10\/2023\/02\/hero-universidades-parceiras.jpg\" loading=\"lazy\" sizes=\"(max-width: 479px) 86vw, (max-width: 767px) 82vw, (max-width: 991px) 41vw, 32vw\" srcset=\"https:\/\/www.iseg.ulisboa.pt\/internacional\/wp-content\/uploads\/sites\/10\/2023\/02\/hero-universidades-parceiras.jpg 500w, https:\/\/www.iseg.ulisboa.pt\/internacional\/wp-content\/uploads\/sites\/10\/2023\/02\/hero-universidades-parceiras.jpg 800w, https:\/\/www.iseg.ulisboa.pt\/internacional\/wp-content\/uploads\/sites\/10\/2023\/02\/hero-universidades-parceiras.jpg 1080w, https:\/\/www.iseg.ulisboa.pt\/internacional\/wp-content\/uploads\/sites\/10\/2023\/02\/hero-universidades-parceiras.jpg 1340w\" alt=\"\" class=\"image-cover\">\n                    <\/div>\n                                <div class=\"course-features__content\">\n                    <div class=\"course-features__topcut\"><\/div>\n                    <h4 class=\"course-features__heading\">\n                                                    <a href=\"https:\/\/www.iseg.ulisboa.pt\/internacional\/universidades-parceiras\/\">Universidades Parceiras<\/a>\n                                            <\/h4>\n                    <div class=\"course-features__text\">O ISEG tem acordos de mobilidade com mais de 150 universidades de mais de 40 pa\u00edses, espalhadas por todo o mundo.  <\/div>\n                                            <a href=\"https:\/\/www.iseg.ulisboa.pt\/internacional\/universidades-parceiras\/\"  class=\"link-learnmore\">Universidades Parceiras<\/a>\n                                    <\/div>\n            <\/div>\n\n                <\/div>\n        <\/div>\n<\/div>\n\n<div class=\"block-key-numbers\">\n\t<div class=\"container\">\n\n\t\t<div class=\"block-key-numbers-list has-4-columns\">\n\t\t\t\t\t\t\t<div class=\"key-number-card one\">\n\t\t\t\t\t<div class=\"key-number-card-number\">17<\/div>\n\t\t\t\t\t<div class=\"key-numbers-card-byline\">Programas lecionados totalmente em Ingl\u00eas<\/div>\n\t\t\t\t<\/div>\n\t\t\t\t\t\t\t<div class=\"key-number-card two\">\n\t\t\t\t\t<div class=\"key-number-card-number\">+30%<\/div>\n\t\t\t\t\t<div class=\"key-numbers-card-byline\">Estudantes internacionais de mais de 70 pa\u00edses<\/div>\n\t\t\t\t<\/div>\n\t\t\t\t\t\t\t<div class=\"key-number-card three\">\n\t\t\t\t\t<div class=\"key-number-card-number\">150<\/div>\n\t\t\t\t\t<div class=\"key-numbers-card-byline\">Institui\u00e7\u00f5es parceiras em 39 pa\u00edses<\/div>\n\t\t\t\t<\/div>\n\t\t\t\t\t\t\t<div class=\"key-number-card four\">\n\t\t\t\t\t<div class=\"key-number-card-number\">+2700<\/div>\n\t\t\t\t\t<div class=\"key-numbers-card-byline\">Alunos Incoming \u2028(\u00faltimos 10 anos)<\/div>\n\t\t\t\t<\/div>\n\t\t\t\t\t\t\n\t\t<\/div>\n\n\t<\/div>\n<\/div>\n\n<div class=\"block-intro-text has-iseg-pink-background\">\n\t<div class=\"intro-text\">No ISEG h\u00e1 sempre espa\u00e7o para novas ideias. Somos uma escola ecl\u00e9tica, aberta ao mundo, que se desafia para dar resposta \u00e0s mudan\u00e7as nas v\u00e1rias \u00e1reas da sociedade. Sendo uma escola de Gest\u00e3o, sabemos que para crescer \u00e9 necess\u00e1rio aceitar a mudan\u00e7a, sair fora da zona de conforto e abra\u00e7ar novos desafios. Quer sejas estudante no ISEG, ou de alguma das nossas escolas parceiras, desafiamos-te a fazer parte desta grande aventura que \u00e9 uma mobilidade Internacional.<\/div>\n\t<div class=\"intro-text-anim-left-layer\"><\/div>\n\t<div class=\"intro-text-anim-right-layer\"><\/div>\n<\/div>\n\n\n<div class=\"block-featured-news\">\n\t<div class=\"container\">\n\t\t<div class=\"block-header\">\n\t\t\t<h2 class=\"has-iseg-red-color\">Not\u00edcias<\/h2>\n\t\t\t\t\t<\/div>\n\t\t<div class=\"block-3-articles\">\n\t\t\t\n\t\t\t\t<div class=\"news-card\">\n\t<a href=\"https:\/\/www.iseg.ulisboa.pt\/2026\/03\/recruitment-process-simulation-2026\/\" class=\"news-card__image\">\n\t\t<img decoding=\"async\" src=\"https:\/\/www.iseg.ulisboa.pt\/internacional\/wp-content\/uploads\/Guias-Banner-Noticia.png\" class=\"image-cover wp-post-image\" alt=\"\" srcset=\"https:\/\/www.iseg.ulisboa.pt\/internacional\/wp-content\/uploads\/Guias-Banner-Noticia.png 1200w, https:\/\/www.iseg.ulisboa.pt\/internacional\/wp-content\/uploads\/Guias-Banner-Noticia-300x158.png 300w, https:\/\/www.iseg.ulisboa.pt\/internacional\/wp-content\/uploads\/Guias-Banner-Noticia-18x9.png 18w\" sizes=\"(max-width: 1200px) 100vw, 1200px\" \/>\t<\/a>\n\t<div class=\"news-card__type\">Carreiras<\/div>\n\t<a href=\"https:\/\/www.iseg.ulisboa.pt\/2026\/03\/recruitment-process-simulation-2026\/\" class=\"news-card__title\">Recruitment\u00a0Process\u00a0Simulation 2026<\/a>\n\t<div class=\"post-date\">31-03-2026<\/div>\n<\/div>\t\t\t\t\n\t\t\t\t\t\t\t\n\t\t\t\t<div class=\"news-card\">\n\t<a href=\"https:\/\/www.iseg.ulisboa.pt\/2026\/03\/summer-internship-experience-inscricoes-ate-16-de-marco\/\" class=\"news-card__image\">\n\t\t<img decoding=\"async\" src=\"https:\/\/www.iseg.ulisboa.pt\/internacional\/wp-content\/uploads\/SIX26_Evento.png\" class=\"image-cover wp-post-image\" alt=\"\" srcset=\"https:\/\/www.iseg.ulisboa.pt\/internacional\/wp-content\/uploads\/SIX26_Evento.png 1200w, https:\/\/www.iseg.ulisboa.pt\/internacional\/wp-content\/uploads\/SIX26_Evento-300x158.png 300w, https:\/\/www.iseg.ulisboa.pt\/internacional\/wp-content\/uploads\/SIX26_Evento-18x9.png 18w\" sizes=\"(max-width: 1200px) 100vw, 1200px\" \/>\t<\/a>\n\t<div class=\"news-card__type\">Carreiras<\/div>\n\t<a href=\"https:\/\/www.iseg.ulisboa.pt\/2026\/03\/summer-internship-experience-inscricoes-ate-16-de-marco\/\" class=\"news-card__title\">Summer Internship Experience | Inscri\u00e7\u00f5es at\u00e9 16 de mar\u00e7o<\/a>\n\t<div class=\"post-date\">04-03-2026<\/div>\n<\/div>\t\t\t\t\n\t\t\t\t\t\t\t\n\t\t\t\t<div class=\"news-card\">\n\t<a href=\"https:\/\/www.iseg.ulisboa.pt\/2026\/03\/marcacoes-de-consultoria-de-carreira\/\" class=\"news-card__image\">\n\t\t<img decoding=\"async\" src=\"https:\/\/www.iseg.ulisboa.pt\/internacional\/wp-content\/uploads\/iseg-claustro-1.jpg\" class=\"image-cover wp-post-image\" alt=\"\" srcset=\"https:\/\/www.iseg.ulisboa.pt\/internacional\/wp-content\/uploads\/iseg-claustro-1.jpg 1080w, https:\/\/www.iseg.ulisboa.pt\/internacional\/wp-content\/uploads\/iseg-claustro-1-300x300.jpg 300w, https:\/\/www.iseg.ulisboa.pt\/internacional\/wp-content\/uploads\/iseg-claustro-1-150x150.jpg 150w, https:\/\/www.iseg.ulisboa.pt\/internacional\/wp-content\/uploads\/iseg-claustro-1-12x12.jpg 12w\" sizes=\"(max-width: 1080px) 100vw, 1080px\" \/>\t<\/a>\n\t<div class=\"news-card__type\">Carreiras<\/div>\n\t<a href=\"https:\/\/www.iseg.ulisboa.pt\/2026\/03\/marcacoes-de-consultoria-de-carreira\/\" class=\"news-card__title\">Marca\u00e7\u00f5es de Consultoria de Carreira<\/a>\n\t<div class=\"post-date\">02-03-2026<\/div>\n<\/div>\t\t\t\t\n\t\t\t\t\t\t\t\t\n\t\t<\/div>\n\t<\/div>\n<\/div>","protected":false},"excerpt":{"rendered":"","protected":false},"author":2,"featured_media":0,"parent":0,"menu_order":3,"comment_status":"closed","ping_status":"closed","template":"tpl-page-blocks.php","meta":{"inline_featured_image":false,"_uag_custom_page_level_css":"","footnotes":""},"acf":[],"uagb_featured_image_src":{"full":false,"thumbnail":false,"medium":false,"medium_large":false,"large":false,"1536x1536":false,"2048x2048":false,"trp-custom-language-flag":false},"uagb_author_info":{"display_name":"Major","author_link":"https:\/\/www.iseg.ulisboa.pt\/internacional\/author\/leihla\/"},"uagb_comment_info":0,"uagb_excerpt":null,"_links":{"self":[{"href":"https:\/\/www.iseg.ulisboa.pt\/internacional\/wp-json\/wp\/v2\/pages\/5"}],"collection":[{"href":"https:\/\/www.iseg.ulisboa.pt\/internacional\/wp-json\/wp\/v2\/pages"}],"about":[{"href":"https:\/\/www.iseg.ulisboa.pt\/internacional\/wp-json\/wp\/v2\/types\/page"}],"author":[{"embeddable":true,"href":"https:\/\/www.iseg.ulisboa.pt\/internacional\/wp-json\/wp\/v2\/users\/2"}],"replies":[{"embeddable":true,"href":"https:\/\/www.iseg.ulisboa.pt\/internacional\/wp-json\/wp\/v2\/comments?post=5"}],"version-history":[{"count":24,"href":"https:\/\/www.iseg.ulisboa.pt\/internacional\/wp-json\/wp\/v2\/pages\/5\/revisions"}],"predecessor-version":[{"id":3192,"href":"https:\/\/www.iseg.ulisboa.pt\/internacional\/wp-json\/wp\/v2\/pages\/5\/revisions\/3192"}],"wp:attachment":[{"href":"https:\/\/www.iseg.ulisboa.pt\/internacional\/wp-json\/wp\/v2\/media?parent=5"}],"curies":[{"name":"wp","href":"https:\/\/api.w.org\/{rel}","templated":true}]}}