{"id":543,"date":"2023-02-16T19:09:12","date_gmt":"2023-02-16T19:09:12","guid":{"rendered":"https:\/\/www.iseg.ulisboa.pt\/internacional\/?page_id=543"},"modified":"2023-10-27T15:16:37","modified_gmt":"2023-10-27T15:16:37","slug":"intercambio","status":"publish","type":"page","link":"https:\/\/www.iseg.ulisboa.pt\/internacional\/mobilidade-outgoing\/programas-de-mobilidade\/intercambio\/","title":{"rendered":"Interc\u00e2mbio"},"content":{"rendered":"\n<p>H\u00e1 mais para al\u00e9m do programa erasmus, queres ter uma experi\u00eancia internacional mas fora do continente europeu? O ISEG oferece aos alunos a possibilidade de efectuarem um\u00a0<strong>per\u00edodo de estudos<\/strong>\u00a0no estrangeiro, numa Universidade Parceira, com o respectivo reconhecimento acad\u00e9mico.<\/p>\n\n\n\n<p>O aluno de interc\u00e2mbio, para al\u00e9m de beneficiar de uma experi\u00eancia gratificante a n\u00edvel acad\u00e9mico e pessoal, adquire ainda um conjunto de mais valias profissionais. A diversidade cultural, lingu\u00edstica e educacional \u00e9 cada vez valorizada no mercado de trabalho.<\/p>\n\n\n\n<p><strong>Vantagens de um Interc\u00e2mbio<\/strong><\/p>\n\n\n\n<ul>\n<li>Experi\u00eancia gratificante e enriquecedora a n\u00edvel acad\u00e9mico e&nbsp;pessoal<\/li>\n\n\n\n<li>Contacto com novos m\u00e9todos de trabalho<\/li>\n\n\n\n<li>Aperfei\u00e7oamento de uma l\u00edngua estrangeira<\/li>\n\n\n\n<li>Alargar os horizontes<\/li>\n\n\n\n<li>Conhecimento de outras culturas<\/li>\n\n\n\n<li>Valoriza\u00e7\u00e3o profissional<\/li>\n\n\n\n<li>Possibilidade de efectuar um per\u00edodo de estudos no estrangeiro<\/li>\n\n\n\n<li>Reconhecimento acad\u00e9mico (com acordo pr\u00e9vio entre as institui\u00e7\u00f5es)<\/li>\n<\/ul>\n\n\n\n<p><strong>N\u00e3o percas esta oportunidade e participa!!!<\/strong>&nbsp;<strong>Consulta&nbsp;<a href=\"https:\/\/www.iseg.ulisboa.pt\/internacional\/mobilidade-outgoing\/candidaturas\/\">aqui<\/a>&nbsp;as condi\u00e7\u00f5es de candidatura<\/strong>.<\/p>\n\n\n\n<hr class=\"wp-block-separator has-alpha-channel-opacity\" \/>\n","protected":false},"excerpt":{"rendered":"H\u00e1 mais para al\u00e9m do programa erasmus, queres ter uma experi\u00eancia internacional mas fora do continente europeu? O ISEG oferece aos alunos a possibilidade de efectuarem um\u00a0per\u00edodo de estudos\u00a0no estrangeiro,&nbsp;[&#8230;]","protected":false},"author":2,"featured_media":458,"parent":351,"menu_order":2,"comment_status":"closed","ping_status":"closed","template":"","meta":{"inline_featured_image":false,"_uag_custom_page_level_css":"","footnotes":""},"acf":[],"uagb_featured_image_src":{"full":["https:\/\/www.iseg.ulisboa.pt\/internacional\/wp-content\/uploads\/sites\/10\/2023\/02\/pm-intercambio.jpg",1600,800,false],"thumbnail":["https:\/\/www.iseg.ulisboa.pt\/internacional\/wp-content\/uploads\/sites\/10\/2023\/02\/pm-intercambio-150x150.jpg",150,150,true],"medium":["https:\/\/www.iseg.ulisboa.pt\/internacional\/wp-content\/uploads\/sites\/10\/2023\/02\/pm-intercambio-300x150.jpg",300,150,true],"medium_large":["https:\/\/www.iseg.ulisboa.pt\/internacional\/wp-content\/uploads\/sites\/10\/2023\/02\/pm-intercambio.jpg",768,384,false],"large":["https:\/\/www.iseg.ulisboa.pt\/internacional\/wp-content\/uploads\/sites\/10\/2023\/02\/pm-intercambio.jpg",1024,512,false],"1536x1536":["https:\/\/www.iseg.ulisboa.pt\/internacional\/wp-content\/uploads\/sites\/10\/2023\/02\/pm-intercambio-1536x768.jpg",1536,768,true],"2048x2048":["https:\/\/www.iseg.ulisboa.pt\/internacional\/wp-content\/uploads\/sites\/10\/2023\/02\/pm-intercambio.jpg",1600,800,false],"trp-custom-language-flag":["https:\/\/www.iseg.ulisboa.pt\/internacional\/wp-content\/uploads\/sites\/10\/2023\/02\/pm-intercambio.jpg",18,9,false]},"uagb_author_info":{"display_name":"Major","author_link":"https:\/\/www.iseg.ulisboa.pt\/internacional\/author\/leihla\/"},"uagb_comment_info":0,"uagb_excerpt":"H\u00e1 mais para al\u00e9m do programa erasmus, queres ter uma experi\u00eancia internacional mas fora do continente europeu? O ISEG oferece aos alunos a possibilidade de efectuarem um\u00a0per\u00edodo de estudos\u00a0no estrangeiro,&nbsp;[...]","_links":{"self":[{"href":"https:\/\/www.iseg.ulisboa.pt\/internacional\/wp-json\/wp\/v2\/pages\/543"}],"collection":[{"href":"https:\/\/www.iseg.ulisboa.pt\/internacional\/wp-json\/wp\/v2\/pages"}],"about":[{"href":"https:\/\/www.iseg.ulisboa.pt\/internacional\/wp-json\/wp\/v2\/types\/page"}],"author":[{"embeddable":true,"href":"https:\/\/www.iseg.ulisboa.pt\/internacional\/wp-json\/wp\/v2\/users\/2"}],"replies":[{"embeddable":true,"href":"https:\/\/www.iseg.ulisboa.pt\/internacional\/wp-json\/wp\/v2\/comments?post=543"}],"version-history":[{"count":11,"href":"https:\/\/www.iseg.ulisboa.pt\/internacional\/wp-json\/wp\/v2\/pages\/543\/revisions"}],"predecessor-version":[{"id":1183,"href":"https:\/\/www.iseg.ulisboa.pt\/internacional\/wp-json\/wp\/v2\/pages\/543\/revisions\/1183"}],"up":[{"embeddable":true,"href":"https:\/\/www.iseg.ulisboa.pt\/internacional\/wp-json\/wp\/v2\/pages\/351"}],"wp:featuredmedia":[{"embeddable":true,"href":"https:\/\/www.iseg.ulisboa.pt\/internacional\/wp-json\/wp\/v2\/media\/458"}],"wp:attachment":[{"href":"https:\/\/www.iseg.ulisboa.pt\/internacional\/wp-json\/wp\/v2\/media?parent=543"}],"curies":[{"name":"wp","href":"https:\/\/api.w.org\/{rel}","templated":true}]}}