{"id":558,"date":"2023-02-16T19:29:11","date_gmt":"2023-02-16T19:29:11","guid":{"rendered":"https:\/\/www.iseg.ulisboa.pt\/internacional\/?page_id=558"},"modified":"2023-10-27T15:09:31","modified_gmt":"2023-10-27T15:09:31","slug":"erasmus","status":"publish","type":"page","link":"https:\/\/www.iseg.ulisboa.pt\/internacional\/mobilidade-outgoing\/programas-de-mobilidade\/erasmus\/","title":{"rendered":"Erasmus+"},"content":{"rendered":"\n<p class=\"has-large-font-size\">A mobilidade ERASMUS oferece aos alunos a possibilidade de efectuarem um <strong>per\u00edodo de estudos<\/strong>&nbsp;no estrangeiro, num estabelecimento de ensino eleg\u00edvel para o Programa Erasmus, com o respectivo reconhecimento acad\u00e9mico.<\/p>\n\n\n\n<p>O aluno Erasmus, para al\u00e9m de beneficiar de uma experi\u00eancia gratificante a n\u00edvel acad\u00e9mico e pessoal, adquire ainda um conjunto de mais valias profissionais que contribuir\u00e3o para a constru\u00e7\u00e3o de uma Europa cada vez mais unida na sua diversidade cultural, lingu\u00edstica e educacional.<\/p>\n\n\n\n<p><strong>Vantagens da Mobilidade Erasmus<\/strong><\/p>\n\n\n\n<ul>\n<li>Experi\u00eancia gratificante e enriquecedora a n\u00edvel acad\u00e9mico e&nbsp;pessoal<\/li>\n\n\n\n<li>Contacto com novos m\u00e9todos de trabalho<\/li>\n\n\n\n<li>Aperfei\u00e7oamento de uma l\u00edngua estrangeira<\/li>\n\n\n\n<li>Alargar os horizontes<\/li>\n\n\n\n<li>Conhecimento de outras culturas<\/li>\n\n\n\n<li>Valoriza\u00e7\u00e3o profissional<\/li>\n\n\n\n<li>Possibilidade de efectuar um per\u00edodo de estudos no estrangeiro<\/li>\n\n\n\n<li>Reconhecimento acad\u00e9mico (com acordo pr\u00e9vio entre as institui\u00e7\u00f5es)<\/li>\n<\/ul>\n\n\n\n<p><strong>N\u00e3o percas esta oportunidade e participa!!!<\/strong> <strong>Consulta <a href=\"https:\/\/www.iseg.ulisboa.pt\/internacional\/mobilidade-outgoing\/candidaturas\/\" data-type=\"link\" data-id=\"https:\/\/www.iseg.ulisboa.pt\/internacional\/mobilidade-outgoing\/candidaturas\/\">aqui<\/a> as condi\u00e7\u00f5es de candidatura<\/strong>.<\/p>\n\n\n\n<hr class=\"wp-block-separator has-alpha-channel-opacity\" \/>\n","protected":false},"excerpt":{"rendered":"A mobilidade ERASMUS oferece aos alunos a possibilidade de efectuarem um per\u00edodo de estudos&nbsp;no estrangeiro, num estabelecimento de ensino eleg\u00edvel para o Programa Erasmus, com o respectivo reconhecimento acad\u00e9mico. O&nbsp;[&#8230;]","protected":false},"author":2,"featured_media":448,"parent":351,"menu_order":1,"comment_status":"closed","ping_status":"closed","template":"","meta":{"inline_featured_image":false,"_uag_custom_page_level_css":"","footnotes":""},"acf":[],"uagb_featured_image_src":{"full":["https:\/\/www.iseg.ulisboa.pt\/internacional\/wp-content\/uploads\/sites\/10\/2023\/02\/pm-easmus.jpg",1600,800,false],"thumbnail":["https:\/\/www.iseg.ulisboa.pt\/internacional\/wp-content\/uploads\/sites\/10\/2023\/02\/pm-easmus-150x150.jpg",150,150,true],"medium":["https:\/\/www.iseg.ulisboa.pt\/internacional\/wp-content\/uploads\/sites\/10\/2023\/02\/pm-easmus-300x150.jpg",300,150,true],"medium_large":["https:\/\/www.iseg.ulisboa.pt\/internacional\/wp-content\/uploads\/sites\/10\/2023\/02\/pm-easmus.jpg",768,384,false],"large":["https:\/\/www.iseg.ulisboa.pt\/internacional\/wp-content\/uploads\/sites\/10\/2023\/02\/pm-easmus.jpg",1024,512,false],"1536x1536":["https:\/\/www.iseg.ulisboa.pt\/internacional\/wp-content\/uploads\/sites\/10\/2023\/02\/pm-easmus-1536x768.jpg",1536,768,true],"2048x2048":["https:\/\/www.iseg.ulisboa.pt\/internacional\/wp-content\/uploads\/sites\/10\/2023\/02\/pm-easmus.jpg",1600,800,false],"trp-custom-language-flag":["https:\/\/www.iseg.ulisboa.pt\/internacional\/wp-content\/uploads\/sites\/10\/2023\/02\/pm-easmus.jpg",18,9,false]},"uagb_author_info":{"display_name":"Major","author_link":"https:\/\/www.iseg.ulisboa.pt\/internacional\/author\/leihla\/"},"uagb_comment_info":0,"uagb_excerpt":"A mobilidade ERASMUS oferece aos alunos a possibilidade de efectuarem um per\u00edodo de estudos&nbsp;no estrangeiro, num estabelecimento de ensino eleg\u00edvel para o Programa Erasmus, com o respectivo reconhecimento acad\u00e9mico. O&nbsp;[...]","_links":{"self":[{"href":"https:\/\/www.iseg.ulisboa.pt\/internacional\/wp-json\/wp\/v2\/pages\/558"}],"collection":[{"href":"https:\/\/www.iseg.ulisboa.pt\/internacional\/wp-json\/wp\/v2\/pages"}],"about":[{"href":"https:\/\/www.iseg.ulisboa.pt\/internacional\/wp-json\/wp\/v2\/types\/page"}],"author":[{"embeddable":true,"href":"https:\/\/www.iseg.ulisboa.pt\/internacional\/wp-json\/wp\/v2\/users\/2"}],"replies":[{"embeddable":true,"href":"https:\/\/www.iseg.ulisboa.pt\/internacional\/wp-json\/wp\/v2\/comments?post=558"}],"version-history":[{"count":6,"href":"https:\/\/www.iseg.ulisboa.pt\/internacional\/wp-json\/wp\/v2\/pages\/558\/revisions"}],"predecessor-version":[{"id":1180,"href":"https:\/\/www.iseg.ulisboa.pt\/internacional\/wp-json\/wp\/v2\/pages\/558\/revisions\/1180"}],"up":[{"embeddable":true,"href":"https:\/\/www.iseg.ulisboa.pt\/internacional\/wp-json\/wp\/v2\/pages\/351"}],"wp:featuredmedia":[{"embeddable":true,"href":"https:\/\/www.iseg.ulisboa.pt\/internacional\/wp-json\/wp\/v2\/media\/448"}],"wp:attachment":[{"href":"https:\/\/www.iseg.ulisboa.pt\/internacional\/wp-json\/wp\/v2\/media?parent=558"}],"curies":[{"name":"wp","href":"https:\/\/api.w.org\/{rel}","templated":true}]}}