{"id":2680,"date":"2025-04-09T11:03:25","date_gmt":"2025-04-09T11:03:25","guid":{"rendered":"https:\/\/www.iseg.ulisboa.pt\/recursos-humanos\/?page_id=2680"},"modified":"2025-04-09T11:14:02","modified_gmt":"2025-04-09T11:14:02","slug":"protocolos-e-acordos","status":"publish","type":"page","link":"https:\/\/www.iseg.ulisboa.pt\/recursos-humanos\/protocolos-e-acordos\/","title":{"rendered":"Protocolos e Acordos"},"content":{"rendered":"\n<p><strong>Externato O Lar da Crian\u00e7a<\/strong><\/p>\n\n\n<div class=\"block-gallery\">\n\t<div class=\"container\">\n\t\t<div data-delay=\"5000\" data-animation=\"slide\" data-autoplay=\"1\" data-duration=\"500\" data-infinite=\"1\" class=\"gallery-slider w-slider\">\n\t\t\t<div class=\"gallery-slider__mask w-slider-mask\">\n\n\t\t\t\t\t\t\t\t\t\n\t\t\t\t\t<div class=\"gallery-slider__slide w-slide\">\n\t\t\t\t\t\t<div class=\"gallery-slider__slide-content\">\n\t\t\t\t\t\t\t\t\t\t\t\t\t\t\t<div class=\"gallery-slider__slide-media\">\n\t\t\t\t\t\t\t\t\t<img decoding=\"async\" src=\"https:\/\/www.iseg.ulisboa.pt\/recursos-humanos\/wp-content\/uploads\/sites\/5\/2025\/04\/Externato-Lar-da-Crianca.png\" class=\"image-cover\" alt=\"\" srcset=\"https:\/\/www.iseg.ulisboa.pt\/recursos-humanos\/wp-content\/uploads\/sites\/5\/2025\/04\/Externato-Lar-da-Crianca.png 603w, https:\/\/www.iseg.ulisboa.pt\/recursos-humanos\/wp-content\/uploads\/sites\/5\/2025\/04\/Externato-Lar-da-Crianca-300x153.png 300w, https:\/\/www.iseg.ulisboa.pt\/recursos-humanos\/wp-content\/uploads\/sites\/5\/2025\/04\/Externato-Lar-da-Crianca-18x9.png 18w\" sizes=\"(max-width: 603px) 100vw, 603px\" \/>\t\t\t\t\t\t\t\t<\/div>\n\t\t\t\t\t\t\t\t\t\t\t\t\t\t\t\t\t\t\t\t<\/div>\n\t\t\t\t\t<\/div>\n\t\t\t\t\n\t\t\t<\/div>\n\t\t\t\t\t<\/div>\n\t<\/div>\n<\/div>\n\n\n<p>No \u00e2mbito deste acordo, os colaboradores do ISEG poder\u00e3o beneficiar dos seguintes descontos:<\/p>\n\n\n\n<ul>\n<li><strong>10%<\/strong>&nbsp;de desconto no valor das&nbsp;<strong>propinas<\/strong><\/li>\n\n\n\n<li><strong>10%<\/strong>&nbsp;de desconto no valor da&nbsp;<strong>alimenta\u00e7\u00e3o<\/strong><\/li>\n\n\n\n<li><strong>15%<\/strong>&nbsp;de desconto no valor do&nbsp;<strong>prolongamento de hor\u00e1rio<\/strong><\/li>\n<\/ul>\n\n\n\n<p>Este protocolo visa apoiar as fam\u00edlias da nossa comunidade, promovendo um melhor equil\u00edbrio entre a vida pessoal e profissional.<\/p>\n\n\n\n<p>Para mais informa\u00e7\u00f5es sobre o externato e as condi\u00e7\u00f5es do protocolo, ou para iniciar o processo de inscri\u00e7\u00e3o, poder\u00e1 contactar diretamente a institui\u00e7\u00e3o atrav\u00e9s do seu <strong><a href=\"https:\/\/elink.iseg.ulisboa.pt\/c\/7\/eyJhaSI6NTMwNDQyNTksImUiOiJkcmhAaXNlZy51bGlzYm9hLnB0IiwicmkiOiJjb250YWN0LWViNmE3ZGM3N2E3NmVkMTE4MWFiMDAyMjQ4OWNhMTNlLWJiOGEwMGIyZDkwNjQ4MTlhNDZjZDVhODNhMzZlZjMzIiwicnEiOiIwMi1iMjUwOTgtY2JkNDUzNTQ1ZGUwNDc2YzllOWJlYzZiYWI5OWQwYzYiLCJtIjpmYWxzZSwidWkiOiIzIiwidW4iOiIiLCJ1IjoiaHR0cHM6Ly93d3cubGFyZGFjcmlhbmNhLnB0L2NvbnRhY3Rvcy8_X2NsZGVlPUIxYkZTbm52UmNRc1R1YTdXQXliUmw4NWJiR3NrVmp0OE9GVjJMaEMyVzdhU1RUeVpkNTZZdW9nRG9WYXUzUGcmcmVjaXBpZW50aWQ9Y29udGFjdC1lYjZhN2RjNzdhNzZlZDExODFhYjAwMjI0ODljYTEzZS1iYjhhMDBiMmQ5MDY0ODE5YTQ2Y2Q1YTgzYTM2ZWYzMyZlc2lkPTkwODVjOGVhLThlMTQtZjAxMS05OThhLTdjMWU1MjM0ZDg4NiJ9\/iifHdUHfe9GC7FAezy8UJg\">website<\/a><\/strong> ou telefone &#8211; 93 521 10 50.<\/p>\n\n\n\n<p><\/p>\n","protected":false},"excerpt":{"rendered":"Externato O Lar da Crian\u00e7a No \u00e2mbito deste acordo, os colaboradores do ISEG poder\u00e3o beneficiar dos seguintes descontos: Este protocolo visa apoiar as fam\u00edlias da nossa comunidade, promovendo um melhor&nbsp;[&#8230;]","protected":false},"author":32,"featured_media":0,"parent":0,"menu_order":0,"comment_status":"closed","ping_status":"closed","template":"","meta":{"inline_featured_image":false,"_uag_custom_page_level_css":"","footnotes":""},"acf":[],"uagb_featured_image_src":{"full":false,"thumbnail":false,"medium":false,"medium_large":false,"large":false,"1536x1536":false,"2048x2048":false,"trp-custom-language-flag":false},"uagb_author_info":{"display_name":"anacorreia","author_link":"https:\/\/www.iseg.ulisboa.pt\/recursos-humanos\/author\/anacorreia\/"},"uagb_comment_info":0,"uagb_excerpt":"Externato O Lar da Crian\u00e7a No \u00e2mbito deste acordo, os colaboradores do ISEG poder\u00e3o beneficiar dos seguintes descontos: Este protocolo visa apoiar as fam\u00edlias da nossa comunidade, promovendo um melhor&nbsp;[...]","_links":{"self":[{"href":"https:\/\/www.iseg.ulisboa.pt\/recursos-humanos\/wp-json\/wp\/v2\/pages\/2680"}],"collection":[{"href":"https:\/\/www.iseg.ulisboa.pt\/recursos-humanos\/wp-json\/wp\/v2\/pages"}],"about":[{"href":"https:\/\/www.iseg.ulisboa.pt\/recursos-humanos\/wp-json\/wp\/v2\/types\/page"}],"author":[{"embeddable":true,"href":"https:\/\/www.iseg.ulisboa.pt\/recursos-humanos\/wp-json\/wp\/v2\/users\/32"}],"replies":[{"embeddable":true,"href":"https:\/\/www.iseg.ulisboa.pt\/recursos-humanos\/wp-json\/wp\/v2\/comments?post=2680"}],"version-history":[{"count":7,"href":"https:\/\/www.iseg.ulisboa.pt\/recursos-humanos\/wp-json\/wp\/v2\/pages\/2680\/revisions"}],"predecessor-version":[{"id":2691,"href":"https:\/\/www.iseg.ulisboa.pt\/recursos-humanos\/wp-json\/wp\/v2\/pages\/2680\/revisions\/2691"}],"wp:attachment":[{"href":"https:\/\/www.iseg.ulisboa.pt\/recursos-humanos\/wp-json\/wp\/v2\/media?parent=2680"}],"curies":[{"name":"wp","href":"https:\/\/api.w.org\/{rel}","templated":true}]}}