{"id":5,"date":"2022-11-10T15:18:52","date_gmt":"2022-11-10T15:18:52","guid":{"rendered":"https:\/\/www.iseg.ulisboa.pt\/recursos-humanos\/?page_id=5"},"modified":"2026-03-16T14:31:59","modified_gmt":"2026-03-16T14:31:59","slug":"homepage","status":"publish","type":"page","link":"https:\/\/www.iseg.ulisboa.pt\/recursos-humanos\/","title":{"rendered":"Dire\u00e7\u00e3o de Recursos Humanos"},"content":{"rendered":"\n<section class=\"block-hero-full-width course-hero wf-section\">\n        <div class=\"course-hero__name\">\n            <h1 class=\"course-hero__heading has-iseg-white-color\"><span class=\"course-hero__heading-span\">Dire\u00e7\u00e3o de Recursos Humanos<\/span><\/h1>\n    <\/div>\n            <div class=\"course-hero__backdrop has-iseg-red-background\"><\/div>\n    \n    <div class=\"course-hero__image\">\n    <img decoding=\"async\" src=\"https:\/\/www.iseg.ulisboa.pt\/recursos-humanos\/wp-content\/uploads\/sites\/5\/2023\/01\/hero-2.jpg\" class=\"image-cover\" alt=\"\" srcset=\"https:\/\/www.iseg.ulisboa.pt\/recursos-humanos\/wp-content\/uploads\/sites\/5\/2023\/01\/hero-2.jpg 1600w, https:\/\/www.iseg.ulisboa.pt\/recursos-humanos\/wp-content\/uploads\/sites\/5\/2023\/01\/hero-2-300x150.jpg 300w, https:\/\/www.iseg.ulisboa.pt\/recursos-humanos\/wp-content\/uploads\/sites\/5\/2023\/01\/hero-2-1536x768.jpg 1536w\" sizes=\"(max-width: 1600px) 100vw, 1600px\" \/>    <\/div>\n<\/section>\n\n<div class=\"block-intro-text has-iseg-white-color has-iseg-dark-grey-background\">\n\t<div class=\"intro-text\">A Miss\u00e3o da DRH \u00e9 garantir a m\u00e1xima qualidade, seguran\u00e7a e celeridade na gest\u00e3o e nos processos relativos aos recursos humanos do ISEG, bem como na informa\u00e7\u00e3o t\u00e9cnica e especializada alinhada com a miss\u00e3o, princ\u00edpios e valores desta institui\u00e7\u00e3o. <\/div>\n\t<div class=\"intro-text-anim-left-layer\"><\/div>\n\t<div class=\"intro-text-anim-right-layer\"><\/div>\n<\/div>\n\n\n<div class=\"block-course-features\">\n    <div class=\"container\">\n                    <div class=\"course-features__grid\">\n        \n            <div class=\"course-features__item\">\n                                    <div class=\"course-features__image\">\n                        <img decoding=\"async\" src=\"https:\/\/www.iseg.ulisboa.pt\/recursos-humanos\/wp-content\/uploads\/sites\/5\/2023\/01\/hero-3.jpg\" loading=\"lazy\" sizes=\"(max-width: 479px) 86vw, (max-width: 767px) 82vw, (max-width: 991px) 41vw, 32vw\" srcset=\"https:\/\/www.iseg.ulisboa.pt\/recursos-humanos\/wp-content\/uploads\/sites\/5\/2023\/01\/hero-3.jpg 500w, https:\/\/www.iseg.ulisboa.pt\/recursos-humanos\/wp-content\/uploads\/sites\/5\/2023\/01\/hero-3.jpg 800w, https:\/\/www.iseg.ulisboa.pt\/recursos-humanos\/wp-content\/uploads\/sites\/5\/2023\/01\/hero-3.jpg 1080w, https:\/\/www.iseg.ulisboa.pt\/recursos-humanos\/wp-content\/uploads\/sites\/5\/2023\/01\/hero-3.jpg 1340w\" alt=\"\" class=\"image-cover\">\n                    <\/div>\n                                <div class=\"course-features__content\">\n                    <div class=\"course-features__topcut\"><\/div>\n                    <h4 class=\"course-features__heading\">\n                                                    <a href=\"https:\/\/www.iseg.ulisboa.pt\/recursos-humanos\/concursos\/\">Concursos de Docentes e N\u00e3o Docentes<\/a>\n                                            <\/h4>\n                    <div class=\"course-features__text\"><\/div>\n                                            <a href=\"https:\/\/www.iseg.ulisboa.pt\/recursos-humanos\/concursos\/\"  class=\"link-learnmore\">Saiba mais<\/a>\n                                    <\/div>\n            <\/div>\n\n        \n            <div class=\"course-features__item\">\n                                    <div class=\"course-features__image\">\n                        <img decoding=\"async\" src=\"https:\/\/www.iseg.ulisboa.pt\/recursos-humanos\/wp-content\/uploads\/sites\/5\/2023\/01\/hero-4.jpg\" loading=\"lazy\" sizes=\"(max-width: 479px) 86vw, (max-width: 767px) 82vw, (max-width: 991px) 41vw, 32vw\" srcset=\"https:\/\/www.iseg.ulisboa.pt\/recursos-humanos\/wp-content\/uploads\/sites\/5\/2023\/01\/hero-4.jpg 500w, https:\/\/www.iseg.ulisboa.pt\/recursos-humanos\/wp-content\/uploads\/sites\/5\/2023\/01\/hero-4.jpg 800w, https:\/\/www.iseg.ulisboa.pt\/recursos-humanos\/wp-content\/uploads\/sites\/5\/2023\/01\/hero-4.jpg 1080w, https:\/\/www.iseg.ulisboa.pt\/recursos-humanos\/wp-content\/uploads\/sites\/5\/2023\/01\/hero-4.jpg 1340w\" alt=\"\" class=\"image-cover\">\n                    <\/div>\n                                <div class=\"course-features__content\">\n                    <div class=\"course-features__topcut\"><\/div>\n                    <h4 class=\"course-features__heading\">\n                                                    <a href=\"https:\/\/www.iseg.ulisboa.pt\/recursos-humanos\/contratacoes-e-renovacoes\/\">Contrata\u00e7\u00f5es e Renova\u00e7\u00f5es<\/a>\n                                            <\/h4>\n                    <div class=\"course-features__text\"><\/div>\n                                            <a href=\"https:\/\/www.iseg.ulisboa.pt\/recursos-humanos\/contratacoes-e-renovacoes\/\"  class=\"link-learnmore\">Saiba mais<\/a>\n                                    <\/div>\n            <\/div>\n\n        \n            <div class=\"course-features__item\">\n                                    <div class=\"course-features__image\">\n                        <img decoding=\"async\" src=\"https:\/\/www.iseg.ulisboa.pt\/recursos-humanos\/wp-content\/uploads\/sites\/5\/2023\/01\/hero-1.jpg\" loading=\"lazy\" sizes=\"(max-width: 479px) 86vw, (max-width: 767px) 82vw, (max-width: 991px) 41vw, 32vw\" srcset=\"https:\/\/www.iseg.ulisboa.pt\/recursos-humanos\/wp-content\/uploads\/sites\/5\/2023\/01\/hero-1.jpg 500w, https:\/\/www.iseg.ulisboa.pt\/recursos-humanos\/wp-content\/uploads\/sites\/5\/2023\/01\/hero-1.jpg 800w, https:\/\/www.iseg.ulisboa.pt\/recursos-humanos\/wp-content\/uploads\/sites\/5\/2023\/01\/hero-1.jpg 1080w, https:\/\/www.iseg.ulisboa.pt\/recursos-humanos\/wp-content\/uploads\/sites\/5\/2023\/01\/hero-1.jpg 1340w\" alt=\"\" class=\"image-cover\">\n                    <\/div>\n                                <div class=\"course-features__content\">\n                    <div class=\"course-features__topcut\"><\/div>\n                    <h4 class=\"course-features__heading\">\n                                                    <a href=\"https:\/\/www.iseg.ulisboa.pt\/recursos-humanos\/documentos\/\">Documenta\u00e7\u00e3o e Legisla\u00e7\u00e3o<\/a>\n                                            <\/h4>\n                    <div class=\"course-features__text\"><\/div>\n                                            <a href=\"https:\/\/www.iseg.ulisboa.pt\/recursos-humanos\/documentos\/\"  class=\"link-learnmore\">Saiba mais<\/a>\n                                    <\/div>\n            <\/div>\n\n        \n            <div class=\"course-features__item\">\n                                    <div class=\"course-features__image\">\n                        <img decoding=\"async\" src=\"https:\/\/www.iseg.ulisboa.pt\/recursos-humanos\/wp-content\/uploads\/sites\/5\/2025\/04\/FIL0756.jpg\" loading=\"lazy\" sizes=\"(max-width: 479px) 86vw, (max-width: 767px) 82vw, (max-width: 991px) 41vw, 32vw\" srcset=\"https:\/\/www.iseg.ulisboa.pt\/recursos-humanos\/wp-content\/uploads\/sites\/5\/2025\/04\/FIL0756.jpg 500w, https:\/\/www.iseg.ulisboa.pt\/recursos-humanos\/wp-content\/uploads\/sites\/5\/2025\/04\/FIL0756.jpg 800w, https:\/\/www.iseg.ulisboa.pt\/recursos-humanos\/wp-content\/uploads\/sites\/5\/2025\/04\/FIL0756.jpg 1080w, https:\/\/www.iseg.ulisboa.pt\/recursos-humanos\/wp-content\/uploads\/sites\/5\/2025\/04\/FIL0756.jpg 1340w\" alt=\"\" class=\"image-cover\">\n                    <\/div>\n                                <div class=\"course-features__content\">\n                    <div class=\"course-features__topcut\"><\/div>\n                    <h4 class=\"course-features__heading\">\n                                                    <a href=\"https:\/\/www.iseg.ulisboa.pt\/recursos-humanos\/protocolos-e-acordos\/\">Protocolos e Acordos<\/a>\n                                            <\/h4>\n                    <div class=\"course-features__text\"><\/div>\n                                            <a href=\"https:\/\/www.iseg.ulisboa.pt\/recursos-humanos\/protocolos-e-acordos\/\"  class=\"link-learnmore\">Saiba Mais<\/a>\n                                    <\/div>\n            <\/div>\n\n                <\/div>\n        <\/div>\n<\/div>\n\n\n<section class=\"block-team \">\n    <div class=\"container\">\n                    <h2 class=\"block-team__text \"><h2 class=\"has-iseg-red-color\">Equipa<\/h2>\n<p>&nbsp;<\/p>\n<\/h2>\n                \n\t\t<div class=\"team-list js-lmc-container\" data-columns>\n\t\t\t\n                \t\t\t\t\n                <div class=\"faculty-list__item js-list-item\">\n                    <a href=\"https:\/\/www.iseg.ulisboa.pt\/professional_staff\/claudia-lopes\/\" class=\"faculty-item__photo \">\n                    <img decoding=\"async\" src=\"https:\/\/www.iseg.ulisboa.pt\/recursos-humanos\/wp-content\/uploads\/2023\/02\/Claudia-Lopes.jpg\" class=\"image-cover wp-post-image\" alt=\"\" srcset=\"https:\/\/www.iseg.ulisboa.pt\/recursos-humanos\/wp-content\/uploads\/2023\/02\/Claudia-Lopes.jpg 1080w, https:\/\/www.iseg.ulisboa.pt\/recursos-humanos\/wp-content\/uploads\/2023\/02\/Claudia-Lopes-300x300.jpg 300w, https:\/\/www.iseg.ulisboa.pt\/recursos-humanos\/wp-content\/uploads\/2023\/02\/Claudia-Lopes-150x150.jpg 150w\" sizes=\"(max-width: 1080px) 100vw, 1080px\" \/>                    <\/a>\n                    <a href=\"https:\/\/www.iseg.ulisboa.pt\/professional_staff\/claudia-lopes\/\" class=\"faculty-item__name \">Cl\u00e1udia Lopes<\/a>\n                    <div class=\"faculty-item__job\">Chefe de Divis\u00e3o<\/div>\n                                        <a class=\"faculty-item__email\" href=\"mailto:claudia.lopes@iseg.ulisboa.pt\">claudia.lopes@iseg.ulisboa.pt<\/a>\n                    <br>\n                                                        <\/div>\n\n\t\t\t\n                \t\t\t\t\n                <div class=\"faculty-list__item js-list-item\">\n                    <a href=\"https:\/\/www.iseg.ulisboa.pt\/professional_staff\/ana-correia\/\" class=\"faculty-item__photo \">\n                    <img decoding=\"async\" src=\"https:\/\/www.iseg.ulisboa.pt\/recursos-humanos\/wp-content\/uploads\/2023\/02\/Ana-Correia.jpg\" class=\"image-cover wp-post-image\" alt=\"\" srcset=\"https:\/\/www.iseg.ulisboa.pt\/recursos-humanos\/wp-content\/uploads\/2023\/02\/Ana-Correia.jpg 1080w, https:\/\/www.iseg.ulisboa.pt\/recursos-humanos\/wp-content\/uploads\/2023\/02\/Ana-Correia-300x300.jpg 300w, https:\/\/www.iseg.ulisboa.pt\/recursos-humanos\/wp-content\/uploads\/2023\/02\/Ana-Correia-150x150.jpg 150w\" sizes=\"(max-width: 1080px) 100vw, 1080px\" \/>                    <\/a>\n                    <a href=\"https:\/\/www.iseg.ulisboa.pt\/professional_staff\/ana-correia\/\" class=\"faculty-item__name \">Ana Correia<\/a>\n                    <div class=\"faculty-item__job\">Coordenadora<\/div>\n                                        <a class=\"faculty-item__email\" href=\"mailto:anacorreia@iseg.ulisboa.pt\">anacorreia@iseg.ulisboa.pt<\/a>\n                    <br>\n                                                        <\/div>\n\n\t\t\t\n                \t\t\t\t\n                <div class=\"faculty-list__item js-list-item\">\n                    <a href=\"https:\/\/www.iseg.ulisboa.pt\/professional_staff\/ana-cunha\/\" class=\"faculty-item__photo \">\n                    <img decoding=\"async\" src=\"https:\/\/www.iseg.ulisboa.pt\/recursos-humanos\/wp-content\/uploads\/Ana-Cristina-Faria.png\" class=\"image-cover wp-post-image\" alt=\"\" srcset=\"https:\/\/www.iseg.ulisboa.pt\/recursos-humanos\/wp-content\/uploads\/Ana-Cristina-Faria.png 1080w, https:\/\/www.iseg.ulisboa.pt\/recursos-humanos\/wp-content\/uploads\/Ana-Cristina-Faria-300x300.png 300w, https:\/\/www.iseg.ulisboa.pt\/recursos-humanos\/wp-content\/uploads\/Ana-Cristina-Faria-150x150.png 150w, https:\/\/www.iseg.ulisboa.pt\/recursos-humanos\/wp-content\/uploads\/Ana-Cristina-Faria-12x12.png 12w\" sizes=\"(max-width: 1080px) 100vw, 1080px\" \/>                    <\/a>\n                    <a href=\"https:\/\/www.iseg.ulisboa.pt\/professional_staff\/ana-cunha\/\" class=\"faculty-item__name \">Ana Cunha Faria<\/a>\n                    <div class=\"faculty-item__job\">T\u00e9cnico Superior<\/div>\n                                        <a class=\"faculty-item__email\" href=\"mailto:anacfaria@iseg.ulisboa.pt\">anacfaria@iseg.ulisboa.pt<\/a>\n                    <br>\n                                                        <\/div>\n\n\t\t\t\n                \t\t\t\t\n                <div class=\"faculty-list__item js-list-item\">\n                    <a href=\"https:\/\/www.iseg.ulisboa.pt\/professional_staff\/lara-ponte\/\" class=\"faculty-item__photo \">\n                    <img decoding=\"async\" src=\"https:\/\/www.iseg.ulisboa.pt\/recursos-humanos\/wp-content\/uploads\/2021\/02\/faculty-default.png\" class=\"image-cover\">                    <\/a>\n                    <a href=\"https:\/\/www.iseg.ulisboa.pt\/professional_staff\/lara-ponte\/\" class=\"faculty-item__name \">Lara Ponte<\/a>\n                    <div class=\"faculty-item__job\">T\u00e9cnico Superior<\/div>\n                                        <a class=\"faculty-item__email\" href=\"mailto:laraponte@iseg.ulisboa.pt\">laraponte@iseg.ulisboa.pt<\/a>\n                    <br>\n                                                        <\/div>\n\n\t\t\t\n                \t\t\t\t\n                <div class=\"faculty-list__item js-list-item\">\n                    <a href=\"https:\/\/www.iseg.ulisboa.pt\/professional_staff\/sofia-guerreiro\/\" class=\"faculty-item__photo \">\n                    <img decoding=\"async\" src=\"https:\/\/www.iseg.ulisboa.pt\/recursos-humanos\/wp-content\/uploads\/2023\/02\/Sofia-Guerreiro.jpg\" class=\"image-cover wp-post-image\" alt=\"\" srcset=\"https:\/\/www.iseg.ulisboa.pt\/recursos-humanos\/wp-content\/uploads\/2023\/02\/Sofia-Guerreiro.jpg 1080w, https:\/\/www.iseg.ulisboa.pt\/recursos-humanos\/wp-content\/uploads\/2023\/02\/Sofia-Guerreiro-300x300.jpg 300w, https:\/\/www.iseg.ulisboa.pt\/recursos-humanos\/wp-content\/uploads\/2023\/02\/Sofia-Guerreiro-150x150.jpg 150w\" sizes=\"(max-width: 1080px) 100vw, 1080px\" \/>                    <\/a>\n                    <a href=\"https:\/\/www.iseg.ulisboa.pt\/professional_staff\/sofia-guerreiro\/\" class=\"faculty-item__name \">Sofia Guerreiro<\/a>\n                    <div class=\"faculty-item__job\">T\u00e9cnica de Recursos Humanos<\/div>\n                                        <a class=\"faculty-item__email\" href=\"mailto:sofiag@iseg.ulisboa.pt\">sofiag@iseg.ulisboa.pt<\/a>\n                    <br>\n                                                        <\/div>\n\n\t\t\t\t\t<\/div>\n    <\/div>\n<\/section>\n\n\n<div class=\"wp-block-columns is-layout-flex wp-container-core-columns-is-layout-1 wp-block-columns-is-layout-flex\">\n<div class=\"wp-block-column is-layout-flow wp-block-column-is-layout-flow\">\n<section class=\"w-full mb-20\">\n    <div class=\"@container\">\n                    <h2 class=\"block-key-contacts__heading has-iseg-red-color\">Contatos<\/h2>\n                <div class=\"grid grid-cols-1 @4xl:grid-cols-4 @2xl:grid-cols-3 gap-4\">\n                            <div class=\"bg-neutral-50 py-4 px-4 font-medium text-black\">\n                    <img decoding=\"async\" src=\"https:\/\/www.iseg.ulisboa.pt\/recursos-humanos\/wp-content\/themes\/iseg\/assets\/images\/location.svg\" alt=\"Location\">\n                    <h3 class=\"mt-4 mb-2 font-bold !text-xl\">\n                        Address                    <\/h3>\n                    Rua do Quelhas, n\u00ba 6<br \/>\r\n1200-781 Lisboa                <\/div>\n                                        <div class=\"bg-neutral-50 py-4 px-4 font-medium text-black\">\n                    <img decoding=\"async\" src=\"https:\/\/www.iseg.ulisboa.pt\/recursos-humanos\/wp-content\/themes\/iseg\/assets\/images\/email.svg\" alt=\"Email\">\n                    <h3 class=\"mt-4 mb-2 font-bold !text-xl\">\n                        Email                    <\/h3>\n                                            <a href=\"mailto:drh@iseg.ulisboa.pt\" class=\"block break-all\">\n                            drh@iseg.ulisboa.pt                        <\/a>\n                                    <\/div>\n                                        <div class=\"bg-neutral-50 py-4 px-4 font-medium text-black\">\n                    <img decoding=\"async\" src=\"https:\/\/www.iseg.ulisboa.pt\/recursos-humanos\/wp-content\/themes\/iseg\/assets\/images\/phone.svg\" alt=\"Phone\">\n                    <h3 class=\"mt-4 mb-2 font-bold !text-xl\">\n                        Telephone                    <\/h3>\n                                            <a href=\"telto:(+351) 213 925 838\" class=\"block break-all\">(+351) 213 925 838<\/a>\n                                            <a href=\"telto:(+351) 213 922 718\" class=\"block break-all\">(+351) 213 922 718<\/a>\n                                            <a href=\"telto:(+351) 213 922 808\" class=\"block break-all\">(+351) 213 922 808<\/a>\n                                    <\/div>\n                                        <div class=\"bg-neutral-50 py-4 px-4 font-medium text-black\">\n                    <img decoding=\"async\" src=\"https:\/\/www.iseg.ulisboa.pt\/recursos-humanos\/wp-content\/themes\/iseg\/assets\/images\/clock.svg\" alt=\"Clock\">\n                    <h3 class=\"mt-4 mb-2 font-bold !text-xl\">\n                        Opening Hours                    <\/h3>\n                    2\u00aa, 4\u00aa e 6\u00aa feira: 10:00h-13:00h <br \/>\r\n<br \/>\r\n3\u00aa e 5\u00aa  feira 14:00h-17:00h<br \/>\r\n                <\/div>\n                    <\/div>\n    <\/div>\n<\/section><\/div>\n<\/div>\n","protected":false},"excerpt":{"rendered":"","protected":false},"author":2,"featured_media":0,"parent":0,"menu_order":1,"comment_status":"closed","ping_status":"closed","template":"tpl-page-blocks.php","meta":{"inline_featured_image":false,"_uag_custom_page_level_css":"","footnotes":""},"acf":[],"uagb_featured_image_src":{"full":false,"thumbnail":false,"medium":false,"medium_large":false,"large":false,"1536x1536":false,"2048x2048":false,"trp-custom-language-flag":false},"uagb_author_info":{"display_name":"Major","author_link":"https:\/\/www.iseg.ulisboa.pt\/recursos-humanos\/author\/leihla\/"},"uagb_comment_info":0,"uagb_excerpt":null,"_links":{"self":[{"href":"https:\/\/www.iseg.ulisboa.pt\/recursos-humanos\/wp-json\/wp\/v2\/pages\/5"}],"collection":[{"href":"https:\/\/www.iseg.ulisboa.pt\/recursos-humanos\/wp-json\/wp\/v2\/pages"}],"about":[{"href":"https:\/\/www.iseg.ulisboa.pt\/recursos-humanos\/wp-json\/wp\/v2\/types\/page"}],"author":[{"embeddable":true,"href":"https:\/\/www.iseg.ulisboa.pt\/recursos-humanos\/wp-json\/wp\/v2\/users\/2"}],"replies":[{"embeddable":true,"href":"https:\/\/www.iseg.ulisboa.pt\/recursos-humanos\/wp-json\/wp\/v2\/comments?post=5"}],"version-history":[{"count":70,"href":"https:\/\/www.iseg.ulisboa.pt\/recursos-humanos\/wp-json\/wp\/v2\/pages\/5\/revisions"}],"predecessor-version":[{"id":3639,"href":"https:\/\/www.iseg.ulisboa.pt\/recursos-humanos\/wp-json\/wp\/v2\/pages\/5\/revisions\/3639"}],"wp:attachment":[{"href":"https:\/\/www.iseg.ulisboa.pt\/recursos-humanos\/wp-json\/wp\/v2\/media?parent=5"}],"curies":[{"name":"wp","href":"https:\/\/api.w.org\/{rel}","templated":true}]}}