{"id":1142,"date":"2023-07-13T23:09:41","date_gmt":"2023-07-13T23:09:41","guid":{"rendered":"https:\/\/www.iseg.ulisboa.pt\/secretaria\/?page_id=1142"},"modified":"2023-07-14T00:08:54","modified_gmt":"2023-07-14T00:08:54","slug":"grade-improvement-registration","status":"publish","type":"page","link":"https:\/\/www.iseg.ulisboa.pt\/secretaria\/en\/academic-information\/masters-degrees\/registrations\/grade-improvement-registration\/","title":{"rendered":"Grade Improvement Enrollment"},"content":{"rendered":"<p>Entries to the Grade Improvements must be made via the \"FENIX\" portal at:<\/p>\n\n\n\n<p class=\"has-text-align-center\"><strong>FENIX Login &gt; Enroll &gt; Evaluation\/Exams\u00a0<\/strong>\u00a0&gt; Select the course and semester<\/p>\n\n\n\n<hr class=\"wp-block-separator has-alpha-channel-opacity is-style-dots\" \/>\n\n\n\n<p><strong>Application deadline:<\/strong><\/p>\n\n\n\n<p>After the grade for the normal period has been entered in the student's curriculum and\u00a0\u00a0<strong>up to 48 hours before the date\/time of the respective written test<\/strong>.<\/p>\n\n\n\n<hr class=\"wp-block-separator has-alpha-channel-opacity is-style-dots\" \/>\n\n\n\n<p><strong>Payment<\/strong><\/p>\n\n\n\n<p>After registering for the course (via FENIX), a debt of 30 euros per course is automatically created.<\/p>\n\n\n\n<hr class=\"wp-block-separator has-alpha-channel-opacity is-style-dots\" \/>\n\n\n\n<p><strong>Important Notes:<\/strong><\/p>\n\n\n\n<ul>\n<li>You can cancel the registration for a grade improvement within the same deadlines set for the respective registration;<\/li>\n\n\n\n<li>No student may take the written test without being duly registered for it;<\/li>\n\n\n\n<li>It is the student's responsibility to ensure that they have registered correctly on the FENIX portal. It is recommended that you print or\u00a0<em>print screen<\/em>\u00a0and save the proof of registration provided on the portal;<\/li>\n\n\n\n<li>Entries can only be made for each season within the time limits set;<\/li>\n\n\n\n<li>Any student can register\u00a0<strong>just once<\/strong>;<\/li>\n\n\n\n<li>The amount settled for the purpose of improving the grade\u00a0<strong>non-refundable<\/strong>\u00a0regardless of withdrawal and the result obtained, with the best classification always prevailing;<\/li>\n\n\n\n<li>Students with\u00a0<strong>irregular financial situation do not have access to entries in the written tests for the purpose of improving their classification<\/strong>. As soon as your financial situation is settled, access to registration will be unblocked and you will be able to register within the previously set deadline.<\/li>\n<\/ul>","protected":false},"excerpt":{"rendered":"Registration for Grade Improvement is compulsory via the \"FENIX\" Portal at: FENIX Login &gt; Register &gt; Assessment\/Exams &gt; Select the course and semester Registration Deadline: After the grade of the [...]","protected":false},"author":43,"featured_media":0,"parent":1141,"menu_order":3,"comment_status":"closed","ping_status":"closed","template":"","meta":{"_uag_custom_page_level_css":"","footnotes":""},"acf":[],"uagb_featured_image_src":{"full":false,"thumbnail":false,"medium":false,"medium_large":false,"large":false,"1536x1536":false,"2048x2048":false,"trp-custom-language-flag":false},"uagb_author_info":{"display_name":"martaflourenco","author_link":"https:\/\/www.iseg.ulisboa.pt\/secretaria\/en\/author\/martaflourenco\/"},"uagb_comment_info":0,"uagb_excerpt":"As inscri\u00e7\u00f5es em Melhorias de Nota s\u00e3o efetuadas obrigatoriamente, atrav\u00e9s do Portal &#8220;FENIX&#8221; em: Login FENIX\u00a0 \u00a0&gt;\u00a0Inscrever\u00a0\u00a0&gt;\u00a0Avalia\u00e7\u00e3o\/Exames\u00a0\u00a0&gt;\u00a0Selecionar a UC e o semestre Prazo de Inscri\u00e7\u00e3o: Ap\u00f3s a nota da \u00e9poca&nbsp;[...]","_links":{"self":[{"href":"https:\/\/www.iseg.ulisboa.pt\/secretaria\/en\/wp-json\/wp\/v2\/pages\/1142"}],"collection":[{"href":"https:\/\/www.iseg.ulisboa.pt\/secretaria\/en\/wp-json\/wp\/v2\/pages"}],"about":[{"href":"https:\/\/www.iseg.ulisboa.pt\/secretaria\/en\/wp-json\/wp\/v2\/types\/page"}],"author":[{"embeddable":true,"href":"https:\/\/www.iseg.ulisboa.pt\/secretaria\/en\/wp-json\/wp\/v2\/users\/43"}],"replies":[{"embeddable":true,"href":"https:\/\/www.iseg.ulisboa.pt\/secretaria\/en\/wp-json\/wp\/v2\/comments?post=1142"}],"version-history":[{"count":3,"href":"https:\/\/www.iseg.ulisboa.pt\/secretaria\/en\/wp-json\/wp\/v2\/pages\/1142\/revisions"}],"predecessor-version":[{"id":1165,"href":"https:\/\/www.iseg.ulisboa.pt\/secretaria\/en\/wp-json\/wp\/v2\/pages\/1142\/revisions\/1165"}],"up":[{"embeddable":true,"href":"https:\/\/www.iseg.ulisboa.pt\/secretaria\/en\/wp-json\/wp\/v2\/pages\/1141"}],"wp:attachment":[{"href":"https:\/\/www.iseg.ulisboa.pt\/secretaria\/en\/wp-json\/wp\/v2\/media?parent=1142"}],"curies":[{"name":"wp","href":"https:\/\/api.w.org\/{rel}","templated":true}]}}