{"id":1289,"date":"2023-07-18T01:34:05","date_gmt":"2023-07-18T01:34:05","guid":{"rendered":"https:\/\/www.iseg.ulisboa.pt\/secretaria\/?page_id=1289"},"modified":"2025-01-08T15:08:28","modified_gmt":"2025-01-08T15:08:28","slug":"tfm-public-tests-to-be-held","status":"publish","type":"page","link":"https:\/\/www.iseg.ulisboa.pt\/secretaria\/en\/academic-information\/masters-degrees\/final-masters-thesis\/tfm-public-tests-to-be-held\/","title":{"rendered":"MFW: Public Tests to be Held"},"content":{"rendered":"<p>The scheduled public examinations for the Final Master's Work can be consulted via the \"FENIX\" Portal at:<\/p>\n\n\n\n<p>Login Fenix &gt; ISEG.applications &gt; Academic work &gt; Public examinations to be held<\/p>\n\n\n\n<p><strong>Face-to-face tests:<\/strong><\/p>\n\n\n\n<p>In face-to-face public exams, the number of people in the room cannot exceed the capacity set for it, and access cannot be guaranteed to everyone. Seats do not need to be booked and are taken on a first-come, first-served basis until the room is full.<\/p>\n\n\n\n<p><\/p>\n\n\n\n<hr class=\"wp-block-separator has-alpha-channel-opacity is-style-dots\" \/>","protected":false},"excerpt":{"rendered":"The public examinations for the Final Master's Degree can be consulted via the \"FENIX\" Portal at: Login Fenix &gt; ISEG.applications &gt; Academic work &gt; Public examinations to be held [...]","protected":false},"author":43,"featured_media":0,"parent":1258,"menu_order":7,"comment_status":"closed","ping_status":"closed","template":"","meta":{"_uag_custom_page_level_css":"","footnotes":""},"acf":[],"uagb_featured_image_src":{"full":false,"thumbnail":false,"medium":false,"medium_large":false,"large":false,"1536x1536":false,"2048x2048":false,"trp-custom-language-flag":false},"uagb_author_info":{"display_name":"martaflourenco","author_link":"https:\/\/www.iseg.ulisboa.pt\/secretaria\/en\/author\/martaflourenco\/"},"uagb_comment_info":0,"uagb_excerpt":"As provas p\u00fablicas de Trabalho Final de Mestrado agendadas podem ser consultadas atrav\u00e9s do Portal &#8220;FENIX&#8221; em: Login Fenix &gt; ISEG.applications &gt; Trabalhos acad\u00e9micos &gt; Provas P\u00fablicas a Realizar Provas&nbsp;[...]","_links":{"self":[{"href":"https:\/\/www.iseg.ulisboa.pt\/secretaria\/en\/wp-json\/wp\/v2\/pages\/1289"}],"collection":[{"href":"https:\/\/www.iseg.ulisboa.pt\/secretaria\/en\/wp-json\/wp\/v2\/pages"}],"about":[{"href":"https:\/\/www.iseg.ulisboa.pt\/secretaria\/en\/wp-json\/wp\/v2\/types\/page"}],"author":[{"embeddable":true,"href":"https:\/\/www.iseg.ulisboa.pt\/secretaria\/en\/wp-json\/wp\/v2\/users\/43"}],"replies":[{"embeddable":true,"href":"https:\/\/www.iseg.ulisboa.pt\/secretaria\/en\/wp-json\/wp\/v2\/comments?post=1289"}],"version-history":[{"count":6,"href":"https:\/\/www.iseg.ulisboa.pt\/secretaria\/en\/wp-json\/wp\/v2\/pages\/1289\/revisions"}],"predecessor-version":[{"id":4623,"href":"https:\/\/www.iseg.ulisboa.pt\/secretaria\/en\/wp-json\/wp\/v2\/pages\/1289\/revisions\/4623"}],"up":[{"embeddable":true,"href":"https:\/\/www.iseg.ulisboa.pt\/secretaria\/en\/wp-json\/wp\/v2\/pages\/1258"}],"wp:attachment":[{"href":"https:\/\/www.iseg.ulisboa.pt\/secretaria\/en\/wp-json\/wp\/v2\/media?parent=1289"}],"curies":[{"name":"wp","href":"https:\/\/api.w.org\/{rel}","templated":true}]}}