{"id":172,"date":"2023-01-27T12:31:48","date_gmt":"2023-01-27T12:31:48","guid":{"rendered":"https:\/\/www.iseg.ulisboa.pt\/secretaria\/?page_id=172"},"modified":"2025-05-21T11:45:50","modified_gmt":"2025-05-21T11:45:50","slug":"firefighter","status":"publish","type":"page","link":"https:\/\/www.iseg.ulisboa.pt\/secretaria\/en\/special-statutes\/firefighter\/","title":{"rendered":"Fireman"},"content":{"rendered":"<p><strong>The following are covered<\/strong> student firefighters from professional, mixed or volunteer bodies who have at least two years' effective service.<\/p>\n\n\n\n<p><strong>The status is obtained<\/strong> by submitting a declaration from the Fire Brigade to which you belong, stating that you have at least two years' effective service, to the Degree Department at the time of registration.<\/p>\n\n\n\n<p>The status is requested, for the whole year, at the time of registration or within 30 days afterwards; or only for the 2nd semester, within 30 days prior to the start of the semester.\u00a0<\/p>\n\n\n\n<h4 class=\"wp-block-heading\"><strong>The benefits consist of:<\/strong><\/h4>\n\n\n\n<p>Firefighters in professional, mixed or volunteer bodies are granted the following benefits:<\/p>\n\n\n\n<ul>\n<li>Relevance of absences from classes motivated by attendance at operational activities, when requested by the fire department commander;<\/li>\n\n\n\n<li>Take, on a date to be agreed with the teacher or in accordance with the internal rules in force at the educational establishment, the written tests that they were unable to attend demonstrably due to the fulfillment of operational activity.<\/li>\n<\/ul>\n\n\n\n<p>Firefighters from professional, mixed or volunteer bodies with at least two years' effective service are also granted the option of requesting an exam for each curricular unit in each academic year, in addition to the exams in the normal and appeal periods, which are already enshrined in current legislation.<\/p>\n\n\n<div class=\"block-file-list\">\n\t<div class=\"container\">\n\t\t<div class=\"file-list\">\n\t\t\t<ul class=\"program-list\">\n                                    <li>\n                        <a target=\"_blank\" href=\"https:\/\/www.iseg.ulisboa.pt\/secretaria\/wp-content\/uploads\/sites\/8\/2023\/07\/Decreto_Lei-241_2007_Bombeiro.pdf\">\n                            <b>Decree Law 241<\/b><div class=\"file_info\"> ( pdf, 127 KB ) <\/div>                        <\/a>\n                    <\/li>\n                            <\/ul>\n\t\t<\/div>\n\t<\/div>\n<\/div>","protected":false},"excerpt":{"rendered":"The students are firefighters from professional, mixed or volunteer bodies who have at least two years' effective service. The status is obtained by submitting it to the Undergraduate Degrees Secretariat [...]","protected":false},"author":2,"featured_media":0,"parent":44,"menu_order":3,"comment_status":"closed","ping_status":"closed","template":"","meta":{"_uag_custom_page_level_css":"","footnotes":""},"acf":[],"uagb_featured_image_src":{"full":false,"thumbnail":false,"medium":false,"medium_large":false,"large":false,"1536x1536":false,"2048x2048":false,"trp-custom-language-flag":false},"uagb_author_info":{"display_name":"Major","author_link":"https:\/\/www.iseg.ulisboa.pt\/secretaria\/en\/author\/leihla\/"},"uagb_comment_info":0,"uagb_excerpt":"Est\u00e3o abrangidos os alunos bombeiros dos corpos profissionais, mistos ou volunt\u00e1rios que tenham pelo menos dois anos de servi\u00e7o efetivo. O estatuto \u00e9 obtido mediante entrega, na Secretaria das Licenciaturas&nbsp;[...]","_links":{"self":[{"href":"https:\/\/www.iseg.ulisboa.pt\/secretaria\/en\/wp-json\/wp\/v2\/pages\/172"}],"collection":[{"href":"https:\/\/www.iseg.ulisboa.pt\/secretaria\/en\/wp-json\/wp\/v2\/pages"}],"about":[{"href":"https:\/\/www.iseg.ulisboa.pt\/secretaria\/en\/wp-json\/wp\/v2\/types\/page"}],"author":[{"embeddable":true,"href":"https:\/\/www.iseg.ulisboa.pt\/secretaria\/en\/wp-json\/wp\/v2\/users\/2"}],"replies":[{"embeddable":true,"href":"https:\/\/www.iseg.ulisboa.pt\/secretaria\/en\/wp-json\/wp\/v2\/comments?post=172"}],"version-history":[{"count":5,"href":"https:\/\/www.iseg.ulisboa.pt\/secretaria\/en\/wp-json\/wp\/v2\/pages\/172\/revisions"}],"predecessor-version":[{"id":1560,"href":"https:\/\/www.iseg.ulisboa.pt\/secretaria\/en\/wp-json\/wp\/v2\/pages\/172\/revisions\/1560"}],"up":[{"embeddable":true,"href":"https:\/\/www.iseg.ulisboa.pt\/secretaria\/en\/wp-json\/wp\/v2\/pages\/44"}],"wp:attachment":[{"href":"https:\/\/www.iseg.ulisboa.pt\/secretaria\/en\/wp-json\/wp\/v2\/media?parent=172"}],"curies":[{"name":"wp","href":"https:\/\/api.w.org\/{rel}","templated":true}]}}