{"id":1829,"date":"2023-08-20T01:48:03","date_gmt":"2023-08-20T01:48:03","guid":{"rendered":"https:\/\/www.iseg.ulisboa.pt\/secretaria\/?page_id=1829"},"modified":"2024-03-21T15:57:24","modified_gmt":"2024-03-21T15:57:24","slug":"special-season-registration-for-march-2023-2024","status":"publish","type":"page","link":"https:\/\/www.iseg.ulisboa.pt\/secretaria\/en\/academic-information\/crediting\/registrations\/registration-during-assessment-periods\/registration-for-assessment-periods-2023-2024-1st-semester\/special-season-registration-for-march-2023-2024\/","title":{"rendered":"March Special Season Registration"},"content":{"rendered":"<p><\/p>\n\n\n\n<p class=\"has-text-align-center\"><\/p>\n\n\n\n<div class=\"wp-block-pb-accordion-item c-accordion__item js-accordion-item no-js\" data-initially-open=\"false\" data-click-to-close=\"true\" data-auto-close=\"true\" data-scroll=\"false\" data-scroll-offset=\"0\"><h4 id=\"at-18290\" class=\"c-accordion__title js-accordion-controller\" role=\"button\">Application deadline:<\/h4><div id=\"ac-18290\" class=\"c-accordion__content\">\n<p>Applications for the March Special Season must be made by the following deadline:<strong>February 12-16, 2024<\/strong><\/p>\n<\/div><\/div>\n\n\n\n<div class=\"wp-block-pb-accordion-item c-accordion__item js-accordion-item no-js\" data-initially-open=\"false\" data-click-to-close=\"true\" data-auto-close=\"true\" data-scroll=\"false\" data-scroll-offset=\"0\"><h4 id=\"at-18291\" class=\"c-accordion__title js-accordion-controller\" role=\"button\">How to Enrol?<\/h4><div id=\"ac-18291\" class=\"c-accordion__content\">\n<p>Online, via the F\u00e9nix Portal : LOGIN \u2192 STUDENT\u2192 REGISTER \u2192 EVALUATIONS<\/p>\n<\/div><\/div>\n\n\n\n<div class=\"wp-block-pb-accordion-item c-accordion__item js-accordion-item no-js\" data-initially-open=\"false\" data-click-to-close=\"true\" data-auto-close=\"true\" data-scroll=\"false\" data-scroll-offset=\"0\"><h4 id=\"at-18292\" class=\"c-accordion__title js-accordion-controller\" role=\"button\">Who's it for?<\/h4><div id=\"ac-18292\" class=\"c-accordion__content\">\n<p>The March Special Season is aimed at the following students:<\/p>\n\n\n\n<ul>\n<li>For students who have only one course to complete their degree (if the course only runs in the 2nd semester you should send an email to&nbsp;<a rel=\"noreferrer noopener\" href=\"mailto:seclic@iseg.ulisboa.pt\" target=\"_blank\">seclic@iseg.ulisboa.pt<\/a>&nbsp;requesting your enrolment)<\/li>\n\n\n\n<li>Association leaders;<\/li>\n\n\n\n<li>Youth association leaders.<\/li>\n<\/ul>\n<\/div><\/div>\n\n\n\n<div class=\"wp-block-pb-accordion-item c-accordion__item js-accordion-item no-js\" data-initially-open=\"false\" data-click-to-close=\"true\" data-auto-close=\"true\" data-scroll=\"false\" data-scroll-offset=\"0\"><h4 id=\"at-18293\" class=\"c-accordion__title js-accordion-controller\" role=\"button\">Payment:<\/h4><div id=\"ac-18293\" class=\"c-accordion__content\">\n<p>After registering for the course (online), a debt of 10 euros per course is automatically created.<\/p>\n\n\n\n<p>Payment must be made within 5 days of registration, by bank reference, credit card or MBWay. To check the reference, go to the Portal and select the options \"View Account\" and \"Payment References\" in the \"Student\" menu, and check the data generated.<\/p>\n\n\n\n<p>Once the information has been received via SIBS, the receipt will be automatically issued and can be consulted on the F\u00e9nix Portal at: Student\" Payments \" select the desired payment and click on print.<\/p>\n<\/div><\/div>\n\n\n\n<div class=\"wp-block-pb-accordion-item c-accordion__item js-accordion-item no-js\" data-initially-open=\"false\" data-click-to-close=\"true\" data-auto-close=\"true\" data-scroll=\"false\" data-scroll-offset=\"0\"><h4 id=\"at-18294\" class=\"c-accordion__title js-accordion-controller\" role=\"button\">Calendar:<\/h4><div id=\"ac-18294\" class=\"c-accordion__content\">\n<p>The calendar is published on the website&nbsp;<a rel=\"noreferrer noopener\" href=\"https:\/\/www.iseg.ulisboa.pt\/secretaria\/en\/academic-information\/academic-calendars\/calendar-of-assessment-periods\/\" target=\"_blank\">see here<\/a><\/p>\n<\/div><\/div>\n\n\n\n<p><\/p>\n\n\n\n<p><strong>Important Notes:<\/strong><\/p>\n\n\n\n<p>Students whose financial situation is irregular will not be able to register for the written tests. As soon as their financial situation is settled, access to registration will be unblocked and they will be able to register, but only within the time limits previously set.<\/p>\n\n\n\n<p>March Season Exams - from <strong>March 4-8, 2024<\/strong>.<\/p>","protected":false},"excerpt":{"rendered":"Important notes: Students whose financial situation is irregular will not be able to register for the written tests. As soon as you regularize your financial situation, access to registration will be unblocked and you will be able to [...]","protected":false},"author":43,"featured_media":0,"parent":1867,"menu_order":4,"comment_status":"closed","ping_status":"closed","template":"","meta":{"_uag_custom_page_level_css":"","footnotes":""},"acf":[],"uagb_featured_image_src":{"full":false,"thumbnail":false,"medium":false,"medium_large":false,"large":false,"1536x1536":false,"2048x2048":false,"trp-custom-language-flag":false},"uagb_author_info":{"display_name":"martaflourenco","author_link":"https:\/\/www.iseg.ulisboa.pt\/secretaria\/en\/author\/martaflourenco\/"},"uagb_comment_info":0,"uagb_excerpt":"Notas Importantes: Os alunos com situa\u00e7\u00e3o financeira irregular n\u00e3o t\u00eam acesso \u00e0s inscri\u00e7\u00f5es nas provas escritas.\u00a0Logo que regularize a sua situa\u00e7\u00e3o financeira, o acesso \u00e0s inscri\u00e7\u00f5es ficar\u00e1 desbloqueado e poder\u00e1&nbsp;[...]","_links":{"self":[{"href":"https:\/\/www.iseg.ulisboa.pt\/secretaria\/en\/wp-json\/wp\/v2\/pages\/1829"}],"collection":[{"href":"https:\/\/www.iseg.ulisboa.pt\/secretaria\/en\/wp-json\/wp\/v2\/pages"}],"about":[{"href":"https:\/\/www.iseg.ulisboa.pt\/secretaria\/en\/wp-json\/wp\/v2\/types\/page"}],"author":[{"embeddable":true,"href":"https:\/\/www.iseg.ulisboa.pt\/secretaria\/en\/wp-json\/wp\/v2\/users\/43"}],"replies":[{"embeddable":true,"href":"https:\/\/www.iseg.ulisboa.pt\/secretaria\/en\/wp-json\/wp\/v2\/comments?post=1829"}],"version-history":[{"count":18,"href":"https:\/\/www.iseg.ulisboa.pt\/secretaria\/en\/wp-json\/wp\/v2\/pages\/1829\/revisions"}],"predecessor-version":[{"id":3382,"href":"https:\/\/www.iseg.ulisboa.pt\/secretaria\/en\/wp-json\/wp\/v2\/pages\/1829\/revisions\/3382"}],"up":[{"embeddable":true,"href":"https:\/\/www.iseg.ulisboa.pt\/secretaria\/en\/wp-json\/wp\/v2\/pages\/1867"}],"wp:attachment":[{"href":"https:\/\/www.iseg.ulisboa.pt\/secretaria\/en\/wp-json\/wp\/v2\/media?parent=1829"}],"curies":[{"name":"wp","href":"https:\/\/api.w.org\/{rel}","templated":true}]}}