{"id":2898,"date":"2024-02-09T11:31:03","date_gmt":"2024-02-09T11:31:03","guid":{"rendered":"https:\/\/www.iseg.ulisboa.pt\/secretaria\/?page_id=2898"},"modified":"2024-05-21T16:06:56","modified_gmt":"2024-05-21T16:06:56","slug":"doctoral-fees-2024-2025","status":"publish","type":"page","link":"https:\/\/www.iseg.ulisboa.pt\/secretaria\/en\/academic-information\/doctorates\/tuition-fees\/doctoral-fees-2024-2025\/","title":{"rendered":"Doctoral fees 2024\/2025"},"content":{"rendered":"<h3 class=\"wp-block-heading\">Doctoral fees 2024\/2025<\/h3>\n\n\n\n<figure class=\"wp-block-table\"><table><thead><tr><th>PhD*<\/th><th class=\"has-text-align-center\" data-align=\"center\">1st Year<\/th><th class=\"has-text-align-center\" data-align=\"center\">2nd Year<\/th><th class=\"has-text-align-center\" data-align=\"center\">3rd Year<\/th><\/tr><\/thead><tbody><tr><td><a href=\"https:\/\/www.iseg.ulisboa.pt\/secretaria\/en\/study\/phd\/economics\/\">Economics<\/a><\/td><td class=\"has-text-align-center\" data-align=\"center\">\u20ac 3000<\/td><td class=\"has-text-align-center\" data-align=\"center\">\u20ac 2000<\/td><td class=\"has-text-align-center\" data-align=\"center\">\u20ac 2000<\/td><\/tr><tr><td><a href=\"https:\/\/www.iseg.ulisboa.pt\/secretaria\/en\/estudar\/doutoramento\/gestao\/\">Management<\/a><\/td><td class=\"has-text-align-center\" data-align=\"center\">\u20ac 3000<\/td><td class=\"has-text-align-center\" data-align=\"center\">\u20ac 2000<\/td><td class=\"has-text-align-center\" data-align=\"center\">\u20ac 2000<\/td><\/tr><tr><td><a href=\"https:\/\/www.iseg.ulisboa.pt\/secretaria\/en\/study\/phd\/applied-mathematics-for-economics-and-management\/\">Applied Mathematics for Economics and Management<\/a><\/td><td class=\"has-text-align-center\" data-align=\"center\">\u20ac 3000<\/td><td class=\"has-text-align-center\" data-align=\"center\">\u20ac 2000<\/td><td class=\"has-text-align-center\" data-align=\"center\">\u20ac 2000<\/td><\/tr><tr><td><a href=\"https:\/\/www.iseg.ulisboa.pt\/secretaria\/en\/pt\/estudar\/doutoramento\/historia-economica-e-social\/\">Economic and Social History<\/a><\/td><td class=\"has-text-align-center\" data-align=\"center\">\u20ac 3000<\/td><td class=\"has-text-align-center\" data-align=\"center\">\u20ac 2000<\/td><td class=\"has-text-align-center\" data-align=\"center\">\u20ac 2000<\/td><\/tr><tr><td><a href=\"https:\/\/www.iseg.ulisboa.pt\/secretaria\/en\/pt\/estudar\/doutoramento\/sociologia-economica-e-das-organizacoes\/\">Economic and Organizational Sociology<\/a><\/td><td class=\"has-text-align-center\" data-align=\"center\">\u20ac 3000<\/td><td class=\"has-text-align-center\" data-align=\"center\">\u20ac 2000<\/td><td class=\"has-text-align-center\" data-align=\"center\">\u20ac 2000<\/td><\/tr><tr><td><a href=\"https:\/\/www.iseg.ulisboa.pt\/secretaria\/en\/study\/phd\/development-studies\/\">Development Studies<\/a><\/td><td class=\"has-text-align-center\" data-align=\"center\">\u20ac 3000<\/td><td class=\"has-text-align-center\" data-align=\"center\">\u20ac 2000<\/td><td class=\"has-text-align-center\" data-align=\"center\">\u20ac 2000<\/td><\/tr><\/tbody><\/table><\/figure>\n\n\n\n<p class=\"has-small-font-size\"><strong>*The PhD program lasts 3 years. For each additional year the amount payable is \u20ac1,000. <\/strong><\/p>\n\n\n\n<p class=\"has-small-font-size\">The tuition fee for the special thesis submission regime (article 4 of the ISEG Doctoral Regulations) is \u20ac 6000.<\/p>\n\n\n\n<p><\/p>\n\n\n\n<p><\/p>\n\n\n\n<p><\/p>\n\n\n\n<figure class=\"wp-block-table\"><table><thead><tr><th>Doctorates in Association<\/th><th class=\"has-text-align-center\" data-align=\"center\">1st Year<\/th><th class=\"has-text-align-center\" data-align=\"center\">2nd Year<\/th><th class=\"has-text-align-center\" data-align=\"center\">3rd Year<\/th><\/tr><\/thead><tbody><tr><td><a href=\"https:\/\/epoldi.net\/\" target=\"_blank\" rel=\"noreferrer noopener\">Political Economy<\/a><\/td><td class=\"has-text-align-center\" data-align=\"center\">\u20ac 2000<\/td><td class=\"has-text-align-center\" data-align=\"center\">\u20ac 2000<\/td><td class=\"has-text-align-center\" data-align=\"center\">\u20ac 2000<\/td><\/tr><tr><td><a href=\"https:\/\/opensoc.pt\/en\/\" target=\"_blank\" rel=\"noreferrer noopener\">Sociology - OPENSOC<\/a><\/td><td class=\"has-text-align-center\" data-align=\"center\">\u20ac 1375<\/td><td class=\"has-text-align-center\" data-align=\"center\">\u20ac 1375<\/td><td class=\"has-text-align-center\" data-align=\"center\">\u20ac 1375<\/td><\/tr><\/tbody><\/table><\/figure>\n\n\n\n<p><\/p>\n\n\n\n<p><\/p>\n\n\n\n<h4 class=\"wp-block-heading\">Table of Tuition Fees by Installments and Payment Deadlines 1st Year<\/h4>\n\n\n\n<figure class=\"wp-block-table\"><table><thead><tr><th>Benefits<\/th><th class=\"has-text-align-center\" data-align=\"center\">1st Year<\/th><th class=\"has-text-align-center\" data-align=\"center\">Payment Deadline<\/th><\/tr><\/thead><tbody><tr><td>1st installment<\/td><td class=\"has-text-align-center\" data-align=\"center\">\u20ac 700<\/td><td class=\"has-text-align-center\" data-align=\"center\">registration<\/td><\/tr><tr><td>2nd installment<\/td><td class=\"has-text-align-center\" data-align=\"center\">\u20ac 1400<\/td><td class=\"has-text-align-center\" data-align=\"center\">September 30th, 2024<\/td><\/tr><tr><td>3rd installment<\/td><td class=\"has-text-align-center\" data-align=\"center\">\u20ac 900<\/td><td class=\"has-text-align-center\" data-align=\"center\">March 30th, 2025<\/td><\/tr><tr><td>Total<\/td><td class=\"has-text-align-center\" data-align=\"center\"><strong>\u20ac 3000<\/strong><\/td><td class=\"has-text-align-center\" data-align=\"center\"><\/td><\/tr><\/tbody><\/table><\/figure>\n\n\n\n<p><\/p>\n\n\n\n<p><\/p>\n\n\n\n<h4 class=\"wp-block-heading\">Table of Tuition Fees by Installments and Payment Deadlines from 2nd to 6th Year*<\/h4>\n\n\n\n<p><\/p>\n\n\n\n<figure class=\"wp-block-table\"><table><thead><tr><th>Benefits<\/th><th class=\"has-text-align-center\" data-align=\"center\">2nd Year<\/th><th class=\"has-text-align-center\" data-align=\"center\">3rd Year<\/th><th>4th Year<\/th><th class=\"has-text-align-center\" data-align=\"center\">5th Year<\/th><th class=\"has-text-align-center\" data-align=\"center\">6th grade<\/th><th class=\"has-text-align-center\" data-align=\"center\">Payment Deadline<\/th><\/tr><\/thead><tbody><tr><td>1st installment<\/td><td class=\"has-text-align-center\" data-align=\"center\">\u20ac 1200<\/td><td class=\"has-text-align-center\" data-align=\"center\">\u20ac 1200<\/td><td>\u20ac 600<\/td><td class=\"has-text-align-center\" data-align=\"center\">\u20ac 600<\/td><td class=\"has-text-align-center\" data-align=\"center\">\u20ac 600<\/td><td class=\"has-text-align-center\" data-align=\"center\">September 30th, 2024<\/td><\/tr><tr><td>2nd installment<\/td><td class=\"has-text-align-center\" data-align=\"center\">\u20ac 800<\/td><td class=\"has-text-align-center\" data-align=\"center\">\u20ac 800<\/td><td>\u20ac 400<\/td><td class=\"has-text-align-center\" data-align=\"center\">\u20ac 400<\/td><td class=\"has-text-align-center\" data-align=\"center\">\u20ac 400<\/td><td class=\"has-text-align-center\" data-align=\"center\">March 30th, 2025<\/td><\/tr><tr><td>Total<\/td><td class=\"has-text-align-center\" data-align=\"center\">\u20ac 2000<\/td><td class=\"has-text-align-center\" data-align=\"center\">\u20ac 2000<\/td><td>\u20ac 1000<\/td><td class=\"has-text-align-center\" data-align=\"center\">\u20ac 1000<\/td><td class=\"has-text-align-center\" data-align=\"center\">\u20ac 1000<\/td><td class=\"has-text-align-center\" data-align=\"center\"><\/td><\/tr><\/tbody><\/table><\/figure>\n\n\n\n<p><\/p>\n\n\n\n<h4 class=\"wp-block-heading\"><strong>Notes:<\/strong><\/h4>\n\n\n\n<ol>\n<li>If you fail to pay any installment within the deadlines set out above, you will incur an aggravation that includes an Emoluments Increase of \u20ac40, plus Interest on arrears at the legal rate for debts to the State and other public entities.<\/li>\n\n\n\n<li>Price subject to annual tuition fee approval.<\/li>\n<\/ol>\n\n\n\n<hr class=\"wp-block-separator has-alpha-channel-opacity is-style-dots\" \/>\n\n\n\n<p><strong>Repeating Curricular Units<\/strong><\/p>\n\n\n\n<p>The value of the course units is calculated as follows: (Unit Value for Course Units):<\/p>\n\n\n\n<p><strong>No. of ECTS enrolled in UC\/No. of ECTS for year of course x Tuition fee for year of course<\/strong><\/p>\n\n\n\n<p>Consult the Fees Regulation and the respective Annex Tuition Regulation <a href=\"https:\/\/www.iseg.ulisboa.pt\/secretaria\/en\/academic-information\/doctorates\/tuition-fees\/\">Tuition Fee | Academic Services (ulisboa.pt)<\/a><\/p>\n\n\n\n<hr class=\"wp-block-separator has-alpha-channel-opacity\" \/>","protected":false},"excerpt":{"rendered":"Tuition fees Doctorate 2024\/2025 Doctorate*1st Year2nd Year3rd YearEconomics\u20ac 3000\u20ac 2000Management\u20ac 3000\u20ac 2000Mathematics Applied to Economics and Management\u20ac 3000\u20ac 2000Economic and Social History\u20ac 3000\u20ac 2000Economic and Social [...]","protected":false},"author":44,"featured_media":0,"parent":1330,"menu_order":1,"comment_status":"closed","ping_status":"closed","template":"","meta":{"_uag_custom_page_level_css":"","footnotes":""},"acf":[],"uagb_featured_image_src":{"full":false,"thumbnail":false,"medium":false,"medium_large":false,"large":false,"1536x1536":false,"2048x2048":false,"trp-custom-language-flag":false},"uagb_author_info":{"display_name":"emartins","author_link":"https:\/\/www.iseg.ulisboa.pt\/secretaria\/en\/author\/emartins\/"},"uagb_comment_info":0,"uagb_excerpt":"Propinas Doutoramento 2024\/2025 Doutoramento*1\u00ba Ano2\u00ba Ano3\u00ba AnoEconomia\u20ac 3000\u20ac 2000\u20ac 2000Gest\u00e3o\u20ac 3000\u20ac 2000\u20ac 2000Matem\u00e1tica Aplicada \u00e0 Economia e \u00e0 Gest\u00e3o\u20ac 3000\u20ac 2000\u20ac 2000Hist\u00f3ria Econ\u00f3mica e Social\u20ac 3000\u20ac 2000\u20ac 2000Sociologia Econ\u00f3mica e&nbsp;[...]","_links":{"self":[{"href":"https:\/\/www.iseg.ulisboa.pt\/secretaria\/en\/wp-json\/wp\/v2\/pages\/2898"}],"collection":[{"href":"https:\/\/www.iseg.ulisboa.pt\/secretaria\/en\/wp-json\/wp\/v2\/pages"}],"about":[{"href":"https:\/\/www.iseg.ulisboa.pt\/secretaria\/en\/wp-json\/wp\/v2\/types\/page"}],"author":[{"embeddable":true,"href":"https:\/\/www.iseg.ulisboa.pt\/secretaria\/en\/wp-json\/wp\/v2\/users\/44"}],"replies":[{"embeddable":true,"href":"https:\/\/www.iseg.ulisboa.pt\/secretaria\/en\/wp-json\/wp\/v2\/comments?post=2898"}],"version-history":[{"count":11,"href":"https:\/\/www.iseg.ulisboa.pt\/secretaria\/en\/wp-json\/wp\/v2\/pages\/2898\/revisions"}],"predecessor-version":[{"id":4803,"href":"https:\/\/www.iseg.ulisboa.pt\/secretaria\/en\/wp-json\/wp\/v2\/pages\/2898\/revisions\/4803"}],"up":[{"embeddable":true,"href":"https:\/\/www.iseg.ulisboa.pt\/secretaria\/en\/wp-json\/wp\/v2\/pages\/1330"}],"wp:attachment":[{"href":"https:\/\/www.iseg.ulisboa.pt\/secretaria\/en\/wp-json\/wp\/v2\/media?parent=2898"}],"curies":[{"name":"wp","href":"https:\/\/api.w.org\/{rel}","templated":true}]}}