{"id":44,"date":"2023-01-20T19:04:17","date_gmt":"2023-01-20T19:04:17","guid":{"rendered":"https:\/\/www.iseg.ulisboa.pt\/secretaria\/?page_id=44"},"modified":"2026-01-02T14:49:57","modified_gmt":"2026-01-02T14:49:57","slug":"special-statutes","status":"publish","type":"page","link":"https:\/\/www.iseg.ulisboa.pt\/secretaria\/en\/special-statutes\/","title":{"rendered":"Special Statutes"},"content":{"rendered":"<p>There are specific situations provided for by law, which may confer a special status on a student, giving access to certain conditions, such as the Special Exam Season, so that the student can better reconcile their academic path with their respective status.<\/p>\n\n\n\n<p>Any student who is eligible for one of the following special statuses for higher education students must request it, together with the documents proving their situation, from the academic services on their campus.<\/p>\n\n\n\n<h4 class=\"wp-block-heading\">Special Statutes for Students<\/h4>\n\n\n\n<ul>\n<li><a href=\"https:\/\/www.iseg.ulisboa.pt\/secretaria\/en\/special-statutes\/university-of-lisbon-athlete\/\">University of Lisbon athlete<\/a><\/li>\n\n\n\n<li><a href=\"https:\/\/www.iseg.ulisboa.pt\/secretaria\/en\/special-statutes\/firefighter\/\">Fireman<\/a><\/li>\n\n\n\n<li><a href=\"https:\/\/www.iseg.ulisboa.pt\/secretaria\/en\/special-statutes\/combatants-and-their-children\/\" data-type=\"page\" data-id=\"174\">Combatants and Sons<\/a><\/li>\n\n\n\n<li><a href=\"https:\/\/www.iseg.ulisboa.pt\/secretaria\/en\/special-statutes\/religious-denominations\/\" data-type=\"page\" data-id=\"176\">Religious denominations<\/a><\/li>\n\n\n\n<li><a href=\"https:\/\/www.iseg.ulisboa.pt\/secretaria\/en\/special-statutes\/association-leader\/\" data-type=\"page\" data-id=\"178\">Association leader<\/a><\/li>\n\n\n\n<li><a href=\"https:\/\/www.iseg.ulisboa.pt\/secretaria\/en\/special-statutes\/scholarship-student\/\" data-type=\"page\" data-id=\"180\">Scholarship student<\/a><\/li>\n\n\n\n<li><a href=\"https:\/\/www.iseg.ulisboa.pt\/secretaria\/en\/special-statutes\/maternity-or-paternity\/\" data-type=\"page\" data-id=\"182\">Maternity or Paternity<\/a><\/li>\n\n\n\n<li><a href=\"https:\/\/www.iseg.ulisboa.pt\/secretaria\/en\/special-statutes\/military-2\/\">Military<\/a><\/li>\n\n\n\n<li><a href=\"https:\/\/www.iseg.ulisboa.pt\/secretaria\/en\/special-statutes\/special-educational-needs-nee\/\" data-type=\"page\" data-id=\"186\">Special Educational Needs (SEN)<\/a><\/li>\n\n\n\n<li><a href=\"https:\/\/www.iseg.ulisboa.pt\/secretaria\/en\/special-statutes\/student-worker-2022-2023\/\">Student-Worker<\/a><\/li>\n<\/ul>","protected":false},"excerpt":{"rendered":"There are specific situations provided for by law, which may confer a special status on a student, giving access to certain conditions, such as the Special Examination Season, so that the student [...]","protected":false},"author":2,"featured_media":0,"parent":0,"menu_order":3,"comment_status":"closed","ping_status":"closed","template":"","meta":{"_uag_custom_page_level_css":"","footnotes":""},"acf":[],"uagb_featured_image_src":{"full":false,"thumbnail":false,"medium":false,"medium_large":false,"large":false,"1536x1536":false,"2048x2048":false,"trp-custom-language-flag":false},"uagb_author_info":{"display_name":"Major","author_link":"https:\/\/www.iseg.ulisboa.pt\/secretaria\/en\/author\/leihla\/"},"uagb_comment_info":0,"uagb_excerpt":"Existem situa\u00e7\u00f5es espec\u00edficas previstas na lei, que poder\u00e3o conferir um estatuto especial a um estudante, dando acesso a algumas condi\u00e7\u00f5es, como a \u00c9poca Especial de Exames, para que o estudante&nbsp;[...]","_links":{"self":[{"href":"https:\/\/www.iseg.ulisboa.pt\/secretaria\/en\/wp-json\/wp\/v2\/pages\/44"}],"collection":[{"href":"https:\/\/www.iseg.ulisboa.pt\/secretaria\/en\/wp-json\/wp\/v2\/pages"}],"about":[{"href":"https:\/\/www.iseg.ulisboa.pt\/secretaria\/en\/wp-json\/wp\/v2\/types\/page"}],"author":[{"embeddable":true,"href":"https:\/\/www.iseg.ulisboa.pt\/secretaria\/en\/wp-json\/wp\/v2\/users\/2"}],"replies":[{"embeddable":true,"href":"https:\/\/www.iseg.ulisboa.pt\/secretaria\/en\/wp-json\/wp\/v2\/comments?post=44"}],"version-history":[{"count":11,"href":"https:\/\/www.iseg.ulisboa.pt\/secretaria\/en\/wp-json\/wp\/v2\/pages\/44\/revisions"}],"predecessor-version":[{"id":5874,"href":"https:\/\/www.iseg.ulisboa.pt\/secretaria\/en\/wp-json\/wp\/v2\/pages\/44\/revisions\/5874"}],"wp:attachment":[{"href":"https:\/\/www.iseg.ulisboa.pt\/secretaria\/en\/wp-json\/wp\/v2\/media?parent=44"}],"curies":[{"name":"wp","href":"https:\/\/api.w.org\/{rel}","templated":true}]}}