{"id":4893,"date":"2025-03-26T14:22:32","date_gmt":"2025-03-26T14:22:32","guid":{"rendered":"https:\/\/www.iseg.ulisboa.pt\/secretaria\/?page_id=4893"},"modified":"2025-09-08T15:50:24","modified_gmt":"2025-09-08T15:50:24","slug":"renewal-of-registration-for-school-year-2025-2026","status":"publish","type":"page","link":"https:\/\/www.iseg.ulisboa.pt\/secretaria\/en\/academic-information\/crediting\/registrations\/renewal-of-registration-for-school-year-2025-2026\/","title":{"rendered":"Renewal of Enrollment for the 2025\/2026 School Year"},"content":{"rendered":"<p>Students enrolled in 2024\/2025 must register for the Compulsory and Optional Curricular Units for 2025\/2026 via the web portal \"<strong>Phoenix<\/strong>&#8220;,&nbsp;<strong>MyFenix<\/strong> \" <strong>Enroll<\/strong> \" <strong>Registration <\/strong> \" <strong>Create <\/strong>of:<\/p>\n\n\n\n<p class=\"has-text-align-center\"><strong>July 16-23, 2025<\/strong><\/p>\n\n\n\n<p class=\"has-text-align-center\">\u00a0(on the 15th access will only be available from 10:00 and on the 22nd until 23:59)<\/p>\n\n\n<div class=\"block-additional-resources\">\n\t<div class=\"container\">\n\t\t<h3 class=\"has-iseg-red-color\"><\/h3>\n\t\t<div class=\"block-resources\">\n\t\t\t\t\t\t\t\t<a href=\"https:\/\/www.iseg.ulisboa.pt\/secretaria\/en\/academic-information\/academic-calendars\/school-calendar\/#uagb-tabs__tab1\" class=\"block-resources__item\" title=\"School calendar\" target=\"_blank\">\n\t\t\t\t\t\tSchool calendar\t\t\t\t\t<\/a>\n\t\t\t\t\t\t\t\t\t\t\t\t<a href=\"https:\/\/www.iseg.ulisboa.pt\/secretaria\/en\/academic-information\/academic-calendars\/calendar-of-assessment-periods\/\" class=\"block-resources__item\" title=\"Calendar of Assessment Times\" target=\"_self\">\n\t\t\t\t\t\tCalendar of Assessment Times\t\t\t\t\t<\/a>\n\t\t\t\t\t\t\t\t\t\t\t\t<a href=\"https:\/\/www.iseg.ulisboa.pt\/secretaria\/en\/academic-information\/crediting\/degree-timetables\/\" class=\"block-resources__item\" title=\"Schedule\" target=\"_self\">\n\t\t\t\t\t\tSchedule\t\t\t\t\t<\/a>\n\t\t\t\t\t\t\t\t\t\t\t\t<a href=\"https:\/\/www.iseg.ulisboa.pt\/secretaria\/en\/academic-information\/crediting\/registrations\/enrolment-in-curricular-units-2\/registrations-2-2\/\" class=\"block-resources__item\" title=\"Registration - UC and classes\" target=\"_self\">\n\t\t\t\t\t\tRegistration - CU and classes\t\t\t\t\t<\/a>\n\t\t\t\t\t\t\t\t\t\t\t\t<a href=\"https:\/\/www.iseg.ulisboa.pt\/secretaria\/en\/academic-information\/crediting\/registrations\/enrolment-in-curricular-units-2\/faq\/\" class=\"block-resources__item\" title=\"FAQ\" target=\"_self\">\n\t\t\t\t\t\tFAQ\t\t\t\t\t<\/a>\n\t\t\t\t\t\t\t\t\t\t\t\t<a href=\"https:\/\/www.iseg.ulisboa.pt\/secretaria\/en\/academic-information\/crediting\/tuition-fees\/tuition-fees-academic-year-2025-2026\/\" class=\"block-resources__item\" title=\"Tuition Fees Academic Year 2025\/2026\" target=\"_self\">\n\t\t\t\t\t\tTuition Fees Academic Year 2025\/2026\t\t\t\t\t<\/a>\n\t\t\t\t\t\t\t\t\t<\/div>\n\t<\/div>\n<\/div>\n\n\n\n<p><strong>The criterion for allocating registrations to classes is  first come, first served basis.<\/strong><\/p>\n\n\n\n<p>Registration is compulsory for students enrolled at ISEG in 2023\/2024 who intend to continue their studies in 2024\/2025.<\/p>\n\n\n\n<p>From the moment the registration is made, the student is automatically bound to ISEG and must therefore fulfill his\/her financial commitments, namely the payment of tuition fees.<\/p>\n\n\n\n<p>Important notes:<\/p>\n\n\n\n<p><strong>Degree in Economics\/Economics:<\/strong> For the year 2025\/2026, the transition plan only affects the 1st year. You can consult the transition plan, as well as the course FAQ <a href=\"https:\/\/fenix.iseg.ulisboa.pt\/degrees\/eco\/faqs\">here<\/a><\/p>\n\n\n\n<p>In terms of electives, in 2025\/2026 Economics students (3rd year) should have <strong>30 ECTS<\/strong> in the group of electives, being<strong> 18 ECTS<\/strong> in conditional electives and <strong>12 ECTS<\/strong> in free electives.<\/p>\n\n\n\n<p><strong>Degree in Management\/Mangement: <\/strong>For 2025\/2026 there will be a change in the study plan, you can consult all the information (new study plan, Faq, etc.) <a href=\"https:\/\/fenix.iseg.ulisboa.pt\/degrees\/ges\/faq\">here<\/a><\/p>\n\n\n\n<p>In terms of electives, in 2025\/2026 Management students (in the 3rd year) should have <strong>24 ECTS<\/strong> in electives, being <strong>18 ECTS<\/strong> in conditional electives and<strong> 6 ECTS<\/strong> in Free electives<\/p>\n\n\n\n<p><strong>Degree in Finance<\/strong>3rd year Finance students can choose a free elective in the 2nd semester.<\/p>\n\n\n\n<div style=\"height:16px\" aria-hidden=\"true\" class=\"wp-block-spacer\"><\/div>\n\n\n\n<p><strong>Changes to registrations<\/strong><\/p>\n\n\n\n<p>They take place via the web, through the \"FENIX\" portal of:<\/p>\n\n\n\n<p>September 2 (10:00) to September 5, 2025<\/p>\n\n\n\n<div style=\"height:25px\" aria-hidden=\"true\" class=\"wp-block-spacer\"><\/div>\n\n\n\n<p><strong>Students who did not register in July<\/strong><\/p>\n\n\n\n<p>You can register for 2025\/2026 online:<\/p>\n\n\n\n<p>2 (10am) to September 5, 2025<\/p>\n\n\n\n<p>Registration is subject to availability. The students that did not do the enrolments in July will be asked to pay the penalty of \u20ac 60. After this period it will only be possible to register with the academic services  until the end of September. After this deadline and until the maximum deadline of October 31, 2024, the penalty will rise to \u20ac120.<\/p>\n\n\n\n<div style=\"height:34px\" aria-hidden=\"true\" class=\"wp-block-spacer\"><\/div>\n\n\n\n<p><strong>Change of Pair Institution\/Course<\/strong><\/p>\n\n\n\n<p>Students who wish to apply to change institution\/course to another school or to the same school,&nbsp;<strong>should not<\/strong> register. If you have enrolled and are placed at another school, you must cancel your enrolment at ISEG via Fenix.<\/p>\n\n\n\n<div style=\"height:32px\" aria-hidden=\"true\" class=\"wp-block-spacer\"><\/div>\n\n\n\n<p><strong>Irregular financial situation<\/strong><\/p>\n\n\n\n<p>Students whose financial situation is irregular will not be able to register. That's why it's essential to regularize them before registration begins.<\/p>","protected":false},"excerpt":{"rendered":"Students enrolled in 2023\/2024 must register for the Compulsory and Optional Curricular Units for 2024\/2025, via the web, through the \"Fenix\" Portal, Student Portal \" Register \" Registration [...]","protected":false},"author":44,"featured_media":0,"parent":880,"menu_order":2,"comment_status":"closed","ping_status":"closed","template":"","meta":{"_uag_custom_page_level_css":"","footnotes":""},"acf":[],"uagb_featured_image_src":{"full":false,"thumbnail":false,"medium":false,"medium_large":false,"large":false,"1536x1536":false,"2048x2048":false,"trp-custom-language-flag":false},"uagb_author_info":{"display_name":"emartins","author_link":"https:\/\/www.iseg.ulisboa.pt\/secretaria\/en\/author\/emartins\/"},"uagb_comment_info":0,"uagb_excerpt":"Os alunos inscritos em 2024\/2025 devem efetuar a inscri\u00e7\u00e3o nas Turmas das Unidades Curriculares Obrigat\u00f3rias e Optativas para 2025\/2026, via web, atrav\u00e9s do&nbsp;Portal &#8220;Fenix&#8220;,&nbsp;Portal do Aluno \u00bb Inscrever \u00bb Inscri\u00e7\u00f5es&nbsp;[...]","_links":{"self":[{"href":"https:\/\/www.iseg.ulisboa.pt\/secretaria\/en\/wp-json\/wp\/v2\/pages\/4893"}],"collection":[{"href":"https:\/\/www.iseg.ulisboa.pt\/secretaria\/en\/wp-json\/wp\/v2\/pages"}],"about":[{"href":"https:\/\/www.iseg.ulisboa.pt\/secretaria\/en\/wp-json\/wp\/v2\/types\/page"}],"author":[{"embeddable":true,"href":"https:\/\/www.iseg.ulisboa.pt\/secretaria\/en\/wp-json\/wp\/v2\/users\/44"}],"replies":[{"embeddable":true,"href":"https:\/\/www.iseg.ulisboa.pt\/secretaria\/en\/wp-json\/wp\/v2\/comments?post=4893"}],"version-history":[{"count":10,"href":"https:\/\/www.iseg.ulisboa.pt\/secretaria\/en\/wp-json\/wp\/v2\/pages\/4893\/revisions"}],"predecessor-version":[{"id":5257,"href":"https:\/\/www.iseg.ulisboa.pt\/secretaria\/en\/wp-json\/wp\/v2\/pages\/4893\/revisions\/5257"}],"up":[{"embeddable":true,"href":"https:\/\/www.iseg.ulisboa.pt\/secretaria\/en\/wp-json\/wp\/v2\/pages\/880"}],"wp:attachment":[{"href":"https:\/\/www.iseg.ulisboa.pt\/secretaria\/en\/wp-json\/wp\/v2\/media?parent=4893"}],"curies":[{"name":"wp","href":"https:\/\/api.w.org\/{rel}","templated":true}]}}