{"id":4904,"date":"2025-03-26T14:56:11","date_gmt":"2025-03-26T14:56:11","guid":{"rendered":"https:\/\/www.iseg.ulisboa.pt\/secretaria\/?page_id=4904"},"modified":"2025-05-21T15:49:49","modified_gmt":"2025-05-21T15:49:49","slug":"changes-to-registrations-1st-semester-2025-2026","status":"publish","type":"page","link":"https:\/\/www.iseg.ulisboa.pt\/secretaria\/en\/academic-information\/crediting\/registrations\/enrollment-in-curricular-units-2\/changes-to-registrations-1st-semester-2025-2026\/","title":{"rendered":"Changes to Enrollment 1st Semester - 2025\/2026"},"content":{"rendered":"<p><strong>Changes to 2025\/2026 Enrollment for Students enrolled in July<\/strong><\/p>\n\n\n\n<p>If you have managed to register for the classes you want, the registration process is complete! You should not make any changes.<\/p>\n\n\n\n<p>If you haven't been enrolled in the classes you want to take and you want to change them, then you have to make the changes.<\/p>\n\n\n\n<hr class=\"wp-block-separator has-alpha-channel-opacity is-style-dots\" \/>\n\n\n\n<p><strong>Period for making changes<\/strong><\/p>\n\n\n\n<p>From September 2 (from 10 a.m.) until September 5, 2025.<\/p>\n\n\n\n<hr class=\"wp-block-separator has-alpha-channel-opacity is-style-dots\" \/>\n\n\n\n<p><strong>How to change<\/strong><\/p>\n\n\n\n<p>Fenix Portal &gt; Tab \u201c<strong>Student<\/strong>\" &gt; left side menu \"<strong>Enroll<\/strong>\" &gt; option \"<strong>Enrolment Processes<\/strong>\" &gt; Click on \"<strong>Enrol<\/strong>&#8220;<\/p>\n\n\n\n<hr class=\"wp-block-separator has-alpha-channel-opacity is-style-dots\" \/>\n\n\n\n<p><strong>Students who did NOT register in July<\/strong><\/p>\n\n\n\n<p>You can also register for 2025\/2026, from September 2 to 5, 2025, online. This registration is subject to availability and is subject to a 60\u20ac surcharge.<\/p>\n\n\n\n<p>Fenix Portal &gt; Tab \u201c<strong>Student<\/strong>\" &gt; left side menu \"<strong>Enroll<\/strong>\" &gt; option \"<strong>Enrolment Processes<\/strong>\" &gt; Click on \"<strong>Enrol<\/strong>&#8220;<\/p>\n\n\n\n<p>After this deadline, the fine will be increased to \u20ac120.<\/p>\n\n\n\n<p>Students with an irregular financial situation will only have access to registration once their situation has been regularized in the system.<\/p>","protected":false},"excerpt":{"rendered":"Changes to 2025\/2026 Enrollment for Students Enrolled in July If you managed to get enrolled in the classes you wanted, the enrollment process is complete! You should not make any changes. If [...]","protected":false},"author":44,"featured_media":0,"parent":4892,"menu_order":4,"comment_status":"closed","ping_status":"closed","template":"","meta":{"_uag_custom_page_level_css":"","footnotes":""},"acf":[],"uagb_featured_image_src":{"full":false,"thumbnail":false,"medium":false,"medium_large":false,"large":false,"1536x1536":false,"2048x2048":false,"trp-custom-language-flag":false},"uagb_author_info":{"display_name":"emartins","author_link":"https:\/\/www.iseg.ulisboa.pt\/secretaria\/en\/author\/emartins\/"},"uagb_comment_info":0,"uagb_excerpt":"Altera\u00e7\u00f5es \u00e0s Inscri\u00e7\u00f5es 2025\/2026 para Alunos com inscri\u00e7\u00e3o efetuada em julho Se conseguiste ficar inscrito(a) nas turmas pretendidas, o processo de inscri\u00e7\u00e3o est\u00e1 conclu\u00eddo! N\u00e3o deves proceder a altera\u00e7\u00f5es. Se&nbsp;[...]","_links":{"self":[{"href":"https:\/\/www.iseg.ulisboa.pt\/secretaria\/en\/wp-json\/wp\/v2\/pages\/4904"}],"collection":[{"href":"https:\/\/www.iseg.ulisboa.pt\/secretaria\/en\/wp-json\/wp\/v2\/pages"}],"about":[{"href":"https:\/\/www.iseg.ulisboa.pt\/secretaria\/en\/wp-json\/wp\/v2\/types\/page"}],"author":[{"embeddable":true,"href":"https:\/\/www.iseg.ulisboa.pt\/secretaria\/en\/wp-json\/wp\/v2\/users\/44"}],"replies":[{"embeddable":true,"href":"https:\/\/www.iseg.ulisboa.pt\/secretaria\/en\/wp-json\/wp\/v2\/comments?post=4904"}],"version-history":[{"count":2,"href":"https:\/\/www.iseg.ulisboa.pt\/secretaria\/en\/wp-json\/wp\/v2\/pages\/4904\/revisions"}],"predecessor-version":[{"id":4907,"href":"https:\/\/www.iseg.ulisboa.pt\/secretaria\/en\/wp-json\/wp\/v2\/pages\/4904\/revisions\/4907"}],"up":[{"embeddable":true,"href":"https:\/\/www.iseg.ulisboa.pt\/secretaria\/en\/wp-json\/wp\/v2\/pages\/4892"}],"wp:attachment":[{"href":"https:\/\/www.iseg.ulisboa.pt\/secretaria\/en\/wp-json\/wp\/v2\/media?parent=4904"}],"curies":[{"name":"wp","href":"https:\/\/api.w.org\/{rel}","templated":true}]}}